{"id":995,"date":"2022-07-19T12:48:02","date_gmt":"2022-07-19T12:48:02","guid":{"rendered":"https:\/\/araflowers.ro\/?post_type=product&#038;p=995"},"modified":"2026-02-26T12:43:50","modified_gmt":"2026-02-26T12:43:50","slug":"aranjament-floral-ara","status":"publish","type":"product","link":"https:\/\/araflowers.ro\/en\/product\/aranjament-floral-ara\/","title":{"rendered":"Aranjament floral ARA"},"content":{"rendered":"<h4 data-start=\"74\" data-end=\"142\">Specifica\u021bii Produs:<\/h4>\n<p>Dimensiuni:<\/p>\n<ul>\n<li>Small: 21 trandafiri ro\u0219ii &#8211; Cutie &#8211; Panglic\u0103 &#8211; Felicitare Cadou<\/li>\n<li>Medium: 33 trandafiri ro\u0219ii &#8211; Cutie &#8211; Panglic\u0103 &#8211; Felicitare Cadou<\/li>\n<li>Large: 45 trandafiri ro\u0219ii &#8211; Cutie &#8211; Panglic\u0103 &#8211; Felicitare Cadou<\/li>\n<\/ul>\n<p>Tipul de flori: Trandafiri<br \/>\nCuloare: Ro\u0219ii<\/p>\n<p>Orice Comand\u0103 vine \u00eenso\u021bit\u0103 de felicitare CADOU cu mesajul ales de dumneavostr\u0103.<\/p>\n<h4 class=\"\" data-start=\"74\" data-end=\"142\"><strong data-start=\"79\" data-end=\"140\">Aranjament floral ARA \u2013 simbol al elegan\u021bei \u0219i rafinamentului\u00a0<\/strong><\/h4>\n<p class=\"\" data-start=\"144\" data-end=\"391\">Produsele prezentate pe site sunt orientative, dar ne po\u021bi contacta telefonic pentru a personaliza orice aranjament floral. Suntem o echip\u0103 de arti\u0219ti florali pasiona\u021bi \u0219i ne bucur\u0103m s\u0103 transform\u0103m orice dorin\u021b\u0103 \u00eentr-o crea\u021bie floral\u0103 deosebit\u0103.<\/p>\n<p class=\"\" data-start=\"393\" data-end=\"682\">Pre\u021bul acestui aranjament din Atelierul <strong data-start=\"433\" data-end=\"448\">ARA Flowers<\/strong> include o felicitare cadou, scris\u0103 caligrafic, cu mesajul dorit de tine.\u00a0 \u00cen plus, <strong data-start=\"534\" data-end=\"560\">livrarea este gratuit\u0103<\/strong> \u00een Cluj-Napoca, realizat\u0103 prin curierii no\u0219tri proprii, astfel \u00eenc\u00e2t florile s\u0103 ajung\u0103 \u00een stare perfect\u0103 la destinatar.<\/p>\n<p class=\"\" data-start=\"684\" data-end=\"898\">\u00cen func\u021bie de <strong data-start=\"698\" data-end=\"726\">sezon \u0219i disponibilitate<\/strong>, unele flori pot fi \u00eenlocuite cu variante similare. <strong data-start=\"779\" data-end=\"793\">Gift-urile<\/strong> prezentate \u00een imagini nu sunt incluse \u00een pre\u021b, dar pot fi comandate separat din categoria <strong data-start=\"884\" data-end=\"895\">GIFTURI<\/strong>.<\/p>\n<p class=\"\" data-start=\"900\" data-end=\"1011\"><strong data-start=\"902\" data-end=\"941\">Timp de livrare: aproximativ 3 ore!<\/strong><br data-start=\"941\" data-end=\"944\" \/><strong data-start=\"947\" data-end=\"1009\">Comenzile plasate dup\u0103 ora 17:00 vor fi livrate a doua zi.<\/strong><\/p>","protected":false},"excerpt":{"rendered":"<p>Specifica\u021bii Produs: Dimensiuni: Small: 21 trandafiri ro\u0219ii &#8211; Cutie &#8211; Panglic\u0103 &#8211; Felicitare Cadou Medium: 33 trandafiri ro\u0219ii &#8211; Cutie &#8211; Panglic\u0103 &#8211; Felicitare Cadou Large: 45 trandafiri ro\u0219ii &#8211; Cutie &#8211; Panglic\u0103 &#8211; Felicitare Cadou Tipul de flori: Trandafiri Culoare: Ro\u0219ii Orice Comand\u0103 vine \u00eenso\u021bit\u0103 de felicitare CADOU cu mesajul ales de dumneavostr\u0103. Aranjament [&hellip;]<\/p>","protected":false},"featured_media":3130,"template":"","meta":{"ocean_post_layout":"full-screen","ocean_both_sidebars_style":"","ocean_both_sidebars_content_width":0,"ocean_both_sidebars_sidebars_width":0,"ocean_sidebar":"0","ocean_second_sidebar":"0","ocean_disable_margins":"enable","ocean_add_body_class":"","ocean_shortcode_before_top_bar":"","ocean_shortcode_after_top_bar":"","ocean_shortcode_before_header":"","ocean_shortcode_after_header":"","ocean_has_shortcode":"","ocean_shortcode_after_title":"","ocean_shortcode_before_footer_widgets":"","ocean_shortcode_after_footer_widgets":"","ocean_shortcode_before_footer_bottom":"","ocean_shortcode_after_footer_bottom":"","ocean_display_top_bar":"default","ocean_display_header":"default","ocean_header_style":"","ocean_center_header_left_menu":"0","ocean_custom_header_template":"0","ocean_custom_logo":0,"ocean_custom_retina_logo":0,"ocean_custom_logo_max_width":0,"ocean_custom_logo_tablet_max_width":0,"ocean_custom_logo_mobile_max_width":0,"ocean_custom_logo_max_height":0,"ocean_custom_logo_tablet_max_height":0,"ocean_custom_logo_mobile_max_height":0,"ocean_header_custom_menu":"0","ocean_menu_typo_font_family":"0","ocean_menu_typo_font_subset":"","ocean_menu_typo_font_size":0,"ocean_menu_typo_font_size_tablet":0,"ocean_menu_typo_font_size_mobile":0,"ocean_menu_typo_font_size_unit":"px","ocean_menu_typo_font_weight":"","ocean_menu_typo_font_weight_tablet":"","ocean_menu_typo_font_weight_mobile":"","ocean_menu_typo_transform":"","ocean_menu_typo_transform_tablet":"","ocean_menu_typo_transform_mobile":"","ocean_menu_typo_line_height":0,"ocean_menu_typo_line_height_tablet":0,"ocean_menu_typo_line_height_mobile":0,"ocean_menu_typo_line_height_unit":"","ocean_menu_typo_spacing":0,"ocean_menu_typo_spacing_tablet":0,"ocean_menu_typo_spacing_mobile":0,"ocean_menu_typo_spacing_unit":"","ocean_menu_link_color":"","ocean_menu_link_color_hover":"","ocean_menu_link_color_active":"","ocean_menu_link_background":"","ocean_menu_link_hover_background":"","ocean_menu_link_active_background":"","ocean_menu_social_links_bg":"","ocean_menu_social_hover_links_bg":"","ocean_menu_social_links_color":"","ocean_menu_social_hover_links_color":"","ocean_disable_title":"default","ocean_disable_heading":"default","ocean_post_title":"","ocean_post_subheading":"","ocean_post_title_style":"","ocean_post_title_background_color":"","ocean_post_title_background":0,"ocean_post_title_bg_image_position":"","ocean_post_title_bg_image_attachment":"","ocean_post_title_bg_image_repeat":"","ocean_post_title_bg_image_size":"","ocean_post_title_height":0,"ocean_post_title_bg_overlay":0.5,"ocean_post_title_bg_overlay_color":"","ocean_disable_breadcrumbs":"default","ocean_breadcrumbs_color":"","ocean_breadcrumbs_separator_color":"","ocean_breadcrumbs_links_color":"","ocean_breadcrumbs_links_hover_color":"","ocean_display_footer_widgets":"default","ocean_display_footer_bottom":"default","ocean_custom_footer_template":"0"},"product_brand":[],"product_cat":[187,25,64],"product_tag":[],"class_list":{"0":"post-995","1":"product","2":"type-product","3":"status-publish","4":"has-post-thumbnail","6":"product_cat-1-8-martie","7":"product_cat-aranjamente","8":"product_cat-valentines-day","10":"entry","11":"has-media","13":"first","14":"instock","15":"sale","16":"taxable","17":"shipping-taxable","18":"purchasable","19":"product-type-variable","20":"has-product-nav","21":"col","22":"span_1_of_3","23":"owp-content-center","24":"item-entry","25":"owp-thumbs-layout-horizontal","26":"owp-btn-normal","27":"owp-tabs-layout-horizontal"},"_links":{"self":[{"href":"https:\/\/araflowers.ro\/en\/wp-json\/wp\/v2\/product\/995","targetHints":{"allow":["GET"]}}],"collection":[{"href":"https:\/\/araflowers.ro\/en\/wp-json\/wp\/v2\/product"}],"about":[{"href":"https:\/\/araflowers.ro\/en\/wp-json\/wp\/v2\/types\/product"}],"wp:featuredmedia":[{"embeddable":true,"href":"https:\/\/araflowers.ro\/en\/wp-json\/wp\/v2\/media\/3130"}],"wp:attachment":[{"href":"https:\/\/araflowers.ro\/en\/wp-json\/wp\/v2\/media?parent=995"}],"wp:term":[{"taxonomy":"product_brand","embeddable":true,"href":"https:\/\/araflowers.ro\/en\/wp-json\/wp\/v2\/product_brand?post=995"},{"taxonomy":"product_cat","embeddable":true,"href":"https:\/\/araflowers.ro\/en\/wp-json\/wp\/v2\/product_cat?post=995"},{"taxonomy":"product_tag","embeddable":true,"href":"https:\/\/araflowers.ro\/en\/wp-json\/wp\/v2\/product_tag?post=995"}],"curies":[{"name":"wp","href":"https:\/\/api.w.org\/{rel}","templated":true}]}}