{"id":994,"date":"2022-07-19T12:47:06","date_gmt":"2022-07-19T12:47:06","guid":{"rendered":"https:\/\/araflowers.ro\/?post_type=product&#038;p=994"},"modified":"2026-02-19T14:30:23","modified_gmt":"2026-02-19T14:30:23","slug":"venus-wild","status":"publish","type":"product","link":"https:\/\/araflowers.ro\/en\/product\/venus-wild\/","title":{"rendered":"WILD VENUS"},"content":{"rendered":"<h4 class=\"\" data-start=\"70\" data-end=\"125\"><strong data-start=\"75\" data-end=\"123\">VENUS WILD \u2013 art\u0103 floral\u0103 \u00een stare pur\u0103 \ud83c\udfa8\ud83c\udf3f<\/strong><\/h4>\n<p class=\"\" data-start=\"127\" data-end=\"297\">Produsele de pe site sunt orientative, dar ne po\u021bi contacta pentru personaliz\u0103ri. Suntem o echip\u0103 creativ\u0103 \u0219i ne bucur\u0103m s\u0103 d\u0103m via\u021b\u0103 celor mai \u00eendr\u0103zne\u021be idei florale.<\/p>\n<p class=\"\" data-start=\"299\" data-end=\"484\">Pre\u021bul include o felicitare cadou, scris\u0103 caligrafic, iar livrarea este <strong data-start=\"371\" data-end=\"398\">gratuit\u0103 \u00een Cluj-Napoca<\/strong> \ud83d\ude9a. Transportul se face prin curierii no\u0219tri pentru a garanta prospe\u021bimea florilor.<\/p>\n<p class=\"\" data-start=\"486\" data-end=\"626\"><strong data-start=\"486\" data-end=\"500\">Gift-urile<\/strong> din imagini sunt doar cu titlu de prezentare \u0219i nu sunt incluse \u00een pre\u021b. Le po\u021bi comanda separat din categoria <strong data-start=\"612\" data-end=\"623\">GIFTURI<\/strong>.<\/p>\n<p class=\"\" data-start=\"628\" data-end=\"723\">\u23f3 <strong data-start=\"630\" data-end=\"656\">Timp de livrare: 3 ore<\/strong><br data-start=\"656\" data-end=\"659\" \/>\ud83d\udccc <strong data-start=\"662\" data-end=\"721\">Comenzile plasate dup\u0103 ora 17:00 se livreaz\u0103 a doua zi!<\/strong><\/p>","protected":false},"excerpt":{"rendered":"<h4 class=\"\" data-start=\"760\" data-end=\"846\"><strong data-start=\"765\" data-end=\"844\">VENUS WILD \u2013 un aranjament floral unic, inspirat de frumuse\u021bea clasic\u0103 \ud83c\udffa\ud83c\udf3f<\/strong><\/h4>\n<p class=\"\" data-start=\"848\" data-end=\"1065\"><strong data-start=\"848\" data-end=\"862\">WILD VENUS<\/strong> este o combina\u021bie perfect\u0103 \u00eentre art\u0103 \u0219i natur\u0103, un aranjament floral sofisticat, realizat \u00eentr-un cap statuie <strong data-start=\"974\" data-end=\"983\">VENUS<\/strong>. Designul s\u0103u atemporal transform\u0103 orice spa\u021biu \u00eentr-un loc plin de rafinament.<\/p>\n<h3 class=\"\" data-start=\"1067\" data-end=\"1102\"><strong data-start=\"1071\" data-end=\"1100\">\ud83c\udf3f Ce con\u021bine VENUS WILD?<\/strong><\/h3>\n<ul data-start=\"1103\" data-end=\"1309\">\n<li class=\"\" data-start=\"1103\" data-end=\"1154\">\n<p class=\"\" data-start=\"1105\" data-end=\"1154\"><strong data-start=\"1105\" data-end=\"1126\">Cap statuie VENUS<\/strong> \u2013 element central elegant<\/p>\n<\/li>\n<li class=\"\" data-start=\"1155\" data-end=\"1212\">\n<p class=\"\" data-start=\"1157\" data-end=\"1212\"><strong data-start=\"1157\" data-end=\"1182\">Trandafiri conserva\u021bi<\/strong> \u2013 frumuse\u021be de lung\u0103 durat\u0103<\/p>\n<\/li>\n<li class=\"\" data-start=\"1213\" data-end=\"1265\">\n<p class=\"\" data-start=\"1215\" data-end=\"1265\"><strong data-start=\"1215\" data-end=\"1232\">Mac &amp; Lagurus<\/strong> \u2013 texturi delicate \u0219i naturale<\/p>\n<\/li>\n<li class=\"\" data-start=\"1266\" data-end=\"1309\">\n<p class=\"\" data-start=\"1268\" data-end=\"1309\"><strong data-start=\"1268\" data-end=\"1289\">Frunze de palmier<\/strong> \u2013 accente exotice<\/p>\n<\/li>\n<\/ul>\n<h3 class=\"\" data-start=\"1311\" data-end=\"1360\"><strong data-start=\"1315\" data-end=\"1358\">\ud83c\udf38 O alegere ideal\u0103 pentru orice ocazie<\/strong><\/h3>\n<p class=\"\" data-start=\"1361\" data-end=\"1556\">\ud83c\udf81 <strong data-start=\"1364\" data-end=\"1385\">Cadou exclusivist<\/strong> \u2013 perfect pentru iubitorii de art\u0103<br data-start=\"1420\" data-end=\"1423\" \/>\ud83c\udfe1 <strong data-start=\"1426\" data-end=\"1446\">Decor sofisticat<\/strong> \u2013 adaug\u0103 elegan\u021b\u0103 oric\u0103rui spa\u021biu<br data-start=\"1480\" data-end=\"1483\" \/>\ud83d\udc9d <strong data-start=\"1486\" data-end=\"1509\">Surpriz\u0103 memorabil\u0103<\/strong> \u2013 un aranjament special pentru momente unice<\/p>\n<h3 class=\"\" data-start=\"1558\" data-end=\"1597\"><strong data-start=\"1562\" data-end=\"1595\">\ud83d\ude9a Livrare rapid\u0103 \u0219i gratuit\u0103<\/strong><\/h3>\n<p class=\"\" data-start=\"1598\" data-end=\"1695\">Plaseaz\u0103 comanda \u0219i prime\u0219te acest aranjament <strong data-start=\"1644\" data-end=\"1668\">\u00een aproximativ 3 ore<\/strong>, oriunde \u00een Cluj-Napoca.<\/p>\n<p class=\"\" data-start=\"1697\" data-end=\"1852\">\ud83d\udcf2 <strong data-start=\"1700\" data-end=\"1719\">Comand\u0103 acum pe<\/strong> <a class=\"\" href=\"https:\/\/www.instagram.com\/araflowers.ro\/\" target=\"_new\" rel=\"noopener\" data-start=\"1720\" data-end=\"1777\"><strong data-start=\"1721\" data-end=\"1734\">Instagram<\/strong><\/a> \u2013 <strong data-start=\"1780\" data-end=\"1798\">@araflowers.ro<\/strong> sau pe <a class=\"\" href=\"https:\/\/araflowers.ro\/en\/\" target=\"_new\" rel=\"noopener\" data-start=\"1806\" data-end=\"1849\"><strong data-start=\"1807\" data-end=\"1824\">araFlowers.ro<\/strong><\/a>.<\/p>","protected":false},"featured_media":986,"template":"","meta":{"ocean_post_layout":"full-screen","ocean_both_sidebars_style":"","ocean_both_sidebars_content_width":0,"ocean_both_sidebars_sidebars_width":0,"ocean_sidebar":"0","ocean_second_sidebar":"0","ocean_disable_margins":"enable","ocean_add_body_class":"","ocean_shortcode_before_top_bar":"","ocean_shortcode_after_top_bar":"","ocean_shortcode_before_header":"","ocean_shortcode_after_header":"","ocean_has_shortcode":"","ocean_shortcode_after_title":"","ocean_shortcode_before_footer_widgets":"","ocean_shortcode_after_footer_widgets":"","ocean_shortcode_before_footer_bottom":"","ocean_shortcode_after_footer_bottom":"","ocean_display_top_bar":"default","ocean_display_header":"default","ocean_header_style":"","ocean_center_header_left_menu":"0","ocean_custom_header_template":"0","ocean_custom_logo":0,"ocean_custom_retina_logo":0,"ocean_custom_logo_max_width":0,"ocean_custom_logo_tablet_max_width":0,"ocean_custom_logo_mobile_max_width":0,"ocean_custom_logo_max_height":0,"ocean_custom_logo_tablet_max_height":0,"ocean_custom_logo_mobile_max_height":0,"ocean_header_custom_menu":"0","ocean_menu_typo_font_family":"0","ocean_menu_typo_font_subset":"","ocean_menu_typo_font_size":0,"ocean_menu_typo_font_size_tablet":0,"ocean_menu_typo_font_size_mobile":0,"ocean_menu_typo_font_size_unit":"px","ocean_menu_typo_font_weight":"","ocean_menu_typo_font_weight_tablet":"","ocean_menu_typo_font_weight_mobile":"","ocean_menu_typo_transform":"","ocean_menu_typo_transform_tablet":"","ocean_menu_typo_transform_mobile":"","ocean_menu_typo_line_height":0,"ocean_menu_typo_line_height_tablet":0,"ocean_menu_typo_line_height_mobile":0,"ocean_menu_typo_line_height_unit":"","ocean_menu_typo_spacing":0,"ocean_menu_typo_spacing_tablet":0,"ocean_menu_typo_spacing_mobile":0,"ocean_menu_typo_spacing_unit":"","ocean_menu_link_color":"","ocean_menu_link_color_hover":"","ocean_menu_link_color_active":"","ocean_menu_link_background":"","ocean_menu_link_hover_background":"","ocean_menu_link_active_background":"","ocean_menu_social_links_bg":"","ocean_menu_social_hover_links_bg":"","ocean_menu_social_links_color":"","ocean_menu_social_hover_links_color":"","ocean_disable_title":"default","ocean_disable_heading":"default","ocean_post_title":"","ocean_post_subheading":"","ocean_post_title_style":"","ocean_post_title_background_color":"","ocean_post_title_background":0,"ocean_post_title_bg_image_position":"","ocean_post_title_bg_image_attachment":"","ocean_post_title_bg_image_repeat":"","ocean_post_title_bg_image_size":"","ocean_post_title_height":0,"ocean_post_title_bg_overlay":0.5,"ocean_post_title_bg_overlay_color":"","ocean_disable_breadcrumbs":"default","ocean_breadcrumbs_color":"","ocean_breadcrumbs_separator_color":"","ocean_breadcrumbs_links_color":"","ocean_breadcrumbs_links_hover_color":"","ocean_display_footer_widgets":"default","ocean_display_footer_bottom":"default","ocean_custom_footer_template":"0"},"product_brand":[],"product_cat":[24],"product_tag":[],"class_list":{"0":"post-994","1":"product","2":"type-product","3":"status-publish","4":"has-post-thumbnail","6":"product_cat-conservate","8":"entry","9":"has-media","11":"first","12":"instock","13":"sale","14":"taxable","15":"shipping-taxable","16":"purchasable","17":"product-type-simple","18":"has-product-nav","19":"col","20":"span_1_of_3","21":"owp-content-center","22":"item-entry","23":"owp-thumbs-layout-horizontal","24":"owp-btn-normal","25":"owp-tabs-layout-horizontal"},"_links":{"self":[{"href":"https:\/\/araflowers.ro\/en\/wp-json\/wp\/v2\/product\/994","targetHints":{"allow":["GET"]}}],"collection":[{"href":"https:\/\/araflowers.ro\/en\/wp-json\/wp\/v2\/product"}],"about":[{"href":"https:\/\/araflowers.ro\/en\/wp-json\/wp\/v2\/types\/product"}],"wp:featuredmedia":[{"embeddable":true,"href":"https:\/\/araflowers.ro\/en\/wp-json\/wp\/v2\/media\/986"}],"wp:attachment":[{"href":"https:\/\/araflowers.ro\/en\/wp-json\/wp\/v2\/media?parent=994"}],"wp:term":[{"taxonomy":"product_brand","embeddable":true,"href":"https:\/\/araflowers.ro\/en\/wp-json\/wp\/v2\/product_brand?post=994"},{"taxonomy":"product_cat","embeddable":true,"href":"https:\/\/araflowers.ro\/en\/wp-json\/wp\/v2\/product_cat?post=994"},{"taxonomy":"product_tag","embeddable":true,"href":"https:\/\/araflowers.ro\/en\/wp-json\/wp\/v2\/product_tag?post=994"}],"curies":[{"name":"wp","href":"https:\/\/api.w.org\/{rel}","templated":true}]}}