{"id":968,"date":"2022-07-19T12:40:32","date_gmt":"2022-07-19T12:40:32","guid":{"rendered":"https:\/\/araflowers.ro\/?post_type=product&#038;p=968"},"modified":"2026-02-26T12:44:19","modified_gmt":"2026-02-26T12:44:19","slug":"buchet-te-iubesc","status":"publish","type":"product","link":"https:\/\/araflowers.ro\/en\/product\/buchet-te-iubesc\/","title":{"rendered":"Bouquet I LOVE YOU"},"content":{"rendered":"<h3 class=\"\" data-start=\"0\" data-end=\"63\"><strong data-start=\"4\" data-end=\"61\">Buchet TE IUBESC \u2013 Declara\u021bia perfect\u0103 de dragoste \u2764\ufe0f<\/strong><\/h3>\n<p class=\"\" data-start=\"65\" data-end=\"410\"><strong data-start=\"65\" data-end=\"87\">Buchetul TE IUBESC<\/strong> este modul ideal de a-\u021bi exprima sentimentele \u00eentr-un mod elegant \u0219i rafinat. Creat cu pasiune \u00een Atelierul ARA Flowers, acest buchet \u00eembin\u0103 flori delicate \u0219i atent selec\u021bionate, simboliz\u00e2nd dragostea, admira\u021bia \u0219i devotamentul. Un gest romantic perfect pentru anivers\u0103ri, declara\u021bii de dragoste sau surprize de neuitat.<\/p>\n<h3 class=\"\" data-start=\"412\" data-end=\"468\"><strong data-start=\"416\" data-end=\"466\">\ud83c\udf3f Un cadou emo\u021bionant pentru persoana iubit\u0103!<\/strong><\/h3>\n<p class=\"\" data-start=\"469\" data-end=\"631\">Fie c\u0103 vrei s\u0103 spui \u201eTe iubesc\u201d \u00eentr-un mod special sau s\u0103 celebrezi un moment unic, acest buchet va aduce un z\u00e2mbet sincer \u0219i va impresiona prin frumuse\u021bea sa.<\/p>\n<h3 class=\"\" data-start=\"633\" data-end=\"678\"><strong data-start=\"637\" data-end=\"676\">\ud83d\udc8c Felicitare personalizat\u0103 inclus\u0103<\/strong><\/h3>\n<p class=\"\" data-start=\"679\" data-end=\"795\">Fiecare comand\u0103 con\u021bine un mesaj caligrafic special, scris de m\u00e2n\u0103, pentru a ad\u0103uga o not\u0103 personal\u0103 \u0219i autentic\u0103.<\/p>\n<h3 class=\"\" data-start=\"797\" data-end=\"841\"><strong data-start=\"801\" data-end=\"839\">\ud83d\ude9a Livrare gratuit\u0103 \u00een Cluj-Napoca<\/strong><\/h3>\n<p class=\"\" data-start=\"842\" data-end=\"1007\">Florile sunt livrate prin curieri proprii, asigur\u00e2nd prospe\u021bime \u0219i calitate impecabil\u0103. \u00cen func\u021bie de stoc \u0219i sezon, pot ap\u0103rea mici modific\u0103ri ale aranjamentului.<\/p>\n<h3 class=\"\" data-start=\"1009\" data-end=\"1080\"><strong data-start=\"1013\" data-end=\"1078\">\ud83d\udcc5 Comenzile plasate dup\u0103 ora 17:00 vor fi livrate a doua zi.<\/strong><\/h3>\n<p class=\"\" data-start=\"1081\" data-end=\"1122\">Timp de livrare: aproximativ <strong data-start=\"1110\" data-end=\"1119\">3 ore<\/strong>.<\/p>\n<p class=\"\" data-start=\"1124\" data-end=\"1275\">\ud83d\udd17 <strong data-start=\"1127\" data-end=\"1144\">Comand\u0103 acum:<\/strong><br data-start=\"1144\" data-end=\"1147\" \/>\u27a1\ufe0f <a class=\"\" href=\"https:\/\/araflowers.ro\/en\/\" target=\"_new\" rel=\"noopener\" data-start=\"1150\" data-end=\"1198\">Website: araflowers.ro<\/a><br data-start=\"1198\" data-end=\"1201\" \/>\u27a1\ufe0f <a class=\"\" href=\"https:\/\/www.instagram.com\/araflowers.ro\/\" target=\"_new\" rel=\"noopener\" data-start=\"1204\" data-end=\"1273\">Instagram: @araflowers.ro<\/a><\/p>","protected":false},"excerpt":{"rendered":"<h3 class=\"\" data-start=\"0\" data-end=\"63\"><strong data-start=\"4\" data-end=\"61\">Buchet TE IUBESC \u2013 Exprim\u0103-\u021bi dragostea prin flori \u2764\ufe0f<\/strong><\/h3>\n<h4 class=\"\" data-start=\"65\" data-end=\"111\"><strong data-start=\"70\" data-end=\"109\">\ud83c\udf38 Un buchet romantic \u0219i sofisticat<\/strong><\/h4>\n<p class=\"\" data-start=\"112\" data-end=\"565\">Buchetul <strong data-start=\"121\" data-end=\"134\">TE IUBESC<\/strong> este alegerea ideal\u0103 pentru a transmite cele mai profunde sentimente de iubire \u0219i apreciere. Realizat cu flori atent selec\u021bionate, acest buchet elegant \u0219i vibrant simbolizeaz\u0103 dragostea adev\u0103rat\u0103, pasiunea \u0219i afec\u021biunea. Este un cadou perfect pentru persoana iubit\u0103, potrivit pentru ocazii speciale precum <strong data-start=\"441\" data-end=\"560\">Ziua \u00cendr\u0103gosti\u021bilor, anivers\u0103ri, cereri \u00een c\u0103s\u0103torie sau momente \u00een care vrei s\u0103 \u00ee\u021bi exprimi sentimentele sincere.<\/strong> \ud83c\udf39<\/p>\n<p class=\"\" data-start=\"567\" data-end=\"718\">Combin\u00e2nd culori \u0219i texturi deosebite, acest buchet creeaz\u0103 o armonie vizual\u0103 impresionant\u0103, f\u0103c\u00e2ndu-l un simbol al iubirii pure \u0219i al elegan\u021bei. \ud83c\udf3f\u2728<\/p>\n<hr class=\"\" data-start=\"720\" data-end=\"725\" \/>\n<h3 class=\"\" data-start=\"727\" data-end=\"770\"><strong data-start=\"731\" data-end=\"768\">\ud83d\udc90 Ce con\u021bine buchetul TE IUBESC?<\/strong><\/h3>\n<p class=\"\" data-start=\"771\" data-end=\"871\">Buchetul din pozele de prezentare este <strong data-start=\"810\" data-end=\"831\">m\u0103rimea Mediu (M)<\/strong> \u0219i include urm\u0103toarele flori premium:<\/p>\n<ul data-start=\"873\" data-end=\"1356\">\n<li class=\"\" data-start=\"873\" data-end=\"934\">\n<p class=\"\" data-start=\"875\" data-end=\"934\"><strong data-start=\"875\" data-end=\"888\">\ud83c\udf3a Bujori<\/strong> \u2013 simbol al iubirii sincere \u0219i al norocului<\/p>\n<\/li>\n<li class=\"\" data-start=\"935\" data-end=\"996\">\n<p class=\"\" data-start=\"937\" data-end=\"996\"><strong data-start=\"937\" data-end=\"952\">\ud83c\udf3f Eucalipt<\/strong> \u2013 ofer\u0103 prospe\u021bime \u0219i un miros revigorant<\/p>\n<\/li>\n<li class=\"\" data-start=\"997\" data-end=\"1072\">\n<p class=\"\" data-start=\"999\" data-end=\"1072\"><strong data-start=\"999\" data-end=\"1012\">\ud83c\udf37 Lalele<\/strong> \u2013 delicate \u0219i elegante, semnific\u0103 respectul \u0219i afec\u021biunea<\/p>\n<\/li>\n<li class=\"\" data-start=\"1073\" data-end=\"1137\">\n<p class=\"\" data-start=\"1075\" data-end=\"1137\"><strong data-start=\"1075\" data-end=\"1092\">\ud83c\udf39 Trandafiri<\/strong> \u2013 expresia suprem\u0103 a dragostei \u0219i pasiunii<\/p>\n<\/li>\n<li class=\"\" data-start=\"1138\" data-end=\"1201\">\n<p class=\"\" data-start=\"1140\" data-end=\"1201\"><strong data-start=\"1140\" data-end=\"1157\">\ud83d\udc99 Delphinium<\/strong> \u2013 adaug\u0103 un strop de rafinament \u0219i mister<\/p>\n<\/li>\n<li class=\"\" data-start=\"1202\" data-end=\"1272\">\n<p class=\"\" data-start=\"1204\" data-end=\"1272\"><strong data-start=\"1204\" data-end=\"1220\">\ud83d\udc96 Anthurium<\/strong> \u2013 simbol al romantismului \u0219i al emo\u021biilor intense<\/p>\n<\/li>\n<li class=\"\" data-start=\"1273\" data-end=\"1356\">\n<p class=\"\" data-start=\"1275\" data-end=\"1356\"><strong data-start=\"1275\" data-end=\"1304\">\ud83c\udf3c Alte materiale florale<\/strong> \u2013 atent alese pentru a completa armonios buchetul<\/p>\n<\/li>\n<\/ul>\n<p class=\"\" data-start=\"1358\" data-end=\"1492\">Fiecare floare din acest buchet este selectat\u0103 cu grij\u0103 pentru a asigura o durabilitate \u00eendelungat\u0103 \u0219i un impact vizual deosebit. \ud83c\udf38<\/p>\n<hr class=\"\" data-start=\"1494\" data-end=\"1499\" \/>\n<h3 class=\"\" data-start=\"1501\" data-end=\"1558\"><strong data-start=\"1505\" data-end=\"1556\">\ud83c\udf81 Buchetul ideal pentru orice ocazie romantic\u0103<\/strong><\/h3>\n<p class=\"\" data-start=\"1559\" data-end=\"1631\">Buchetul <strong data-start=\"1568\" data-end=\"1581\">TE IUBESC<\/strong> este un gest minunat pentru momentele speciale:<\/p>\n<ul data-start=\"1633\" data-end=\"2049\">\n<li class=\"\" data-start=\"1633\" data-end=\"1708\">\n<p class=\"\" data-start=\"1635\" data-end=\"1708\"><strong data-start=\"1635\" data-end=\"1662\">\ud83d\udc96 Ziua \u00cendr\u0103gosti\u021bilor<\/strong> \u2013 cel mai frumos mod de a spune \u201eTe iubesc\u201d<\/p>\n<\/li>\n<li class=\"\" data-start=\"1709\" data-end=\"1782\">\n<p class=\"\" data-start=\"1711\" data-end=\"1782\"><strong data-start=\"1711\" data-end=\"1728\">\ud83c\udf82 Anivers\u0103ri<\/strong> \u2013 pentru a s\u0103rb\u0103tori iubirea \u0219i momentele pre\u021bioase<\/p>\n<\/li>\n<li class=\"\" data-start=\"1783\" data-end=\"1865\">\n<p class=\"\" data-start=\"1785\" data-end=\"1865\"><strong data-start=\"1785\" data-end=\"1811\">\ud83d\udc8d Cereri \u00een c\u0103s\u0103torie<\/strong> \u2013 un buchet spectaculos pentru un moment de neuitat<\/p>\n<\/li>\n<li class=\"\" data-start=\"1866\" data-end=\"1961\">\n<p class=\"\" data-start=\"1868\" data-end=\"1961\"><strong data-start=\"1868\" data-end=\"1893\">\ud83c\udf89 Surprize romantice<\/strong> \u2013 f\u0103r\u0103 o ocazie anume, doar pentru a face ziua cuiva mai frumoas\u0103<\/p>\n<\/li>\n<li class=\"\" data-start=\"1962\" data-end=\"2049\">\n<p class=\"\" data-start=\"1964\" data-end=\"2049\"><strong data-start=\"1964\" data-end=\"1984\">\ud83c\udfe1 Decor elegant<\/strong> \u2013 adaug\u0103 un strop de rafinament \u0219i romantism \u00een orice \u00eenc\u0103pere<\/p>\n<\/li>\n<\/ul>\n<p class=\"\" data-start=\"2051\" data-end=\"2187\">Fiecare detaliu al acestui buchet a fost conceput pentru a oferi o experien\u021b\u0103 memorabil\u0103 \u0219i un cadou unic pentru persoana iubit\u0103. \ud83c\udf39\ud83d\udcab<\/p>\n<hr class=\"\" data-start=\"2189\" data-end=\"2194\" \/>\n<h3 class=\"\" data-start=\"2196\" data-end=\"2250\"><strong data-start=\"2200\" data-end=\"2248\">\ud83d\ude9a Livrare rapid\u0103 \u0219i gratuit\u0103 \u00een Cluj-Napoca<\/strong><\/h3>\n<p class=\"\" data-start=\"2251\" data-end=\"2495\">Ne dorim ca fiecare client s\u0103 se bucure de frumuse\u021bea florilor noastre \u00een cea mai bun\u0103 stare. De aceea, oferim <strong data-start=\"2362\" data-end=\"2397\">livrare gratuit\u0103 \u00een Cluj-Napoca<\/strong>, prin curieri proprii, pentru a ne asigura c\u0103 florile ajung \u00een perfect\u0103 stare la destinatar. \ud83d\udce6<\/p>\n<h4 class=\"\" data-start=\"2497\" data-end=\"2526\"><strong data-start=\"2502\" data-end=\"2524\">\u23f3 Timp de livrare:<\/strong><\/h4>\n<ul data-start=\"2527\" data-end=\"2637\">\n<li class=\"\" data-start=\"2527\" data-end=\"2571\">\n<p class=\"\" data-start=\"2529\" data-end=\"2571\"><strong data-start=\"2529\" data-end=\"2545\">Aprox. 3 ore<\/strong> de la plasarea comenzii<\/p>\n<\/li>\n<li class=\"\" data-start=\"2572\" data-end=\"2637\">\n<p class=\"\" data-start=\"2574\" data-end=\"2637\"><strong data-start=\"2574\" data-end=\"2635\">Comenzile plasate dup\u0103 ora 17:00 vor fi livrate a doua zi<\/strong><\/p>\n<\/li>\n<\/ul>\n<p class=\"\" data-start=\"2639\" data-end=\"2793\">Dac\u0103 dore\u0219ti s\u0103 personalizezi acest buchet sau ai nevoie de o recomandare, echipa <strong data-start=\"2721\" data-end=\"2736\">ARA Flowers<\/strong> este gata s\u0103 \u00ee\u021bi transforme dorin\u021bele \u00een realitate. \ud83c\udf3f<\/p>\n<hr class=\"\" data-start=\"2795\" data-end=\"2800\" \/>\n<h3 class=\"\" data-start=\"2802\" data-end=\"2851\"><strong data-start=\"2806\" data-end=\"2849\">\ud83d\udcf2 Cum po\u021bi comanda Buchetul TE IUBESC?<\/strong><\/h3>\n<p class=\"\" data-start=\"2852\" data-end=\"2892\">Plaseaz\u0103 comanda rapid \u0219i simplu prin:<\/p>\n<ul data-start=\"2893\" data-end=\"3025\">\n<li class=\"\" data-start=\"2893\" data-end=\"2969\">\n<p class=\"\" data-start=\"2895\" data-end=\"2969\"><a class=\"\" href=\"https:\/\/www.instagram.com\/araflowers.ro\/\" target=\"_new\" rel=\"noopener\" data-start=\"2895\" data-end=\"2964\">Instagram: @araflowers.ro<\/a> \ud83d\udcf8<\/p>\n<\/li>\n<li class=\"\" data-start=\"2970\" data-end=\"3025\">\n<p class=\"\" data-start=\"2972\" data-end=\"3025\"><a class=\"\" href=\"https:\/\/araflowers.ro\/en\/\" target=\"_new\" rel=\"noopener\" data-start=\"2972\" data-end=\"3020\">Website: araflowers.ro<\/a> \ud83c\udf10<\/p>\n<\/li>\n<\/ul>\n<p class=\"\" data-start=\"3027\" data-end=\"3120\">Alege frumuse\u021bea \u0219i elegan\u021ba florilor pentru a face o declara\u021bie de dragoste memorabil\u0103! \u2764\ufe0f<\/p>","protected":false},"featured_media":933,"template":"","meta":{"ocean_post_layout":"full-screen","ocean_both_sidebars_style":"","ocean_both_sidebars_content_width":0,"ocean_both_sidebars_sidebars_width":0,"ocean_sidebar":"0","ocean_second_sidebar":"0","ocean_disable_margins":"enable","ocean_add_body_class":"","ocean_shortcode_before_top_bar":"","ocean_shortcode_after_top_bar":"","ocean_shortcode_before_header":"","ocean_shortcode_after_header":"","ocean_has_shortcode":"","ocean_shortcode_after_title":"","ocean_shortcode_before_footer_widgets":"","ocean_shortcode_after_footer_widgets":"","ocean_shortcode_before_footer_bottom":"","ocean_shortcode_after_footer_bottom":"","ocean_display_top_bar":"default","ocean_display_header":"default","ocean_header_style":"","ocean_center_header_left_menu":"0","ocean_custom_header_template":"0","ocean_custom_logo":0,"ocean_custom_retina_logo":0,"ocean_custom_logo_max_width":0,"ocean_custom_logo_tablet_max_width":0,"ocean_custom_logo_mobile_max_width":0,"ocean_custom_logo_max_height":0,"ocean_custom_logo_tablet_max_height":0,"ocean_custom_logo_mobile_max_height":0,"ocean_header_custom_menu":"0","ocean_menu_typo_font_family":"0","ocean_menu_typo_font_subset":"","ocean_menu_typo_font_size":0,"ocean_menu_typo_font_size_tablet":0,"ocean_menu_typo_font_size_mobile":0,"ocean_menu_typo_font_size_unit":"px","ocean_menu_typo_font_weight":"","ocean_menu_typo_font_weight_tablet":"","ocean_menu_typo_font_weight_mobile":"","ocean_menu_typo_transform":"","ocean_menu_typo_transform_tablet":"","ocean_menu_typo_transform_mobile":"","ocean_menu_typo_line_height":0,"ocean_menu_typo_line_height_tablet":0,"ocean_menu_typo_line_height_mobile":0,"ocean_menu_typo_line_height_unit":"","ocean_menu_typo_spacing":0,"ocean_menu_typo_spacing_tablet":0,"ocean_menu_typo_spacing_mobile":0,"ocean_menu_typo_spacing_unit":"","ocean_menu_link_color":"","ocean_menu_link_color_hover":"","ocean_menu_link_color_active":"","ocean_menu_link_background":"","ocean_menu_link_hover_background":"","ocean_menu_link_active_background":"","ocean_menu_social_links_bg":"","ocean_menu_social_hover_links_bg":"","ocean_menu_social_links_color":"","ocean_menu_social_hover_links_color":"","ocean_disable_title":"default","ocean_disable_heading":"default","ocean_post_title":"","ocean_post_subheading":"","ocean_post_title_style":"","ocean_post_title_background_color":"","ocean_post_title_background":0,"ocean_post_title_bg_image_position":"","ocean_post_title_bg_image_attachment":"","ocean_post_title_bg_image_repeat":"","ocean_post_title_bg_image_size":"","ocean_post_title_height":0,"ocean_post_title_bg_overlay":0.5,"ocean_post_title_bg_overlay_color":"","ocean_disable_breadcrumbs":"default","ocean_breadcrumbs_color":"","ocean_breadcrumbs_separator_color":"","ocean_breadcrumbs_links_color":"","ocean_breadcrumbs_links_hover_color":"","ocean_display_footer_widgets":"default","ocean_display_footer_bottom":"default","ocean_custom_footer_template":"0"},"product_brand":[],"product_cat":[187,23],"product_tag":[],"class_list":{"0":"post-968","1":"product","2":"type-product","3":"status-publish","4":"has-post-thumbnail","6":"product_cat-1-8-martie","7":"product_cat-buchete","9":"entry","10":"has-media","12":"first","13":"instock","14":"sale","15":"taxable","16":"shipping-taxable","17":"purchasable","18":"product-type-variable","19":"has-product-nav","20":"col","21":"span_1_of_3","22":"owp-content-center","23":"item-entry","24":"owp-thumbs-layout-horizontal","25":"owp-btn-normal","26":"owp-tabs-layout-horizontal"},"_links":{"self":[{"href":"https:\/\/araflowers.ro\/en\/wp-json\/wp\/v2\/product\/968","targetHints":{"allow":["GET"]}}],"collection":[{"href":"https:\/\/araflowers.ro\/en\/wp-json\/wp\/v2\/product"}],"about":[{"href":"https:\/\/araflowers.ro\/en\/wp-json\/wp\/v2\/types\/product"}],"wp:featuredmedia":[{"embeddable":true,"href":"https:\/\/araflowers.ro\/en\/wp-json\/wp\/v2\/media\/933"}],"wp:attachment":[{"href":"https:\/\/araflowers.ro\/en\/wp-json\/wp\/v2\/media?parent=968"}],"wp:term":[{"taxonomy":"product_brand","embeddable":true,"href":"https:\/\/araflowers.ro\/en\/wp-json\/wp\/v2\/product_brand?post=968"},{"taxonomy":"product_cat","embeddable":true,"href":"https:\/\/araflowers.ro\/en\/wp-json\/wp\/v2\/product_cat?post=968"},{"taxonomy":"product_tag","embeddable":true,"href":"https:\/\/araflowers.ro\/en\/wp-json\/wp\/v2\/product_tag?post=968"}],"curies":[{"name":"wp","href":"https:\/\/api.w.org\/{rel}","templated":true}]}}