{"id":952,"date":"2022-07-19T12:37:09","date_gmt":"2022-07-19T12:37:09","guid":{"rendered":"https:\/\/araflowers.ro\/?post_type=product&#038;p=952"},"modified":"2026-02-19T14:29:30","modified_gmt":"2026-02-19T14:29:30","slug":"buchet-mixt","status":"publish","type":"product","link":"https:\/\/araflowers.ro\/en\/product\/buchet-mixt\/","title":{"rendered":"MIXT Bouquet"},"content":{"rendered":"<h3 class=\"\" data-start=\"0\" data-end=\"77\"><strong data-start=\"4\" data-end=\"75\">Buchet MIXT \u2013 O combina\u021bie perfect\u0103 de flori pentru orice ocazie \ud83c\udf38<\/strong><\/h3>\n<p class=\"\" data-start=\"79\" data-end=\"470\"><strong data-start=\"79\" data-end=\"96\">Buchetul MIXT<\/strong> aduce \u00eempreun\u0103 o selec\u021bie diversificat\u0103 de flori, cre\u00e2nd un aranjament armonios \u0219i plin de via\u021b\u0103. Fiecare floare a fost aleas\u0103 cu grij\u0103 pentru a oferi o explozie de culoare \u0219i prospe\u021bime, fiind perfect pentru orice eveniment special. Realizat cu drag \u00een Atelierul ARA Flowers, acest buchet este alegerea ideal\u0103 pentru a surprinde \u0219i a aduce z\u00e2mbete pe chipul celor dragi.<\/p>\n<h3 class=\"\" data-start=\"472\" data-end=\"520\"><strong data-start=\"476\" data-end=\"518\">\ud83c\udf3f Un cadou ideal pentru orice moment!<\/strong><\/h3>\n<p class=\"\" data-start=\"521\" data-end=\"654\">Fie c\u0103 este vorba de o aniversare, o petrecere sau o simpl\u0103 surpriz\u0103, Buchetul MIXT va impresiona prin frumuse\u021bea \u0219i varietatea sa.<\/p>\n<h3 class=\"\" data-start=\"656\" data-end=\"701\"><strong data-start=\"660\" data-end=\"699\">\ud83d\udc8c Felicitare personalizat\u0103 inclus\u0103<\/strong><\/h3>\n<p class=\"\" data-start=\"702\" data-end=\"816\">\u00cen fiecare comand\u0103 ve\u021bi g\u0103si un mesaj caligrafic special, personalizat \u00een func\u021bie de preferin\u021bele dumneavoastr\u0103.<\/p>\n<h3 class=\"\" data-start=\"818\" data-end=\"862\"><strong data-start=\"822\" data-end=\"860\">\ud83d\ude9a Livrare gratuit\u0103 \u00een Cluj-Napoca<\/strong><\/h3>\n<p class=\"\" data-start=\"863\" data-end=\"1063\">Livrarea este gratuit\u0103 \u00een Cluj-Napoca, prin curieri proprii, asigur\u00e2ndu-se astfel c\u0103 florile ajung \u00een stare perfect\u0103 la destinatar. \u00cen func\u021bie de stoc \u0219i sezon, produsele pot suferi mici modific\u0103ri.<\/p>\n<h3 class=\"\" data-start=\"1065\" data-end=\"1136\"><strong data-start=\"1069\" data-end=\"1134\">\ud83d\udcc5 Comenzile plasate dup\u0103 ora 17:00 vor fi livrate a doua zi.<\/strong><\/h3>\n<p class=\"\" data-start=\"1137\" data-end=\"1178\">Timp de livrare: aproximativ <strong data-start=\"1166\" data-end=\"1175\">3 ore<\/strong>.<\/p>\n<p class=\"\" data-start=\"1180\" data-end=\"1331\">\ud83d\udd17 <strong data-start=\"1183\" data-end=\"1200\">Comand\u0103 acum:<\/strong><br data-start=\"1200\" data-end=\"1203\" \/>\u27a1\ufe0f <a class=\"\" href=\"https:\/\/araflowers.ro\/en\/\" target=\"_new\" rel=\"noopener\" data-start=\"1206\" data-end=\"1254\">Website: araflowers.ro<\/a><br data-start=\"1254\" data-end=\"1257\" \/>\u27a1\ufe0f <a class=\"\" href=\"https:\/\/www.instagram.com\/araflowers.ro\/\" target=\"_new\" rel=\"noopener\" data-start=\"1260\" data-end=\"1329\">Instagram: @araflowers.ro<\/a><\/p>","protected":false},"excerpt":{"rendered":"<h3 class=\"\" data-start=\"0\" data-end=\"77\"><strong data-start=\"4\" data-end=\"75\">Buchet MIXT \u2013 Armonie \u0219i culoare \u00eentr-un aranjament floral unic \ud83d\udc90\u2728<\/strong><\/h3>\n<h4 class=\"\" data-start=\"79\" data-end=\"136\"><strong data-start=\"84\" data-end=\"134\">\ud83c\udf38 Un buchet mixt pentru orice ocazie special\u0103<\/strong><\/h4>\n<p class=\"\" data-start=\"137\" data-end=\"447\">Buchetul <strong data-start=\"146\" data-end=\"154\">MIXT<\/strong> este o combina\u021bie perfect\u0103 de flori atent selec\u021bionate, menite s\u0103 creeze un efect vizual spectaculos. Aceast\u0103 compozi\u021bie floral\u0103 \u00eembin\u0103 culori vibrante \u0219i texturi delicate, fiind alegerea ideal\u0103 pentru a surprinde pe cineva drag sau pentru a ad\u0103uga un strop de elegan\u021b\u0103 \u00een orice decor. \ud83c\udf3f\ud83c\udf3c<\/p>\n<p class=\"\" data-start=\"449\" data-end=\"565\">Fie c\u0103 este oferit cadou sau folosit pentru decor, <strong data-start=\"500\" data-end=\"517\">buchetul mixt<\/strong> transmite emo\u021bie, frumuse\u021be \u0219i rafinament. \ud83c\udf1f<\/p>\n<hr class=\"\" data-start=\"567\" data-end=\"572\" \/>\n<h3 class=\"\" data-start=\"574\" data-end=\"612\"><strong data-start=\"578\" data-end=\"610\">\ud83d\udc90 Ce con\u021bine buchetul MIXT?<\/strong><\/h3>\n<p class=\"\" data-start=\"613\" data-end=\"713\">Buchetul din pozele de prezentare este <strong data-start=\"652\" data-end=\"673\">m\u0103rimea Mediu (M)<\/strong> \u0219i include urm\u0103toarele flori premium:<\/p>\n<ul data-start=\"715\" data-end=\"971\">\n<li class=\"\" data-start=\"715\" data-end=\"769\">\n<p class=\"\" data-start=\"717\" data-end=\"769\"><strong data-start=\"717\" data-end=\"734\">\ud83c\udf39 Trandafiri<\/strong> \u2013 simbol al iubirii \u0219i elegan\u021bei<\/p>\n<\/li>\n<li class=\"\" data-start=\"770\" data-end=\"823\">\n<p class=\"\" data-start=\"772\" data-end=\"823\"><strong data-start=\"772\" data-end=\"788\">\ud83c\udf38 Hortensie<\/strong> \u2013 un plus de volum \u0219i rafinament<\/p>\n<\/li>\n<li class=\"\" data-start=\"824\" data-end=\"882\">\n<p class=\"\" data-start=\"826\" data-end=\"882\"><strong data-start=\"826\" data-end=\"842\">\ud83c\udf3f Matthiola<\/strong> \u2013 parfum delicat \u0219i aspect sofisticat<\/p>\n<\/li>\n<li class=\"\" data-start=\"883\" data-end=\"971\">\n<p class=\"\" data-start=\"885\" data-end=\"971\"><strong data-start=\"885\" data-end=\"913\">\u2728 Alte materiale florale<\/strong> \u2013 atent selec\u021bionate pentru armonie \u0219i echilibru vizual<\/p>\n<\/li>\n<\/ul>\n<p class=\"\" data-start=\"973\" data-end=\"1104\">Aceast\u0103 combina\u021bie de flori ofer\u0103 un buchet echilibrat \u0219i sofisticat, perfect pentru a aduce un plus de stil oric\u0103rui moment. \ud83c\udf37\u2728<\/p>\n<hr class=\"\" data-start=\"1106\" data-end=\"1111\" \/>\n<h3 class=\"\" data-start=\"1113\" data-end=\"1180\"><strong data-start=\"1117\" data-end=\"1178\">\ud83c\udf81 Buchetul MIXT \u2013 alegerea ideal\u0103 pentru orice eveniment<\/strong><\/h3>\n<p class=\"\" data-start=\"1181\" data-end=\"1248\">Buchetul <strong data-start=\"1190\" data-end=\"1198\">MIXT<\/strong> este potrivit pentru numeroase ocazii speciale:<\/p>\n<ul data-start=\"1250\" data-end=\"1743\">\n<li class=\"\" data-start=\"1250\" data-end=\"1303\">\n<p class=\"\" data-start=\"1252\" data-end=\"1303\"><strong data-start=\"1252\" data-end=\"1269\">\ud83c\udf82 Anivers\u0103ri<\/strong> \u2013 un cadou elegant \u0219i memorabil<\/p>\n<\/li>\n<li class=\"\" data-start=\"1304\" data-end=\"1373\">\n<p class=\"\" data-start=\"1306\" data-end=\"1373\"><strong data-start=\"1306\" data-end=\"1333\">\ud83d\udc96 Ziua \u00cendr\u0103gosti\u021bilor<\/strong> \u2013 transmite iubire prin flori superbe<\/p>\n<\/li>\n<li class=\"\" data-start=\"1374\" data-end=\"1447\">\n<p class=\"\" data-start=\"1376\" data-end=\"1447\"><strong data-start=\"1376\" data-end=\"1398\">\ud83d\udc70 Nunt\u0103 sau botez<\/strong> \u2013 o alegere rafinat\u0103 pentru momente importante<\/p>\n<\/li>\n<li class=\"\" data-start=\"1448\" data-end=\"1515\">\n<p class=\"\" data-start=\"1450\" data-end=\"1515\"><strong data-start=\"1450\" data-end=\"1477\">\ud83c\udf81 Cadouri de apreciere<\/strong> \u2013 exprim\u0103 admira\u021bie \u0219i recuno\u0219tin\u021b\u0103<\/p>\n<\/li>\n<li class=\"\" data-start=\"1516\" data-end=\"1589\">\n<p class=\"\" data-start=\"1518\" data-end=\"1589\"><strong data-start=\"1518\" data-end=\"1539\">\ud83c\udfe1 Decor interior<\/strong> \u2013 adaug\u0103 un strop de prospe\u021bime \u00een orice spa\u021biu<\/p>\n<\/li>\n<li class=\"\" data-start=\"1590\" data-end=\"1670\">\n<p class=\"\" data-start=\"1592\" data-end=\"1670\"><strong data-start=\"1592\" data-end=\"1619\">\ud83c\udf89 Evenimente corporate<\/strong> \u2013 un buchet sofisticat pentru birou sau recep\u021bie<\/p>\n<\/li>\n<li class=\"\" data-start=\"1671\" data-end=\"1743\">\n<p class=\"\" data-start=\"1673\" data-end=\"1743\"><strong data-start=\"1673\" data-end=\"1696\">\ud83d\udc90 Surprize inedite<\/strong> \u2013 un mod minunat de a face pe cineva fericit<\/p>\n<\/li>\n<\/ul>\n<p class=\"\" data-start=\"1745\" data-end=\"1902\">Prin frumuse\u021bea sa natural\u0103 \u0219i designul echilibrat, acest buchet ofer\u0103 un impact vizual spectaculos, fiind un cadou ideal pentru orice persoan\u0103 drag\u0103. \ud83c\udf80\ud83d\udc90<\/p>\n<hr class=\"\" data-start=\"1904\" data-end=\"1909\" \/>\n<h3 class=\"\" data-start=\"1911\" data-end=\"1965\"><strong data-start=\"1915\" data-end=\"1963\">\ud83d\ude9a Livrare rapid\u0103 \u0219i gratuit\u0103 \u00een Cluj-Napoca<\/strong><\/h3>\n<p class=\"\" data-start=\"1966\" data-end=\"2087\">Ne asigur\u0103m c\u0103 fiecare buchet ajunge la destina\u021bie \u00een stare perfect\u0103, oferind <strong data-start=\"2044\" data-end=\"2079\">livrare gratuit\u0103 \u00een Cluj-Napoca<\/strong>. \ud83d\udce6\ud83d\udc90<\/p>\n<h4 class=\"\" data-start=\"2089\" data-end=\"2118\"><strong data-start=\"2094\" data-end=\"2116\">\u23f3 Timp de livrare:<\/strong><\/h4>\n<ul data-start=\"2119\" data-end=\"2229\">\n<li class=\"\" data-start=\"2119\" data-end=\"2163\">\n<p class=\"\" data-start=\"2121\" data-end=\"2163\"><strong data-start=\"2121\" data-end=\"2137\">Aprox. 3 ore<\/strong> de la plasarea comenzii<\/p>\n<\/li>\n<li class=\"\" data-start=\"2164\" data-end=\"2229\">\n<p class=\"\" data-start=\"2166\" data-end=\"2229\"><strong data-start=\"2166\" data-end=\"2227\">Comenzile plasate dup\u0103 ora 17:00 vor fi livrate a doua zi<\/strong><\/p>\n<\/li>\n<\/ul>\n<p class=\"\" data-start=\"2231\" data-end=\"2390\">Dac\u0103 dore\u0219ti s\u0103 personalizezi acest buchet sau ai nevoie de o recomandare special\u0103, echipa <strong data-start=\"2322\" data-end=\"2337\">ARA Flowers<\/strong> este preg\u0103tit\u0103 s\u0103 creeze ceva unic pentru tine! \ud83c\udf38<\/p>\n<hr class=\"\" data-start=\"2392\" data-end=\"2397\" \/>\n<h3 class=\"\" data-start=\"2399\" data-end=\"2443\"><strong data-start=\"2403\" data-end=\"2441\">\ud83d\udcf2 Cum po\u021bi comanda buchetul MIXT?<\/strong><\/h3>\n<p class=\"\" data-start=\"2444\" data-end=\"2484\">Plaseaz\u0103 comanda rapid \u0219i simplu prin:<\/p>\n<ul data-start=\"2485\" data-end=\"2617\">\n<li class=\"\" data-start=\"2485\" data-end=\"2561\">\n<p class=\"\" data-start=\"2487\" data-end=\"2561\"><a class=\"\" href=\"https:\/\/www.instagram.com\/araflowers.ro\/\" target=\"_new\" rel=\"noopener\" data-start=\"2487\" data-end=\"2556\">Instagram: @araflowers.ro<\/a> \ud83d\udcf8<\/p>\n<\/li>\n<li class=\"\" data-start=\"2562\" data-end=\"2617\">\n<p class=\"\" data-start=\"2564\" data-end=\"2617\"><a class=\"\" href=\"https:\/\/araflowers.ro\/en\/\" target=\"_new\" rel=\"noopener\" data-start=\"2564\" data-end=\"2612\">Website: araflowers.ro<\/a> \ud83c\udf10<\/p>\n<\/li>\n<\/ul>\n<p class=\"\" data-start=\"2619\" data-end=\"2705\">Alege un <strong data-start=\"2628\" data-end=\"2643\">buchet mixt<\/strong> pentru a aduce bucurie \u0219i culoare \u00een via\u021ba celor dragi! \ud83c\udf3f\u2728<\/p>","protected":false},"featured_media":1196,"template":"","meta":{"ocean_post_layout":"full-screen","ocean_both_sidebars_style":"","ocean_both_sidebars_content_width":0,"ocean_both_sidebars_sidebars_width":0,"ocean_sidebar":"0","ocean_second_sidebar":"0","ocean_disable_margins":"enable","ocean_add_body_class":"","ocean_shortcode_before_top_bar":"","ocean_shortcode_after_top_bar":"","ocean_shortcode_before_header":"","ocean_shortcode_after_header":"","ocean_has_shortcode":"","ocean_shortcode_after_title":"","ocean_shortcode_before_footer_widgets":"","ocean_shortcode_after_footer_widgets":"","ocean_shortcode_before_footer_bottom":"","ocean_shortcode_after_footer_bottom":"","ocean_display_top_bar":"default","ocean_display_header":"default","ocean_header_style":"","ocean_center_header_left_menu":"0","ocean_custom_header_template":"0","ocean_custom_logo":0,"ocean_custom_retina_logo":0,"ocean_custom_logo_max_width":0,"ocean_custom_logo_tablet_max_width":0,"ocean_custom_logo_mobile_max_width":0,"ocean_custom_logo_max_height":0,"ocean_custom_logo_tablet_max_height":0,"ocean_custom_logo_mobile_max_height":0,"ocean_header_custom_menu":"0","ocean_menu_typo_font_family":"0","ocean_menu_typo_font_subset":"","ocean_menu_typo_font_size":0,"ocean_menu_typo_font_size_tablet":0,"ocean_menu_typo_font_size_mobile":0,"ocean_menu_typo_font_size_unit":"px","ocean_menu_typo_font_weight":"","ocean_menu_typo_font_weight_tablet":"","ocean_menu_typo_font_weight_mobile":"","ocean_menu_typo_transform":"","ocean_menu_typo_transform_tablet":"","ocean_menu_typo_transform_mobile":"","ocean_menu_typo_line_height":0,"ocean_menu_typo_line_height_tablet":0,"ocean_menu_typo_line_height_mobile":0,"ocean_menu_typo_line_height_unit":"","ocean_menu_typo_spacing":0,"ocean_menu_typo_spacing_tablet":0,"ocean_menu_typo_spacing_mobile":0,"ocean_menu_typo_spacing_unit":"","ocean_menu_link_color":"","ocean_menu_link_color_hover":"","ocean_menu_link_color_active":"","ocean_menu_link_background":"","ocean_menu_link_hover_background":"","ocean_menu_link_active_background":"","ocean_menu_social_links_bg":"","ocean_menu_social_hover_links_bg":"","ocean_menu_social_links_color":"","ocean_menu_social_hover_links_color":"","ocean_disable_title":"default","ocean_disable_heading":"default","ocean_post_title":"","ocean_post_subheading":"","ocean_post_title_style":"","ocean_post_title_background_color":"","ocean_post_title_background":0,"ocean_post_title_bg_image_position":"","ocean_post_title_bg_image_attachment":"","ocean_post_title_bg_image_repeat":"","ocean_post_title_bg_image_size":"","ocean_post_title_height":0,"ocean_post_title_bg_overlay":0.5,"ocean_post_title_bg_overlay_color":"","ocean_disable_breadcrumbs":"default","ocean_breadcrumbs_color":"","ocean_breadcrumbs_separator_color":"","ocean_breadcrumbs_links_color":"","ocean_breadcrumbs_links_hover_color":"","ocean_display_footer_widgets":"default","ocean_display_footer_bottom":"default","ocean_custom_footer_template":"0"},"product_brand":[],"product_cat":[23],"product_tag":[],"class_list":{"0":"post-952","1":"product","2":"type-product","3":"status-publish","4":"has-post-thumbnail","6":"product_cat-buchete","8":"entry","9":"has-media","11":"first","12":"instock","13":"sale","14":"taxable","15":"shipping-taxable","16":"purchasable","17":"product-type-variable","18":"has-product-nav","19":"col","20":"span_1_of_3","21":"owp-content-center","22":"item-entry","23":"owp-thumbs-layout-horizontal","24":"owp-btn-normal","25":"owp-tabs-layout-horizontal","26":"has-no-thumbnails"},"_links":{"self":[{"href":"https:\/\/araflowers.ro\/en\/wp-json\/wp\/v2\/product\/952","targetHints":{"allow":["GET"]}}],"collection":[{"href":"https:\/\/araflowers.ro\/en\/wp-json\/wp\/v2\/product"}],"about":[{"href":"https:\/\/araflowers.ro\/en\/wp-json\/wp\/v2\/types\/product"}],"wp:featuredmedia":[{"embeddable":true,"href":"https:\/\/araflowers.ro\/en\/wp-json\/wp\/v2\/media\/1196"}],"wp:attachment":[{"href":"https:\/\/araflowers.ro\/en\/wp-json\/wp\/v2\/media?parent=952"}],"wp:term":[{"taxonomy":"product_brand","embeddable":true,"href":"https:\/\/araflowers.ro\/en\/wp-json\/wp\/v2\/product_brand?post=952"},{"taxonomy":"product_cat","embeddable":true,"href":"https:\/\/araflowers.ro\/en\/wp-json\/wp\/v2\/product_cat?post=952"},{"taxonomy":"product_tag","embeddable":true,"href":"https:\/\/araflowers.ro\/en\/wp-json\/wp\/v2\/product_tag?post=952"}],"curies":[{"name":"wp","href":"https:\/\/api.w.org\/{rel}","templated":true}]}}