{"id":948,"date":"2022-07-19T12:36:05","date_gmt":"2022-07-19T12:36:05","guid":{"rendered":"https:\/\/araflowers.ro\/?post_type=product&#038;p=948"},"modified":"2026-02-19T14:29:21","modified_gmt":"2026-02-19T14:29:21","slug":"buchet-mixt-de-sentimente","status":"publish","type":"product","link":"https:\/\/araflowers.ro\/en\/product\/buchet-mixt-de-sentimente\/","title":{"rendered":"Mixt Feelings Bouquet"},"content":{"rendered":"<h3 class=\"\" data-start=\"0\" data-end=\"79\"><strong data-start=\"4\" data-end=\"77\">Buchet MIXT DE SENTIMENTE \u2013 Emo\u021bii \u0219i culori \u00eentr-un singur buchet \ud83c\udf38<\/strong><\/h3>\n<p class=\"\" data-start=\"81\" data-end=\"426\"><strong data-start=\"81\" data-end=\"112\">Buchetul MIXT DE SENTIMENTE<\/strong> este alegerea perfect\u0103 pentru a transmite un mesaj profund \u0219i plin de emo\u021bie. Acest aranjament floral combin\u0103 flori de diferite tipuri \u0219i culori, cre\u00e2nd o armonie unic\u0103 care exprim\u0103 dragoste, recuno\u0219tin\u021b\u0103 \u0219i apreciere. Fiecare floare este aleas\u0103 cu grij\u0103 pentru a aduce un strop de frumuse\u021be \u00een via\u021ba celor dragi.<\/p>\n<h3 class=\"\" data-start=\"428\" data-end=\"480\"><strong data-start=\"432\" data-end=\"478\">\ud83c\udf3f Un cadou ideal pentru momente speciale!<\/strong><\/h3>\n<p class=\"\" data-start=\"481\" data-end=\"699\">Indiferent de ocazie, Buchetul MIXT DE SENTIMENTE va transmite cele mai sincere \u0219i calde g\u00e2nduri. Perfect pentru anivers\u0103ri, petreceri, momente romantice sau pentru a aduce un z\u00e2mbet pe chipul unei persoane speciale.<\/p>\n<h3 class=\"\" data-start=\"701\" data-end=\"746\"><strong data-start=\"705\" data-end=\"744\">\ud83d\udc8c Felicitare personalizat\u0103 inclus\u0103<\/strong><\/h3>\n<p class=\"\" data-start=\"747\" data-end=\"872\">Fiecare comand\u0103 include o felicitare cadou, cu mesaj caligrafic personalizat, oferind un plus de elegan\u021b\u0103 \u0219i originalitate.<\/p>\n<h3 class=\"\" data-start=\"874\" data-end=\"918\"><strong data-start=\"878\" data-end=\"916\">\ud83d\ude9a Livrare gratuit\u0103 \u00een Cluj-Napoca<\/strong><\/h3>\n<p class=\"\" data-start=\"919\" data-end=\"1115\">Livrarea este gratuit\u0103 \u00een Cluj-Napoca prin curieri proprii, asigur\u00e2ndu-se c\u0103 florile ajung \u00eentr-o stare perfect\u0103 la destinatar. Produsele pot suferi mici modific\u0103ri, \u00een func\u021bie de stoc \u0219i sezon.<\/p>\n<h3 class=\"\" data-start=\"1117\" data-end=\"1188\"><strong data-start=\"1121\" data-end=\"1186\">\ud83d\udcc5 Comenzile plasate dup\u0103 ora 17:00 vor fi livrate a doua zi.<\/strong><\/h3>\n<p class=\"\" data-start=\"1189\" data-end=\"1230\">Timp de livrare: aproximativ <strong data-start=\"1218\" data-end=\"1227\">3 ore<\/strong>.<\/p>\n<p class=\"\" data-start=\"1232\" data-end=\"1383\">\ud83d\udd17 <strong data-start=\"1235\" data-end=\"1252\">Comand\u0103 acum:<\/strong><br data-start=\"1252\" data-end=\"1255\" \/>\u27a1\ufe0f <a class=\"\" href=\"https:\/\/araflowers.ro\/en\/\" target=\"_new\" rel=\"noopener\" data-start=\"1258\" data-end=\"1306\">Website: araflowers.ro<\/a><br data-start=\"1306\" data-end=\"1309\" \/>\u27a1\ufe0f <a class=\"\" href=\"https:\/\/www.instagram.com\/araflowers.ro\/\" target=\"_new\" rel=\"noopener\" data-start=\"1312\" data-end=\"1381\">Instagram: @araflowers.ro<\/a><\/p>","protected":false},"excerpt":{"rendered":"<h3 class=\"\" data-start=\"0\" data-end=\"87\"><strong data-start=\"4\" data-end=\"85\">Buchet MIXT DE SENTIMENTE \u2013 O simfonie floral\u0103 plin\u0103 de emo\u021bie \u0219i culoare \ud83d\udc90\u2728<\/strong><\/h3>\n<h4 class=\"\" data-start=\"89\" data-end=\"146\"><strong data-start=\"94\" data-end=\"144\">\ud83c\udf38 Un buchet mixt ce transmite sentimente pure<\/strong><\/h4>\n<p class=\"\" data-start=\"147\" data-end=\"585\">Buchetul <strong data-start=\"156\" data-end=\"178\">MIXT DE SENTIMENTE<\/strong> este o adev\u0103rat\u0103 capodoper\u0103 floral\u0103, creat pentru a exprima cele mai profunde emo\u021bii. Fiecare floare din acest buchet este atent aleas\u0103 pentru a crea un aranjament plin de armonie \u0219i frumuse\u021be. \u00cen acest buchet, fiecare floare are rolul s\u0103u, iar combina\u021bia lor transmite dragoste, apreciere \u0219i recuno\u0219tin\u021b\u0103. Este alegerea perfect\u0103 pentru orice ocazie special\u0103, de la anivers\u0103ri la surprize romantice. \ud83c\udf3f\ud83d\udc90<\/p>\n<hr class=\"\" data-start=\"587\" data-end=\"592\" \/>\n<h3 class=\"\" data-start=\"594\" data-end=\"646\"><strong data-start=\"598\" data-end=\"644\">\ud83d\udc90 Ce con\u021bine Buchetul MIXT DE SENTIMENTE?<\/strong><\/h3>\n<p class=\"\" data-start=\"647\" data-end=\"749\">Buchetul din pozele de prezentare este <strong data-start=\"686\" data-end=\"707\">m\u0103rimea Mediu (M)<\/strong> \u0219i include urm\u0103toarele flori deosebite:<\/p>\n<ul data-start=\"751\" data-end=\"1507\">\n<li class=\"\" data-start=\"751\" data-end=\"839\">\n<p class=\"\" data-start=\"753\" data-end=\"839\"><strong data-start=\"753\" data-end=\"766\">\ud83c\udf39 Bujori<\/strong> \u2013 cu parfum delicat \u0219i petale moi, simboliz\u00e2nd iubirea \u0219i gratitudinea<\/p>\n<\/li>\n<li class=\"\" data-start=\"840\" data-end=\"953\">\n<p class=\"\" data-start=\"842\" data-end=\"953\"><strong data-start=\"842\" data-end=\"858\">\ud83c\udf38 Hortensie<\/strong> \u2013 adaug\u0103 volum \u0219i un farmec aparte buchetului, fiind asociat\u0103 cu sinceritatea \u0219i \u00een\u021belegerea<\/p>\n<\/li>\n<li class=\"\" data-start=\"954\" data-end=\"1040\">\n<p class=\"\" data-start=\"956\" data-end=\"1040\"><strong data-start=\"956\" data-end=\"973\">\ud83c\udf3c Ranunculus<\/strong> \u2013 o floare care exprim\u0103 dorin\u021ba de a oferi iubire necondi\u021bionat\u0103<\/p>\n<\/li>\n<li class=\"\" data-start=\"1041\" data-end=\"1151\">\n<p class=\"\" data-start=\"1043\" data-end=\"1151\"><strong data-start=\"1043\" data-end=\"1059\">\ud83c\udf3a Anthurium<\/strong> \u2013 cu frunzele sale lucioase \u0219i florile vibrante, simbolizeaz\u0103 ospitalitatea \u0219i aprecierea<\/p>\n<\/li>\n<li class=\"\" data-start=\"1152\" data-end=\"1270\">\n<p class=\"\" data-start=\"1154\" data-end=\"1270\"><strong data-start=\"1154\" data-end=\"1171\">\ud83c\udf39 Trandafiri<\/strong> \u2013 cel mai cunoscut simbol al iubirii, fiecare petal\u0103 red\u00e2nd frumuse\u021bea sentimentului de dragoste<\/p>\n<\/li>\n<li class=\"\" data-start=\"1271\" data-end=\"1340\">\n<p class=\"\" data-start=\"1273\" data-end=\"1340\"><strong data-start=\"1273\" data-end=\"1291\">\ud83c\udf37 Gura leului<\/strong> \u2013 o floare rar\u0103, ce exprim\u0103 curaj \u0219i apreciere<\/p>\n<\/li>\n<li class=\"\" data-start=\"1341\" data-end=\"1422\">\n<p class=\"\" data-start=\"1343\" data-end=\"1422\"><strong data-start=\"1343\" data-end=\"1360\">\ud83c\udf38 Lisianthus<\/strong> \u2013 o floare elegant\u0103 care reflect\u0103 gratitudinea \u0219i respectul<\/p>\n<\/li>\n<li class=\"\" data-start=\"1423\" data-end=\"1507\">\n<p class=\"\" data-start=\"1425\" data-end=\"1507\"><strong data-start=\"1425\" data-end=\"1440\">\ud83c\udf3f Verdea\u021ba<\/strong> \u2013 adaug\u0103 un contrast natural, complet\u00e2nd perfect celelalte flori<\/p>\n<\/li>\n<\/ul>\n<p class=\"\" data-start=\"1509\" data-end=\"1732\">Aceste flori sunt alese cu grij\u0103 pentru a se potrivi armonios \u0219i pentru a oferi un impact vizual \u0219i emo\u021bional puternic. Fiecare floare adaug\u0103 o not\u0103 de rafinament, iar combina\u021bia lor este o adev\u0103rat\u0103 poezie a naturii. \u2728\ud83c\udf3a<\/p>\n<hr class=\"\" data-start=\"1734\" data-end=\"1739\" \/>\n<h3 class=\"\" data-start=\"1741\" data-end=\"1811\"><strong data-start=\"1745\" data-end=\"1809\">\ud83c\udf81 Buchetul MIXT DE SENTIMENTE \u2013 perfect pentru orice ocazie<\/strong><\/h3>\n<p class=\"\" data-start=\"1812\" data-end=\"2073\">Acest buchet este potrivit pentru orice moment special \u0219i poate fi oferit ca un cadou minunat pentru persoana iubit\u0103 sau pentru o ocazie important\u0103 din via\u021ba ta. Iat\u0103 c\u00e2teva dintre evenimentele pentru care <strong data-start=\"2018\" data-end=\"2049\">Buchetul MIXT DE SENTIMENTE<\/strong> este alegerea ideal\u0103:<\/p>\n<ul data-start=\"2075\" data-end=\"2561\">\n<li class=\"\" data-start=\"2075\" data-end=\"2139\">\n<p class=\"\" data-start=\"2077\" data-end=\"2139\"><strong data-start=\"2077\" data-end=\"2094\">\ud83d\udc96 Anivers\u0103ri<\/strong> \u2013 ofer\u0103 un buchet plin de iubire \u0219i emo\u021bie<\/p>\n<\/li>\n<li class=\"\" data-start=\"2140\" data-end=\"2233\">\n<p class=\"\" data-start=\"2142\" data-end=\"2233\"><strong data-start=\"2142\" data-end=\"2169\">\ud83c\udf89 Ziua \u00cendr\u0103gosti\u021bilor<\/strong> \u2013 un cadou romantic, perfect pentru a-\u021bi exprima sentimentele<\/p>\n<\/li>\n<li class=\"\" data-start=\"2234\" data-end=\"2309\">\n<p class=\"\" data-start=\"2236\" data-end=\"2309\"><strong data-start=\"2236\" data-end=\"2258\">\ud83c\udf38 Nunt\u0103 sau botez<\/strong> \u2013 un cadou elegant care va \u00eenc\u00e2nta orice invitat<\/p>\n<\/li>\n<li class=\"\" data-start=\"2310\" data-end=\"2397\">\n<p class=\"\" data-start=\"2312\" data-end=\"2397\"><strong data-start=\"2312\" data-end=\"2339\">\ud83c\udf81 Cadouri de apreciere<\/strong> \u2013 ideal pentru a exprima recuno\u0219tin\u021ba fa\u021b\u0103 de cei dragi<\/p>\n<\/li>\n<li class=\"\" data-start=\"2398\" data-end=\"2470\">\n<p class=\"\" data-start=\"2400\" data-end=\"2470\"><strong data-start=\"2400\" data-end=\"2421\">\ud83c\udfe1 Decor interior<\/strong> \u2013 adaug\u0103 un strop de frumuse\u021be \u00een orice spa\u021biu<\/p>\n<\/li>\n<li class=\"\" data-start=\"2471\" data-end=\"2561\">\n<p class=\"\" data-start=\"2473\" data-end=\"2561\"><strong data-start=\"2473\" data-end=\"2500\">\ud83c\udf89 Evenimente corporate<\/strong> \u2013 un buchet sofisticat pentru a face o impresie de neuitat<\/p>\n<\/li>\n<\/ul>\n<p class=\"\" data-start=\"2563\" data-end=\"2772\">Un <strong data-start=\"2566\" data-end=\"2595\">buchet mixt de sentimente<\/strong> este ideal pentru a exprima iubirea \u0219i aprecierea fa\u021b\u0103 de cei dragi. Este un cadou universal care va ad\u0103uga un strop de culoare \u0219i emo\u021bie \u00een via\u021ba celor care \u00eel primesc. \ud83c\udf1f\ud83d\udc90<\/p>\n<hr class=\"\" data-start=\"2774\" data-end=\"2779\" \/>\n<h3 class=\"\" data-start=\"2781\" data-end=\"2835\"><strong data-start=\"2785\" data-end=\"2833\">\ud83d\ude9a Livrare rapid\u0103 \u0219i gratuit\u0103 \u00een Cluj-Napoca<\/strong><\/h3>\n<p class=\"\" data-start=\"2836\" data-end=\"2944\">Oferim <strong data-start=\"2843\" data-end=\"2878\">livrare gratuit\u0103 \u00een Cluj-Napoca<\/strong>, asigur\u00e2ndu-ne c\u0103 fiecare buchet ajunge \u00een stare perfect\u0103. \ud83d\udce6\ud83d\udc90<\/p>\n<h4 class=\"\" data-start=\"2946\" data-end=\"2975\"><strong data-start=\"2951\" data-end=\"2973\">\u23f3 Timp de livrare:<\/strong><\/h4>\n<ul data-start=\"2976\" data-end=\"3086\">\n<li class=\"\" data-start=\"2976\" data-end=\"3020\">\n<p class=\"\" data-start=\"2978\" data-end=\"3020\"><strong data-start=\"2978\" data-end=\"2994\">Aprox. 3 ore<\/strong> de la plasarea comenzii<\/p>\n<\/li>\n<li class=\"\" data-start=\"3021\" data-end=\"3086\">\n<p class=\"\" data-start=\"3023\" data-end=\"3086\"><strong data-start=\"3023\" data-end=\"3084\">Comenzile plasate dup\u0103 ora 17:00 vor fi livrate a doua zi<\/strong><\/p>\n<\/li>\n<\/ul>\n<p class=\"\" data-start=\"3088\" data-end=\"3220\">Pentru comenzi personalizate sau recomand\u0103ri, echipa <strong data-start=\"3141\" data-end=\"3156\">ARA Flowers<\/strong> este disponibil\u0103 pentru a-\u021bi oferi cele mai bune sugestii. \ud83c\udf37<\/p>\n<hr class=\"\" data-start=\"3222\" data-end=\"3227\" \/>\n<h3 class=\"\" data-start=\"3229\" data-end=\"3287\"><strong data-start=\"3233\" data-end=\"3285\">\ud83d\udcf2 Cum po\u021bi comanda Buchetul MIXT DE SENTIMENTE?<\/strong><\/h3>\n<p class=\"\" data-start=\"3288\" data-end=\"3332\">Plaseaz\u0103 comanda simplu \u0219i rapid acces\u00e2nd:<\/p>\n<ul data-start=\"3333\" data-end=\"3465\">\n<li class=\"\" data-start=\"3333\" data-end=\"3409\">\n<p class=\"\" data-start=\"3335\" data-end=\"3409\"><a class=\"\" href=\"https:\/\/www.instagram.com\/araflowers.ro\/\" target=\"_new\" rel=\"noopener\" data-start=\"3335\" data-end=\"3404\">Instagram: @araflowers.ro<\/a> \ud83d\udcf8<\/p>\n<\/li>\n<li class=\"\" data-start=\"3410\" data-end=\"3465\">\n<p class=\"\" data-start=\"3412\" data-end=\"3465\"><a class=\"\" href=\"https:\/\/araflowers.ro\/en\/\" target=\"_new\" rel=\"noopener\" data-start=\"3412\" data-end=\"3460\">Website: araflowers.ro<\/a> \ud83c\udf10<\/p>\n<\/li>\n<\/ul>\n<p class=\"\" data-start=\"3467\" data-end=\"3583\"><strong data-start=\"3467\" data-end=\"3498\">Buchetul MIXT DE SENTIMENTE<\/strong> este alegerea perfect\u0103 pentru a ad\u0103uga un strop de magie \u00een via\u021ba celor dragi! \u2728\ud83c\udf38<\/p>\n<hr class=\"\" data-start=\"3585\" data-end=\"3590\" \/>","protected":false},"featured_media":923,"template":"","meta":{"ocean_post_layout":"full-screen","ocean_both_sidebars_style":"","ocean_both_sidebars_content_width":0,"ocean_both_sidebars_sidebars_width":0,"ocean_sidebar":"0","ocean_second_sidebar":"0","ocean_disable_margins":"enable","ocean_add_body_class":"","ocean_shortcode_before_top_bar":"","ocean_shortcode_after_top_bar":"","ocean_shortcode_before_header":"","ocean_shortcode_after_header":"","ocean_has_shortcode":"","ocean_shortcode_after_title":"","ocean_shortcode_before_footer_widgets":"","ocean_shortcode_after_footer_widgets":"","ocean_shortcode_before_footer_bottom":"","ocean_shortcode_after_footer_bottom":"","ocean_display_top_bar":"default","ocean_display_header":"default","ocean_header_style":"","ocean_center_header_left_menu":"0","ocean_custom_header_template":"0","ocean_custom_logo":0,"ocean_custom_retina_logo":0,"ocean_custom_logo_max_width":0,"ocean_custom_logo_tablet_max_width":0,"ocean_custom_logo_mobile_max_width":0,"ocean_custom_logo_max_height":0,"ocean_custom_logo_tablet_max_height":0,"ocean_custom_logo_mobile_max_height":0,"ocean_header_custom_menu":"0","ocean_menu_typo_font_family":"0","ocean_menu_typo_font_subset":"","ocean_menu_typo_font_size":0,"ocean_menu_typo_font_size_tablet":0,"ocean_menu_typo_font_size_mobile":0,"ocean_menu_typo_font_size_unit":"px","ocean_menu_typo_font_weight":"","ocean_menu_typo_font_weight_tablet":"","ocean_menu_typo_font_weight_mobile":"","ocean_menu_typo_transform":"","ocean_menu_typo_transform_tablet":"","ocean_menu_typo_transform_mobile":"","ocean_menu_typo_line_height":0,"ocean_menu_typo_line_height_tablet":0,"ocean_menu_typo_line_height_mobile":0,"ocean_menu_typo_line_height_unit":"","ocean_menu_typo_spacing":0,"ocean_menu_typo_spacing_tablet":0,"ocean_menu_typo_spacing_mobile":0,"ocean_menu_typo_spacing_unit":"","ocean_menu_link_color":"","ocean_menu_link_color_hover":"","ocean_menu_link_color_active":"","ocean_menu_link_background":"","ocean_menu_link_hover_background":"","ocean_menu_link_active_background":"","ocean_menu_social_links_bg":"","ocean_menu_social_hover_links_bg":"","ocean_menu_social_links_color":"","ocean_menu_social_hover_links_color":"","ocean_disable_title":"default","ocean_disable_heading":"default","ocean_post_title":"","ocean_post_subheading":"","ocean_post_title_style":"","ocean_post_title_background_color":"","ocean_post_title_background":0,"ocean_post_title_bg_image_position":"","ocean_post_title_bg_image_attachment":"","ocean_post_title_bg_image_repeat":"","ocean_post_title_bg_image_size":"","ocean_post_title_height":0,"ocean_post_title_bg_overlay":0.5,"ocean_post_title_bg_overlay_color":"","ocean_disable_breadcrumbs":"default","ocean_breadcrumbs_color":"","ocean_breadcrumbs_separator_color":"","ocean_breadcrumbs_links_color":"","ocean_breadcrumbs_links_hover_color":"","ocean_display_footer_widgets":"default","ocean_display_footer_bottom":"default","ocean_custom_footer_template":"0"},"product_brand":[],"product_cat":[23],"product_tag":[],"class_list":{"0":"post-948","1":"product","2":"type-product","3":"status-publish","4":"has-post-thumbnail","6":"product_cat-buchete","8":"entry","9":"has-media","11":"first","12":"instock","13":"sale","14":"taxable","15":"shipping-taxable","16":"purchasable","17":"product-type-variable","18":"has-product-nav","19":"col","20":"span_1_of_3","21":"owp-content-center","22":"item-entry","23":"owp-thumbs-layout-horizontal","24":"owp-btn-normal","25":"owp-tabs-layout-horizontal"},"_links":{"self":[{"href":"https:\/\/araflowers.ro\/en\/wp-json\/wp\/v2\/product\/948","targetHints":{"allow":["GET"]}}],"collection":[{"href":"https:\/\/araflowers.ro\/en\/wp-json\/wp\/v2\/product"}],"about":[{"href":"https:\/\/araflowers.ro\/en\/wp-json\/wp\/v2\/types\/product"}],"wp:featuredmedia":[{"embeddable":true,"href":"https:\/\/araflowers.ro\/en\/wp-json\/wp\/v2\/media\/923"}],"wp:attachment":[{"href":"https:\/\/araflowers.ro\/en\/wp-json\/wp\/v2\/media?parent=948"}],"wp:term":[{"taxonomy":"product_brand","embeddable":true,"href":"https:\/\/araflowers.ro\/en\/wp-json\/wp\/v2\/product_brand?post=948"},{"taxonomy":"product_cat","embeddable":true,"href":"https:\/\/araflowers.ro\/en\/wp-json\/wp\/v2\/product_cat?post=948"},{"taxonomy":"product_tag","embeddable":true,"href":"https:\/\/araflowers.ro\/en\/wp-json\/wp\/v2\/product_tag?post=948"}],"curies":[{"name":"wp","href":"https:\/\/api.w.org\/{rel}","templated":true}]}}