{"id":944,"date":"2022-07-19T12:35:38","date_gmt":"2022-07-19T12:35:38","guid":{"rendered":"https:\/\/araflowers.ro\/?post_type=product&#038;p=944"},"modified":"2026-02-26T12:44:48","modified_gmt":"2026-02-26T12:44:48","slug":"buchet-lisianthus-ros","status":"publish","type":"product","link":"https:\/\/araflowers.ro\/en\/product\/buchet-lisianthus-ros\/","title":{"rendered":"Buchet LISIANTHUS ROZ"},"content":{"rendered":"<h4 data-start=\"74\" data-end=\"142\">Specifica\u021bii Produs:<\/h4>\n<p>Dimensiuni:<\/p>\n<ul>\n<li>Small: 10 Lisiantus &#8211; Ambalaj &#8211; Panglic\u0103 &#8211; Felicitare Cadou<\/li>\n<li>Medium: 20 Lisiantus &#8211; Ambalaj &#8211; Panglic\u0103 &#8211; Felicitare Cadou<\/li>\n<li>Large: 30 Lisiantus &#8211; Ambalaj &#8211; Panglic\u0103 &#8211; Felicitare Cadou<\/li>\n<\/ul>\n<p>Culoare: Roz<\/p>\n<p>Orice Comand\u0103 vine \u00eenso\u021bit\u0103 de felicitare CADOU cu mesajul ales de dumneavostr\u0103.<\/p>\n<h3 data-start=\"0\" data-end=\"76\"><\/h3>\n<h3 class=\"\" data-start=\"0\" data-end=\"76\"><strong data-start=\"4\" data-end=\"76\">Buchet LISIANTHUS ROZ \u2013 Elegan\u021b\u0103 \u0219i rafinament \u00een culori delicate\u00a0<\/strong><\/h3>\n<p class=\"\" data-start=\"78\" data-end=\"400\"><strong data-start=\"78\" data-end=\"105\">Buchetul LISIANTHUS ROZ<\/strong> este o adev\u0103rat\u0103 comoar\u0103 de frumuse\u021be \u0219i delicate\u021be, perfect pentru a ad\u0103uga un strop de elegan\u021b\u0103 oric\u0103rei ocazii speciale. Lisianthusul roz este o floare simbol al rafinamentului, iar acest aranjament aduce \u00een prim-plan frumuse\u021bea subtil\u0103 a acesteia, aduc\u00e2nd un mesaj de dragoste \u0219i apreciere.<\/p>\n<h3 class=\"\" data-start=\"402\" data-end=\"458\"><strong data-start=\"406\" data-end=\"456\">\u00a0O alegere delicat\u0103 pentru momente speciale!<\/strong><\/h3>\n<p class=\"\" data-start=\"459\" data-end=\"696\">Fie c\u0103 este vorba de o aniversare, un moment romantic sau o zi important\u0103, <strong data-start=\"534\" data-end=\"561\">Buchetul LISIANTHUS ROZ<\/strong> va ad\u0103uga o not\u0103 de rafinament \u0219i culoare. Ideal pentru a exprima cele mai sincere sentimente sau pentru a \u00eenfrumuse\u021ba o zi deosebit\u0103.<\/p>\n<h3 class=\"\" data-start=\"698\" data-end=\"743\"><strong data-start=\"702\" data-end=\"741\">\u00a0Felicitare personalizat\u0103 inclus\u0103<\/strong><\/h3>\n<p class=\"\" data-start=\"744\" data-end=\"887\">Pentru un plus de elegan\u021b\u0103, fiecare buchet include o felicitare cadou cu text caligrafic personalizat, oferindu-i un caracter unic \u0219i personal.<\/p>\n<h3 class=\"\" data-start=\"889\" data-end=\"933\"><strong data-start=\"893\" data-end=\"931\">\u00a0Livrare gratuit\u0103 \u00een Cluj-Napoca<\/strong><\/h3>\n<p class=\"\" data-start=\"934\" data-end=\"1153\">Livrarea este gratuit\u0103 \u00een Cluj-Napoca prin curieri proprii, asigur\u00e2ndu-se c\u0103 florile vor ajunge \u00eentr-o stare impecabil\u0103, direct la destinatarul dorit. \u00cen func\u021bie de stoc \u0219i sezon, produsele pot suferi mici modific\u0103ri.<\/p>\n<p class=\"\" data-start=\"934\" data-end=\"1153\"><strong data-start=\"1159\" data-end=\"1224\">Comenzile plasate dup\u0103 ora 17:00 vor fi livrate a doua zi.<\/strong><\/p>\n<p class=\"\" data-start=\"1227\" data-end=\"1270\">Timpul de livrare: aproximativ <strong data-start=\"1258\" data-end=\"1267\">3 ore<\/strong>.<\/p>\n<p>&nbsp;<\/p>","protected":false},"excerpt":{"rendered":"<p>Specifica\u021bii Produs: Dimensiuni: Small: 10 Lisiantus &#8211; Ambalaj &#8211; Panglic\u0103 &#8211; Felicitare Cadou Medium: 20 Lisiantus &#8211; Ambalaj &#8211; Panglic\u0103 &#8211; Felicitare Cadou Large: 30 Lisiantus &#8211; Ambalaj &#8211; Panglic\u0103 &#8211; Felicitare Cadou Culoare: Roz Orice Comand\u0103 vine \u00eenso\u021bit\u0103 de felicitare CADOU cu mesajul ales de dumneavostr\u0103. Buchet LISIANTHUS ROZ \u2013 Elegan\u021b\u0103 \u0219i rafinament \u00een [&hellip;]<\/p>","protected":false},"featured_media":921,"template":"","meta":{"ocean_post_layout":"full-screen","ocean_both_sidebars_style":"","ocean_both_sidebars_content_width":0,"ocean_both_sidebars_sidebars_width":0,"ocean_sidebar":"0","ocean_second_sidebar":"0","ocean_disable_margins":"enable","ocean_add_body_class":"","ocean_shortcode_before_top_bar":"","ocean_shortcode_after_top_bar":"","ocean_shortcode_before_header":"","ocean_shortcode_after_header":"","ocean_has_shortcode":"","ocean_shortcode_after_title":"","ocean_shortcode_before_footer_widgets":"","ocean_shortcode_after_footer_widgets":"","ocean_shortcode_before_footer_bottom":"","ocean_shortcode_after_footer_bottom":"","ocean_display_top_bar":"default","ocean_display_header":"default","ocean_header_style":"","ocean_center_header_left_menu":"0","ocean_custom_header_template":"0","ocean_custom_logo":0,"ocean_custom_retina_logo":0,"ocean_custom_logo_max_width":0,"ocean_custom_logo_tablet_max_width":0,"ocean_custom_logo_mobile_max_width":0,"ocean_custom_logo_max_height":0,"ocean_custom_logo_tablet_max_height":0,"ocean_custom_logo_mobile_max_height":0,"ocean_header_custom_menu":"0","ocean_menu_typo_font_family":"0","ocean_menu_typo_font_subset":"","ocean_menu_typo_font_size":0,"ocean_menu_typo_font_size_tablet":0,"ocean_menu_typo_font_size_mobile":0,"ocean_menu_typo_font_size_unit":"px","ocean_menu_typo_font_weight":"","ocean_menu_typo_font_weight_tablet":"","ocean_menu_typo_font_weight_mobile":"","ocean_menu_typo_transform":"","ocean_menu_typo_transform_tablet":"","ocean_menu_typo_transform_mobile":"","ocean_menu_typo_line_height":0,"ocean_menu_typo_line_height_tablet":0,"ocean_menu_typo_line_height_mobile":0,"ocean_menu_typo_line_height_unit":"","ocean_menu_typo_spacing":0,"ocean_menu_typo_spacing_tablet":0,"ocean_menu_typo_spacing_mobile":0,"ocean_menu_typo_spacing_unit":"","ocean_menu_link_color":"","ocean_menu_link_color_hover":"","ocean_menu_link_color_active":"","ocean_menu_link_background":"","ocean_menu_link_hover_background":"","ocean_menu_link_active_background":"","ocean_menu_social_links_bg":"","ocean_menu_social_hover_links_bg":"","ocean_menu_social_links_color":"","ocean_menu_social_hover_links_color":"","ocean_disable_title":"default","ocean_disable_heading":"default","ocean_post_title":"","ocean_post_subheading":"","ocean_post_title_style":"","ocean_post_title_background_color":"","ocean_post_title_background":0,"ocean_post_title_bg_image_position":"","ocean_post_title_bg_image_attachment":"","ocean_post_title_bg_image_repeat":"","ocean_post_title_bg_image_size":"","ocean_post_title_height":0,"ocean_post_title_bg_overlay":0.5,"ocean_post_title_bg_overlay_color":"","ocean_disable_breadcrumbs":"default","ocean_breadcrumbs_color":"","ocean_breadcrumbs_separator_color":"","ocean_breadcrumbs_links_color":"","ocean_breadcrumbs_links_hover_color":"","ocean_display_footer_widgets":"default","ocean_display_footer_bottom":"default","ocean_custom_footer_template":"0"},"product_brand":[],"product_cat":[187,23],"product_tag":[],"class_list":{"0":"post-944","1":"product","2":"type-product","3":"status-publish","4":"has-post-thumbnail","6":"product_cat-1-8-martie","7":"product_cat-buchete","9":"entry","10":"has-media","12":"first","13":"instock","14":"sale","15":"taxable","16":"shipping-taxable","17":"purchasable","18":"product-type-variable","19":"has-product-nav","20":"col","21":"span_1_of_3","22":"owp-content-center","23":"item-entry","24":"owp-thumbs-layout-horizontal","25":"owp-btn-normal","26":"owp-tabs-layout-horizontal","27":"has-no-thumbnails"},"_links":{"self":[{"href":"https:\/\/araflowers.ro\/en\/wp-json\/wp\/v2\/product\/944","targetHints":{"allow":["GET"]}}],"collection":[{"href":"https:\/\/araflowers.ro\/en\/wp-json\/wp\/v2\/product"}],"about":[{"href":"https:\/\/araflowers.ro\/en\/wp-json\/wp\/v2\/types\/product"}],"wp:featuredmedia":[{"embeddable":true,"href":"https:\/\/araflowers.ro\/en\/wp-json\/wp\/v2\/media\/921"}],"wp:attachment":[{"href":"https:\/\/araflowers.ro\/en\/wp-json\/wp\/v2\/media?parent=944"}],"wp:term":[{"taxonomy":"product_brand","embeddable":true,"href":"https:\/\/araflowers.ro\/en\/wp-json\/wp\/v2\/product_brand?post=944"},{"taxonomy":"product_cat","embeddable":true,"href":"https:\/\/araflowers.ro\/en\/wp-json\/wp\/v2\/product_cat?post=944"},{"taxonomy":"product_tag","embeddable":true,"href":"https:\/\/araflowers.ro\/en\/wp-json\/wp\/v2\/product_tag?post=944"}],"curies":[{"name":"wp","href":"https:\/\/api.w.org\/{rel}","templated":true}]}}