{"id":940,"date":"2022-07-19T12:34:54","date_gmt":"2022-07-19T12:34:54","guid":{"rendered":"https:\/\/araflowers.ro\/?post_type=product&#038;p=940"},"modified":"2026-02-26T12:45:08","modified_gmt":"2026-02-26T12:45:08","slug":"buchet-lisianthus-alb","status":"publish","type":"product","link":"https:\/\/araflowers.ro\/en\/product\/buchet-lisianthus-alb\/","title":{"rendered":"WHITE LISIANTHUS bouquet"},"content":{"rendered":"<h4 data-start=\"74\" data-end=\"142\">Specifica\u021bii Produs:<\/h4>\n<p>Dimensiuni:<\/p>\n<ul>\n<li>Small: 10 Lisiantus &#8211; Ambalaj &#8211; Panglic\u0103 &#8211; Felicitare Cadou<\/li>\n<li>Medium: 20 Lisiantus &#8211; Ambalaj &#8211; Panglic\u0103 &#8211; Felicitare Cadou<\/li>\n<li>Large: 30 Lisiantus &#8211; Ambalaj &#8211; Panglic\u0103 &#8211; Felicitare Cadou<\/li>\n<\/ul>\n<p>Culoare: Alb<\/p>\n<p>Orice Comand\u0103 vine \u00eenso\u021bit\u0103 de felicitare CADOU cu mesajul ales de dumneavostr\u0103.<\/p>\n<h3 data-start=\"0\" data-end=\"74\"><\/h3>\n<h3 class=\"\" data-start=\"0\" data-end=\"74\"><strong data-start=\"4\" data-end=\"74\">Buchet LISIANTHUS ALB \u2013 Purete \u0219i rafinament \u00een culori delicate \ud83c\udf3f<\/strong><\/h3>\n<p class=\"\" data-start=\"76\" data-end=\"337\"><strong data-start=\"76\" data-end=\"103\">Buchetul LISIANTHUS ALB<\/strong> reprezint\u0103 esen\u021ba rafinamentului \u0219i a elegan\u021bei, fiind perfect pentru orice ocazie special\u0103. Lisianthusul alb simbolizeaz\u0103 puritatea \u0219i aprecierea, fiind o alegere ideal\u0103 pentru a transmite mesaje de iubire, recuno\u0219tin\u021b\u0103 sau respect.<\/p>\n<h3 class=\"\" data-start=\"339\" data-end=\"391\"><strong data-start=\"343\" data-end=\"389\">Un cadou plin de elegan\u021b\u0103 \u0219i frumuse\u021be!<\/strong><\/h3>\n<p class=\"\" data-start=\"392\" data-end=\"636\">Indiferent de ocazie, <strong data-start=\"414\" data-end=\"441\">Buchetul LISIANTHUS ALB<\/strong> este alegerea perfect\u0103 pentru a \u00eenfrumuse\u021ba orice zi special\u0103. Acest aranjament va ad\u0103uga un plus de delicate\u021be \u0219i frumuse\u021be evenimentului vostru, fiind o expresie minunat\u0103 a sentimentelor pure.<\/p>\n<h3 class=\"\" data-start=\"638\" data-end=\"683\"><strong data-start=\"642\" data-end=\"681\">Felicitare personalizat\u0103 inclus\u0103<\/strong><\/h3>\n<p class=\"\" data-start=\"684\" data-end=\"872\">Pentru a face acest cadou \u0219i mai special, fiecare buchet include o felicitare cadou, pe care scriem cu migal\u0103 \u0219i elegan\u021b\u0103 textul ales de dumneavoastr\u0103, oferindu-i un caracter personalizat.<\/p>\n<h3 class=\"\" data-start=\"874\" data-end=\"918\"><strong data-start=\"878\" data-end=\"916\">Livrare gratuit\u0103 \u00een Cluj-Napoca<\/strong><\/h3>\n<p class=\"\" data-start=\"919\" data-end=\"1072\">Florile vor ajunge \u00een siguran\u021b\u0103 \u0219i perfect proaspete, prin livrarea gratuit\u0103 \u00een Cluj-Napoca, utiliz\u00e2nd curieri proprii, pentru a asigura prospe\u021bimea lor.<\/p>\n<h3 class=\"\" data-start=\"1074\" data-end=\"1145\"><strong data-start=\"1078\" data-end=\"1143\">Comenzile plasate dup\u0103 ora 17:00 vor fi livrate a doua zi.<\/strong><\/h3>\n<p class=\"\" data-start=\"1146\" data-end=\"1261\">Timpul de livrare este de aproximativ <strong data-start=\"1184\" data-end=\"1193\">3 ore<\/strong>, asigur\u00e2ndu-se c\u0103 buchetul ajunge la destina\u021bie \u00eentr-un timp optim.<\/p>","protected":false},"excerpt":{"rendered":"<p>Specifica\u021bii Produs: Dimensiuni: Small: 10 Lisiantus &#8211; Ambalaj &#8211; Panglic\u0103 &#8211; Felicitare Cadou Medium: 20 Lisiantus &#8211; Ambalaj &#8211; Panglic\u0103 &#8211; Felicitare Cadou Large: 30 Lisiantus &#8211; Ambalaj &#8211; Panglic\u0103 &#8211; Felicitare Cadou Culoare: Alb Orice Comand\u0103 vine \u00eenso\u021bit\u0103 de felicitare CADOU cu mesajul ales de dumneavostr\u0103. Buchet LISIANTHUS ALB \u2013 Purete \u0219i rafinament \u00een [&hellip;]<\/p>","protected":false},"featured_media":920,"template":"","meta":{"ocean_post_layout":"full-screen","ocean_both_sidebars_style":"","ocean_both_sidebars_content_width":0,"ocean_both_sidebars_sidebars_width":0,"ocean_sidebar":"0","ocean_second_sidebar":"0","ocean_disable_margins":"enable","ocean_add_body_class":"","ocean_shortcode_before_top_bar":"","ocean_shortcode_after_top_bar":"","ocean_shortcode_before_header":"","ocean_shortcode_after_header":"","ocean_has_shortcode":"","ocean_shortcode_after_title":"","ocean_shortcode_before_footer_widgets":"","ocean_shortcode_after_footer_widgets":"","ocean_shortcode_before_footer_bottom":"","ocean_shortcode_after_footer_bottom":"","ocean_display_top_bar":"default","ocean_display_header":"default","ocean_header_style":"","ocean_center_header_left_menu":"0","ocean_custom_header_template":"0","ocean_custom_logo":0,"ocean_custom_retina_logo":0,"ocean_custom_logo_max_width":0,"ocean_custom_logo_tablet_max_width":0,"ocean_custom_logo_mobile_max_width":0,"ocean_custom_logo_max_height":0,"ocean_custom_logo_tablet_max_height":0,"ocean_custom_logo_mobile_max_height":0,"ocean_header_custom_menu":"0","ocean_menu_typo_font_family":"0","ocean_menu_typo_font_subset":"","ocean_menu_typo_font_size":0,"ocean_menu_typo_font_size_tablet":0,"ocean_menu_typo_font_size_mobile":0,"ocean_menu_typo_font_size_unit":"px","ocean_menu_typo_font_weight":"","ocean_menu_typo_font_weight_tablet":"","ocean_menu_typo_font_weight_mobile":"","ocean_menu_typo_transform":"","ocean_menu_typo_transform_tablet":"","ocean_menu_typo_transform_mobile":"","ocean_menu_typo_line_height":0,"ocean_menu_typo_line_height_tablet":0,"ocean_menu_typo_line_height_mobile":0,"ocean_menu_typo_line_height_unit":"","ocean_menu_typo_spacing":0,"ocean_menu_typo_spacing_tablet":0,"ocean_menu_typo_spacing_mobile":0,"ocean_menu_typo_spacing_unit":"","ocean_menu_link_color":"","ocean_menu_link_color_hover":"","ocean_menu_link_color_active":"","ocean_menu_link_background":"","ocean_menu_link_hover_background":"","ocean_menu_link_active_background":"","ocean_menu_social_links_bg":"","ocean_menu_social_hover_links_bg":"","ocean_menu_social_links_color":"","ocean_menu_social_hover_links_color":"","ocean_disable_title":"default","ocean_disable_heading":"default","ocean_post_title":"","ocean_post_subheading":"","ocean_post_title_style":"","ocean_post_title_background_color":"","ocean_post_title_background":0,"ocean_post_title_bg_image_position":"","ocean_post_title_bg_image_attachment":"","ocean_post_title_bg_image_repeat":"","ocean_post_title_bg_image_size":"","ocean_post_title_height":0,"ocean_post_title_bg_overlay":0.5,"ocean_post_title_bg_overlay_color":"","ocean_disable_breadcrumbs":"default","ocean_breadcrumbs_color":"","ocean_breadcrumbs_separator_color":"","ocean_breadcrumbs_links_color":"","ocean_breadcrumbs_links_hover_color":"","ocean_display_footer_widgets":"default","ocean_display_footer_bottom":"default","ocean_custom_footer_template":"0"},"product_brand":[],"product_cat":[187,23],"product_tag":[],"class_list":{"0":"post-940","1":"product","2":"type-product","3":"status-publish","4":"has-post-thumbnail","6":"product_cat-1-8-martie","7":"product_cat-buchete","9":"entry","10":"has-media","12":"first","13":"instock","14":"sale","15":"taxable","16":"shipping-taxable","17":"purchasable","18":"product-type-variable","19":"has-product-nav","20":"col","21":"span_1_of_3","22":"owp-content-center","23":"item-entry","24":"owp-thumbs-layout-horizontal","25":"owp-btn-normal","26":"owp-tabs-layout-horizontal","27":"has-no-thumbnails"},"_links":{"self":[{"href":"https:\/\/araflowers.ro\/en\/wp-json\/wp\/v2\/product\/940","targetHints":{"allow":["GET"]}}],"collection":[{"href":"https:\/\/araflowers.ro\/en\/wp-json\/wp\/v2\/product"}],"about":[{"href":"https:\/\/araflowers.ro\/en\/wp-json\/wp\/v2\/types\/product"}],"wp:featuredmedia":[{"embeddable":true,"href":"https:\/\/araflowers.ro\/en\/wp-json\/wp\/v2\/media\/920"}],"wp:attachment":[{"href":"https:\/\/araflowers.ro\/en\/wp-json\/wp\/v2\/media?parent=940"}],"wp:term":[{"taxonomy":"product_brand","embeddable":true,"href":"https:\/\/araflowers.ro\/en\/wp-json\/wp\/v2\/product_brand?post=940"},{"taxonomy":"product_cat","embeddable":true,"href":"https:\/\/araflowers.ro\/en\/wp-json\/wp\/v2\/product_cat?post=940"},{"taxonomy":"product_tag","embeddable":true,"href":"https:\/\/araflowers.ro\/en\/wp-json\/wp\/v2\/product_tag?post=940"}],"curies":[{"name":"wp","href":"https:\/\/api.w.org\/{rel}","templated":true}]}}