{"id":906,"date":"2022-07-19T12:28:37","date_gmt":"2022-07-19T12:28:37","guid":{"rendered":"https:\/\/araflowers.ro\/?post_type=product&#038;p=906"},"modified":"2026-02-19T14:28:44","modified_gmt":"2026-02-19T14:28:44","slug":"buchet-j-adore","status":"publish","type":"product","link":"https:\/\/araflowers.ro\/en\/product\/buchet-j-adore\/","title":{"rendered":"J'ADORE Bouquet"},"content":{"rendered":"<h3 class=\"\" data-start=\"0\" data-end=\"66\"><strong data-start=\"4\" data-end=\"66\">Buchet J&#8217;ADORE \u2013 Ofer\u0103 un strop de iubire \u0219i rafinament \ud83d\udc96<\/strong><\/h3>\n<p class=\"\" data-start=\"68\" data-end=\"352\"><strong data-start=\"68\" data-end=\"88\">Buchetul J&#8217;ADORE<\/strong> este alegerea perfect\u0103 pentru a exprima cele mai pure sentimente de iubire \u0219i apreciere. Acest buchet delicat este ideal pentru a surprinde o persoan\u0103 drag\u0103 cu o selec\u021bie elegant\u0103 de flori, create cu grij\u0103 pentru a ad\u0103uga un strop de magie oric\u0103rei zile speciale.<\/p>\n<h3 class=\"\" data-start=\"354\" data-end=\"402\"><strong data-start=\"358\" data-end=\"400\">\ud83d\udc90 Un buchet rafinat, plin de elegan\u021b\u0103<\/strong><\/h3>\n<p class=\"\" data-start=\"403\" data-end=\"724\">Cu un design ce combin\u0103 culori \u0219i forme delicate, <strong data-start=\"453\" data-end=\"473\">Buchetul J&#8217;ADORE<\/strong> este perfect pentru momentele \u00een care vrei s\u0103 impresionezi \u0219i s\u0103 oferi o floare care vorbe\u0219te de la sine. Ideal pentru anivers\u0103ri, zile de na\u0219tere sau pentru orice alt\u0103 ocazie special\u0103, acest buchet transmite un mesaj de iubire sincer\u0103 \u0219i rafinament.<\/p>\n<h3 class=\"\" data-start=\"726\" data-end=\"771\"><strong data-start=\"730\" data-end=\"769\">\ud83d\udc8c Felicitare personalizat\u0103 inclus\u0103<\/strong><\/h3>\n<p class=\"\" data-start=\"772\" data-end=\"963\">\u00cen pre\u021bul buchetului este inclus\u0103 \u0219i o felicitare cadou personalizat\u0103, pe care o vom scrie cu m\u0103iestrie, folosind tehnica caligrafiei, pentru a ad\u0103uga un mesaj special pentru persoana iubit\u0103.<\/p>\n<h3 class=\"\" data-start=\"965\" data-end=\"1009\"><strong data-start=\"969\" data-end=\"1007\">\ud83d\ude9a Livrare gratuit\u0103 \u00een Cluj-Napoca<\/strong><\/h3>\n<p class=\"\" data-start=\"1010\" data-end=\"1246\">Beneficia\u021bi de livrare gratuit\u0103 \u00een Cluj-Napoca, cu curieri proprii, astfel \u00eenc\u00e2t florile s\u0103 ajung\u0103 \u00een stare perfect\u0103 \u0219i \u00eentr-un timp scurt. Florile sunt livrate cu mult\u0103 aten\u021bie pentru a se asigura c\u0103 ajung exact a\u0219a cum au fost create.<\/p>\n<h3 class=\"\" data-start=\"1248\" data-end=\"1299\"><strong data-start=\"1252\" data-end=\"1297\">\ud83d\udcc5 Livrare rapid\u0103 \u2013 \u00een aproximativ 3 ore!<\/strong><\/h3>\n<p class=\"\" data-start=\"1300\" data-end=\"1451\">Livrarea se face rapid, \u00een <strong data-start=\"1327\" data-end=\"1348\">aproximativ 3 ore<\/strong> de la plasarea comenzii. Dac\u0103 comanda este plasat\u0103 dup\u0103 ora 17:00, livrarea va fi realizat\u0103 a doua zi.<\/p>\n<p class=\"\" data-start=\"1453\" data-end=\"1602\">\ud83d\udd17 <strong data-start=\"1456\" data-end=\"1473\">Comand\u0103 acum:<\/strong><br data-start=\"1473\" data-end=\"1476\" \/>\u27a1\ufe0f <a class=\"\" href=\"https:\/\/araflowers.ro\/en\/\" target=\"_new\" rel=\"noopener\" data-start=\"1479\" data-end=\"1527\">Website: araflowers.ro<\/a><br data-start=\"1527\" data-end=\"1530\" \/>\u27a1\ufe0f <a class=\"\" href=\"https:\/\/www.instagram.com\/araflowers.ro\/\" target=\"_new\" rel=\"noopener\" data-start=\"1533\" data-end=\"1602\">Instagram: @araflowers.ro<\/a><\/p>","protected":false},"excerpt":{"rendered":"<h3 class=\"\" data-start=\"0\" data-end=\"66\"><strong data-start=\"4\" data-end=\"66\">Buchet J&#8217;ADORE \u2013 Ofer\u0103 un strop de iubire \u0219i rafinament \ud83d\udc96<\/strong><\/h3>\n<p class=\"\" data-start=\"68\" data-end=\"352\"><strong data-start=\"68\" data-end=\"88\">Buchetul J&#8217;ADORE<\/strong> este alegerea perfect\u0103 pentru a exprima cele mai pure sentimente de iubire \u0219i apreciere. Acest buchet delicat este ideal pentru a surprinde o persoan\u0103 drag\u0103 cu o selec\u021bie elegant\u0103 de flori, create cu grij\u0103 pentru a ad\u0103uga un strop de magie oric\u0103rei zile speciale.<\/p>\n<h3 class=\"\" data-start=\"354\" data-end=\"402\"><strong data-start=\"358\" data-end=\"400\">\ud83d\udc90 Un buchet rafinat, plin de elegan\u021b\u0103<\/strong><\/h3>\n<p class=\"\" data-start=\"403\" data-end=\"724\">Cu un design ce combin\u0103 culori \u0219i forme delicate, <strong data-start=\"453\" data-end=\"473\">Buchetul J&#8217;ADORE<\/strong> este perfect pentru momentele \u00een care vrei s\u0103 impresionezi \u0219i s\u0103 oferi o floare care vorbe\u0219te de la sine. Ideal pentru anivers\u0103ri, zile de na\u0219tere sau pentru orice alt\u0103 ocazie special\u0103, acest buchet transmite un mesaj de iubire sincer\u0103 \u0219i rafinament.<\/p>\n<h3 class=\"\" data-start=\"726\" data-end=\"771\"><strong data-start=\"730\" data-end=\"769\">\ud83d\udc8c Felicitare personalizat\u0103 inclus\u0103<\/strong><\/h3>\n<p class=\"\" data-start=\"772\" data-end=\"963\">\u00cen pre\u021bul buchetului este inclus\u0103 \u0219i o felicitare cadou personalizat\u0103, pe care o vom scrie cu m\u0103iestrie, folosind tehnica caligrafiei, pentru a ad\u0103uga un mesaj special pentru persoana iubit\u0103.<\/p>\n<h3 class=\"\" data-start=\"965\" data-end=\"1009\"><strong data-start=\"969\" data-end=\"1007\">\ud83d\ude9a Livrare gratuit\u0103 \u00een Cluj-Napoca<\/strong><\/h3>\n<p class=\"\" data-start=\"1010\" data-end=\"1246\">Beneficia\u021bi de livrare gratuit\u0103 \u00een Cluj-Napoca, cu curieri proprii, astfel \u00eenc\u00e2t florile s\u0103 ajung\u0103 \u00een stare perfect\u0103 \u0219i \u00eentr-un timp scurt. Florile sunt livrate cu mult\u0103 aten\u021bie pentru a se asigura c\u0103 ajung exact a\u0219a cum au fost create.<\/p>\n<h3 class=\"\" data-start=\"1248\" data-end=\"1299\"><strong data-start=\"1252\" data-end=\"1297\">\ud83d\udcc5 Livrare rapid\u0103 \u2013 \u00een aproximativ 3 ore!<\/strong><\/h3>\n<p class=\"\" data-start=\"1300\" data-end=\"1451\">Livrarea se face rapid, \u00een <strong data-start=\"1327\" data-end=\"1348\">aproximativ 3 ore<\/strong> de la plasarea comenzii. Dac\u0103 comanda este plasat\u0103 dup\u0103 ora 17:00, livrarea va fi realizat\u0103 a doua zi.<\/p>\n<p class=\"\" data-start=\"1453\" data-end=\"1602\">\ud83d\udd17 <strong data-start=\"1456\" data-end=\"1473\">Comand\u0103 acum:<\/strong><br data-start=\"1473\" data-end=\"1476\" \/>\u27a1\ufe0f <a class=\"\" href=\"https:\/\/araflowers.ro\/en\/\" target=\"_new\" rel=\"noopener\" data-start=\"1479\" data-end=\"1527\">Website: araflowers.ro<\/a><br data-start=\"1527\" data-end=\"1530\" \/>\u27a1\ufe0f <a class=\"\" href=\"https:\/\/www.instagram.com\/araflowers.ro\/\" target=\"_new\" rel=\"noopener\" data-start=\"1533\" data-end=\"1602\">Instagram: @araflowers.ro<\/a><\/p>","protected":false},"featured_media":910,"template":"","meta":{"ocean_post_layout":"full-screen","ocean_both_sidebars_style":"","ocean_both_sidebars_content_width":0,"ocean_both_sidebars_sidebars_width":0,"ocean_sidebar":"0","ocean_second_sidebar":"0","ocean_disable_margins":"enable","ocean_add_body_class":"","ocean_shortcode_before_top_bar":"","ocean_shortcode_after_top_bar":"","ocean_shortcode_before_header":"","ocean_shortcode_after_header":"","ocean_has_shortcode":"","ocean_shortcode_after_title":"","ocean_shortcode_before_footer_widgets":"","ocean_shortcode_after_footer_widgets":"","ocean_shortcode_before_footer_bottom":"","ocean_shortcode_after_footer_bottom":"","ocean_display_top_bar":"default","ocean_display_header":"default","ocean_header_style":"","ocean_center_header_left_menu":"0","ocean_custom_header_template":"0","ocean_custom_logo":0,"ocean_custom_retina_logo":0,"ocean_custom_logo_max_width":0,"ocean_custom_logo_tablet_max_width":0,"ocean_custom_logo_mobile_max_width":0,"ocean_custom_logo_max_height":0,"ocean_custom_logo_tablet_max_height":0,"ocean_custom_logo_mobile_max_height":0,"ocean_header_custom_menu":"0","ocean_menu_typo_font_family":"0","ocean_menu_typo_font_subset":"","ocean_menu_typo_font_size":0,"ocean_menu_typo_font_size_tablet":0,"ocean_menu_typo_font_size_mobile":0,"ocean_menu_typo_font_size_unit":"px","ocean_menu_typo_font_weight":"","ocean_menu_typo_font_weight_tablet":"","ocean_menu_typo_font_weight_mobile":"","ocean_menu_typo_transform":"","ocean_menu_typo_transform_tablet":"","ocean_menu_typo_transform_mobile":"","ocean_menu_typo_line_height":0,"ocean_menu_typo_line_height_tablet":0,"ocean_menu_typo_line_height_mobile":0,"ocean_menu_typo_line_height_unit":"","ocean_menu_typo_spacing":0,"ocean_menu_typo_spacing_tablet":0,"ocean_menu_typo_spacing_mobile":0,"ocean_menu_typo_spacing_unit":"","ocean_menu_link_color":"","ocean_menu_link_color_hover":"","ocean_menu_link_color_active":"","ocean_menu_link_background":"","ocean_menu_link_hover_background":"","ocean_menu_link_active_background":"","ocean_menu_social_links_bg":"","ocean_menu_social_hover_links_bg":"","ocean_menu_social_links_color":"","ocean_menu_social_hover_links_color":"","ocean_disable_title":"default","ocean_disable_heading":"default","ocean_post_title":"","ocean_post_subheading":"","ocean_post_title_style":"","ocean_post_title_background_color":"","ocean_post_title_background":0,"ocean_post_title_bg_image_position":"","ocean_post_title_bg_image_attachment":"","ocean_post_title_bg_image_repeat":"","ocean_post_title_bg_image_size":"","ocean_post_title_height":0,"ocean_post_title_bg_overlay":0.5,"ocean_post_title_bg_overlay_color":"","ocean_disable_breadcrumbs":"default","ocean_breadcrumbs_color":"","ocean_breadcrumbs_separator_color":"","ocean_breadcrumbs_links_color":"","ocean_breadcrumbs_links_hover_color":"","ocean_display_footer_widgets":"default","ocean_display_footer_bottom":"default","ocean_custom_footer_template":"0"},"product_brand":[],"product_cat":[23],"product_tag":[],"class_list":{"0":"post-906","1":"product","2":"type-product","3":"status-publish","4":"has-post-thumbnail","6":"product_cat-buchete","8":"entry","9":"has-media","11":"first","12":"instock","13":"sale","14":"taxable","15":"shipping-taxable","16":"purchasable","17":"product-type-variable","18":"has-product-nav","19":"col","20":"span_1_of_3","21":"owp-content-center","22":"item-entry","23":"owp-thumbs-layout-horizontal","24":"owp-btn-normal","25":"owp-tabs-layout-horizontal"},"_links":{"self":[{"href":"https:\/\/araflowers.ro\/en\/wp-json\/wp\/v2\/product\/906","targetHints":{"allow":["GET"]}}],"collection":[{"href":"https:\/\/araflowers.ro\/en\/wp-json\/wp\/v2\/product"}],"about":[{"href":"https:\/\/araflowers.ro\/en\/wp-json\/wp\/v2\/types\/product"}],"wp:featuredmedia":[{"embeddable":true,"href":"https:\/\/araflowers.ro\/en\/wp-json\/wp\/v2\/media\/910"}],"wp:attachment":[{"href":"https:\/\/araflowers.ro\/en\/wp-json\/wp\/v2\/media?parent=906"}],"wp:term":[{"taxonomy":"product_brand","embeddable":true,"href":"https:\/\/araflowers.ro\/en\/wp-json\/wp\/v2\/product_brand?post=906"},{"taxonomy":"product_cat","embeddable":true,"href":"https:\/\/araflowers.ro\/en\/wp-json\/wp\/v2\/product_cat?post=906"},{"taxonomy":"product_tag","embeddable":true,"href":"https:\/\/araflowers.ro\/en\/wp-json\/wp\/v2\/product_tag?post=906"}],"curies":[{"name":"wp","href":"https:\/\/api.w.org\/{rel}","templated":true}]}}