{"id":901,"date":"2022-07-19T12:28:09","date_gmt":"2022-07-19T12:28:09","guid":{"rendered":"https:\/\/araflowers.ro\/?post_type=product&#038;p=901"},"modified":"2026-03-04T09:13:50","modified_gmt":"2026-03-04T09:13:50","slug":"buchet-hortensie-roz","status":"publish","type":"product","link":"https:\/\/araflowers.ro\/en\/product\/buchet-hortensie-roz\/","title":{"rendered":"Bouquet of PINK HYDRANGEA"},"content":{"rendered":"<h4 data-start=\"74\" data-end=\"142\">Specifica\u021bii Produs:<\/h4>\n<p>Dimensiuni:<\/p>\n<ul>\n<li>Small: 6 Hortensii &#8211; Ambalaj &#8211; Panglic\u0103 &#8211; Felicitare Cadou<\/li>\n<li>Medium: 11 Hortensii &#8211; Ambalaj &#8211; Panglic\u0103 &#8211; Felicitare Cadou<\/li>\n<li>Large: 23 Hortensii &#8211; Ambalaj &#8211; Panglic\u0103 &#8211; Felicitare Cadou<\/li>\n<\/ul>\n<p>Culoare: Roz<\/p>\n<p>Orice Comand\u0103 vine \u00eenso\u021bit\u0103 de felicitare CADOU cu mesajul ales de dumneavostr\u0103.<\/p>\n<h3 class=\"\" data-start=\"0\" data-end=\"67\"><strong data-start=\"4\" data-end=\"67\">Buchet HORTENSIE ROZ \u2013 Un simbol al iubirii \u0219i elegan\u021bei\u00a0<\/strong><\/h3>\n<p class=\"\" data-start=\"69\" data-end=\"346\"><strong data-start=\"69\" data-end=\"95\">Buchetul HORTENSIE ROZ<\/strong> este alegerea ideal\u0103 pentru momentele \u00een care vrei s\u0103 aduci o not\u0103 de rafinament \u0219i frumuse\u021be \u00een via\u021ba celor dragi. Cu petale delicate de un roz subtil, acest buchet emana feminitate, ging\u0103\u0219ie \u0219i elegan\u021b\u0103, fiind perfect pentru orice ocazie special\u0103.<\/p>\n<h3 class=\"\" data-start=\"348\" data-end=\"406\"><strong data-start=\"352\" data-end=\"404\">O floare elegant\u0103 pentru orice moment special<\/strong><\/h3>\n<p class=\"\" data-start=\"407\" data-end=\"749\">Fie c\u0103 este vorba despre o aniversare, un moment de recuno\u0219tin\u021b\u0103 sau pur \u0219i simplu o surpriz\u0103 frumoas\u0103, <strong data-start=\"511\" data-end=\"537\">Buchetul HORTENSIE ROZ<\/strong> va impresiona prin aspectul s\u0103u rafinat \u0219i culorile vibrante. Hortensia este o floare deosebit\u0103, simboliz\u00e2nd dragostea, prietenia \u0219i \u00een\u021belegerea, iar buchetul nostru este creat pentru a reflecta acelea\u0219i valori.<\/p>\n<h3 class=\"\" data-start=\"751\" data-end=\"796\"><strong data-start=\"755\" data-end=\"794\">\u00a0Felicitare personalizat\u0103 inclus\u0103<\/strong><\/h3>\n<p class=\"\" data-start=\"797\" data-end=\"1036\">Pentru a ad\u0103uga un plus de personalizare, <strong data-start=\"839\" data-end=\"887\">pre\u021bul produsului include o felicitare cadou<\/strong> pe care o vom scrie manual cu caligrafie, a\u0219a cum \u00ee\u021bi dore\u0219ti. Astfel, vei putea transmite un mesaj special celor dragi \u00eentr-un mod unic \u0219i elegant.<\/p>\n<h3 class=\"\" data-start=\"1038\" data-end=\"1082\"><strong data-start=\"1042\" data-end=\"1080\">Livrare gratuit\u0103 \u00een Cluj-Napoca<\/strong><\/h3>\n<p class=\"\" data-start=\"1083\" data-end=\"1288\">Beneficiaz\u0103 de <strong data-start=\"1098\" data-end=\"1118\">livrare gratuit\u0103<\/strong> \u00een Cluj-Napoca, asigur\u00e2ndu-te c\u0103 florile ajung \u00een cele mai bune condi\u021bii. Cu ajutorul curierilor proprii, ne asigur\u0103m c\u0103 fiecare buchet ajunge exact a\u0219a cum \u00ee\u021bi dore\u0219ti.<\/p>\n<h3 class=\"\" data-start=\"1290\" data-end=\"1341\"><strong data-start=\"1294\" data-end=\"1339\">\u00a0Livrare rapid\u0103 \u2013 \u00een aproximativ 3 ore!<\/strong><\/h3>\n<p class=\"\" data-start=\"1342\" data-end=\"1519\">Livrarea este rapid\u0103, iar florile vor ajunge <strong data-start=\"1387\" data-end=\"1411\">\u00een aproximativ 3 ore<\/strong> de la plasarea comenzii. Dac\u0103 plasarea comenzii se face dup\u0103 ora 17:00, livrarea va fi realizat\u0103 a doua zi.<\/p>","protected":false},"excerpt":{"rendered":"<p>Specifica\u021bii Produs: Dimensiuni: Small: 6 Hortensii &#8211; Ambalaj &#8211; Panglic\u0103 &#8211; Felicitare Cadou Medium: 11 Hortensii &#8211; Ambalaj &#8211; Panglic\u0103 &#8211; Felicitare Cadou Large: 23 Hortensii &#8211; Ambalaj &#8211; Panglic\u0103 &#8211; Felicitare Cadou Culoare: Roz Orice Comand\u0103 vine \u00eenso\u021bit\u0103 de felicitare CADOU cu mesajul ales de dumneavostr\u0103. Buchet HORTENSIE ROZ \u2013 Un simbol al iubirii [&hellip;]<\/p>","protected":false},"featured_media":905,"template":"","meta":{"ocean_post_layout":"full-screen","ocean_both_sidebars_style":"","ocean_both_sidebars_content_width":0,"ocean_both_sidebars_sidebars_width":0,"ocean_sidebar":"0","ocean_second_sidebar":"0","ocean_disable_margins":"enable","ocean_add_body_class":"","ocean_shortcode_before_top_bar":"","ocean_shortcode_after_top_bar":"","ocean_shortcode_before_header":"","ocean_shortcode_after_header":"","ocean_has_shortcode":"","ocean_shortcode_after_title":"","ocean_shortcode_before_footer_widgets":"","ocean_shortcode_after_footer_widgets":"","ocean_shortcode_before_footer_bottom":"","ocean_shortcode_after_footer_bottom":"","ocean_display_top_bar":"default","ocean_display_header":"default","ocean_header_style":"","ocean_center_header_left_menu":"0","ocean_custom_header_template":"0","ocean_custom_logo":0,"ocean_custom_retina_logo":0,"ocean_custom_logo_max_width":0,"ocean_custom_logo_tablet_max_width":0,"ocean_custom_logo_mobile_max_width":0,"ocean_custom_logo_max_height":0,"ocean_custom_logo_tablet_max_height":0,"ocean_custom_logo_mobile_max_height":0,"ocean_header_custom_menu":"0","ocean_menu_typo_font_family":"0","ocean_menu_typo_font_subset":"","ocean_menu_typo_font_size":0,"ocean_menu_typo_font_size_tablet":0,"ocean_menu_typo_font_size_mobile":0,"ocean_menu_typo_font_size_unit":"px","ocean_menu_typo_font_weight":"","ocean_menu_typo_font_weight_tablet":"","ocean_menu_typo_font_weight_mobile":"","ocean_menu_typo_transform":"","ocean_menu_typo_transform_tablet":"","ocean_menu_typo_transform_mobile":"","ocean_menu_typo_line_height":0,"ocean_menu_typo_line_height_tablet":0,"ocean_menu_typo_line_height_mobile":0,"ocean_menu_typo_line_height_unit":"","ocean_menu_typo_spacing":0,"ocean_menu_typo_spacing_tablet":0,"ocean_menu_typo_spacing_mobile":0,"ocean_menu_typo_spacing_unit":"","ocean_menu_link_color":"","ocean_menu_link_color_hover":"","ocean_menu_link_color_active":"","ocean_menu_link_background":"","ocean_menu_link_hover_background":"","ocean_menu_link_active_background":"","ocean_menu_social_links_bg":"","ocean_menu_social_hover_links_bg":"","ocean_menu_social_links_color":"","ocean_menu_social_hover_links_color":"","ocean_disable_title":"default","ocean_disable_heading":"default","ocean_post_title":"","ocean_post_subheading":"","ocean_post_title_style":"","ocean_post_title_background_color":"","ocean_post_title_background":0,"ocean_post_title_bg_image_position":"","ocean_post_title_bg_image_attachment":"","ocean_post_title_bg_image_repeat":"","ocean_post_title_bg_image_size":"","ocean_post_title_height":0,"ocean_post_title_bg_overlay":0.5,"ocean_post_title_bg_overlay_color":"","ocean_disable_breadcrumbs":"default","ocean_breadcrumbs_color":"","ocean_breadcrumbs_separator_color":"","ocean_breadcrumbs_links_color":"","ocean_breadcrumbs_links_hover_color":"","ocean_display_footer_widgets":"default","ocean_display_footer_bottom":"default","ocean_custom_footer_template":"0"},"product_brand":[],"product_cat":[187,23],"product_tag":[],"class_list":{"0":"post-901","1":"product","2":"type-product","3":"status-publish","4":"has-post-thumbnail","6":"product_cat-1-8-martie","7":"product_cat-buchete","9":"entry","10":"has-media","12":"first","13":"instock","14":"sale","15":"taxable","16":"shipping-taxable","17":"purchasable","18":"product-type-variable","19":"has-product-nav","20":"col","21":"span_1_of_3","22":"owp-content-center","23":"item-entry","24":"owp-thumbs-layout-horizontal","25":"owp-btn-normal","26":"owp-tabs-layout-horizontal","27":"has-no-thumbnails"},"_links":{"self":[{"href":"https:\/\/araflowers.ro\/en\/wp-json\/wp\/v2\/product\/901","targetHints":{"allow":["GET"]}}],"collection":[{"href":"https:\/\/araflowers.ro\/en\/wp-json\/wp\/v2\/product"}],"about":[{"href":"https:\/\/araflowers.ro\/en\/wp-json\/wp\/v2\/types\/product"}],"wp:featuredmedia":[{"embeddable":true,"href":"https:\/\/araflowers.ro\/en\/wp-json\/wp\/v2\/media\/905"}],"wp:attachment":[{"href":"https:\/\/araflowers.ro\/en\/wp-json\/wp\/v2\/media?parent=901"}],"wp:term":[{"taxonomy":"product_brand","embeddable":true,"href":"https:\/\/araflowers.ro\/en\/wp-json\/wp\/v2\/product_brand?post=901"},{"taxonomy":"product_cat","embeddable":true,"href":"https:\/\/araflowers.ro\/en\/wp-json\/wp\/v2\/product_cat?post=901"},{"taxonomy":"product_tag","embeddable":true,"href":"https:\/\/araflowers.ro\/en\/wp-json\/wp\/v2\/product_tag?post=901"}],"curies":[{"name":"wp","href":"https:\/\/api.w.org\/{rel}","templated":true}]}}