{"id":896,"date":"2022-07-19T12:27:41","date_gmt":"2022-07-19T12:27:41","guid":{"rendered":"https:\/\/araflowers.ro\/?post_type=product&#038;p=896"},"modified":"2026-03-04T09:14:47","modified_gmt":"2026-03-04T09:14:47","slug":"buchet-hortensie-albastra","status":"publish","type":"product","link":"https:\/\/araflowers.ro\/en\/product\/buchet-hortensie-albastra\/","title":{"rendered":"BLUE HYDRANGEA bouquet"},"content":{"rendered":"<h4 data-start=\"74\" data-end=\"142\">Specifica\u021bii Produs:<\/h4>\n<p>Dimensiuni:<\/p>\n<ul>\n<li>Small: 6 Hortensii &#8211; Ambalaj &#8211; Panglic\u0103 &#8211; Felicitare Cadou<\/li>\n<li>Medium: 11 Hortensii &#8211; Ambalaj &#8211; Panglic\u0103 &#8211; Felicitare Cadou<\/li>\n<li>Large: 23 Hortensii &#8211; Ambalaj &#8211; Panglic\u0103 &#8211; Felicitare Cadou<\/li>\n<\/ul>\n<p>Culoare: Albastru<\/p>\n<p>Orice Comand\u0103 vine \u00eenso\u021bit\u0103 de felicitare CADOU cu mesajul ales de dumneavostr\u0103.<\/p>\n<h3 class=\"\" data-start=\"0\" data-end=\"85\"><strong data-start=\"4\" data-end=\"85\">Buchet HORTENSIE ALBASTRA \u2013 Elegan\u021b\u0103 \u0219i rafinament \u00eentr-un buchet deosebit\u00a0<\/strong><\/h3>\n<p class=\"\" data-start=\"87\" data-end=\"444\"><strong data-start=\"87\" data-end=\"118\">Buchetul HORTENSIE ALBASTRA<\/strong> aduce o not\u0103 de elegan\u021b\u0103 \u0219i rafinament \u00een orice decor. Cu florile sale de un albastru profund \u0219i delicat, acest buchet este perfect pentru a transmite un mesaj de iubire, apreciere sau recuno\u0219tin\u021b\u0103. Ofer\u0103-i unui prieten, unei persoane dragi sau unei iubiri speciale un buchet care exprim\u0103 toat\u0103 frumuse\u021bea \u0219i armonia naturii.<\/p>\n<h3 class=\"\" data-start=\"446\" data-end=\"490\"><strong data-start=\"450\" data-end=\"490\">\u00a0Simbol al iubirii \u0219i al elegan\u021bei<\/strong><\/h3>\n<p class=\"\" data-start=\"491\" data-end=\"819\">Hortensia albastr\u0103 este o floare deosebit\u0103, care simbolizeaz\u0103 sinceritatea, dragostea profund\u0103 \u0219i prietenia. Fiecare petal\u0103 albastr\u0103 transmite un mesaj de iubire necondi\u021bionat\u0103 \u0219i frumuse\u021be atemporal\u0103, f\u0103c\u00e2ndu-l perfect pentru orice ocazie important\u0103 sau pentru a ad\u0103uga un strop de culoare \u0219i pozitivitate \u00een via\u021ba celor dragi.<\/p>\n<h3 class=\"\" data-start=\"821\" data-end=\"864\"><strong data-start=\"825\" data-end=\"864\">Felicitare personalizat\u0103 inclus\u0103<\/strong><\/h3>\n<p class=\"\" data-start=\"865\" data-end=\"1141\">\u00cen pre\u021bul produsului este inclus\u0103 \u0219i o <strong data-start=\"904\" data-end=\"924\">felicitare cadou<\/strong>, pe care o vom scrie manual cu caligrafie, astfel \u00eenc\u00e2t mesajul pe care vrei s\u0103-l transmi\u021bi s\u0103 fie cu adev\u0103rat special. Po\u021bi alege orice mesaj dore\u0219ti, iar noi ne vom asigura c\u0103 va ajunge exact a\u0219a cum l-ai imaginat.<\/p>\n<h3 class=\"\" data-start=\"1143\" data-end=\"1185\"><strong data-start=\"1147\" data-end=\"1185\">Livrare gratuit\u0103 \u00een Cluj-Napoca<\/strong><\/h3>\n<p class=\"\" data-start=\"1186\" data-end=\"1368\">Livrarea este gratuit\u0103 \u00een Cluj-Napoca! Ne asigur\u0103m c\u0103 florile vor ajunge la destina\u021bie \u00een perfect\u0103 stare, datorit\u0103 curierilor proprii care au grij\u0103 ca fiecare detaliu s\u0103 fie perfect.<\/p>\n<h3 class=\"\" data-start=\"1370\" data-end=\"1415\"><strong data-start=\"1374\" data-end=\"1415\">Livrare rapid\u0103 \u2013 aproximativ 3 ore<\/strong><\/h3>\n<p class=\"\" data-start=\"1416\" data-end=\"1601\">Comenzile sunt livrate rapid, \u00een aproximativ <strong data-start=\"1461\" data-end=\"1470\">3 ore<\/strong> de la plasarea comenzii, iar pentru comenzi plasate dup\u0103 ora 17:00, livrarea se va face a doua zi. Este simplu, rapid \u0219i eficient!<\/p>","protected":false},"excerpt":{"rendered":"<p>Specifica\u021bii Produs: Dimensiuni: Small: 6 Hortensii &#8211; Ambalaj &#8211; Panglic\u0103 &#8211; Felicitare Cadou Medium: 11 Hortensii &#8211; Ambalaj &#8211; Panglic\u0103 &#8211; Felicitare Cadou Large: 23 Hortensii &#8211; Ambalaj &#8211; Panglic\u0103 &#8211; Felicitare Cadou Culoare: Albastru Orice Comand\u0103 vine \u00eenso\u021bit\u0103 de felicitare CADOU cu mesajul ales de dumneavostr\u0103. Buchet HORTENSIE ALBASTRA \u2013 Elegan\u021b\u0103 \u0219i rafinament \u00eentr-un [&hellip;]<\/p>","protected":false},"featured_media":900,"template":"","meta":{"ocean_post_layout":"full-screen","ocean_both_sidebars_style":"","ocean_both_sidebars_content_width":0,"ocean_both_sidebars_sidebars_width":0,"ocean_sidebar":"0","ocean_second_sidebar":"0","ocean_disable_margins":"enable","ocean_add_body_class":"","ocean_shortcode_before_top_bar":"","ocean_shortcode_after_top_bar":"","ocean_shortcode_before_header":"","ocean_shortcode_after_header":"","ocean_has_shortcode":"","ocean_shortcode_after_title":"","ocean_shortcode_before_footer_widgets":"","ocean_shortcode_after_footer_widgets":"","ocean_shortcode_before_footer_bottom":"","ocean_shortcode_after_footer_bottom":"","ocean_display_top_bar":"default","ocean_display_header":"default","ocean_header_style":"","ocean_center_header_left_menu":"0","ocean_custom_header_template":"0","ocean_custom_logo":0,"ocean_custom_retina_logo":0,"ocean_custom_logo_max_width":0,"ocean_custom_logo_tablet_max_width":0,"ocean_custom_logo_mobile_max_width":0,"ocean_custom_logo_max_height":0,"ocean_custom_logo_tablet_max_height":0,"ocean_custom_logo_mobile_max_height":0,"ocean_header_custom_menu":"0","ocean_menu_typo_font_family":"0","ocean_menu_typo_font_subset":"","ocean_menu_typo_font_size":0,"ocean_menu_typo_font_size_tablet":0,"ocean_menu_typo_font_size_mobile":0,"ocean_menu_typo_font_size_unit":"px","ocean_menu_typo_font_weight":"","ocean_menu_typo_font_weight_tablet":"","ocean_menu_typo_font_weight_mobile":"","ocean_menu_typo_transform":"","ocean_menu_typo_transform_tablet":"","ocean_menu_typo_transform_mobile":"","ocean_menu_typo_line_height":0,"ocean_menu_typo_line_height_tablet":0,"ocean_menu_typo_line_height_mobile":0,"ocean_menu_typo_line_height_unit":"","ocean_menu_typo_spacing":0,"ocean_menu_typo_spacing_tablet":0,"ocean_menu_typo_spacing_mobile":0,"ocean_menu_typo_spacing_unit":"","ocean_menu_link_color":"","ocean_menu_link_color_hover":"","ocean_menu_link_color_active":"","ocean_menu_link_background":"","ocean_menu_link_hover_background":"","ocean_menu_link_active_background":"","ocean_menu_social_links_bg":"","ocean_menu_social_hover_links_bg":"","ocean_menu_social_links_color":"","ocean_menu_social_hover_links_color":"","ocean_disable_title":"default","ocean_disable_heading":"default","ocean_post_title":"","ocean_post_subheading":"","ocean_post_title_style":"","ocean_post_title_background_color":"","ocean_post_title_background":0,"ocean_post_title_bg_image_position":"","ocean_post_title_bg_image_attachment":"","ocean_post_title_bg_image_repeat":"","ocean_post_title_bg_image_size":"","ocean_post_title_height":0,"ocean_post_title_bg_overlay":0.5,"ocean_post_title_bg_overlay_color":"","ocean_disable_breadcrumbs":"default","ocean_breadcrumbs_color":"","ocean_breadcrumbs_separator_color":"","ocean_breadcrumbs_links_color":"","ocean_breadcrumbs_links_hover_color":"","ocean_display_footer_widgets":"default","ocean_display_footer_bottom":"default","ocean_custom_footer_template":"0"},"product_brand":[],"product_cat":[187,23],"product_tag":[],"class_list":{"0":"post-896","1":"product","2":"type-product","3":"status-publish","4":"has-post-thumbnail","6":"product_cat-1-8-martie","7":"product_cat-buchete","9":"entry","10":"has-media","12":"first","13":"instock","14":"sale","15":"taxable","16":"shipping-taxable","17":"purchasable","18":"product-type-variable","19":"has-product-nav","20":"col","21":"span_1_of_3","22":"owp-content-center","23":"item-entry","24":"owp-thumbs-layout-horizontal","25":"owp-btn-normal","26":"owp-tabs-layout-horizontal","27":"has-no-thumbnails"},"_links":{"self":[{"href":"https:\/\/araflowers.ro\/en\/wp-json\/wp\/v2\/product\/896","targetHints":{"allow":["GET"]}}],"collection":[{"href":"https:\/\/araflowers.ro\/en\/wp-json\/wp\/v2\/product"}],"about":[{"href":"https:\/\/araflowers.ro\/en\/wp-json\/wp\/v2\/types\/product"}],"wp:featuredmedia":[{"embeddable":true,"href":"https:\/\/araflowers.ro\/en\/wp-json\/wp\/v2\/media\/900"}],"wp:attachment":[{"href":"https:\/\/araflowers.ro\/en\/wp-json\/wp\/v2\/media?parent=896"}],"wp:term":[{"taxonomy":"product_brand","embeddable":true,"href":"https:\/\/araflowers.ro\/en\/wp-json\/wp\/v2\/product_brand?post=896"},{"taxonomy":"product_cat","embeddable":true,"href":"https:\/\/araflowers.ro\/en\/wp-json\/wp\/v2\/product_cat?post=896"},{"taxonomy":"product_tag","embeddable":true,"href":"https:\/\/araflowers.ro\/en\/wp-json\/wp\/v2\/product_tag?post=896"}],"curies":[{"name":"wp","href":"https:\/\/api.w.org\/{rel}","templated":true}]}}