{"id":891,"date":"2022-07-19T12:26:44","date_gmt":"2022-07-19T12:26:44","guid":{"rendered":"https:\/\/araflowers.ro\/?post_type=product&#038;p=891"},"modified":"2026-03-04T09:17:02","modified_gmt":"2026-03-04T09:17:02","slug":"buchet-hortensie-alba","status":"publish","type":"product","link":"https:\/\/araflowers.ro\/en\/product\/buchet-hortensie-alba\/","title":{"rendered":"WHITE HYDRANGEA bouquet"},"content":{"rendered":"<h4 data-start=\"74\" data-end=\"142\">Specifica\u021bii Produs:<\/h4>\n<p>Dimensiuni:<\/p>\n<ul>\n<li>Small: 6 Hortensii &#8211; Ambalaj &#8211; Panglic\u0103 &#8211; Felicitare Cadou<\/li>\n<li>Medium: 11 Hortensii &#8211; Ambalaj &#8211; Panglic\u0103 &#8211; Felicitare Cadou<\/li>\n<li>Large: 23 Hortensii &#8211; Ambalaj &#8211; Panglic\u0103 &#8211; Felicitare Cadou<\/li>\n<\/ul>\n<p>Culoare: Alb<\/p>\n<p>Orice Comand\u0103 vine \u00eenso\u021bit\u0103 de felicitare CADOU cu mesajul ales de dumneavostr\u0103.<\/p>\n<h3 class=\"\" data-start=\"0\" data-end=\"70\"><strong data-start=\"4\" data-end=\"70\">Buchet HORTENSIE ALBA \u2013 Elegan\u021b\u0103 pur\u0103 \u0219i frumuse\u021be delicat\u0103\u00a0<\/strong><\/h3>\n<p class=\"\" data-start=\"72\" data-end=\"422\"><strong data-start=\"72\" data-end=\"99\">Buchetul HORTENSIE ALBA<\/strong> aduce un aer de rafinament \u0219i delicate\u021be, perfect pentru orice ocazie special\u0103. Cu florile sale albe, aceast\u0103 hortensie simbolizeaz\u0103 puritatea, iubirea sincer\u0103 \u0219i prietenia adev\u0103rat\u0103. Este alegerea ideal\u0103 pentru a exprima sentimentele cele mai ad\u00e2nci, fie c\u0103 e vorba de o aniversare, o s\u0103rb\u0103toare sau un gest de apreciere.<\/p>\n<h3 class=\"\" data-start=\"424\" data-end=\"476\"><strong data-start=\"428\" data-end=\"476\">Simbol al purit\u0103\u021bii \u0219i al iubirii sincere<\/strong><\/h3>\n<p class=\"\" data-start=\"477\" data-end=\"716\">Hortensia alb\u0103 este cunoscut\u0103 pentru frumuse\u021bea sa subtil\u0103 \u0219i elegan\u021ba des\u0103v\u00e2r\u0219it\u0103. Aceast\u0103 floare este asociat\u0103 cu sentimente de iubire curat\u0103, pace \u0219i armonie, f\u0103c\u00e2ndu-l un cadou perfect pentru o persoan\u0103 drag\u0103 sau un eveniment deosebit.<\/p>\n<h3 class=\"\" data-start=\"718\" data-end=\"761\"><strong data-start=\"722\" data-end=\"761\">Felicitare personalizat\u0103 inclus\u0103<\/strong><\/h3>\n<p class=\"\" data-start=\"762\" data-end=\"1024\">Pre\u021bul produsului include o <strong data-start=\"790\" data-end=\"810\">felicitare cadou<\/strong>, pe care o vom scrie caligrafic cu un mesaj personalizat ales de tine. Indiferent de cuvintele pe care dore\u0219ti s\u0103 le transmiti, noi ne vom asigura c\u0103 vor ajunge la destinatar \u00eentr-un mod elegant \u0219i cu mult\u0103 grij\u0103.<\/p>\n<h3 class=\"\" data-start=\"1026\" data-end=\"1068\"><strong data-start=\"1030\" data-end=\"1068\">Livrare gratuit\u0103 \u00een Cluj-Napoca<\/strong><\/h3>\n<p class=\"\" data-start=\"1069\" data-end=\"1294\">\u00cen plus, livrarea este <strong data-start=\"1092\" data-end=\"1119\">gratuit\u0103 \u00een Cluj-Napoca<\/strong>, iar florile sunt transportate prin curieri proprii pentru a ajunge \u00eentr-o stare impecabil\u0103. Astfel, po\u021bi fi sigur c\u0103 florile tale vor ajunge la destina\u021bie \u00een perfect\u0103 stare.<\/p>\n<h3 class=\"\" data-start=\"1296\" data-end=\"1340\"><strong data-start=\"1300\" data-end=\"1340\">Livrare rapid\u0103 \u2013 aproximativ 3 ore<\/strong><\/h3>\n<p class=\"\" data-start=\"1341\" data-end=\"1482\">Timpul de livrare pentru acest buchet este de aproximativ <strong data-start=\"1399\" data-end=\"1408\">3 ore<\/strong>. Dac\u0103 plasezi comanda dup\u0103 ora 17:00, livrarea va fi realizat\u0103 a doua zi.<\/p>","protected":false},"excerpt":{"rendered":"<p>Specifica\u021bii Produs: Dimensiuni: Small: 6 Hortensii &#8211; Ambalaj &#8211; Panglic\u0103 &#8211; Felicitare Cadou Medium: 11 Hortensii &#8211; Ambalaj &#8211; Panglic\u0103 &#8211; Felicitare Cadou Large: 23 Hortensii &#8211; Ambalaj &#8211; Panglic\u0103 &#8211; Felicitare Cadou Culoare: Alb Orice Comand\u0103 vine \u00eenso\u021bit\u0103 de felicitare CADOU cu mesajul ales de dumneavostr\u0103. Buchet HORTENSIE ALBA \u2013 Elegan\u021b\u0103 pur\u0103 \u0219i frumuse\u021be [&hellip;]<\/p>","protected":false},"featured_media":895,"template":"","meta":{"ocean_post_layout":"full-screen","ocean_both_sidebars_style":"","ocean_both_sidebars_content_width":0,"ocean_both_sidebars_sidebars_width":0,"ocean_sidebar":"0","ocean_second_sidebar":"0","ocean_disable_margins":"enable","ocean_add_body_class":"","ocean_shortcode_before_top_bar":"","ocean_shortcode_after_top_bar":"","ocean_shortcode_before_header":"","ocean_shortcode_after_header":"","ocean_has_shortcode":"","ocean_shortcode_after_title":"","ocean_shortcode_before_footer_widgets":"","ocean_shortcode_after_footer_widgets":"","ocean_shortcode_before_footer_bottom":"","ocean_shortcode_after_footer_bottom":"","ocean_display_top_bar":"default","ocean_display_header":"default","ocean_header_style":"","ocean_center_header_left_menu":"0","ocean_custom_header_template":"0","ocean_custom_logo":0,"ocean_custom_retina_logo":0,"ocean_custom_logo_max_width":0,"ocean_custom_logo_tablet_max_width":0,"ocean_custom_logo_mobile_max_width":0,"ocean_custom_logo_max_height":0,"ocean_custom_logo_tablet_max_height":0,"ocean_custom_logo_mobile_max_height":0,"ocean_header_custom_menu":"0","ocean_menu_typo_font_family":"0","ocean_menu_typo_font_subset":"","ocean_menu_typo_font_size":0,"ocean_menu_typo_font_size_tablet":0,"ocean_menu_typo_font_size_mobile":0,"ocean_menu_typo_font_size_unit":"px","ocean_menu_typo_font_weight":"","ocean_menu_typo_font_weight_tablet":"","ocean_menu_typo_font_weight_mobile":"","ocean_menu_typo_transform":"","ocean_menu_typo_transform_tablet":"","ocean_menu_typo_transform_mobile":"","ocean_menu_typo_line_height":0,"ocean_menu_typo_line_height_tablet":0,"ocean_menu_typo_line_height_mobile":0,"ocean_menu_typo_line_height_unit":"","ocean_menu_typo_spacing":0,"ocean_menu_typo_spacing_tablet":0,"ocean_menu_typo_spacing_mobile":0,"ocean_menu_typo_spacing_unit":"","ocean_menu_link_color":"","ocean_menu_link_color_hover":"","ocean_menu_link_color_active":"","ocean_menu_link_background":"","ocean_menu_link_hover_background":"","ocean_menu_link_active_background":"","ocean_menu_social_links_bg":"","ocean_menu_social_hover_links_bg":"","ocean_menu_social_links_color":"","ocean_menu_social_hover_links_color":"","ocean_disable_title":"default","ocean_disable_heading":"default","ocean_post_title":"","ocean_post_subheading":"","ocean_post_title_style":"","ocean_post_title_background_color":"","ocean_post_title_background":0,"ocean_post_title_bg_image_position":"","ocean_post_title_bg_image_attachment":"","ocean_post_title_bg_image_repeat":"","ocean_post_title_bg_image_size":"","ocean_post_title_height":0,"ocean_post_title_bg_overlay":0.5,"ocean_post_title_bg_overlay_color":"","ocean_disable_breadcrumbs":"default","ocean_breadcrumbs_color":"","ocean_breadcrumbs_separator_color":"","ocean_breadcrumbs_links_color":"","ocean_breadcrumbs_links_hover_color":"","ocean_display_footer_widgets":"default","ocean_display_footer_bottom":"default","ocean_custom_footer_template":"0"},"product_brand":[],"product_cat":[187,23],"product_tag":[],"class_list":{"0":"post-891","1":"product","2":"type-product","3":"status-publish","4":"has-post-thumbnail","6":"product_cat-1-8-martie","7":"product_cat-buchete","9":"entry","10":"has-media","12":"first","13":"instock","14":"sale","15":"taxable","16":"shipping-taxable","17":"purchasable","18":"product-type-variable","19":"has-product-nav","20":"col","21":"span_1_of_3","22":"owp-content-center","23":"item-entry","24":"owp-thumbs-layout-horizontal","25":"owp-btn-normal","26":"owp-tabs-layout-horizontal","27":"has-no-thumbnails"},"_links":{"self":[{"href":"https:\/\/araflowers.ro\/en\/wp-json\/wp\/v2\/product\/891","targetHints":{"allow":["GET"]}}],"collection":[{"href":"https:\/\/araflowers.ro\/en\/wp-json\/wp\/v2\/product"}],"about":[{"href":"https:\/\/araflowers.ro\/en\/wp-json\/wp\/v2\/types\/product"}],"wp:featuredmedia":[{"embeddable":true,"href":"https:\/\/araflowers.ro\/en\/wp-json\/wp\/v2\/media\/895"}],"wp:attachment":[{"href":"https:\/\/araflowers.ro\/en\/wp-json\/wp\/v2\/media?parent=891"}],"wp:term":[{"taxonomy":"product_brand","embeddable":true,"href":"https:\/\/araflowers.ro\/en\/wp-json\/wp\/v2\/product_brand?post=891"},{"taxonomy":"product_cat","embeddable":true,"href":"https:\/\/araflowers.ro\/en\/wp-json\/wp\/v2\/product_cat?post=891"},{"taxonomy":"product_tag","embeddable":true,"href":"https:\/\/araflowers.ro\/en\/wp-json\/wp\/v2\/product_tag?post=891"}],"curies":[{"name":"wp","href":"https:\/\/api.w.org\/{rel}","templated":true}]}}