{"id":885,"date":"2022-07-19T12:24:43","date_gmt":"2022-07-19T12:24:43","guid":{"rendered":"https:\/\/araflowers.ro\/?post_type=product&#038;p=885"},"modified":"2026-02-19T14:27:11","modified_gmt":"2026-02-19T14:27:11","slug":"buchet-flori-de-camp","status":"publish","type":"product","link":"https:\/\/araflowers.ro\/en\/product\/buchet-flori-de-camp\/","title":{"rendered":"Bouquet of FIELD FLOWERS"},"content":{"rendered":"<h3 class=\"\" data-start=\"0\" data-end=\"67\"><strong data-start=\"4\" data-end=\"67\">Buchet FLORI DE CAMP \u2013 Frumuse\u021be natural\u0103 \u0219i autentic\u0103 \ud83c\udf3c\ud83c\udf38<\/strong><\/h3>\n<p class=\"\" data-start=\"69\" data-end=\"354\"><strong data-start=\"69\" data-end=\"95\">Buchetul FLORI DE CAMP<\/strong> este un omagiu adus naturii \u0219i frumuse\u021bii sale pure. Acest buchet vibrant, plin de flori de c\u00e2mp colorate, aduce un strop de prospe\u021bime \u0219i naturale\u021be \u00een orice \u00eenc\u0103pere. Este alegerea perfect\u0103 pentru cei care iubesc simplitatea \u0219i farmecul florilor s\u0103lbatice.<\/p>\n<h3 class=\"\" data-start=\"356\" data-end=\"429\"><strong data-start=\"360\" data-end=\"429\">\ud83c\udf38 Flori de c\u00e2mp \u2013 un simbol al libert\u0103\u021bii \u0219i frumuse\u021bii naturale<\/strong><\/h3>\n<p class=\"\" data-start=\"430\" data-end=\"650\">Acest buchet este format dintr-o combina\u021bie de flori de c\u00e2mp diverse, ce aduc un aer proasp\u0103t \u0219i s\u0103lbatic. Fiecare floare are propriul s\u0103u farmec, iar \u00eempreun\u0103 formeaz\u0103 o capodoper\u0103 natural\u0103, plin\u0103 de culoare \u0219i energie.<\/p>\n<h3 class=\"\" data-start=\"652\" data-end=\"695\"><strong data-start=\"656\" data-end=\"695\">\ud83d\udc90 Felicitare personalizat\u0103 inclus\u0103<\/strong><\/h3>\n<p class=\"\" data-start=\"696\" data-end=\"918\">La achizi\u021bionarea acestui buchet, \u00ee\u021bi oferim <strong data-start=\"741\" data-end=\"763\">o felicitare cadou<\/strong>, pe care o vom personaliza cu mesajul ales de tine. Vom scrie cu grij\u0103 \u0219i elegan\u021b\u0103 un mesaj caligrafic pentru a ad\u0103uga un plus de rafinament gestului t\u0103u.<\/p>\n<h3 class=\"\" data-start=\"920\" data-end=\"962\"><strong data-start=\"924\" data-end=\"962\">\ud83d\ude9a Livrare gratuit\u0103 \u00een Cluj-Napoca<\/strong><\/h3>\n<p class=\"\" data-start=\"963\" data-end=\"1210\">Serviciul nostru de livrare este <strong data-start=\"996\" data-end=\"1022\">gratuit \u00een Cluj-Napoca<\/strong>, iar florile sunt transportate prin curieri proprii pentru a ajunge \u00eentr-o stare perfect\u0103 la destinatar. Astfel, po\u021bi fi sigur c\u0103 florile vor ajunge la destina\u021bie \u00eentr-o form\u0103 impecabil\u0103.<\/p>\n<h3 class=\"\" data-start=\"1212\" data-end=\"1256\"><strong data-start=\"1216\" data-end=\"1256\">\u23f1 Livrare rapid\u0103 \u2013 aproximativ 3 ore<\/strong><\/h3>\n<p class=\"\" data-start=\"1257\" data-end=\"1439\">Livrarea acestui buchet se realizeaz\u0103 \u00eentr-un interval de <strong data-start=\"1315\" data-end=\"1336\">aproximativ 3 ore<\/strong> de la plasarea comenzii. Dac\u0103 comanda este plasat\u0103 dup\u0103 ora 17:00, livrarea va fi efectuat\u0103 a doua zi.<\/p>\n<p class=\"\" data-start=\"1441\" data-end=\"1590\">\ud83d\udd17 <strong data-start=\"1444\" data-end=\"1461\">Comand\u0103 acum:<\/strong><br data-start=\"1461\" data-end=\"1464\" \/>\u27a1\ufe0f <a class=\"\" href=\"https:\/\/araflowers.ro\/en\/\" target=\"_new\" rel=\"noopener\" data-start=\"1467\" data-end=\"1515\">Website: araflowers.ro<\/a><br data-start=\"1515\" data-end=\"1518\" \/>\u27a1\ufe0f <a class=\"\" href=\"https:\/\/www.instagram.com\/araflowers.ro\/\" target=\"_new\" rel=\"noopener\" data-start=\"1521\" data-end=\"1590\">Instagram: @araflowers.ro<\/a><\/p>","protected":false},"excerpt":{"rendered":"<h3 class=\"\" data-start=\"0\" data-end=\"73\"><strong data-start=\"4\" data-end=\"73\">Buchet FLORI DE CAMP \u2013 \u00cembr\u0103\u021bi\u0219eaz\u0103 Frumuse\u021bea Naturii \u00een Casa Ta<\/strong><\/h3>\n<h4 class=\"\" data-start=\"75\" data-end=\"122\"><strong data-start=\"80\" data-end=\"122\">\ud83c\udf3c Descrierea Buchetului FLORI DE CAMP<\/strong><\/h4>\n<p class=\"\" data-start=\"124\" data-end=\"589\"><strong data-start=\"124\" data-end=\"150\">Buchetul FLORI DE CAMP<\/strong> este o alegere natural\u0103 \u0219i delicat\u0103 pentru orice ocazie special\u0103. Cu flori de c\u00e2mp proaspete, \u00eenso\u021bite de verdea\u021b\u0103 atent aleas\u0103, acest buchet aduce un aer de libertate \u0219i prospe\u021bime, perfect pentru a ad\u0103uga un strop de natur\u0103 \u00een casa ta. Flori de c\u00e2mp sunt adesea asociate cu prim\u0103vara, cu zilele calde de var\u0103 \u0219i cu peisajele idilice ale c\u00e2mpurilor. Buchetul \u00ee\u021bi va aduce un pic din magia acestor momente frumoase, indiferent de anotimp.<\/p>\n<p class=\"\" data-start=\"591\" data-end=\"872\">Acest buchet este disponibil \u00een m\u0103rimea <strong data-start=\"631\" data-end=\"644\">Mediu (M)<\/strong> \u0219i poate fi un cadou minunat pentru orice eveniment sau chiar pentru a \u00eenfrumuse\u021ba spa\u021biul personal. Este perfect pentru iubitorii de natur\u0103 \u0219i pentru aceia care apreciaz\u0103 frumuse\u021bea simpl\u0103 \u0219i nepreten\u021bioas\u0103 a florilor de c\u00e2mp.<\/p>\n<h3 class=\"\" data-start=\"874\" data-end=\"919\"><strong data-start=\"878\" data-end=\"919\">\ud83c\udf38 Ce Con\u021bine Buchetul FLORI DE CAMP?<\/strong><\/h3>\n<p class=\"\" data-start=\"921\" data-end=\"1315\"><strong data-start=\"921\" data-end=\"947\">Buchetul FLORI DE CAMP<\/strong> este realizat dintr-o selec\u021bie de flori de c\u00e2mp atent alese, care includ o varietate de plante \u0219i flori, fiecare cu farmecul s\u0103u unic. Florile de c\u00e2mp sunt apreciate pentru culorile lor vii \u0219i naturale, care reflect\u0103 frumuse\u021bea natural\u0103 a sezonului estival. Aceste flori sunt completate cu verdea\u021b\u0103 \u0219i alte materiale naturale, care adaug\u0103 volum \u0219i armonie buchetului.<\/p>\n<p class=\"\" data-start=\"1317\" data-end=\"1544\">Acest buchet nu doar c\u0103 aduce un strop de culoare \u0219i via\u021b\u0103, dar \u0219i un parfum natural care evoc\u0103 libertatea \u0219i lini\u0219tea c\u00e2mpurilor \u00eenflorite. Este un cadou care va \u00eenc\u00e2nta sim\u021burile \u0219i va aduce o stare de bine oric\u0103rei persoane.<\/p>\n<h3 class=\"\" data-start=\"1546\" data-end=\"1617\"><strong data-start=\"1550\" data-end=\"1617\">\ud83c\udf37 Cum se Potrive\u0219te Buchetul FLORI DE CAMP cu Diferite Ocazii?<\/strong><\/h3>\n<p class=\"\" data-start=\"1619\" data-end=\"1920\"><strong data-start=\"1619\" data-end=\"1645\">Buchetul FLORI DE CAMP<\/strong> este ideal pentru o varietate de ocazii, de la anivers\u0103ri \u0219i zile de na\u0219tere, p\u00e2n\u0103 la evenimente deosebite, petreceri \u0219i evenimente speciale. Florile de c\u00e2mp sunt perfecte pentru a celebra frumuse\u021bea naturii \u0219i pentru a ad\u0103uga un aer proasp\u0103t \u0219i plin de via\u021b\u0103 oric\u0103rei zile.<\/p>\n<h4 class=\"\" data-start=\"1922\" data-end=\"1979\"><strong data-start=\"1927\" data-end=\"1979\">\ud83c\udf3c Cadou de Aniversar pentru iubit\u0103 sau prieteni<\/strong><\/h4>\n<p class=\"\" data-start=\"1981\" data-end=\"2259\"><strong data-start=\"1981\" data-end=\"2007\">Buchetul FLORI DE CAMP<\/strong> este un cadou minunat pentru iubita ta sau pentru un prieten drag. Cu florile sale naturale \u0219i pline de via\u021b\u0103, acest buchet simbolizeaz\u0103 dragostea, libertatea \u0219i naturale\u021bea, f\u0103c\u00e2ndu-l ideal pentru a exprima afec\u021biunea \u00eentr-un mod simplu, dar elegant.<\/p>\n<h4 class=\"\" data-start=\"2261\" data-end=\"2309\"><strong data-start=\"2266\" data-end=\"2309\">\ud83c\udf3c Cadou pentru 8 Martie sau Ziua Mamei<\/strong><\/h4>\n<p class=\"\" data-start=\"2311\" data-end=\"2635\"><strong data-start=\"2311\" data-end=\"2337\">Buchetul FLORI DE CAMP<\/strong> poate fi un cadou perfect pentru <strong data-start=\"2371\" data-end=\"2385\">Ziua Mamei<\/strong> sau <strong data-start=\"2390\" data-end=\"2402\">8 Martie<\/strong>, un gest simplu \u0219i delicat prin care po\u021bi ar\u0103ta recuno\u0219tin\u021ba \u0219i aprecierea ta pentru o femeie special\u0103 din via\u021ba ta. Flori de c\u00e2mp, cu culorile lor vii \u0219i parfumurile pl\u0103cute, vor aduce o bucurie imens\u0103 mamei tale sau femeii iubite.<\/p>\n<h4 class=\"\" data-start=\"2637\" data-end=\"2681\"><strong data-start=\"2642\" data-end=\"2681\">\ud83c\udf3c Petreceri \u0219i Evenimente Speciale<\/strong><\/h4>\n<p class=\"\" data-start=\"2683\" data-end=\"2980\">Indiferent c\u0103 vorbim despre o petrecere de var\u0103, o \u00eent\u00e2lnire casual sau un alt eveniment special, <strong data-start=\"2781\" data-end=\"2807\">Buchetul FLORI DE CAMP<\/strong> este ideal pentru a ad\u0103uga un strop de culoare \u0219i naturale\u021be decorului. Aceste flori, cu farmecul lor simplu, vor \u00eenfrumuse\u021ba orice spa\u021biu \u0219i vor atrage priviri admirative.<\/p>\n<h4 class=\"\" data-start=\"2982\" data-end=\"3021\"><strong data-start=\"2987\" data-end=\"3021\">\ud83c\udf3c Cadou pentru Cas\u0103 sau Birou<\/strong><\/h4>\n<p class=\"\" data-start=\"3023\" data-end=\"3323\"><strong data-start=\"3023\" data-end=\"3049\">Buchetul FLORI DE CAMP<\/strong> poate fi folosit pentru a \u00eenfrumuse\u021ba orice \u00eenc\u0103pere, fie c\u0103 este vorba de casa ta, de biroul unui prieten sau de orice alt spa\u021biu care are nevoie de un strop de prospe\u021bime. Florile de c\u00e2mp au darul de a aduce lini\u0219te \u0219i relaxare, cre\u00e2nd o atmosfer\u0103 pl\u0103cut\u0103 \u0219i revigorant\u0103.<\/p>\n<h3 class=\"\" data-start=\"3325\" data-end=\"3374\"><strong data-start=\"3329\" data-end=\"3374\">\ud83c\udf38 De Ce s\u0103 Alegi Buchetul FLORI DE CAMP?<\/strong><\/h3>\n<p class=\"\" data-start=\"3376\" data-end=\"3780\">Alegerea <strong data-start=\"3385\" data-end=\"3413\">Buchetului FLORI DE CAMP<\/strong> \u00eenseamn\u0103 a opta pentru un cadou simplu, dar elegant, care reflect\u0103 frumuse\u021bea natural\u0103 a c\u00e2mpurilor \u0219i a naturii. Flori de c\u00e2mp sunt flori nepreten\u021bioase \u0219i delicate, care transmit un mesaj sincer \u0219i pur, f\u0103r\u0103 a necesita o prea mare \u00eentre\u021binere sau \u00eengrijire. Aceste flori sunt perfecte pentru oricine iube\u0219te natura \u0219i apreciaz\u0103 frumuse\u021bea \u00een forma ei cea mai pur\u0103.<\/p>\n<p class=\"\" data-start=\"3782\" data-end=\"4042\">\u00cen plus, <strong data-start=\"3791\" data-end=\"3817\">Buchetul FLORI DE CAMP<\/strong> poate fi un cadou accesibil pentru toate bugetele, oferind totodat\u0103 o mare valoare estetic\u0103 \u0219i emo\u021bional\u0103. Este cadoul ideal pentru a exprima sentimentele de dragoste, recuno\u0219tin\u021b\u0103 \u0219i apreciere \u00eentr-un mod simplu \u0219i natural.<\/p>\n<h3 class=\"\" data-start=\"4044\" data-end=\"4081\"><strong data-start=\"4048\" data-end=\"4081\">\ud83d\ude9a Livrare Rapid\u0103 \u0219i Gratuit\u0103<\/strong><\/h3>\n<p class=\"\" data-start=\"4083\" data-end=\"4424\"><strong data-start=\"4083\" data-end=\"4109\">Buchetul FLORI DE CAMP<\/strong> beneficiaz\u0103 de livrare rapid\u0103 \u0219i gratuit\u0103 \u00een Cluj-Napoca \u0219i \u00een alte loca\u021bii, pentru ca tu s\u0103 te bucuri de florile tale \u00een cel mai scurt timp. Fie c\u0103 optezi pentru livrarea la domiciliu sau vrei s\u0103 oferi cadoul direct unei persoane dragi, ne asigur\u0103m c\u0103 fiecare buchet va ajunge la destina\u021bie \u00eentr-o stare perfect\u0103.<\/p>\n<h3 class=\"\" data-start=\"4426\" data-end=\"4477\"><strong data-start=\"4430\" data-end=\"4477\">\ud83d\udcbb Cum Po\u021bi Comanda Buchetul FLORI DE CAMP?<\/strong><\/h3>\n<p class=\"\" data-start=\"4479\" data-end=\"4654\">Comanda <strong data-start=\"4487\" data-end=\"4515\">Buchetului FLORI DE CAMP<\/strong> este simpl\u0103 \u0219i rapid\u0103! Po\u021bi achizi\u021biona acest buchet deosebit fie prin intermediul Instagram-ului nostru, fie direct de pe site-ul nostru.<\/p>\n<ul data-start=\"4656\" data-end=\"4788\">\n<li class=\"\" data-start=\"4656\" data-end=\"4732\">\n<p class=\"\" data-start=\"4658\" data-end=\"4732\"><a class=\"\" href=\"https:\/\/www.instagram.com\/araflowers.ro\/\" target=\"_new\" rel=\"noopener\" data-start=\"4658\" data-end=\"4727\">Instagram: @araflowers.ro<\/a> \ud83d\udcf8<\/p>\n<\/li>\n<li class=\"\" data-start=\"4733\" data-end=\"4788\">\n<p class=\"\" data-start=\"4735\" data-end=\"4788\"><a class=\"\" href=\"https:\/\/araflowers.ro\/en\/\" target=\"_new\" rel=\"noopener\" data-start=\"4735\" data-end=\"4783\">Website: araflowers.ro<\/a> \ud83c\udf10<\/p>\n<\/li>\n<\/ul>\n<h3 class=\"\" data-start=\"4790\" data-end=\"4810\"><strong data-start=\"4794\" data-end=\"4810\">\ud83c\udf3f Concluzie<\/strong><\/h3>\n<p class=\"\" data-start=\"4812\" data-end=\"5183\"><strong data-start=\"4812\" data-end=\"4838\">Buchetul FLORI DE CAMP<\/strong> este alegerea ideal\u0103 pentru oricine apreciaz\u0103 frumuse\u021bea natural\u0103 a florilor de c\u00e2mp. Cu flori proaspete \u0219i colorate, acest buchet va ad\u0103uga o not\u0103 de prospe\u021bime \u0219i veselie oric\u0103rei ocazii speciale. Fie c\u0103 \u00eel oferi ca dar pentru cineva drag sau pentru a-\u021bi \u00eenfrumuse\u021ba casa, <strong data-start=\"5114\" data-end=\"5140\">Buchetul FLORI DE CAMP<\/strong> va face cu siguran\u021b\u0103 o impresie deosebit\u0103.<\/p>","protected":false},"featured_media":890,"template":"","meta":{"ocean_post_layout":"full-screen","ocean_both_sidebars_style":"","ocean_both_sidebars_content_width":0,"ocean_both_sidebars_sidebars_width":0,"ocean_sidebar":"0","ocean_second_sidebar":"0","ocean_disable_margins":"enable","ocean_add_body_class":"","ocean_shortcode_before_top_bar":"","ocean_shortcode_after_top_bar":"","ocean_shortcode_before_header":"","ocean_shortcode_after_header":"","ocean_has_shortcode":"","ocean_shortcode_after_title":"","ocean_shortcode_before_footer_widgets":"","ocean_shortcode_after_footer_widgets":"","ocean_shortcode_before_footer_bottom":"","ocean_shortcode_after_footer_bottom":"","ocean_display_top_bar":"default","ocean_display_header":"default","ocean_header_style":"","ocean_center_header_left_menu":"0","ocean_custom_header_template":"0","ocean_custom_logo":0,"ocean_custom_retina_logo":0,"ocean_custom_logo_max_width":0,"ocean_custom_logo_tablet_max_width":0,"ocean_custom_logo_mobile_max_width":0,"ocean_custom_logo_max_height":0,"ocean_custom_logo_tablet_max_height":0,"ocean_custom_logo_mobile_max_height":0,"ocean_header_custom_menu":"0","ocean_menu_typo_font_family":"0","ocean_menu_typo_font_subset":"","ocean_menu_typo_font_size":0,"ocean_menu_typo_font_size_tablet":0,"ocean_menu_typo_font_size_mobile":0,"ocean_menu_typo_font_size_unit":"px","ocean_menu_typo_font_weight":"","ocean_menu_typo_font_weight_tablet":"","ocean_menu_typo_font_weight_mobile":"","ocean_menu_typo_transform":"","ocean_menu_typo_transform_tablet":"","ocean_menu_typo_transform_mobile":"","ocean_menu_typo_line_height":0,"ocean_menu_typo_line_height_tablet":0,"ocean_menu_typo_line_height_mobile":0,"ocean_menu_typo_line_height_unit":"","ocean_menu_typo_spacing":0,"ocean_menu_typo_spacing_tablet":0,"ocean_menu_typo_spacing_mobile":0,"ocean_menu_typo_spacing_unit":"","ocean_menu_link_color":"","ocean_menu_link_color_hover":"","ocean_menu_link_color_active":"","ocean_menu_link_background":"","ocean_menu_link_hover_background":"","ocean_menu_link_active_background":"","ocean_menu_social_links_bg":"","ocean_menu_social_hover_links_bg":"","ocean_menu_social_links_color":"","ocean_menu_social_hover_links_color":"","ocean_disable_title":"default","ocean_disable_heading":"default","ocean_post_title":"","ocean_post_subheading":"","ocean_post_title_style":"","ocean_post_title_background_color":"","ocean_post_title_background":0,"ocean_post_title_bg_image_position":"","ocean_post_title_bg_image_attachment":"","ocean_post_title_bg_image_repeat":"","ocean_post_title_bg_image_size":"","ocean_post_title_height":0,"ocean_post_title_bg_overlay":0.5,"ocean_post_title_bg_overlay_color":"","ocean_disable_breadcrumbs":"default","ocean_breadcrumbs_color":"","ocean_breadcrumbs_separator_color":"","ocean_breadcrumbs_links_color":"","ocean_breadcrumbs_links_hover_color":"","ocean_display_footer_widgets":"default","ocean_display_footer_bottom":"default","ocean_custom_footer_template":"0"},"product_brand":[],"product_cat":[23],"product_tag":[],"class_list":{"0":"post-885","1":"product","2":"type-product","3":"status-publish","4":"has-post-thumbnail","6":"product_cat-buchete","8":"entry","9":"has-media","11":"first","12":"instock","13":"sale","14":"taxable","15":"shipping-taxable","16":"purchasable","17":"product-type-variable","18":"has-product-nav","19":"col","20":"span_1_of_3","21":"owp-content-center","22":"item-entry","23":"owp-thumbs-layout-horizontal","24":"owp-btn-normal","25":"owp-tabs-layout-horizontal"},"_links":{"self":[{"href":"https:\/\/araflowers.ro\/en\/wp-json\/wp\/v2\/product\/885","targetHints":{"allow":["GET"]}}],"collection":[{"href":"https:\/\/araflowers.ro\/en\/wp-json\/wp\/v2\/product"}],"about":[{"href":"https:\/\/araflowers.ro\/en\/wp-json\/wp\/v2\/types\/product"}],"wp:featuredmedia":[{"embeddable":true,"href":"https:\/\/araflowers.ro\/en\/wp-json\/wp\/v2\/media\/890"}],"wp:attachment":[{"href":"https:\/\/araflowers.ro\/en\/wp-json\/wp\/v2\/media?parent=885"}],"wp:term":[{"taxonomy":"product_brand","embeddable":true,"href":"https:\/\/araflowers.ro\/en\/wp-json\/wp\/v2\/product_brand?post=885"},{"taxonomy":"product_cat","embeddable":true,"href":"https:\/\/araflowers.ro\/en\/wp-json\/wp\/v2\/product_cat?post=885"},{"taxonomy":"product_tag","embeddable":true,"href":"https:\/\/araflowers.ro\/en\/wp-json\/wp\/v2\/product_tag?post=885"}],"curies":[{"name":"wp","href":"https:\/\/api.w.org\/{rel}","templated":true}]}}