{"id":859,"date":"2022-07-19T12:11:39","date_gmt":"2022-07-19T12:11:39","guid":{"rendered":"https:\/\/araflowers.ro\/?post_type=product&#038;p=859"},"modified":"2026-02-19T14:28:02","modified_gmt":"2026-02-19T14:28:02","slug":"buchet-bombon","status":"publish","type":"product","link":"https:\/\/araflowers.ro\/en\/product\/buchet-bombon\/","title":{"rendered":"BOMBON bouquet"},"content":{"rendered":"<h3 class=\"\" data-start=\"0\" data-end=\"80\"><strong data-start=\"4\" data-end=\"78\">Buchet BOMBON \u2013 Dulcea\u021ba culorilor \u00eentr-un aranjament floral unic \ud83c\udf6c\ud83d\udc90<\/strong><\/h3>\n<p class=\"\" data-start=\"82\" data-end=\"402\"><strong data-start=\"82\" data-end=\"101\">Buchetul BOMBON<\/strong> este o explozie de culoare \u0219i delicate\u021be, perfect pentru a aduce z\u00e2mbete \u0219i emo\u021bii frumoase celor dragi. Inspirat de nuan\u021bele dulci \u0219i vibrante ale bomboanelor, acest buchet este o alegere ideal\u0103 pentru orice ocazie, fie c\u0103 vrei s\u0103 surprinzi pe cineva drag sau s\u0103 \u00ee\u021bi \u00eenfrumuse\u021bezi propriul spa\u021biu.<\/p>\n<hr class=\"\" data-start=\"404\" data-end=\"407\" \/>\n<h3 class=\"\" data-start=\"409\" data-end=\"458\"><strong data-start=\"413\" data-end=\"456\">\ud83c\udf38 Un buchet plin de culoare \u0219i energie<\/strong><\/h3>\n<p class=\"\" data-start=\"459\" data-end=\"783\">Buchetul <strong data-start=\"468\" data-end=\"478\">BOMBON<\/strong> combin\u0103 flori \u00een nuan\u021be pastelate \u0219i intense, cre\u00e2nd un efect vizual spectaculos. Fiecare floare este atent selec\u021bionat\u0103 pentru a contribui la armonia \u0219i prospe\u021bimea acestui aranjament. Este o alegere excelent\u0103 pentru anivers\u0103ri, zile de na\u0219tere sau pur \u0219i simplu pentru a aduce bucurie \u00een via\u021ba cuiva.<\/p>\n<hr class=\"\" data-start=\"785\" data-end=\"788\" \/>\n<h3 class=\"\" data-start=\"790\" data-end=\"835\"><strong data-start=\"794\" data-end=\"833\">\ud83d\udc8c Felicitare personalizat\u0103 inclus\u0103<\/strong><\/h3>\n<p class=\"\" data-start=\"836\" data-end=\"1044\">Fiecare buchet vine \u00eenso\u021bit de <strong data-start=\"867\" data-end=\"889\">o felicitare cadou<\/strong>, pe care o vom personaliza cu un mesaj special, scris caligrafic. Acest detaliu ofer\u0103 un plus de elegan\u021b\u0103 \u0219i face ca gestul t\u0103u s\u0103 fie \u0219i mai memorabil.<\/p>\n<hr class=\"\" data-start=\"1046\" data-end=\"1049\" \/>\n<h3 class=\"\" data-start=\"1051\" data-end=\"1095\"><strong data-start=\"1055\" data-end=\"1093\">\ud83d\ude9a Livrare gratuit\u0103 \u00een Cluj-Napoca<\/strong><\/h3>\n<p class=\"\" data-start=\"1096\" data-end=\"1333\">Ne asigur\u0103m c\u0103 florile tale ajung \u00een stare perfect\u0103 la destinatar! Serviciul nostru de <strong data-start=\"1183\" data-end=\"1203\">livrare gratuit\u0103<\/strong> \u00een <strong data-start=\"1207\" data-end=\"1222\">Cluj-Napoca<\/strong>este realizat prin curieri proprii, pentru ca fiecare floare s\u0103 fie transportat\u0103 cu maxim\u0103 grij\u0103 \u0219i aten\u021bie.<\/p>\n<hr class=\"\" data-start=\"1335\" data-end=\"1338\" \/>\n<h3 class=\"\" data-start=\"1340\" data-end=\"1386\"><strong data-start=\"1344\" data-end=\"1384\">\u23f1 Livrare rapid\u0103 \u2013 aproximativ 3 ore<\/strong><\/h3>\n<p class=\"\" data-start=\"1387\" data-end=\"1545\">Comenzile sunt livrate <strong data-start=\"1410\" data-end=\"1434\">\u00een aproximativ 3 ore<\/strong> de la plasarea comenzii. Dac\u0103 comanda este efectuat\u0103 <strong data-start=\"1488\" data-end=\"1506\">dup\u0103 ora 17:00<\/strong>, livrarea va avea loc <strong data-start=\"1529\" data-end=\"1542\">a doua zi<\/strong>.<\/p>\n<hr class=\"\" data-start=\"1547\" data-end=\"1550\" \/>\n<h3 class=\"\" data-start=\"1552\" data-end=\"1584\"><strong data-start=\"1556\" data-end=\"1582\">\ud83c\udf81 Detalii importante:<\/strong><\/h3>\n<ul data-start=\"1585\" data-end=\"1870\">\n<li class=\"\" data-start=\"1585\" data-end=\"1749\">\n<p class=\"\" data-start=\"1587\" data-end=\"1749\"><strong data-start=\"1587\" data-end=\"1601\">Gift-urile<\/strong> din imagini sunt doar cu titlu de prezentare \u0219i nu sunt incluse \u00een pre\u021bul produsului. Acestea pot fi comandate separat din categoria <strong data-start=\"1735\" data-end=\"1746\">GIFTURI<\/strong>.<\/p>\n<\/li>\n<li class=\"\" data-start=\"1750\" data-end=\"1870\">\n<p class=\"\" data-start=\"1752\" data-end=\"1870\"><strong data-start=\"1752\" data-end=\"1779\">Disponibilitate \u0219i stoc<\/strong> \u2013 \u00cen func\u021bie de sezon \u0219i disponibilitate, florile din buchet pot suferi mici modific\u0103ri.<\/p>\n<\/li>\n<\/ul>\n<hr class=\"\" data-start=\"1872\" data-end=\"1875\" \/>\n<h3 class=\"\" data-start=\"1877\" data-end=\"1903\"><strong data-start=\"1881\" data-end=\"1901\">\ud83d\udce2 Comand\u0103 acum:<\/strong><\/h3>\n<p class=\"\" data-start=\"1904\" data-end=\"2037\">\u27a1\ufe0f <strong data-start=\"1907\" data-end=\"1919\">Website:<\/strong> <a class=\"\" href=\"http:\/\/araflowers.ro\/en\/\" target=\"_new\" rel=\"noopener\" data-start=\"1920\" data-end=\"1957\">araflowers.ro<\/a><br data-start=\"1957\" data-end=\"1960\" \/>\u27a1\ufe0f <strong data-start=\"1963\" data-end=\"1977\">Instagram:<\/strong> <a class=\"\" href=\"https:\/\/www.instagram.com\/araflowers.ro\" target=\"_new\" rel=\"noopener\" data-start=\"1978\" data-end=\"2035\">@araflowers.ro<\/a><\/p>","protected":false},"excerpt":{"rendered":"<h3 class=\"\" data-start=\"0\" data-end=\"55\"><strong data-start=\"4\" data-end=\"53\">Buchet BOMBON \u2013 Delicat \u0219i Plin de Culoare \ud83c\udf6c<\/strong><\/h3>\n<h4 class=\"\" data-start=\"57\" data-end=\"99\"><strong data-start=\"62\" data-end=\"97\">\ud83c\udf38 Descrierea Buchetului BOMBON<\/strong><\/h4>\n<p class=\"\" data-start=\"101\" data-end=\"452\">Dac\u0103 e\u0219ti \u00een c\u0103utarea unui buchet delicat, rafinat \u0219i plin de prospe\u021bime, <strong data-start=\"175\" data-end=\"194\">Buchetul BOMBON<\/strong> este alegerea perfect\u0103! Cu o combina\u021bie armonioas\u0103 de flori pastelate \u0219i un design echilibrat, acest buchet ofer\u0103 un farmec aparte oric\u0103rei ocazii. Inspirat de nuan\u021bele dulci ale bomboanelor, <strong data-start=\"387\" data-end=\"406\">Buchetul BOMBON<\/strong> impresioneaz\u0103 prin elegan\u021ba \u0219i ging\u0103\u0219ia sa.<\/p>\n<p class=\"\" data-start=\"454\" data-end=\"630\">Acest buchet de m\u0103rime <strong data-start=\"477\" data-end=\"490\">SMALL (S)<\/strong> con\u021bine flori premium, precum <strong data-start=\"521\" data-end=\"586\">ranunculus, matthiola, delphinium, eucalipt \u0219i alte materiale<\/strong>, oferind un aspect natural \u0219i sofisticat.<\/p>\n<p class=\"\" data-start=\"632\" data-end=\"779\">Ideal pentru a fi oferit \u00een dar unei persoane dragi sau pentru a-\u021bi \u00eenfrumuse\u021ba spa\u021biul, acest buchet aduce un strop de fericire \u00een orice moment.<\/p>\n<hr class=\"\" data-start=\"781\" data-end=\"784\" \/>\n<h3 class=\"\" data-start=\"786\" data-end=\"826\"><strong data-start=\"790\" data-end=\"824\">\ud83c\udf37 Ce Con\u021bine Buchetul BOMBON?<\/strong><\/h3>\n<p class=\"\" data-start=\"828\" data-end=\"950\">Fiecare floare a fost aleas\u0103 cu grij\u0103 pentru a crea un buchet armonios, cu un echilibru perfect \u00eentre culori \u0219i texturi:<\/p>\n<ul data-start=\"952\" data-end=\"1482\">\n<li class=\"\" data-start=\"952\" data-end=\"1045\">\n<p class=\"\" data-start=\"954\" data-end=\"1045\"><strong data-start=\"954\" data-end=\"972\">\ud83c\udf38 Ranunculus:<\/strong> Flori delicate \u0219i voluminoase, simbol al elegan\u021bei \u0219i al iubirii pure.<\/p>\n<\/li>\n<li class=\"\" data-start=\"1046\" data-end=\"1146\">\n<p class=\"\" data-start=\"1048\" data-end=\"1146\"><strong data-start=\"1048\" data-end=\"1065\">\ud83d\udc9c Matthiola:<\/strong> O floare parfumat\u0103, care adaug\u0103 o not\u0103 de rafinament \u0219i prospe\u021bime buchetului.<\/p>\n<\/li>\n<li class=\"\" data-start=\"1147\" data-end=\"1254\">\n<p class=\"\" data-start=\"1149\" data-end=\"1254\"><strong data-start=\"1149\" data-end=\"1167\">\ud83d\udc99 Delphinium:<\/strong> O floare spectaculoas\u0103, care ofer\u0103 un contrast cromatic pl\u0103cut \u0219i un aer sofisticat.<\/p>\n<\/li>\n<li class=\"\" data-start=\"1255\" data-end=\"1373\">\n<p class=\"\" data-start=\"1257\" data-end=\"1373\"><strong data-start=\"1257\" data-end=\"1273\">\ud83c\udf3f Eucalipt:<\/strong> Frunzi\u0219ul verde care completeaz\u0103 perfect aranjamentul, oferindu-i prospe\u021bime \u0219i echilibru vizual.<\/p>\n<\/li>\n<li class=\"\" data-start=\"1374\" data-end=\"1482\">\n<p class=\"\" data-start=\"1376\" data-end=\"1482\"><strong data-start=\"1376\" data-end=\"1398\">\ud83c\udf3a Alte materiale:<\/strong> Elemente florale atent selec\u021bionate pentru a oferi un aspect armonios \u0219i elegant.<\/p>\n<\/li>\n<\/ul>\n<p class=\"\" data-start=\"1484\" data-end=\"1606\">Acest mix floral creeaz\u0103 un buchet spectaculos, ideal pentru a transmite emo\u021bii sincere \u0219i a face orice zi mai frumoas\u0103.<\/p>\n<hr class=\"\" data-start=\"1608\" data-end=\"1611\" \/>\n<h3 class=\"\" data-start=\"1613\" data-end=\"1665\"><strong data-start=\"1617\" data-end=\"1663\">\ud83c\udf81 Ocazii Potrivite pentru Buchetul BOMBON<\/strong><\/h3>\n<p class=\"\" data-start=\"1667\" data-end=\"1790\">Datorit\u0103 aspectului s\u0103u rafinat \u0219i cromaticii delicate, <strong data-start=\"1723\" data-end=\"1742\">Buchetul BOMBON<\/strong> este potrivit pentru diverse ocazii speciale:<\/p>\n<h4 class=\"\" data-start=\"1792\" data-end=\"1835\"><strong data-start=\"1797\" data-end=\"1833\">\ud83d\udc96 Cadou pentru Iubit\u0103 sau So\u021bie<\/strong><\/h4>\n<p class=\"\" data-start=\"1837\" data-end=\"1992\">Surprinde persoana iubit\u0103 cu un buchet elegant \u0219i romantic. Nuan\u021bele pastelate \u0219i florile delicate transmit sentimente sincere de afec\u021biune \u0219i admira\u021bie.<\/p>\n<h4 class=\"\" data-start=\"1994\" data-end=\"2051\"><strong data-start=\"1999\" data-end=\"2049\">\ud83c\udf82 Buchet pentru Zile de Na\u0219tere \u0219i Anivers\u0103ri<\/strong><\/h4>\n<p class=\"\" data-start=\"2053\" data-end=\"2199\">Un cadou floral deosebit, perfect pentru a celebra anivers\u0103rile celor dragi. <strong data-start=\"2130\" data-end=\"2149\">Buchetul BOMBON<\/strong> este expresia perfect\u0103 a ging\u0103\u0219iei \u0219i bucuriei.<\/p>\n<h4 class=\"\" data-start=\"2201\" data-end=\"2247\"><strong data-start=\"2206\" data-end=\"2245\">\ud83d\udc90 Un Buchet pentru Mama sau Bunica<\/strong><\/h4>\n<p class=\"\" data-start=\"2249\" data-end=\"2439\">Dac\u0103 vrei s\u0103 \u00ee\u021bi exprimi recuno\u0219tin\u021ba \u0219i iubirea fa\u021b\u0103 de mama sau bunica ta, acest buchet va fi un gest minunat. Culorile pastelate \u0219i florile delicate simbolizeaz\u0103 respectul \u0219i dragostea.<\/p>\n<h4 class=\"\" data-start=\"2441\" data-end=\"2487\"><strong data-start=\"2446\" data-end=\"2485\">\ud83c\udf3f Decor pentru Evenimente Elegante<\/strong><\/h4>\n<p class=\"\" data-start=\"2489\" data-end=\"2699\">Acest buchet poate fi utilizat \u0219i ca element decorativ la evenimente speciale, cum ar fi cine romantice, botezuri sau petreceri elegante. Aspectul s\u0103u rafinat \u00eel face potrivit pentru orice ambient sofisticat.<\/p>\n<hr class=\"\" data-start=\"2701\" data-end=\"2704\" \/>\n<h3 class=\"\" data-start=\"2706\" data-end=\"2750\"><strong data-start=\"2710\" data-end=\"2748\">\ud83c\udf1f De Ce S\u0103 Alegi Buchetul BOMBON?<\/strong><\/h3>\n<ul data-start=\"2752\" data-end=\"3202\">\n<li class=\"\" data-start=\"2752\" data-end=\"2872\">\n<p class=\"\" data-start=\"2754\" data-end=\"2872\"><strong data-start=\"2754\" data-end=\"2787\">\ud83c\udf38 Design Delicat \u0219i Elegant:<\/strong> O combina\u021bie armonioas\u0103 de flori premium, perfect echilibrat\u0103 pentru a impresiona.<\/p>\n<\/li>\n<li class=\"\" data-start=\"2873\" data-end=\"2998\">\n<p class=\"\" data-start=\"2875\" data-end=\"2998\"><strong data-start=\"2875\" data-end=\"2913\">\ud83d\udc96 Potrivit pentru Diverse Ocazii:<\/strong> Un buchet versatil, ideal pentru a fi oferit cadou sau pentru decorarea spa\u021biilor.<\/p>\n<\/li>\n<li class=\"\" data-start=\"2999\" data-end=\"3118\">\n<p class=\"\" data-start=\"3001\" data-end=\"3118\"><strong data-start=\"3001\" data-end=\"3039\">\ud83c\udf3f Flori Proaspete \u0219i de Calitate:<\/strong> Selec\u021bionate cu grij\u0103 pentru a asigura prospe\u021bimea \u0219i frumuse\u021bea buchetului.<\/p>\n<\/li>\n<li class=\"\" data-start=\"3119\" data-end=\"3202\">\n<p class=\"\" data-start=\"3121\" data-end=\"3202\"><strong data-start=\"3121\" data-end=\"3143\">\ud83d\ude9a Livrare Rapid\u0103:<\/strong> Po\u021bi comanda u\u0219or \u0219i \u00eel vei primi \u00een cel mai scurt timp.<\/p>\n<\/li>\n<\/ul>\n<hr class=\"\" data-start=\"3204\" data-end=\"3207\" \/>\n<h3 class=\"\" data-start=\"3209\" data-end=\"3255\"><strong data-start=\"3213\" data-end=\"3253\">\ud83d\udcf2 Cum Po\u021bi Comanda Buchetul BOMBON?<\/strong><\/h3>\n<p class=\"\" data-start=\"3257\" data-end=\"3301\">Po\u021bi plasa comanda online simplu \u0219i rapid!<\/p>\n<p class=\"\" data-start=\"3303\" data-end=\"3472\">\ud83d\udcf7 <strong data-start=\"3306\" data-end=\"3331\">Comand\u0103 pe Instagram:<\/strong> <a class=\"\" href=\"https:\/\/www.instagram.com\/araflowers.ro\/\" target=\"_new\" rel=\"noopener\" data-start=\"3332\" data-end=\"3401\">Instagram: @araflowers.ro<\/a><br data-start=\"3401\" data-end=\"3404\" \/>\ud83c\udf0d <strong data-start=\"3407\" data-end=\"3430\">Comand\u0103 pe website:<\/strong> <a class=\"\" href=\"https:\/\/araflowers.ro\/en\/\" target=\"_new\" rel=\"noopener\" data-start=\"3431\" data-end=\"3470\">araflowers.ro<\/a><\/p>\n<p class=\"\" data-start=\"3474\" data-end=\"3542\">Transform\u0103 orice zi \u00eentr-un moment special cu <strong data-start=\"3520\" data-end=\"3539\">Buchetul BOMBON<\/strong>!<\/p>","protected":false},"featured_media":863,"template":"","meta":{"ocean_post_layout":"full-screen","ocean_both_sidebars_style":"","ocean_both_sidebars_content_width":0,"ocean_both_sidebars_sidebars_width":0,"ocean_sidebar":"0","ocean_second_sidebar":"0","ocean_disable_margins":"enable","ocean_add_body_class":"","ocean_shortcode_before_top_bar":"","ocean_shortcode_after_top_bar":"","ocean_shortcode_before_header":"","ocean_shortcode_after_header":"","ocean_has_shortcode":"","ocean_shortcode_after_title":"","ocean_shortcode_before_footer_widgets":"","ocean_shortcode_after_footer_widgets":"","ocean_shortcode_before_footer_bottom":"","ocean_shortcode_after_footer_bottom":"","ocean_display_top_bar":"default","ocean_display_header":"default","ocean_header_style":"","ocean_center_header_left_menu":"0","ocean_custom_header_template":"0","ocean_custom_logo":0,"ocean_custom_retina_logo":0,"ocean_custom_logo_max_width":0,"ocean_custom_logo_tablet_max_width":0,"ocean_custom_logo_mobile_max_width":0,"ocean_custom_logo_max_height":0,"ocean_custom_logo_tablet_max_height":0,"ocean_custom_logo_mobile_max_height":0,"ocean_header_custom_menu":"0","ocean_menu_typo_font_family":"0","ocean_menu_typo_font_subset":"","ocean_menu_typo_font_size":0,"ocean_menu_typo_font_size_tablet":0,"ocean_menu_typo_font_size_mobile":0,"ocean_menu_typo_font_size_unit":"px","ocean_menu_typo_font_weight":"","ocean_menu_typo_font_weight_tablet":"","ocean_menu_typo_font_weight_mobile":"","ocean_menu_typo_transform":"","ocean_menu_typo_transform_tablet":"","ocean_menu_typo_transform_mobile":"","ocean_menu_typo_line_height":0,"ocean_menu_typo_line_height_tablet":0,"ocean_menu_typo_line_height_mobile":0,"ocean_menu_typo_line_height_unit":"","ocean_menu_typo_spacing":0,"ocean_menu_typo_spacing_tablet":0,"ocean_menu_typo_spacing_mobile":0,"ocean_menu_typo_spacing_unit":"","ocean_menu_link_color":"","ocean_menu_link_color_hover":"","ocean_menu_link_color_active":"","ocean_menu_link_background":"","ocean_menu_link_hover_background":"","ocean_menu_link_active_background":"","ocean_menu_social_links_bg":"","ocean_menu_social_hover_links_bg":"","ocean_menu_social_links_color":"","ocean_menu_social_hover_links_color":"","ocean_disable_title":"default","ocean_disable_heading":"default","ocean_post_title":"","ocean_post_subheading":"","ocean_post_title_style":"","ocean_post_title_background_color":"","ocean_post_title_background":0,"ocean_post_title_bg_image_position":"","ocean_post_title_bg_image_attachment":"","ocean_post_title_bg_image_repeat":"","ocean_post_title_bg_image_size":"","ocean_post_title_height":0,"ocean_post_title_bg_overlay":0.5,"ocean_post_title_bg_overlay_color":"","ocean_disable_breadcrumbs":"default","ocean_breadcrumbs_color":"","ocean_breadcrumbs_separator_color":"","ocean_breadcrumbs_links_color":"","ocean_breadcrumbs_links_hover_color":"","ocean_display_footer_widgets":"default","ocean_display_footer_bottom":"default","ocean_custom_footer_template":"0"},"product_brand":[],"product_cat":[23],"product_tag":[],"class_list":{"0":"post-859","1":"product","2":"type-product","3":"status-publish","4":"has-post-thumbnail","6":"product_cat-buchete","8":"entry","9":"has-media","11":"first","12":"instock","13":"sale","14":"taxable","15":"shipping-taxable","16":"purchasable","17":"product-type-variable","18":"has-product-nav","19":"col","20":"span_1_of_3","21":"owp-content-center","22":"item-entry","23":"owp-thumbs-layout-horizontal","24":"owp-btn-normal","25":"owp-tabs-layout-horizontal"},"_links":{"self":[{"href":"https:\/\/araflowers.ro\/en\/wp-json\/wp\/v2\/product\/859","targetHints":{"allow":["GET"]}}],"collection":[{"href":"https:\/\/araflowers.ro\/en\/wp-json\/wp\/v2\/product"}],"about":[{"href":"https:\/\/araflowers.ro\/en\/wp-json\/wp\/v2\/types\/product"}],"wp:featuredmedia":[{"embeddable":true,"href":"https:\/\/araflowers.ro\/en\/wp-json\/wp\/v2\/media\/863"}],"wp:attachment":[{"href":"https:\/\/araflowers.ro\/en\/wp-json\/wp\/v2\/media?parent=859"}],"wp:term":[{"taxonomy":"product_brand","embeddable":true,"href":"https:\/\/araflowers.ro\/en\/wp-json\/wp\/v2\/product_brand?post=859"},{"taxonomy":"product_cat","embeddable":true,"href":"https:\/\/araflowers.ro\/en\/wp-json\/wp\/v2\/product_cat?post=859"},{"taxonomy":"product_tag","embeddable":true,"href":"https:\/\/araflowers.ro\/en\/wp-json\/wp\/v2\/product_tag?post=859"}],"curies":[{"name":"wp","href":"https:\/\/api.w.org\/{rel}","templated":true}]}}