{"id":853,"date":"2022-07-19T12:09:56","date_gmt":"2022-07-19T12:09:56","guid":{"rendered":"https:\/\/araflowers.ro\/?post_type=product&#038;p=853"},"modified":"2026-02-19T14:27:47","modified_gmt":"2026-02-19T14:27:47","slug":"buchet-blue-lagoon","status":"publish","type":"product","link":"https:\/\/araflowers.ro\/en\/product\/buchet-blue-lagoon\/","title":{"rendered":"BLUE LAGOON Bouquet"},"content":{"rendered":"<h3 class=\"\" data-start=\"0\" data-end=\"80\"><strong data-start=\"4\" data-end=\"78\">Buchet BLUE LAGOON \u2013 Elegan\u021b\u0103 \u0219i rafinament \u00een nuan\u021be de albastru \ud83d\udc99\ud83c\udf3f<\/strong><\/h3>\n<p class=\"\" data-start=\"82\" data-end=\"348\"><strong data-start=\"82\" data-end=\"106\">Buchetul BLUE LAGOON<\/strong> este un simbol al elegan\u021bei \u0219i rafinamentului, inspirat de frumuse\u021bea natural\u0103 a lagunelor tropicale. Nuan\u021bele sale delicate de albastru \u0219i alb creeaz\u0103 o atmosfer\u0103 calm\u0103 \u0219i sofisticat\u0103, fiind alegerea perfect\u0103 pentru orice ocazie special\u0103.<\/p>\n<hr class=\"\" data-start=\"350\" data-end=\"353\" \/>\n<h3 class=\"\" data-start=\"355\" data-end=\"408\"><strong data-start=\"359\" data-end=\"406\">\ud83d\udc99 Un buchet inspirat de lini\u0219tea oceanului<\/strong><\/h3>\n<p class=\"\" data-start=\"409\" data-end=\"673\">Acest aranjament floral cu accente albastre \u0219i pastelate aduce un plus de armonie \u0219i stil oric\u0103rui spa\u021biu. Florile atent selec\u021bionate sunt combinate \u00eentr-un mod elegant pentru a crea un efect vizual spectaculos, perfect pentru a impresiona \u0219i a transmite emo\u021bie.<\/p>\n<hr class=\"\" data-start=\"675\" data-end=\"678\" \/>\n<h3 class=\"\" data-start=\"680\" data-end=\"725\"><strong data-start=\"684\" data-end=\"723\">\ud83d\udc8c Felicitare personalizat\u0103 inclus\u0103<\/strong><\/h3>\n<p class=\"\" data-start=\"726\" data-end=\"916\">Fiecare buchet BLUE LAGOON vine \u00eenso\u021bit de <strong data-start=\"769\" data-end=\"791\">o felicitare cadou<\/strong>, pe care o vom personaliza cu un mesaj scris caligrafic, pentru a ad\u0103uga un plus de elegan\u021b\u0103 \u0219i emo\u021bie momentului special.<\/p>\n<hr class=\"\" data-start=\"918\" data-end=\"921\" \/>\n<h3 class=\"\" data-start=\"923\" data-end=\"967\"><strong data-start=\"927\" data-end=\"965\">\ud83d\ude9a Livrare gratuit\u0103 \u00een Cluj-Napoca<\/strong><\/h3>\n<p class=\"\" data-start=\"968\" data-end=\"1198\">Ne asigur\u0103m c\u0103 florile ajung \u00een stare impecabil\u0103 la destinatar! Serviciul nostru de <strong data-start=\"1052\" data-end=\"1072\">livrare gratuit\u0103<\/strong> \u00een <strong data-start=\"1076\" data-end=\"1091\">Cluj-Napoca<\/strong> este realizat prin curieri proprii, astfel \u00eenc\u00e2t fiecare floare s\u0103 fie transportat\u0103 cu grij\u0103 \u0219i aten\u021bie.<\/p>\n<hr class=\"\" data-start=\"1200\" data-end=\"1203\" \/>\n<h3 class=\"\" data-start=\"1205\" data-end=\"1251\"><strong data-start=\"1209\" data-end=\"1249\">\u23f1 Livrare rapid\u0103 \u2013 aproximativ 3 ore<\/strong><\/h3>\n<p class=\"\" data-start=\"1252\" data-end=\"1410\">Comenzile sunt livrate <strong data-start=\"1275\" data-end=\"1299\">\u00een aproximativ 3 ore<\/strong> de la plasarea comenzii. Dac\u0103 comanda este efectuat\u0103 <strong data-start=\"1353\" data-end=\"1371\">dup\u0103 ora 17:00<\/strong>, livrarea va avea loc <strong data-start=\"1394\" data-end=\"1407\">a doua zi<\/strong>.<\/p>\n<hr class=\"\" data-start=\"1412\" data-end=\"1415\" \/>\n<h3 class=\"\" data-start=\"1417\" data-end=\"1449\"><strong data-start=\"1421\" data-end=\"1447\">\ud83c\udf81 Detalii importante:<\/strong><\/h3>\n<ul data-start=\"1450\" data-end=\"1783\">\n<li class=\"\" data-start=\"1450\" data-end=\"1614\">\n<p class=\"\" data-start=\"1452\" data-end=\"1614\"><strong data-start=\"1452\" data-end=\"1466\">Gift-urile<\/strong> din imagini sunt doar cu titlu de prezentare \u0219i nu sunt incluse \u00een pre\u021bul produsului. Acestea pot fi comandate separat din categoria <strong data-start=\"1600\" data-end=\"1611\">GIFTURI<\/strong>.<\/p>\n<\/li>\n<li class=\"\" data-start=\"1615\" data-end=\"1783\">\n<p class=\"\" data-start=\"1617\" data-end=\"1783\"><strong data-start=\"1617\" data-end=\"1644\">Disponibilitate \u0219i stoc<\/strong> \u2013 \u00cen func\u021bie de sezon \u0219i stoc, florile din buchet pot suferi mici modific\u0103ri, \u00eens\u0103 p\u0103str\u0103m \u00eentotdeauna calitatea \u0219i estetica produsului.<\/p>\n<\/li>\n<\/ul>\n<hr class=\"\" data-start=\"1785\" data-end=\"1788\" \/>\n<h3 class=\"\" data-start=\"1790\" data-end=\"1816\"><strong data-start=\"1794\" data-end=\"1814\">\ud83d\udce2 Comand\u0103 acum:<\/strong><\/h3>\n<p class=\"\" data-start=\"1817\" data-end=\"1950\">\u27a1\ufe0f <strong data-start=\"1820\" data-end=\"1832\">Website:<\/strong> <a class=\"\" href=\"http:\/\/araflowers.ro\/en\/\" target=\"_new\" rel=\"noopener\" data-start=\"1833\" data-end=\"1870\">araflowers.ro<\/a><br data-start=\"1870\" data-end=\"1873\" \/>\u27a1\ufe0f <strong data-start=\"1876\" data-end=\"1890\">Instagram:<\/strong> <a class=\"\" href=\"https:\/\/www.instagram.com\/araflowers.ro\" target=\"_new\" rel=\"noopener\" data-start=\"1891\" data-end=\"1948\">@araflowers.ro<\/a><\/p>","protected":false},"excerpt":{"rendered":"<h3 class=\"\" data-start=\"0\" data-end=\"74\"><strong data-start=\"4\" data-end=\"72\">Buchet BLUE LAGOON \u2013 Elegan\u021b\u0103 \u0219i R\u0103sf\u0103\u021b \u00een Nuan\u021be de Albastru \ud83d\udc99<\/strong><\/h3>\n<h4 class=\"\" data-start=\"76\" data-end=\"123\"><strong data-start=\"81\" data-end=\"121\">\ud83c\udf0a Descrierea Buchetului BLUE LAGOON<\/strong><\/h4>\n<p class=\"\" data-start=\"125\" data-end=\"400\">Dac\u0103 \u00ee\u021bi dore\u0219ti un buchet spectaculos, inspirat de nuan\u021bele fascinante ale lagunelor exotice, <strong data-start=\"220\" data-end=\"244\">Buchetul BLUE LAGOON<\/strong> este alegerea perfect\u0103! Acest aranjament floral combin\u0103 armonios flori rafinate, \u00eentr-o palet\u0103 de culori sofisticat\u0103, dominat\u0103 de albastru, alb \u0219i verde.<\/p>\n<p class=\"\" data-start=\"402\" data-end=\"622\"><strong data-start=\"402\" data-end=\"426\">Buchetul BLUE LAGOON<\/strong> este realizat dintr-o selec\u021bie premium de flori, printre care: <strong data-start=\"490\" data-end=\"578\">hortensie, trandafiri, delphinium, matthiola, ranunculus, eucalipt \u0219i alte materiale<\/strong>, cre\u00e2nd un aranjament elegant \u0219i rafinat.<\/p>\n<p class=\"\" data-start=\"624\" data-end=\"813\">Acest buchet de m\u0103rime <strong data-start=\"647\" data-end=\"660\">Mediu (M)<\/strong> este perfect pentru orice ocazie special\u0103, fiind un cadou impresionant pentru persoana iubit\u0103, o aniversare sau un decor sofisticat pentru evenimente.<\/p>\n<hr class=\"\" data-start=\"815\" data-end=\"818\" \/>\n<h3 class=\"\" data-start=\"820\" data-end=\"865\"><strong data-start=\"824\" data-end=\"863\">\ud83c\udf3f Ce Con\u021bine Buchetul BLUE LAGOON?<\/strong><\/h3>\n<p class=\"\" data-start=\"867\" data-end=\"1000\">Acest aranjament floral este realizat dintr-o selec\u021bie atent\u0103 de flori premium, fiecare ad\u0103ug\u00e2nd un plus de elegan\u021b\u0103 \u0219i rafinament:<\/p>\n<ul data-start=\"1002\" data-end=\"1767\">\n<li class=\"\" data-start=\"1002\" data-end=\"1110\">\n<p class=\"\" data-start=\"1004\" data-end=\"1110\"><strong data-start=\"1004\" data-end=\"1021\">\ud83d\udc99 Hortensie:<\/strong> Floarea principal\u0103 a acestui buchet, simbol al recuno\u0219tin\u021bei, frumuse\u021bii \u0219i elegan\u021bei.<\/p>\n<\/li>\n<li class=\"\" data-start=\"1111\" data-end=\"1225\">\n<p class=\"\" data-start=\"1113\" data-end=\"1225\"><strong data-start=\"1113\" data-end=\"1131\">\ud83c\udf39 Trandafiri:<\/strong> O alegere clasic\u0103 \u0219i romantic\u0103, trandafirii adaug\u0103 un aer sofisticat \u0219i elegant buchetului.<\/p>\n<\/li>\n<li class=\"\" data-start=\"1226\" data-end=\"1342\">\n<p class=\"\" data-start=\"1228\" data-end=\"1342\"><strong data-start=\"1228\" data-end=\"1246\">\ud83d\udc9c Delphinium:<\/strong> Florile delicate \u0219i alungite ale delphiniumului ofer\u0103 un aspect deosebit \u0219i un farmec aparte.<\/p>\n<\/li>\n<li class=\"\" data-start=\"1343\" data-end=\"1463\">\n<p class=\"\" data-start=\"1345\" data-end=\"1463\"><strong data-start=\"1345\" data-end=\"1362\">\ud83c\udf38 Matthiola:<\/strong> Cunoscut\u0103 pentru parfumul s\u0103u \u00eembietor, aceast\u0103 floare completeaz\u0103 armonios compozi\u021bia buchetului.<\/p>\n<\/li>\n<li class=\"\" data-start=\"1464\" data-end=\"1575\">\n<p class=\"\" data-start=\"1466\" data-end=\"1575\"><strong data-start=\"1466\" data-end=\"1484\">\ud83c\udf3c Ranunculus:<\/strong> Flori delicate, cu petale fine \u0219i un aspect romantic, perfecte pentru un buchet elegant.<\/p>\n<\/li>\n<li class=\"\" data-start=\"1576\" data-end=\"1662\">\n<p class=\"\" data-start=\"1578\" data-end=\"1662\"><strong data-start=\"1578\" data-end=\"1594\">\ud83c\udf3f Eucalipt:<\/strong> Verdea\u021ba care adaug\u0103 prospe\u021bime \u0219i echilibru cromatic buchetului.<\/p>\n<\/li>\n<li class=\"\" data-start=\"1663\" data-end=\"1767\">\n<p class=\"\" data-start=\"1665\" data-end=\"1767\"><strong data-start=\"1665\" data-end=\"1686\">\u2728 Alte materiale:<\/strong> Elemente decorative care eviden\u021biaz\u0103 frumuse\u021bea \u0219i naturale\u021bea acestui buchet.<\/p>\n<\/li>\n<\/ul>\n<p class=\"\" data-start=\"1769\" data-end=\"1898\">Fiecare floare este aleas\u0103 cu grij\u0103 pentru a crea un buchet spectaculos, potrivit pentru cele mai importante momente din via\u021b\u0103.<\/p>\n<hr class=\"\" data-start=\"1900\" data-end=\"1903\" \/>\n<h3 class=\"\" data-start=\"1905\" data-end=\"1962\"><strong data-start=\"1909\" data-end=\"1960\">\ud83d\udc9d Ocazii Potrivite pentru Buchetul BLUE LAGOON<\/strong><\/h3>\n<p class=\"\" data-start=\"1964\" data-end=\"2086\">Datorit\u0103 paletei sale cromatice elegante \u0219i sofisticate, <strong data-start=\"2021\" data-end=\"2045\">Buchetul BLUE LAGOON<\/strong> este potrivit pentru numeroase ocazii:<\/p>\n<h4 class=\"\" data-start=\"2088\" data-end=\"2130\"><strong data-start=\"2093\" data-end=\"2128\">\ud83c\udf81 Cadou pentru Persoana Iubit\u0103<\/strong><\/h4>\n<p class=\"\" data-start=\"2132\" data-end=\"2296\">Ofer\u0103 acest buchet spectaculos persoanei dragi pentru a-i ar\u0103ta c\u00e2t de mult o apreciezi. Nuan\u021bele de albastru \u0219i alb transmit elegan\u021b\u0103, rafinament \u0219i sinceritate.<\/p>\n<h4 class=\"\" data-start=\"2298\" data-end=\"2359\"><strong data-start=\"2303\" data-end=\"2357\">\ud83c\udf82 Buchet pentru Anivers\u0103ri \u0219i Evenimente Speciale<\/strong><\/h4>\n<p class=\"\" data-start=\"2361\" data-end=\"2532\">Fie c\u0103 este vorba despre o zi de na\u0219tere, o aniversare de cuplu sau un moment special, <strong data-start=\"2448\" data-end=\"2472\">Buchetul BLUE LAGOON<\/strong> este o alegere perfect\u0103 pentru a aduce bucurie \u0219i emo\u021bie.<\/p>\n<h4 class=\"\" data-start=\"2534\" data-end=\"2586\"><strong data-start=\"2539\" data-end=\"2584\">\ud83d\udc69\u200d\ud83d\udc69\u200d\ud83d\udc67\u200d\ud83d\udc66 Buchet pentru Mama sau Bunica<\/strong><\/h4>\n<p class=\"\" data-start=\"2588\" data-end=\"2698\">Un cadou minunat pentru a-\u021bi exprima iubirea \u0219i recuno\u0219tin\u021ba fa\u021b\u0103 de cele mai importante femei din via\u021ba ta.<\/p>\n<h4 class=\"\" data-start=\"2700\" data-end=\"2746\"><strong data-start=\"2705\" data-end=\"2744\">\ud83c\udf0a Decor pentru Evenimente Elegante<\/strong><\/h4>\n<p class=\"\" data-start=\"2748\" data-end=\"2943\">Acest buchet poate fi folosit \u0219i pentru decorarea meselor la evenimente speciale, cum ar fi nun\u021bi, botezuri sau petreceri sofisticate. Elegan\u021ba sa \u00eel face potrivit pentru orice ambient rafinat.<\/p>\n<hr class=\"\" data-start=\"2945\" data-end=\"2948\" \/>\n<h3 class=\"\" data-start=\"2950\" data-end=\"2999\"><strong data-start=\"2954\" data-end=\"2997\">\ud83c\udf1f De Ce S\u0103 Alegi Buchetul BLUE LAGOON?<\/strong><\/h3>\n<p class=\"\" data-start=\"3001\" data-end=\"3408\">\u2714\ufe0f <strong data-start=\"3004\" data-end=\"3030\">Design unic \u0219i elegant<\/strong> \u2013 o combina\u021bie spectaculoas\u0103 de flori premium, \u00eentr-o cromatic\u0103 rafinat\u0103.<br data-start=\"3104\" data-end=\"3107\" \/>\u2714\ufe0f <strong data-start=\"3110\" data-end=\"3142\">Ideal pentru multiple ocazii<\/strong> \u2013 perfect pentru cadouri, anivers\u0103ri sau decor elegant.<br data-start=\"3198\" data-end=\"3201\" \/>\u2714\ufe0f <strong data-start=\"3204\" data-end=\"3238\">Flori proaspete \u0219i de calitate<\/strong> \u2013 selec\u021bionate cu aten\u021bie pentru a garanta frumuse\u021bea buchetului.<br data-start=\"3304\" data-end=\"3307\" \/>\u2714\ufe0f <strong data-start=\"3310\" data-end=\"3338\">Livrare rapid\u0103 \u0219i u\u0219oar\u0103<\/strong> \u2013 comand\u0103 online \u0219i surprinde persoanele dragi cu un buchet de vis.<\/p>\n<hr class=\"\" data-start=\"3410\" data-end=\"3413\" \/>\n<h3 class=\"\" data-start=\"3415\" data-end=\"3466\"><strong data-start=\"3419\" data-end=\"3464\">\ud83d\udcf2 Cum Po\u021bi Comanda Buchetul BLUE LAGOON?<\/strong><\/h3>\n<p class=\"\" data-start=\"3468\" data-end=\"3510\">Plasarea comenzii este simpl\u0103 \u0219i rapid\u0103!<\/p>\n<p class=\"\" data-start=\"3512\" data-end=\"3681\">\ud83d\udcf7 <strong data-start=\"3515\" data-end=\"3540\">Comand\u0103 pe Instagram:<\/strong> <a class=\"\" href=\"https:\/\/www.instagram.com\/araflowers.ro\/\" target=\"_new\" rel=\"noopener\" data-start=\"3541\" data-end=\"3610\">Instagram: @araflowers.ro<\/a><br data-start=\"3610\" data-end=\"3613\" \/>\ud83c\udf0d <strong data-start=\"3616\" data-end=\"3639\">Comand\u0103 pe website:<\/strong> <a class=\"\" href=\"https:\/\/araflowers.ro\/en\/\" target=\"_new\" rel=\"noopener\" data-start=\"3640\" data-end=\"3679\">araflowers.ro<\/a><\/p>\n<p class=\"\" data-start=\"3683\" data-end=\"3766\">Transform\u0103 orice moment \u00eentr-o amintire special\u0103 cu <strong data-start=\"3735\" data-end=\"3759\">Buchetul BLUE LAGOON<\/strong>! \ud83d\udc99\u2728<\/p>","protected":false},"featured_media":857,"template":"","meta":{"ocean_post_layout":"full-screen","ocean_both_sidebars_style":"","ocean_both_sidebars_content_width":0,"ocean_both_sidebars_sidebars_width":0,"ocean_sidebar":"0","ocean_second_sidebar":"0","ocean_disable_margins":"enable","ocean_add_body_class":"","ocean_shortcode_before_top_bar":"","ocean_shortcode_after_top_bar":"","ocean_shortcode_before_header":"","ocean_shortcode_after_header":"","ocean_has_shortcode":"","ocean_shortcode_after_title":"","ocean_shortcode_before_footer_widgets":"","ocean_shortcode_after_footer_widgets":"","ocean_shortcode_before_footer_bottom":"","ocean_shortcode_after_footer_bottom":"","ocean_display_top_bar":"default","ocean_display_header":"default","ocean_header_style":"","ocean_center_header_left_menu":"0","ocean_custom_header_template":"0","ocean_custom_logo":0,"ocean_custom_retina_logo":0,"ocean_custom_logo_max_width":0,"ocean_custom_logo_tablet_max_width":0,"ocean_custom_logo_mobile_max_width":0,"ocean_custom_logo_max_height":0,"ocean_custom_logo_tablet_max_height":0,"ocean_custom_logo_mobile_max_height":0,"ocean_header_custom_menu":"0","ocean_menu_typo_font_family":"0","ocean_menu_typo_font_subset":"","ocean_menu_typo_font_size":0,"ocean_menu_typo_font_size_tablet":0,"ocean_menu_typo_font_size_mobile":0,"ocean_menu_typo_font_size_unit":"px","ocean_menu_typo_font_weight":"","ocean_menu_typo_font_weight_tablet":"","ocean_menu_typo_font_weight_mobile":"","ocean_menu_typo_transform":"","ocean_menu_typo_transform_tablet":"","ocean_menu_typo_transform_mobile":"","ocean_menu_typo_line_height":0,"ocean_menu_typo_line_height_tablet":0,"ocean_menu_typo_line_height_mobile":0,"ocean_menu_typo_line_height_unit":"","ocean_menu_typo_spacing":0,"ocean_menu_typo_spacing_tablet":0,"ocean_menu_typo_spacing_mobile":0,"ocean_menu_typo_spacing_unit":"","ocean_menu_link_color":"","ocean_menu_link_color_hover":"","ocean_menu_link_color_active":"","ocean_menu_link_background":"","ocean_menu_link_hover_background":"","ocean_menu_link_active_background":"","ocean_menu_social_links_bg":"","ocean_menu_social_hover_links_bg":"","ocean_menu_social_links_color":"","ocean_menu_social_hover_links_color":"","ocean_disable_title":"default","ocean_disable_heading":"default","ocean_post_title":"","ocean_post_subheading":"","ocean_post_title_style":"","ocean_post_title_background_color":"","ocean_post_title_background":0,"ocean_post_title_bg_image_position":"","ocean_post_title_bg_image_attachment":"","ocean_post_title_bg_image_repeat":"","ocean_post_title_bg_image_size":"","ocean_post_title_height":0,"ocean_post_title_bg_overlay":0.5,"ocean_post_title_bg_overlay_color":"","ocean_disable_breadcrumbs":"default","ocean_breadcrumbs_color":"","ocean_breadcrumbs_separator_color":"","ocean_breadcrumbs_links_color":"","ocean_breadcrumbs_links_hover_color":"","ocean_display_footer_widgets":"default","ocean_display_footer_bottom":"default","ocean_custom_footer_template":"0"},"product_brand":[],"product_cat":[23],"product_tag":[],"class_list":{"0":"post-853","1":"product","2":"type-product","3":"status-publish","4":"has-post-thumbnail","6":"product_cat-buchete","8":"entry","9":"has-media","11":"first","12":"instock","13":"sale","14":"taxable","15":"shipping-taxable","16":"purchasable","17":"product-type-variable","18":"has-product-nav","19":"col","20":"span_1_of_3","21":"owp-content-center","22":"item-entry","23":"owp-thumbs-layout-horizontal","24":"owp-btn-normal","25":"owp-tabs-layout-horizontal"},"_links":{"self":[{"href":"https:\/\/araflowers.ro\/en\/wp-json\/wp\/v2\/product\/853","targetHints":{"allow":["GET"]}}],"collection":[{"href":"https:\/\/araflowers.ro\/en\/wp-json\/wp\/v2\/product"}],"about":[{"href":"https:\/\/araflowers.ro\/en\/wp-json\/wp\/v2\/types\/product"}],"wp:featuredmedia":[{"embeddable":true,"href":"https:\/\/araflowers.ro\/en\/wp-json\/wp\/v2\/media\/857"}],"wp:attachment":[{"href":"https:\/\/araflowers.ro\/en\/wp-json\/wp\/v2\/media?parent=853"}],"wp:term":[{"taxonomy":"product_brand","embeddable":true,"href":"https:\/\/araflowers.ro\/en\/wp-json\/wp\/v2\/product_brand?post=853"},{"taxonomy":"product_cat","embeddable":true,"href":"https:\/\/araflowers.ro\/en\/wp-json\/wp\/v2\/product_cat?post=853"},{"taxonomy":"product_tag","embeddable":true,"href":"https:\/\/araflowers.ro\/en\/wp-json\/wp\/v2\/product_tag?post=853"}],"curies":[{"name":"wp","href":"https:\/\/api.w.org\/{rel}","templated":true}]}}