{"id":847,"date":"2022-07-19T12:04:34","date_gmt":"2022-07-19T12:04:34","guid":{"rendered":"https:\/\/araflowers.ro\/?post_type=product&#038;p=847"},"modified":"2026-02-19T14:27:37","modified_gmt":"2026-02-19T14:27:37","slug":"buchet-apus-ara-flowers","status":"publish","type":"product","link":"https:\/\/araflowers.ro\/en\/product\/buchet-apus-ara-flowers\/","title":{"rendered":"SUNSET bouquet"},"content":{"rendered":"<h3 class=\"\" data-start=\"0\" data-end=\"77\"><strong data-start=\"4\" data-end=\"75\">Buchet APUS \u2013 C\u0103ldur\u0103 \u0219i elegan\u021b\u0103 \u00een culorile soarelui la apus \ud83c\udf05\ud83c\udf38<\/strong><\/h3>\n<p class=\"\" data-start=\"79\" data-end=\"322\"><strong data-start=\"79\" data-end=\"96\">Buchetul APUS<\/strong> este o explozie de culoare \u0219i emo\u021bie, inspirat de frumuse\u021bea apusurilor spectaculoase. Nuan\u021bele calde de portocaliu, roz \u0219i ro\u0219u creeaz\u0103 un aranjament floral vibrant, ideal pentru a transmite c\u0103ldur\u0103, dragoste \u0219i admira\u021bie.<\/p>\n<hr class=\"\" data-start=\"324\" data-end=\"327\" \/>\n<h3 class=\"\" data-start=\"329\" data-end=\"381\"><strong data-start=\"333\" data-end=\"379\">\ud83c\udf05 Un buchet care surprinde magia apusului<\/strong><\/h3>\n<p class=\"\" data-start=\"382\" data-end=\"645\">Florile atent alese pentru acest buchet reflect\u0103 paleta de culori a unui apus de neuitat. Combina\u021bia de flori \u00een tonuri calde \u0219i luminoase creeaz\u0103 un efect vizual plin de energie \u0219i romantism, transform\u00e2nd acest buchet \u00eentr-un cadou special pentru orice ocazie.<\/p>\n<hr class=\"\" data-start=\"647\" data-end=\"650\" \/>\n<h3 class=\"\" data-start=\"652\" data-end=\"697\"><strong data-start=\"656\" data-end=\"695\">\ud83d\udc8c Felicitare personalizat\u0103 inclus\u0103<\/strong><\/h3>\n<p class=\"\" data-start=\"698\" data-end=\"869\">Fiecare buchet APUS vine \u00eenso\u021bit de <strong data-start=\"734\" data-end=\"756\">o felicitare cadou<\/strong>, personalizat\u0103 cu un mesaj caligrafic ales de tine. Un detaliu elegant care va face acest gest \u0219i mai special.<\/p>\n<hr class=\"\" data-start=\"871\" data-end=\"874\" \/>\n<h3 class=\"\" data-start=\"876\" data-end=\"920\"><strong data-start=\"880\" data-end=\"918\">\ud83d\ude9a Livrare gratuit\u0103 \u00een Cluj-Napoca<\/strong><\/h3>\n<p class=\"\" data-start=\"921\" data-end=\"1128\">Ne asigur\u0103m c\u0103 florile ajung \u00een stare perfect\u0103 la destinatar! Serviciul nostru de <strong data-start=\"1003\" data-end=\"1023\">livrare gratuit\u0103<\/strong> \u00een <strong data-start=\"1027\" data-end=\"1042\">Cluj-Napoca<\/strong> este realizat prin curieri proprii, garant\u00e2nd prospe\u021bimea \u0219i frumuse\u021bea buchetului.<\/p>\n<hr class=\"\" data-start=\"1130\" data-end=\"1133\" \/>\n<h3 class=\"\" data-start=\"1135\" data-end=\"1181\"><strong data-start=\"1139\" data-end=\"1179\">\u23f1 Livrare rapid\u0103 \u2013 aproximativ 3 ore<\/strong><\/h3>\n<p class=\"\" data-start=\"1182\" data-end=\"1340\">Comenzile sunt livrate <strong data-start=\"1205\" data-end=\"1229\">\u00een aproximativ 3 ore<\/strong> de la plasarea comenzii. Dac\u0103 comanda este efectuat\u0103 <strong data-start=\"1283\" data-end=\"1301\">dup\u0103 ora 17:00<\/strong>, livrarea va avea loc <strong data-start=\"1324\" data-end=\"1337\">a doua zi<\/strong>.<\/p>\n<hr class=\"\" data-start=\"1342\" data-end=\"1345\" \/>\n<h3 class=\"\" data-start=\"1347\" data-end=\"1379\"><strong data-start=\"1351\" data-end=\"1377\">\ud83c\udf81 Detalii importante:<\/strong><\/h3>\n<ul data-start=\"1380\" data-end=\"1721\">\n<li class=\"\" data-start=\"1380\" data-end=\"1544\">\n<p class=\"\" data-start=\"1382\" data-end=\"1544\"><strong data-start=\"1382\" data-end=\"1396\">Gift-urile<\/strong> din imagini sunt doar cu titlu de prezentare \u0219i nu sunt incluse \u00een pre\u021bul produsului. Acestea pot fi comandate separat din categoria <strong data-start=\"1530\" data-end=\"1541\">GIFTURI<\/strong>.<\/p>\n<\/li>\n<li class=\"\" data-start=\"1545\" data-end=\"1721\">\n<p class=\"\" data-start=\"1547\" data-end=\"1721\"><strong data-start=\"1547\" data-end=\"1574\">Disponibilitate \u0219i stoc<\/strong> \u2013 \u00cen func\u021bie de sezon \u0219i stoc, florile din buchet pot suferi mici modific\u0103ri, dar estetica \u0219i calitatea vor r\u0103m\u00e2ne la cele mai \u00eenalte standarde.<\/p>\n<\/li>\n<\/ul>\n<hr class=\"\" data-start=\"1723\" data-end=\"1726\" \/>\n<h3 class=\"\" data-start=\"1728\" data-end=\"1754\"><strong data-start=\"1732\" data-end=\"1752\">\ud83d\udce2 Comand\u0103 acum:<\/strong><\/h3>\n<p class=\"\" data-start=\"1755\" data-end=\"1888\">\u27a1\ufe0f <strong data-start=\"1758\" data-end=\"1770\">Website:<\/strong> <a class=\"\" href=\"http:\/\/araflowers.ro\/en\/\" target=\"_new\" rel=\"noopener\" data-start=\"1771\" data-end=\"1808\">araflowers.ro<\/a><br data-start=\"1808\" data-end=\"1811\" \/>\u27a1\ufe0f <strong data-start=\"1814\" data-end=\"1828\">Instagram:<\/strong> <a class=\"\" href=\"https:\/\/www.instagram.com\/araflowers.ro\" target=\"_new\" rel=\"noopener\" data-start=\"1829\" data-end=\"1886\">@araflowers.ro<\/a><\/p>","protected":false},"excerpt":{"rendered":"<h3 class=\"\" data-start=\"0\" data-end=\"77\"><strong data-start=\"4\" data-end=\"75\">Buchet APUS \u2013 C\u0103ldur\u0103 \u0219i elegan\u021b\u0103 \u00een culorile soarelui la apus \ud83c\udf05\ud83c\udf38<\/strong><\/h3>\n<p class=\"\" data-start=\"79\" data-end=\"322\"><strong data-start=\"79\" data-end=\"96\">Buchetul APUS<\/strong> este o explozie de culoare \u0219i emo\u021bie, inspirat de frumuse\u021bea apusurilor spectaculoase. Nuan\u021bele calde de portocaliu, roz \u0219i ro\u0219u creeaz\u0103 un aranjament floral vibrant, ideal pentru a transmite c\u0103ldur\u0103, dragoste \u0219i admira\u021bie.<\/p>\n<hr class=\"\" data-start=\"324\" data-end=\"327\" \/>\n<h3 class=\"\" data-start=\"329\" data-end=\"381\"><strong data-start=\"333\" data-end=\"379\">\ud83c\udf05 Un buchet care surprinde magia apusului<\/strong><\/h3>\n<p class=\"\" data-start=\"382\" data-end=\"645\">Florile atent alese pentru acest buchet reflect\u0103 paleta de culori a unui apus de neuitat. Combina\u021bia de flori \u00een tonuri calde \u0219i luminoase creeaz\u0103 un efect vizual plin de energie \u0219i romantism, transform\u00e2nd acest buchet \u00eentr-un cadou special pentru orice ocazie.<\/p>\n<hr class=\"\" data-start=\"647\" data-end=\"650\" \/>\n<h3 class=\"\" data-start=\"652\" data-end=\"697\"><strong data-start=\"656\" data-end=\"695\">\ud83d\udc8c Felicitare personalizat\u0103 inclus\u0103<\/strong><\/h3>\n<p class=\"\" data-start=\"698\" data-end=\"869\">Fiecare buchet APUS vine \u00eenso\u021bit de <strong data-start=\"734\" data-end=\"756\">o felicitare cadou<\/strong>, personalizat\u0103 cu un mesaj caligrafic ales de tine. Un detaliu elegant care va face acest gest \u0219i mai special.<\/p>\n<hr class=\"\" data-start=\"871\" data-end=\"874\" \/>\n<h3 class=\"\" data-start=\"876\" data-end=\"920\"><strong data-start=\"880\" data-end=\"918\">\ud83d\ude9a Livrare gratuit\u0103 \u00een Cluj-Napoca<\/strong><\/h3>\n<p class=\"\" data-start=\"921\" data-end=\"1128\">Ne asigur\u0103m c\u0103 florile ajung \u00een stare perfect\u0103 la destinatar! Serviciul nostru de <strong data-start=\"1003\" data-end=\"1023\">livrare gratuit\u0103<\/strong> \u00een <strong data-start=\"1027\" data-end=\"1042\">Cluj-Napoca<\/strong> este realizat prin curieri proprii, garant\u00e2nd prospe\u021bimea \u0219i frumuse\u021bea buchetului.<\/p>\n<hr class=\"\" data-start=\"1130\" data-end=\"1133\" \/>\n<h3 class=\"\" data-start=\"1135\" data-end=\"1181\"><strong data-start=\"1139\" data-end=\"1179\">\u23f1 Livrare rapid\u0103 \u2013 aproximativ 3 ore<\/strong><\/h3>\n<p class=\"\" data-start=\"1182\" data-end=\"1340\">Comenzile sunt livrate <strong data-start=\"1205\" data-end=\"1229\">\u00een aproximativ 3 ore<\/strong> de la plasarea comenzii. Dac\u0103 comanda este efectuat\u0103 <strong data-start=\"1283\" data-end=\"1301\">dup\u0103 ora 17:00<\/strong>, livrarea va avea loc <strong data-start=\"1324\" data-end=\"1337\">a doua zi<\/strong>.<\/p>\n<hr class=\"\" data-start=\"1342\" data-end=\"1345\" \/>\n<h3 class=\"\" data-start=\"1347\" data-end=\"1379\"><strong data-start=\"1351\" data-end=\"1377\">\ud83c\udf81 Detalii importante:<\/strong><\/h3>\n<ul data-start=\"1380\" data-end=\"1721\">\n<li class=\"\" data-start=\"1380\" data-end=\"1544\">\n<p class=\"\" data-start=\"1382\" data-end=\"1544\"><strong data-start=\"1382\" data-end=\"1396\">Gift-urile<\/strong> din imagini sunt doar cu titlu de prezentare \u0219i nu sunt incluse \u00een pre\u021bul produsului. Acestea pot fi comandate separat din categoria <strong data-start=\"1530\" data-end=\"1541\">GIFTURI<\/strong>.<\/p>\n<\/li>\n<li class=\"\" data-start=\"1545\" data-end=\"1721\">\n<p class=\"\" data-start=\"1547\" data-end=\"1721\"><strong data-start=\"1547\" data-end=\"1574\">Disponibilitate \u0219i stoc<\/strong> \u2013 \u00cen func\u021bie de sezon \u0219i stoc, florile din buchet pot suferi mici modific\u0103ri, dar estetica \u0219i calitatea vor r\u0103m\u00e2ne la cele mai \u00eenalte standarde.<\/p>\n<\/li>\n<\/ul>\n<hr class=\"\" data-start=\"1723\" data-end=\"1726\" \/>\n<h3 class=\"\" data-start=\"1728\" data-end=\"1754\"><strong data-start=\"1732\" data-end=\"1752\">\ud83d\udce2 Comand\u0103 acum:<\/strong><\/h3>\n<p class=\"\" data-start=\"1755\" data-end=\"1888\">\u27a1\ufe0f <strong data-start=\"1758\" data-end=\"1770\">Website:<\/strong> <a class=\"\" href=\"http:\/\/araflowers.ro\/en\/\" target=\"_new\" rel=\"noopener\" data-start=\"1771\" data-end=\"1808\">araflowers.ro<\/a><br data-start=\"1808\" data-end=\"1811\" \/>\u27a1\ufe0f <strong data-start=\"1814\" data-end=\"1828\">Instagram:<\/strong> <a class=\"\" href=\"https:\/\/www.instagram.com\/araflowers.ro\" target=\"_new\" rel=\"noopener\" data-start=\"1829\" data-end=\"1886\">@araflowers.ro<\/a><\/p>","protected":false},"featured_media":2568,"template":"","meta":{"ocean_post_layout":"full-screen","ocean_both_sidebars_style":"","ocean_both_sidebars_content_width":0,"ocean_both_sidebars_sidebars_width":0,"ocean_sidebar":"0","ocean_second_sidebar":"0","ocean_disable_margins":"enable","ocean_add_body_class":"","ocean_shortcode_before_top_bar":"","ocean_shortcode_after_top_bar":"","ocean_shortcode_before_header":"","ocean_shortcode_after_header":"","ocean_has_shortcode":"","ocean_shortcode_after_title":"","ocean_shortcode_before_footer_widgets":"","ocean_shortcode_after_footer_widgets":"","ocean_shortcode_before_footer_bottom":"","ocean_shortcode_after_footer_bottom":"","ocean_display_top_bar":"default","ocean_display_header":"default","ocean_header_style":"","ocean_center_header_left_menu":"0","ocean_custom_header_template":"0","ocean_custom_logo":0,"ocean_custom_retina_logo":0,"ocean_custom_logo_max_width":0,"ocean_custom_logo_tablet_max_width":0,"ocean_custom_logo_mobile_max_width":0,"ocean_custom_logo_max_height":0,"ocean_custom_logo_tablet_max_height":0,"ocean_custom_logo_mobile_max_height":0,"ocean_header_custom_menu":"0","ocean_menu_typo_font_family":"0","ocean_menu_typo_font_subset":"","ocean_menu_typo_font_size":0,"ocean_menu_typo_font_size_tablet":0,"ocean_menu_typo_font_size_mobile":0,"ocean_menu_typo_font_size_unit":"px","ocean_menu_typo_font_weight":"","ocean_menu_typo_font_weight_tablet":"","ocean_menu_typo_font_weight_mobile":"","ocean_menu_typo_transform":"","ocean_menu_typo_transform_tablet":"","ocean_menu_typo_transform_mobile":"","ocean_menu_typo_line_height":0,"ocean_menu_typo_line_height_tablet":0,"ocean_menu_typo_line_height_mobile":0,"ocean_menu_typo_line_height_unit":"","ocean_menu_typo_spacing":0,"ocean_menu_typo_spacing_tablet":0,"ocean_menu_typo_spacing_mobile":0,"ocean_menu_typo_spacing_unit":"","ocean_menu_link_color":"","ocean_menu_link_color_hover":"","ocean_menu_link_color_active":"","ocean_menu_link_background":"","ocean_menu_link_hover_background":"","ocean_menu_link_active_background":"","ocean_menu_social_links_bg":"","ocean_menu_social_hover_links_bg":"","ocean_menu_social_links_color":"","ocean_menu_social_hover_links_color":"","ocean_disable_title":"default","ocean_disable_heading":"default","ocean_post_title":"","ocean_post_subheading":"","ocean_post_title_style":"","ocean_post_title_background_color":"","ocean_post_title_background":0,"ocean_post_title_bg_image_position":"","ocean_post_title_bg_image_attachment":"","ocean_post_title_bg_image_repeat":"","ocean_post_title_bg_image_size":"","ocean_post_title_height":0,"ocean_post_title_bg_overlay":0.5,"ocean_post_title_bg_overlay_color":"","ocean_disable_breadcrumbs":"default","ocean_breadcrumbs_color":"","ocean_breadcrumbs_separator_color":"","ocean_breadcrumbs_links_color":"","ocean_breadcrumbs_links_hover_color":"","ocean_display_footer_widgets":"default","ocean_display_footer_bottom":"default","ocean_custom_footer_template":"0"},"product_brand":[],"product_cat":[23],"product_tag":[],"class_list":{"0":"post-847","1":"product","2":"type-product","3":"status-publish","4":"has-post-thumbnail","6":"product_cat-buchete","8":"entry","9":"has-media","11":"first","12":"instock","13":"sale","14":"taxable","15":"shipping-taxable","16":"purchasable","17":"product-type-variable","18":"has-product-nav","19":"col","20":"span_1_of_3","21":"owp-content-center","22":"item-entry","23":"owp-thumbs-layout-horizontal","24":"owp-btn-normal","25":"owp-tabs-layout-horizontal"},"_links":{"self":[{"href":"https:\/\/araflowers.ro\/en\/wp-json\/wp\/v2\/product\/847","targetHints":{"allow":["GET"]}}],"collection":[{"href":"https:\/\/araflowers.ro\/en\/wp-json\/wp\/v2\/product"}],"about":[{"href":"https:\/\/araflowers.ro\/en\/wp-json\/wp\/v2\/types\/product"}],"wp:featuredmedia":[{"embeddable":true,"href":"https:\/\/araflowers.ro\/en\/wp-json\/wp\/v2\/media\/2568"}],"wp:attachment":[{"href":"https:\/\/araflowers.ro\/en\/wp-json\/wp\/v2\/media?parent=847"}],"wp:term":[{"taxonomy":"product_brand","embeddable":true,"href":"https:\/\/araflowers.ro\/en\/wp-json\/wp\/v2\/product_brand?post=847"},{"taxonomy":"product_cat","embeddable":true,"href":"https:\/\/araflowers.ro\/en\/wp-json\/wp\/v2\/product_cat?post=847"},{"taxonomy":"product_tag","embeddable":true,"href":"https:\/\/araflowers.ro\/en\/wp-json\/wp\/v2\/product_tag?post=847"}],"curies":[{"name":"wp","href":"https:\/\/api.w.org\/{rel}","templated":true}]}}