{"id":836,"date":"2022-07-19T11:58:51","date_gmt":"2022-07-19T11:58:51","guid":{"rendered":"https:\/\/araflowers.ro\/?post_type=product&#038;p=836"},"modified":"2026-02-19T14:26:31","modified_gmt":"2026-02-19T14:26:31","slug":"buchet-trandafiri-rosii-superb","status":"publish","type":"product","link":"https:\/\/araflowers.ro\/en\/product\/buchet-trandafiri-rosii-superb\/","title":{"rendered":"Buchet Trandafiri Ro\u0219ii Superb"},"content":{"rendered":"<h4 data-start=\"74\" data-end=\"142\">Specifica\u021bii Produs:<\/h4>\n<p>Dimensiuni:<\/p>\n<ul>\n<li>Small: 17 trandafiri &#8211;\u00a0 Panglic\u0103\u00a0 &#8211; Felicitare Cadou<\/li>\n<li>Medium: 25 trandafiri &#8211; Panglic\u0103\u00a0 &#8211; Felicitare Cadou<\/li>\n<li>Large: 63 trandafiri &#8211; Panglic\u0103\u00a0 &#8211; Felicitare Cadou<\/li>\n<\/ul>\n<p>Orice Comand\u0103 vine \u00eenso\u021bit\u0103 de felicitare CADOU cu mesajul ales de dumneavostr\u0103.<\/p>\n<h3 class=\"\" data-start=\"0\" data-end=\"102\"><strong data-start=\"4\" data-end=\"100\">Buchet Trandafiri Ro\u0219ii Superb \u2013 Elegan\u021b\u0103 \u0219i pasiune \u00eentr-un aranjament floral deosebit\u00a0<\/strong><\/h3>\n<p class=\"\" data-start=\"104\" data-end=\"380\">Buchetul <strong data-start=\"113\" data-end=\"140\">Trandafiri Ro\u0219ii Superb<\/strong> este simbolul iubirii, al pasiunii \u0219i al elegan\u021bei des\u0103v\u00e2r\u0219ite. Fiecare trandafir este ales cu grij\u0103 pentru a oferi un aspect impecabil, iar aranjamentul s\u0103u clasic \u0219i rafinat \u00eel transform\u0103 \u00een cadoul perfect pentru orice ocazie special\u0103.<\/p>\n<hr class=\"\" data-start=\"382\" data-end=\"385\" \/>\n<h3 class=\"\" data-start=\"387\" data-end=\"454\"><strong data-start=\"391\" data-end=\"452\">Trandafirii ro\u0219ii \u2013 simbolul dragostei \u0219i al elegan\u021bei<\/strong><\/h3>\n<p class=\"\" data-start=\"455\" data-end=\"705\">Fie c\u0103 vrei s\u0103 \u00ee\u021bi exprimi sentimentele profunde sau s\u0103 surprinzi o persoan\u0103 drag\u0103, acest buchet este alegerea ideal\u0103. Trandafirii ro\u0219ii transmit emo\u021bie \u0219i romantism, fiind potrivi\u021bi pentru anivers\u0103ri, declara\u021bii de iubire sau gesturi de apreciere.<\/p>\n<hr class=\"\" data-start=\"707\" data-end=\"710\" \/>\n<h3 class=\"\" data-start=\"712\" data-end=\"757\"><strong data-start=\"716\" data-end=\"755\">\u00a0Felicitare personalizat\u0103 inclus\u0103<\/strong><\/h3>\n<p class=\"\" data-start=\"758\" data-end=\"983\">Pentru un plus de elegan\u021b\u0103, buchetul vine \u00eenso\u021bit de <strong data-start=\"811\" data-end=\"833\">o felicitare cadou<\/strong>, pe care o vom personaliza cu un mesaj caligrafic special ales de tine. Astfel, vei ad\u0103uga un strop de rafinament \u0219i unicitate acestui dar minunat.<\/p>\n<hr class=\"\" data-start=\"985\" data-end=\"988\" \/>\n<h3 class=\"\" data-start=\"990\" data-end=\"1034\"><strong data-start=\"994\" data-end=\"1032\">\u00a0Livrare gratuit\u0103 \u00een Cluj-Napoca<\/strong><\/h3>\n<p class=\"\" data-start=\"1035\" data-end=\"1255\">Buchetul va ajunge \u00een stare perfect\u0103 la destina\u021bie datorit\u0103 serviciului nostru de <strong data-start=\"1117\" data-end=\"1152\">livrare gratuit\u0103 \u00een Cluj-Napoca<\/strong>. Transportul este asigurat prin curieri proprii, astfel \u00eenc\u00e2t prospe\u021bimea florilor s\u0103 fie garantat\u0103.<\/p>\n<hr class=\"\" data-start=\"1257\" data-end=\"1260\" \/>\n<h3 class=\"\" data-start=\"1262\" data-end=\"1308\"><strong data-start=\"1266\" data-end=\"1306\">\u00a0Livrare rapid\u0103 \u2013 aproximativ 3 ore<\/strong><\/h3>\n<p class=\"\" data-start=\"1309\" data-end=\"1452\">Comenzile sunt onorate \u00een <strong data-start=\"1335\" data-end=\"1356\">aproximativ 3 ore<\/strong> de la plasare. Dac\u0103 finalizezi comanda <strong data-start=\"1396\" data-end=\"1414\">dup\u0103 ora 17:00<\/strong>, livrarea se va face <strong data-start=\"1436\" data-end=\"1449\">a doua zi<\/strong>.<\/p>\n<hr class=\"\" data-start=\"1454\" data-end=\"1457\" \/>\n<h3 class=\"\" data-start=\"1459\" data-end=\"1491\"><strong data-start=\"1463\" data-end=\"1489\">\u00a0Detalii importante:<\/strong><\/h3>\n<ul data-start=\"1492\" data-end=\"1842\">\n<li class=\"\" data-start=\"1492\" data-end=\"1656\">\n<p class=\"\" data-start=\"1494\" data-end=\"1656\"><strong data-start=\"1494\" data-end=\"1508\">Gift-urile<\/strong> din imagini sunt doar cu titlu de prezentare \u0219i nu sunt incluse \u00een pre\u021bul produsului. Acestea pot fi comandate separat din categoria <strong data-start=\"1642\" data-end=\"1653\">GIFTURI<\/strong>.<\/p>\n<\/li>\n<li class=\"\" data-start=\"1657\" data-end=\"1842\">\n<p class=\"\" data-start=\"1659\" data-end=\"1842\"><strong data-start=\"1659\" data-end=\"1686\">Disponibilitate \u0219i stoc<\/strong> \u2013 \u00cen func\u021bie de sezon \u0219i stoc, florile pot suferi mici modific\u0103ri, \u00eens\u0103 aspectul \u0219i calitatea buchetului vor fi \u00eentotdeauna la cele mai \u00eenalte standarde.<\/p>\n<\/li>\n<\/ul>\n<hr class=\"\" data-start=\"1844\" data-end=\"1847\" \/>\n<h3 class=\"\" data-start=\"1849\" data-end=\"1875\"><strong data-start=\"1853\" data-end=\"1873\">\ud83d\udce2 Comand\u0103 acum:<\/strong><\/h3>\n<p class=\"\" data-start=\"1876\" data-end=\"2009\">\u27a1\ufe0f <strong data-start=\"1879\" data-end=\"1891\">Website:<\/strong> <a class=\"\" href=\"http:\/\/araflowers.ro\/en\/\" target=\"_new\" rel=\"noopener\" data-start=\"1892\" data-end=\"1929\">araflowers.ro<\/a><br data-start=\"1929\" data-end=\"1932\" \/>\u27a1\ufe0f <strong data-start=\"1935\" data-end=\"1949\">Instagram:<\/strong> <a class=\"\" href=\"https:\/\/www.instagram.com\/araflowers.ro\" target=\"_new\" rel=\"noopener\" data-start=\"1950\" data-end=\"2007\">@araflowers.ro<\/a><\/p>","protected":false},"excerpt":{"rendered":"<h3 class=\"\" data-start=\"0\" data-end=\"74\"><strong data-start=\"4\" data-end=\"72\">Buchet Trandafiri Ro\u0219ii Superb \u2013 Simbolul Iubirii \u0219i Pasiunii<\/strong><\/h3>\n<h4 class=\"\" data-start=\"76\" data-end=\"130\"><strong data-start=\"81\" data-end=\"128\">\u2764\ufe0f Elegan\u021b\u0103 \u0219i rafinament \u00een fiecare floare<\/strong><\/h4>\n<p class=\"\" data-start=\"132\" data-end=\"367\">Buchetul <strong data-start=\"141\" data-end=\"168\">Trandafiri Ro\u0219ii Superb<\/strong> este expresia suprem\u0103 a iubirii \u0219i pasiunii, un simbol atemporal al romantismului. Cu un design clasic \u0219i sofisticat, acest buchet grandios este alegerea ideal\u0103 pentru a surprinde persoana iubit\u0103.<\/p>\n<p class=\"\" data-start=\"369\" data-end=\"564\">Buchetul prezentat \u00een imagini este de m\u0103rimea <strong data-start=\"415\" data-end=\"428\">Large (L)<\/strong> \u0219i con\u021bine: <strong data-start=\"441\" data-end=\"510\">trandafiri ro\u0219ii de calitate premium \u0219i alte materiale decorative<\/strong>, atent aranjate pentru un efect vizual spectaculos.<\/p>\n<hr class=\"\" data-start=\"566\" data-end=\"569\" \/>\n<h2 class=\"\" data-start=\"571\" data-end=\"615\"><strong data-start=\"574\" data-end=\"613\">\ud83c\udf39 Ce reprezint\u0103 trandafirii ro\u0219ii?<\/strong><\/h2>\n<p class=\"\" data-start=\"617\" data-end=\"884\">Trandafirii ro\u0219ii sunt un simbol universal al iubirii, pasiunii \u0219i devotamentului. De-a lungul istoriei, aceste flori au fost oferite ca dovad\u0103 a sentimentelor puternice, fie c\u0103 este vorba despre o rela\u021bie romantic\u0103, o cerere \u00een c\u0103s\u0103torie sau o aniversare special\u0103.<\/p>\n<p class=\"\" data-start=\"886\" data-end=\"931\">Fiecare floare are o semnifica\u021bie profund\u0103:<\/p>\n<ul data-start=\"932\" data-end=\"1159\">\n<li class=\"\" data-start=\"932\" data-end=\"1008\">\n<p class=\"\" data-start=\"934\" data-end=\"1008\"><strong data-start=\"934\" data-end=\"965\">\ud83c\udf39 Un singur trandafir ro\u0219u<\/strong> \u2013 simbolizeaz\u0103 dragoste la prima vedere.<\/p>\n<\/li>\n<li class=\"\" data-start=\"1009\" data-end=\"1062\">\n<p class=\"\" data-start=\"1011\" data-end=\"1062\"><strong data-start=\"1011\" data-end=\"1037\">\ud83c\udf39\ud83c\udf39\ud83c\udf39 Trei trandafiri<\/strong> \u2013 exprim\u0103 &#8222;Te iubesc&#8221;.<\/p>\n<\/li>\n<li class=\"\" data-start=\"1063\" data-end=\"1159\">\n<p class=\"\" data-start=\"1065\" data-end=\"1159\"><strong data-start=\"1065\" data-end=\"1111\">\ud83c\udf39\ud83c\udf39\ud83c\udf39\ud83c\udf39\ud83c\udf39 Un buchet generos de trandafiri<\/strong> \u2013 transmite pasiune, admira\u021bie \u0219i angajament.<\/p>\n<\/li>\n<\/ul>\n<hr class=\"\" data-start=\"1161\" data-end=\"1164\" \/>\n<h2 class=\"\" data-start=\"1166\" data-end=\"1234\"><strong data-start=\"1169\" data-end=\"1232\">\ud83c\udf81 Ocazii potrivite pentru Buchetul Trandafiri Ro\u0219ii Superb<\/strong><\/h2>\n<p class=\"\" data-start=\"1236\" data-end=\"1294\">Buchetul este perfect pentru numeroase momente speciale:<\/p>\n<h3 class=\"\" data-start=\"1296\" data-end=\"1341\"><strong data-start=\"1300\" data-end=\"1339\">\ud83d\udc96 Ziua \u00cendr\u0103gosti\u021bilor &amp; Dragobete<\/strong><\/h3>\n<p class=\"\" data-start=\"1342\" data-end=\"1466\">Nu exist\u0103 un cadou mai potrivit pentru Ziua \u00cendr\u0103gosti\u021bilor sau Dragobete dec\u00e2t un buchet spectaculos de trandafiri ro\u0219ii.<\/p>\n<h3 class=\"\" data-start=\"1468\" data-end=\"1510\"><strong data-start=\"1472\" data-end=\"1508\">\ud83c\udf82 Anivers\u0103ri \u0219i Zile de Na\u0219tere<\/strong><\/h3>\n<p class=\"\" data-start=\"1511\" data-end=\"1637\">Un buchet de trandafiri este alegerea ideal\u0103 pentru a celebra o aniversare sau pentru a oferi un cadou elegant \u0219i memorabil.<\/p>\n<h3 class=\"\" data-start=\"1639\" data-end=\"1679\"><strong data-start=\"1643\" data-end=\"1677\">\ud83d\udc8d Cereri \u00een c\u0103s\u0103torie &amp; Nun\u021bi<\/strong><\/h3>\n<p class=\"\" data-start=\"1680\" data-end=\"1826\">Un aranjament floral cu trandafiri ro\u0219ii poate \u00eenso\u021bi momentul unic al unei cereri \u00een c\u0103s\u0103torie sau poate completa decorul unei nun\u021bi romantice.<\/p>\n<h3 class=\"\" data-start=\"1828\" data-end=\"1881\"><strong data-start=\"1832\" data-end=\"1879\">\ud83c\udf93 Evenimente speciale \u0219i reu\u0219ite personale<\/strong><\/h3>\n<p class=\"\" data-start=\"1882\" data-end=\"2042\">Trandafirii ro\u0219ii pot fi oferi\u021bi pentru a felicita pe cineva pentru o reu\u0219it\u0103 important\u0103, fie c\u0103 este vorba de absolvire, promovare sau un succes profesional.<\/p>\n<hr class=\"\" data-start=\"2044\" data-end=\"2047\" \/>\n<h2 class=\"\" data-start=\"2049\" data-end=\"2109\"><strong data-start=\"2052\" data-end=\"2107\">\ud83c\udf1f De ce s\u0103 alegi Buchetul Trandafiri Ro\u0219ii Superb?<\/strong><\/h2>\n<p class=\"\" data-start=\"2111\" data-end=\"2331\">\u2714\ufe0f <strong data-start=\"2114\" data-end=\"2164\">Flori premium, proaspete \u0219i atent selec\u021bionate<\/strong><br data-start=\"2164\" data-end=\"2167\" \/>\u2714\ufe0f <strong data-start=\"2170\" data-end=\"2235\">Design elegant \u0219i rafinat, ideal pentru orice ocazie special\u0103<\/strong><br data-start=\"2235\" data-end=\"2238\" \/>\u2714\ufe0f <strong data-start=\"2241\" data-end=\"2295\">Disponibil \u00een mai multe m\u0103rimi, inclusiv Large (L)<\/strong><br data-start=\"2295\" data-end=\"2298\" \/>\u2714\ufe0f <strong data-start=\"2301\" data-end=\"2329\">Livrare rapid\u0103 \u0219i sigur\u0103<\/strong><\/p>\n<hr class=\"\" data-start=\"2333\" data-end=\"2336\" \/>\n<h2 class=\"\" data-start=\"2338\" data-end=\"2400\"><strong data-start=\"2341\" data-end=\"2398\">\ud83d\udcf2 Cum po\u021bi comanda Buchetul Trandafiri Ro\u0219ii Superb?<\/strong><\/h2>\n<p class=\"\" data-start=\"2402\" data-end=\"2571\">\ud83d\udcf7 <strong data-start=\"2405\" data-end=\"2430\">Comand\u0103 pe Instagram:<\/strong> <a class=\"\" href=\"https:\/\/www.instagram.com\/araflowers.ro\/\" target=\"_new\" rel=\"noopener\" data-start=\"2431\" data-end=\"2500\">Instagram: @araflowers.ro<\/a><br data-start=\"2500\" data-end=\"2503\" \/>\ud83c\udf0d <strong data-start=\"2506\" data-end=\"2529\">Comand\u0103 pe website:<\/strong> <a class=\"\" href=\"https:\/\/araflowers.ro\/en\/\" target=\"_new\" rel=\"noopener\" data-start=\"2530\" data-end=\"2569\">araflowers.ro<\/a><\/p>\n<p class=\"\" data-start=\"2573\" data-end=\"2676\">Alege elegan\u021ba \u0219i simbolul iubirii oferind <strong data-start=\"2616\" data-end=\"2652\">Buchetul Trandafiri Ro\u0219ii Superb<\/strong> persoanei dragi! \u2764\ufe0f\ud83c\udf39<\/p>\n<hr class=\"\" data-start=\"2678\" data-end=\"2681\" \/>","protected":false},"featured_media":840,"template":"","meta":{"ocean_post_layout":"full-screen","ocean_both_sidebars_style":"","ocean_both_sidebars_content_width":0,"ocean_both_sidebars_sidebars_width":0,"ocean_sidebar":"0","ocean_second_sidebar":"0","ocean_disable_margins":"enable","ocean_add_body_class":"","ocean_shortcode_before_top_bar":"","ocean_shortcode_after_top_bar":"","ocean_shortcode_before_header":"","ocean_shortcode_after_header":"","ocean_has_shortcode":"","ocean_shortcode_after_title":"","ocean_shortcode_before_footer_widgets":"","ocean_shortcode_after_footer_widgets":"","ocean_shortcode_before_footer_bottom":"","ocean_shortcode_after_footer_bottom":"","ocean_display_top_bar":"default","ocean_display_header":"default","ocean_header_style":"","ocean_center_header_left_menu":"0","ocean_custom_header_template":"0","ocean_custom_logo":0,"ocean_custom_retina_logo":0,"ocean_custom_logo_max_width":0,"ocean_custom_logo_tablet_max_width":0,"ocean_custom_logo_mobile_max_width":0,"ocean_custom_logo_max_height":0,"ocean_custom_logo_tablet_max_height":0,"ocean_custom_logo_mobile_max_height":0,"ocean_header_custom_menu":"0","ocean_menu_typo_font_family":"0","ocean_menu_typo_font_subset":"","ocean_menu_typo_font_size":0,"ocean_menu_typo_font_size_tablet":0,"ocean_menu_typo_font_size_mobile":0,"ocean_menu_typo_font_size_unit":"px","ocean_menu_typo_font_weight":"","ocean_menu_typo_font_weight_tablet":"","ocean_menu_typo_font_weight_mobile":"","ocean_menu_typo_transform":"","ocean_menu_typo_transform_tablet":"","ocean_menu_typo_transform_mobile":"","ocean_menu_typo_line_height":0,"ocean_menu_typo_line_height_tablet":0,"ocean_menu_typo_line_height_mobile":0,"ocean_menu_typo_line_height_unit":"","ocean_menu_typo_spacing":0,"ocean_menu_typo_spacing_tablet":0,"ocean_menu_typo_spacing_mobile":0,"ocean_menu_typo_spacing_unit":"","ocean_menu_link_color":"","ocean_menu_link_color_hover":"","ocean_menu_link_color_active":"","ocean_menu_link_background":"","ocean_menu_link_hover_background":"","ocean_menu_link_active_background":"","ocean_menu_social_links_bg":"","ocean_menu_social_hover_links_bg":"","ocean_menu_social_links_color":"","ocean_menu_social_hover_links_color":"","ocean_disable_title":"default","ocean_disable_heading":"default","ocean_post_title":"","ocean_post_subheading":"","ocean_post_title_style":"","ocean_post_title_background_color":"","ocean_post_title_background":0,"ocean_post_title_bg_image_position":"","ocean_post_title_bg_image_attachment":"","ocean_post_title_bg_image_repeat":"","ocean_post_title_bg_image_size":"","ocean_post_title_height":0,"ocean_post_title_bg_overlay":0.5,"ocean_post_title_bg_overlay_color":"","ocean_disable_breadcrumbs":"default","ocean_breadcrumbs_color":"","ocean_breadcrumbs_separator_color":"","ocean_breadcrumbs_links_color":"","ocean_breadcrumbs_links_hover_color":"","ocean_display_footer_widgets":"default","ocean_display_footer_bottom":"default","ocean_custom_footer_template":"0"},"product_brand":[],"product_cat":[23,64],"product_tag":[],"class_list":{"0":"post-836","1":"product","2":"type-product","3":"status-publish","4":"has-post-thumbnail","6":"product_cat-buchete","7":"product_cat-valentines-day","9":"entry","10":"has-media","12":"first","13":"instock","14":"sale","15":"taxable","16":"shipping-taxable","17":"purchasable","18":"product-type-variable","19":"has-product-nav","20":"col","21":"span_1_of_3","22":"owp-content-center","23":"item-entry","24":"owp-thumbs-layout-horizontal","25":"owp-btn-normal","26":"owp-tabs-layout-horizontal"},"_links":{"self":[{"href":"https:\/\/araflowers.ro\/en\/wp-json\/wp\/v2\/product\/836","targetHints":{"allow":["GET"]}}],"collection":[{"href":"https:\/\/araflowers.ro\/en\/wp-json\/wp\/v2\/product"}],"about":[{"href":"https:\/\/araflowers.ro\/en\/wp-json\/wp\/v2\/types\/product"}],"wp:featuredmedia":[{"embeddable":true,"href":"https:\/\/araflowers.ro\/en\/wp-json\/wp\/v2\/media\/840"}],"wp:attachment":[{"href":"https:\/\/araflowers.ro\/en\/wp-json\/wp\/v2\/media?parent=836"}],"wp:term":[{"taxonomy":"product_brand","embeddable":true,"href":"https:\/\/araflowers.ro\/en\/wp-json\/wp\/v2\/product_brand?post=836"},{"taxonomy":"product_cat","embeddable":true,"href":"https:\/\/araflowers.ro\/en\/wp-json\/wp\/v2\/product_cat?post=836"},{"taxonomy":"product_tag","embeddable":true,"href":"https:\/\/araflowers.ro\/en\/wp-json\/wp\/v2\/product_tag?post=836"}],"curies":[{"name":"wp","href":"https:\/\/api.w.org\/{rel}","templated":true}]}}