{"id":3015,"date":"2025-11-06T13:32:50","date_gmt":"2025-11-06T13:32:50","guid":{"rendered":"https:\/\/araflowers.ro\/?post_type=product&#038;p=3015"},"modified":"2025-12-09T12:58:12","modified_gmt":"2025-12-09T12:58:12","slug":"pachet-duo-soft","status":"publish","type":"product","link":"https:\/\/araflowers.ro\/en\/product\/pachet-duo-soft\/","title":{"rendered":"Pachet Duo soft"},"content":{"rendered":"<h4 data-start=\"74\" data-end=\"142\">Specifica\u021bii Produs:<\/h4>\n<ul>\n<li>1 buchet din 3 hortensii, 5 lisiantus, 3 trandafiri,ambalaj \u0219i panglic\u0103<\/li>\n<li>1 cutie din catifea cu 2 hortensii, 5 trandafiri, 4 lisiantus+ panglic\u0103<\/li>\n<\/ul>\n<p>Orice Comand\u0103 vine \u00eenso\u021bit\u0103 de felicitare CADOU cu mesajul ales de dumneavostr\u0103.<\/p>\n<p class=\"\" data-start=\"250\" data-end=\"482\">Acest pachet contine un buchet plus un aranjament din\u00a0 flori proaspete, imitand delicatetea si complexitatea acestora\u00a0 cu tenta calda.<\/p>\n<p class=\"\" data-start=\"250\" data-end=\"482\">Pretul include aceste 2 produse insa pentru achizitionarea lor separat, contactati atelierul nostru, ARA Flowers.<\/p>\n<p class=\"\" data-start=\"250\" data-end=\"482\">Produsele de pe acest site sunt orientative, iar printr-un apel telefonic se pot \u00eendeplini diferite dorin\u021be \u00een materie floristic\u0103. P\u00e2n\u0103 la urm\u0103, suntem o familie de arti\u0219ti \u0219i abia a\u0219tept\u0103m s\u0103 ne pune\u021bi creativitatea la \u00eencercare.<\/p>\n<p class=\"\" data-start=\"484\" data-end=\"869\">Pre\u021bul produsului pe care l-a\u021bi ales din Atelierul ARA Flowers include o felicitare cadou, pe care vom scrie caligrafic textul ales de dumneavoastr\u0103. Serviciul de livrare flori este gratuit \u00een Cluj-Napoca \u0219i func\u021bioneaz\u0103 prin curieri proprii, astfel \u00eenc\u00e2t florile s\u0103 ajung\u0103 \u00een stare perfect\u0103 la destinatarul ales. \u00cen func\u021bie de stoc \u0219i de sezon, produsele pot suferi mici modific\u0103ri.<\/p>\n<p class=\"\" data-start=\"871\" data-end=\"1037\">Gift-urile sunt cu titlu de prezentare \u0219i nu sunt incluse \u00een pre\u021bul produsului, \u00eens\u0103 acestea pot fi comandate al\u0103turi de produsele dorite din categoria <strong data-start=\"1023\" data-end=\"1034\">GIFTURI<\/strong>.<\/p>\n<p class=\"\" data-start=\"1039\" data-end=\"1085\">Delivery time is estimated to 3 hours.<\/p>\n<p class=\"\" data-start=\"1087\" data-end=\"1145\">Comenzile plasate dup\u0103 ora 17:00 vor fi livrate a doua zi!<\/p>","protected":false},"excerpt":{"rendered":"<h4 data-start=\"74\" data-end=\"142\">Specifica\u021bii Produs:<\/h4>\n<ul>\n<li>1 buchet din 3 hortensii, 5 lisiantus, 3 trandafiri,ambalaj \u0219i panglic\u0103<\/li>\n<li>1 cutie din catifea cu 2 hortensii, 5 trandafiri, 4 lisiantus+ panglic\u0103<\/li>\n<\/ul>\n<p>Orice Comand\u0103 vine \u00eenso\u021bit\u0103 de felicitare CADOU cu mesajul ales de dumneavostr\u0103.<\/p>","protected":false},"featured_media":3016,"template":"","meta":{"ocean_post_layout":"","ocean_both_sidebars_style":"","ocean_both_sidebars_content_width":0,"ocean_both_sidebars_sidebars_width":0,"ocean_sidebar":"0","ocean_second_sidebar":"0","ocean_disable_margins":"enable","ocean_add_body_class":"","ocean_shortcode_before_top_bar":"","ocean_shortcode_after_top_bar":"","ocean_shortcode_before_header":"","ocean_shortcode_after_header":"","ocean_has_shortcode":"","ocean_shortcode_after_title":"","ocean_shortcode_before_footer_widgets":"","ocean_shortcode_after_footer_widgets":"","ocean_shortcode_before_footer_bottom":"","ocean_shortcode_after_footer_bottom":"","ocean_display_top_bar":"default","ocean_display_header":"default","ocean_header_style":"","ocean_center_header_left_menu":"0","ocean_custom_header_template":"0","ocean_custom_logo":0,"ocean_custom_retina_logo":0,"ocean_custom_logo_max_width":0,"ocean_custom_logo_tablet_max_width":0,"ocean_custom_logo_mobile_max_width":0,"ocean_custom_logo_max_height":0,"ocean_custom_logo_tablet_max_height":0,"ocean_custom_logo_mobile_max_height":0,"ocean_header_custom_menu":"0","ocean_menu_typo_font_family":"0","ocean_menu_typo_font_subset":"","ocean_menu_typo_font_size":0,"ocean_menu_typo_font_size_tablet":0,"ocean_menu_typo_font_size_mobile":0,"ocean_menu_typo_font_size_unit":"px","ocean_menu_typo_font_weight":"","ocean_menu_typo_font_weight_tablet":"","ocean_menu_typo_font_weight_mobile":"","ocean_menu_typo_transform":"","ocean_menu_typo_transform_tablet":"","ocean_menu_typo_transform_mobile":"","ocean_menu_typo_line_height":0,"ocean_menu_typo_line_height_tablet":0,"ocean_menu_typo_line_height_mobile":0,"ocean_menu_typo_line_height_unit":"","ocean_menu_typo_spacing":0,"ocean_menu_typo_spacing_tablet":0,"ocean_menu_typo_spacing_mobile":0,"ocean_menu_typo_spacing_unit":"","ocean_menu_link_color":"","ocean_menu_link_color_hover":"","ocean_menu_link_color_active":"","ocean_menu_link_background":"","ocean_menu_link_hover_background":"","ocean_menu_link_active_background":"","ocean_menu_social_links_bg":"","ocean_menu_social_hover_links_bg":"","ocean_menu_social_links_color":"","ocean_menu_social_hover_links_color":"","ocean_disable_title":"default","ocean_disable_heading":"default","ocean_post_title":"","ocean_post_subheading":"","ocean_post_title_style":"","ocean_post_title_background_color":"","ocean_post_title_background":0,"ocean_post_title_bg_image_position":"","ocean_post_title_bg_image_attachment":"","ocean_post_title_bg_image_repeat":"","ocean_post_title_bg_image_size":"","ocean_post_title_height":0,"ocean_post_title_bg_overlay":0.5,"ocean_post_title_bg_overlay_color":"","ocean_disable_breadcrumbs":"default","ocean_breadcrumbs_color":"","ocean_breadcrumbs_separator_color":"","ocean_breadcrumbs_links_color":"","ocean_breadcrumbs_links_hover_color":"","ocean_display_footer_widgets":"default","ocean_display_footer_bottom":"default","ocean_custom_footer_template":"0"},"product_brand":[],"product_cat":[15],"product_tag":[148,167,171,149,162,67,169,170,168,172],"class_list":{"0":"post-3015","1":"product","2":"type-product","3":"status-publish","4":"has-post-thumbnail","6":"product_cat-fara-categorie","7":"product_tag-aranjamente-florale","8":"product_tag-buchet-de-flori","9":"product_tag-cadou-pentru-ea","10":"product_tag-flori","11":"product_tag-flori-proaspete","12":"product_tag-livrare-flori-cluj","13":"product_tag-livraregratuita","14":"product_tag-mix-de-flori","15":"product_tag-pachet-de-flori","16":"product_tag-pachet-floral","18":"entry","19":"has-media","21":"first","22":"instock","23":"sale","24":"taxable","25":"shipping-taxable","26":"purchasable","27":"product-type-simple","28":"has-product-nav","29":"col","30":"span_1_of_3","31":"owp-content-center","32":"item-entry","33":"owp-thumbs-layout-horizontal","34":"owp-btn-normal","35":"owp-tabs-layout-horizontal","36":"has-no-thumbnails"},"_links":{"self":[{"href":"https:\/\/araflowers.ro\/en\/wp-json\/wp\/v2\/product\/3015","targetHints":{"allow":["GET"]}}],"collection":[{"href":"https:\/\/araflowers.ro\/en\/wp-json\/wp\/v2\/product"}],"about":[{"href":"https:\/\/araflowers.ro\/en\/wp-json\/wp\/v2\/types\/product"}],"wp:featuredmedia":[{"embeddable":true,"href":"https:\/\/araflowers.ro\/en\/wp-json\/wp\/v2\/media\/3016"}],"wp:attachment":[{"href":"https:\/\/araflowers.ro\/en\/wp-json\/wp\/v2\/media?parent=3015"}],"wp:term":[{"taxonomy":"product_brand","embeddable":true,"href":"https:\/\/araflowers.ro\/en\/wp-json\/wp\/v2\/product_brand?post=3015"},{"taxonomy":"product_cat","embeddable":true,"href":"https:\/\/araflowers.ro\/en\/wp-json\/wp\/v2\/product_cat?post=3015"},{"taxonomy":"product_tag","embeddable":true,"href":"https:\/\/araflowers.ro\/en\/wp-json\/wp\/v2\/product_tag?post=3015"}],"curies":[{"name":"wp","href":"https:\/\/api.w.org\/{rel}","templated":true}]}}