{"id":2630,"date":"2025-02-10T13:15:01","date_gmt":"2025-02-10T13:15:01","guid":{"rendered":"https:\/\/araflowers.ro\/?post_type=product&#038;p=2630"},"modified":"2026-02-19T14:26:06","modified_gmt":"2026-02-19T14:26:06","slug":"aranjament-in-forma-de-inima-cu-macarons-si-flori","status":"publish","type":"product","link":"https:\/\/araflowers.ro\/en\/product\/aranjament-in-forma-de-inima-cu-macarons-si-flori\/","title":{"rendered":"Aranjament \u00een form\u0103 de inim\u0103 cu macarons \u0219i flori \u2013 Cadoul perfect"},"content":{"rendered":"<h4 data-start=\"74\" data-end=\"142\">Specifica\u021bii Produs:<\/h4>\n<p>Dimensiuni:<\/p>\n<ul>\n<li>Small: 5 Trandafiri + 5 Macarons &#8211; Cutie \u00een form\u0103 de inim\u0103\u00a0 &#8211; Felicitare Cadou<\/li>\n<li>Medium: 7 Trandafiri + 7 Macarons &#8211; Cutie \u00een form\u0103 de inim\u0103 &#8211; Felicitare Cadou<\/li>\n<li>Large: 9 Trandafiri + 9 Macarons &#8211; Cutie \u00een form\u0103 de inim\u0103 &#8211; Felicitare Cadou<\/li>\n<\/ul>\n<p>Orice Comand\u0103 vine \u00eenso\u021bit\u0103 de felicitare CADOU cu mesajul ales de dumneavostr\u0103.<\/p>\n<h4 data-start=\"803\" data-end=\"891\">Comand\u0103 un <strong data-start=\"307\" data-end=\"360\">aranjament \u00een form\u0103 de inim\u0103 cu macarons \u0219i flori<\/strong>, combina\u021bia perfect\u0103 \u00eentre rafinament \u0219i gust. Un cadou elegant, livrat rapid \u00een doar 3 ore!<\/h4>\n<h4 class=\"\" data-start=\"803\" data-end=\"891\"><strong data-start=\"808\" data-end=\"889\">Aranjament \u00een form\u0103 de inim\u0103 cu macarons \u0219i flori \u2013 Un cadou dulce \u0219i elegant<\/strong><\/h4>\n<p class=\"\" data-start=\"893\" data-end=\"1185\">Surprinde pe cineva drag cu un <strong data-start=\"924\" data-end=\"977\">aranjament \u00een form\u0103 de inim\u0103 cu macarons \u0219i flori<\/strong>, un mix sofisticat de culori, arome \u0219i rafinament. Acest aranjament premium \u00eembin\u0103 frumuse\u021bea florilor naturale cu gustul fin al macarons-urilor artizanale, oferind un cadou de neuitat pentru orice ocazie.<\/p>\n<p class=\"\" data-start=\"1187\" data-end=\"1668\"><strong data-start=\"1190\" data-end=\"1222\">Ce include acest aranjament?<\/strong><br data-start=\"1222\" data-end=\"1225\" \/>\u2714\ufe0f <strong data-start=\"1228\" data-end=\"1256\">Flori naturale proaspete<\/strong> \u2013 aranjate cu aten\u021bie pentru un aspect impecabil<br data-start=\"1305\" data-end=\"1308\" \/>\u2714\ufe0f <strong data-start=\"1311\" data-end=\"1347\">Cutie elegant\u0103 \u00een form\u0103 de inim\u0103<\/strong> \u2013 un ambalaj rafinat, potrivit pentru un cadou special<br data-start=\"1402\" data-end=\"1405\" \/>\u2714\ufe0f <strong data-start=\"1408\" data-end=\"1439\">Macarons fine \u0219i delicioase<\/strong> \u2013 preg\u0103tite cu grij\u0103 pentru a oferi un gust irezistibil<br data-start=\"1495\" data-end=\"1498\" \/>\u2714\ufe0f <strong data-start=\"1501\" data-end=\"1520\">Ambalaj premium<\/strong> \u2013 gata de oferit cadou, f\u0103r\u0103 a fi nevoie de \u00eempachetare suplimentar\u0103<br data-start=\"1589\" data-end=\"1592\" \/>\u2714\ufe0f <strong data-start=\"1595\" data-end=\"1613\">Livrare rapid\u0103<\/strong> \u2013 direct la destina\u021bie, cu aten\u021bie maxim\u0103 la detalii<\/p>\n<h3 class=\"\" data-start=\"1670\" data-end=\"1719\"><strong data-start=\"1674\" data-end=\"1717\">De ce s\u0103 alegi acest aranjament floral?<\/strong><\/h3>\n<p class=\"\" data-start=\"1720\" data-end=\"2026\">Acest <strong data-start=\"1726\" data-end=\"1779\">aranjament \u00een form\u0103 de inim\u0103 cu macarons \u0219i flori<\/strong> este un simbol al rafinamentului \u0219i al grijii pentru detalii. Florile proaspete sunt alese cu aten\u021bie pentru a transmite cele mai frumoase sentimente, iar macarons-urile fine completeaz\u0103 perfect experien\u021ba, ad\u0103ug\u00e2nd o not\u0103 dulce \u0219i sofisticat\u0103.<\/p>\n<p class=\"\" data-start=\"2028\" data-end=\"2075\"><strong data-start=\"2031\" data-end=\"2073\">Ocazii ideale pentru acest aranjament:<\/strong><\/p>\n<ul data-start=\"2076\" data-end=\"2489\">\n<li class=\"\" data-start=\"2076\" data-end=\"2179\">\n<p class=\"\" data-start=\"2078\" data-end=\"2179\"><strong data-start=\"2078\" data-end=\"2111\">Anivers\u0103ri \u0219i zile de na\u0219tere<\/strong> \u2013 Un cadou memorabil pentru persoana iubit\u0103, familie sau prieteni<\/p>\n<\/li>\n<li class=\"\" data-start=\"2180\" data-end=\"2276\">\n<p class=\"\" data-start=\"2182\" data-end=\"2276\"><strong data-start=\"2182\" data-end=\"2223\">Valentine&#8217;s Day \u0219i surprize romantice<\/strong> \u2013 Exprim\u0103-\u021bi dragostea \u00eentr-un mod unic \u0219i elegant<\/p>\n<\/li>\n<li class=\"\" data-start=\"2277\" data-end=\"2380\">\n<p class=\"\" data-start=\"2279\" data-end=\"2380\"><strong data-start=\"2279\" data-end=\"2334\">Cadouri pentru mame, prietene sau persoane speciale<\/strong> \u2013 Arat\u0103-le c\u00e2t de mult \u00eenseamn\u0103 pentru tine<\/p>\n<\/li>\n<li class=\"\" data-start=\"2381\" data-end=\"2489\">\n<p class=\"\" data-start=\"2383\" data-end=\"2489\"><strong data-start=\"2383\" data-end=\"2432\">Evenimente corporate sau gesturi de apreciere<\/strong> \u2013 Ofer\u0103 un cadou sofisticat partenerilor sau colegilor<\/p>\n<\/li>\n<\/ul>\n<h3 class=\"\" data-start=\"2491\" data-end=\"2538\"><strong data-start=\"2495\" data-end=\"2536\">Informa\u021bii importante despre livrare:<\/strong><\/h3>\n<p class=\"\" data-start=\"2539\" data-end=\"2714\"><strong data-start=\"2542\" data-end=\"2712\">Gift-urile sunt cu titlu de prezentare \u0219i nu sunt incluse \u00een pre\u021bul produsului, \u00eens\u0103 acestea pot fi comandate al\u0103turi de produsele dorite, din categoria GIFTURI.<\/strong><\/p>\n<p class=\"\" data-start=\"2716\" data-end=\"2969\"><strong data-start=\"2718\" data-end=\"2838\">Timpul de livrare este de aproximativ 3 ore, asigur\u00e2ndu-ne c\u0103 florile \u0219i macarons-urile ajung \u00een cea mai bun\u0103 stare.<\/strong><br data-start=\"2838\" data-end=\"2841\" \/><strong data-start=\"2844\" data-end=\"2967\">Comenzile plasate dup\u0103 ora 17:00 vor fi livrate a doua zi, pentru a ne asigura c\u0103 produsul ajunge \u00een condi\u021bii perfecte.<\/strong><\/p>\n<h3 class=\"\" data-start=\"2971\" data-end=\"3023\"><strong data-start=\"2975\" data-end=\"3021\">Comand\u0103 acum \u0219i creeaz\u0103 un moment special!<\/strong><\/h3>\n<p class=\"\" data-start=\"3024\" data-end=\"3234\">Un <strong data-start=\"3027\" data-end=\"3080\">aranjament \u00een form\u0103 de inim\u0103 cu macarons \u0219i flori<\/strong> este cadoul ideal pentru a transmite emo\u021bii sincere \u0219i a face pe cineva fericit. Nu mai a\u0219tepta \u2013 surprinde pe cineva drag cu acest aranjament special!<\/p>","protected":false},"excerpt":{"rendered":"<p>Specifica\u021bii Produs: Dimensiuni: Small: 5 Trandafiri + 5 Macarons &#8211; Cutie \u00een form\u0103 de inim\u0103\u00a0 &#8211; Felicitare Cadou Medium: 7 Trandafiri + 7 Macarons &#8211; Cutie \u00een form\u0103 de inim\u0103 &#8211; Felicitare Cadou Large: 9 Trandafiri + 9 Macarons &#8211; Cutie \u00een form\u0103 de inim\u0103 &#8211; Felicitare Cadou Orice Comand\u0103 vine \u00eenso\u021bit\u0103 de felicitare CADOU [&hellip;]<\/p>","protected":false},"featured_media":2635,"template":"","meta":{"ocean_post_layout":"full-screen","ocean_both_sidebars_style":"","ocean_both_sidebars_content_width":0,"ocean_both_sidebars_sidebars_width":0,"ocean_sidebar":"0","ocean_second_sidebar":"0","ocean_disable_margins":"enable","ocean_add_body_class":"","ocean_shortcode_before_top_bar":"","ocean_shortcode_after_top_bar":"","ocean_shortcode_before_header":"","ocean_shortcode_after_header":"","ocean_has_shortcode":"","ocean_shortcode_after_title":"","ocean_shortcode_before_footer_widgets":"","ocean_shortcode_after_footer_widgets":"","ocean_shortcode_before_footer_bottom":"","ocean_shortcode_after_footer_bottom":"","ocean_display_top_bar":"default","ocean_display_header":"default","ocean_header_style":"","ocean_center_header_left_menu":"0","ocean_custom_header_template":"0","ocean_custom_logo":0,"ocean_custom_retina_logo":0,"ocean_custom_logo_max_width":0,"ocean_custom_logo_tablet_max_width":0,"ocean_custom_logo_mobile_max_width":0,"ocean_custom_logo_max_height":0,"ocean_custom_logo_tablet_max_height":0,"ocean_custom_logo_mobile_max_height":0,"ocean_header_custom_menu":"0","ocean_menu_typo_font_family":"0","ocean_menu_typo_font_subset":"","ocean_menu_typo_font_size":0,"ocean_menu_typo_font_size_tablet":0,"ocean_menu_typo_font_size_mobile":0,"ocean_menu_typo_font_size_unit":"px","ocean_menu_typo_font_weight":"","ocean_menu_typo_font_weight_tablet":"","ocean_menu_typo_font_weight_mobile":"","ocean_menu_typo_transform":"","ocean_menu_typo_transform_tablet":"","ocean_menu_typo_transform_mobile":"","ocean_menu_typo_line_height":0,"ocean_menu_typo_line_height_tablet":0,"ocean_menu_typo_line_height_mobile":0,"ocean_menu_typo_line_height_unit":"","ocean_menu_typo_spacing":0,"ocean_menu_typo_spacing_tablet":0,"ocean_menu_typo_spacing_mobile":0,"ocean_menu_typo_spacing_unit":"","ocean_menu_link_color":"","ocean_menu_link_color_hover":"","ocean_menu_link_color_active":"","ocean_menu_link_background":"","ocean_menu_link_hover_background":"","ocean_menu_link_active_background":"","ocean_menu_social_links_bg":"","ocean_menu_social_hover_links_bg":"","ocean_menu_social_links_color":"","ocean_menu_social_hover_links_color":"","ocean_disable_title":"default","ocean_disable_heading":"default","ocean_post_title":"","ocean_post_subheading":"","ocean_post_title_style":"","ocean_post_title_background_color":"","ocean_post_title_background":0,"ocean_post_title_bg_image_position":"","ocean_post_title_bg_image_attachment":"","ocean_post_title_bg_image_repeat":"","ocean_post_title_bg_image_size":"","ocean_post_title_height":0,"ocean_post_title_bg_overlay":0.5,"ocean_post_title_bg_overlay_color":"","ocean_disable_breadcrumbs":"default","ocean_breadcrumbs_color":"","ocean_breadcrumbs_separator_color":"","ocean_breadcrumbs_links_color":"","ocean_breadcrumbs_links_hover_color":"","ocean_display_footer_widgets":"default","ocean_display_footer_bottom":"default","ocean_custom_footer_template":"0"},"product_brand":[],"product_cat":[25,64],"product_tag":[],"class_list":{"0":"post-2630","1":"product","2":"type-product","3":"status-publish","4":"has-post-thumbnail","6":"product_cat-aranjamente","7":"product_cat-valentines-day","9":"entry","10":"has-media","12":"first","13":"outofstock","14":"sale","15":"taxable","16":"shipping-taxable","17":"purchasable","18":"product-type-variable","19":"has-product-nav","20":"col","21":"span_1_of_3","22":"owp-content-center","23":"item-entry","24":"owp-thumbs-layout-horizontal","25":"owp-btn-normal","26":"owp-tabs-layout-horizontal"},"_links":{"self":[{"href":"https:\/\/araflowers.ro\/en\/wp-json\/wp\/v2\/product\/2630","targetHints":{"allow":["GET"]}}],"collection":[{"href":"https:\/\/araflowers.ro\/en\/wp-json\/wp\/v2\/product"}],"about":[{"href":"https:\/\/araflowers.ro\/en\/wp-json\/wp\/v2\/types\/product"}],"wp:featuredmedia":[{"embeddable":true,"href":"https:\/\/araflowers.ro\/en\/wp-json\/wp\/v2\/media\/2635"}],"wp:attachment":[{"href":"https:\/\/araflowers.ro\/en\/wp-json\/wp\/v2\/media?parent=2630"}],"wp:term":[{"taxonomy":"product_brand","embeddable":true,"href":"https:\/\/araflowers.ro\/en\/wp-json\/wp\/v2\/product_brand?post=2630"},{"taxonomy":"product_cat","embeddable":true,"href":"https:\/\/araflowers.ro\/en\/wp-json\/wp\/v2\/product_cat?post=2630"},{"taxonomy":"product_tag","embeddable":true,"href":"https:\/\/araflowers.ro\/en\/wp-json\/wp\/v2\/product_tag?post=2630"}],"curies":[{"name":"wp","href":"https:\/\/api.w.org\/{rel}","templated":true}]}}