{"id":2622,"date":"2025-02-10T13:07:54","date_gmt":"2025-02-10T13:07:54","guid":{"rendered":"https:\/\/araflowers.ro\/?post_type=product&#038;p=2622"},"modified":"2026-02-19T14:22:34","modified_gmt":"2026-02-19T14:22:34","slug":"aranjament-in-forma-de-inima-cu-macarons","status":"publish","type":"product","link":"https:\/\/araflowers.ro\/en\/product\/aranjament-in-forma-de-inima-cu-macarons\/","title":{"rendered":"Aranjament in forma de inima cu macarons"},"content":{"rendered":"<h4 data-start=\"74\" data-end=\"142\">Specifica\u021bii Produs:<\/h4>\n<p>Dimensiuni:<\/p>\n<ul>\n<li>Small: 5 Trandafiri + 5 Macarons &#8211; Cutie \u00een form\u0103 de inim\u0103\u00a0 &#8211; Felicitare Cadou<\/li>\n<li>Medium: 7 Trandafiri + 7 Macarons &#8211; Cutie \u00een form\u0103 de inim\u0103 &#8211; Felicitare Cadou<\/li>\n<li>Large: 9 Trandafiri + 9 Macarons &#8211; Cutie \u00een form\u0103 de inim\u0103 &#8211; Felicitare Cadou<\/li>\n<\/ul>\n<p>Orice Comand\u0103 vine \u00eenso\u021bit\u0103 de felicitare CADOU cu mesajul ales de dumneavostr\u0103.<\/p>\n<p class=\"\" data-start=\"304\" data-end=\"457\">Comand\u0103 un <strong data-start=\"315\" data-end=\"359\">aranjament \u00een form\u0103 de inim\u0103 cu macarons<\/strong>, un cadou dulce \u0219i rafinat, perfect pentru a surprinde pe cineva drag. Livrare rapid\u0103 \u00een 3 ore!<\/p>\n<h4 class=\"\" data-start=\"951\" data-end=\"1030\"><strong data-start=\"956\" data-end=\"1028\">Aranjament \u00een form\u0103 de inim\u0103 cu macarons \u2013 Un cadou dulce \u0219i rafinat<\/strong><\/h4>\n<p class=\"\" data-start=\"1032\" data-end=\"1394\">\u00cemp\u0103rt\u0103\u0219e\u0219te momente speciale cu un <strong data-start=\"1068\" data-end=\"1112\">aranjament \u00een form\u0103 de inim\u0103 cu macarons<\/strong>, un cadou sofisticat care combin\u0103 florile proaspete cu gustul fin al macarons-urilor artizanale. Acest aranjament elegant \u0219i rafinat este ideal pentru a surprinde pe cineva drag \u00een momente importante din via\u021ba lor, cum ar fi anivers\u0103ri, zile de na\u0219tere, sau alte ocazii speciale.<\/p>\n<p class=\"\" data-start=\"1396\" data-end=\"1912\"><strong data-start=\"1399\" data-end=\"1431\">Ce include acest aranjament?<\/strong><br data-start=\"1431\" data-end=\"1434\" \/>\u2714\ufe0f <strong data-start=\"1437\" data-end=\"1468\">Macarons fine \u0219i delicioase<\/strong> \u2013 preparate cu grij\u0103 pentru a oferi un gust inconfundabil<br data-start=\"1526\" data-end=\"1529\" \/>\u2714\ufe0f <strong data-start=\"1532\" data-end=\"1568\">Cutie elegant\u0103 \u00een form\u0103 de inim\u0103<\/strong> \u2013 un ambalaj sofisticat care face din acest cadou unul deosebit<br data-start=\"1632\" data-end=\"1635\" \/>\u2714\ufe0f <strong data-start=\"1638\" data-end=\"1671\">Florile proaspete \u0219i colorate<\/strong> \u2013 aranjate cu grij\u0103 pentru a crea un efect vizual unic<br data-start=\"1726\" data-end=\"1729\" \/>\u2714\ufe0f <strong data-start=\"1732\" data-end=\"1751\">Ambalaj premium<\/strong> \u2013 gata de oferit cadou, f\u0103r\u0103 a fi nevoie de \u00eempachetare suplimentar\u0103<br data-start=\"1820\" data-end=\"1823\" \/>\u2714\ufe0f <strong data-start=\"1826\" data-end=\"1844\">Livrare rapid\u0103<\/strong> \u2013 produsul ajunge direct la destina\u021bie, \u00eentr-un timp foarte scurt<\/p>\n<h3 class=\"\" data-start=\"1914\" data-end=\"1963\"><strong data-start=\"1918\" data-end=\"1961\">De ce s\u0103 alegi acest aranjament floral?<\/strong><\/h3>\n<p class=\"\" data-start=\"1964\" data-end=\"2337\">Acest <strong data-start=\"1970\" data-end=\"2014\">aranjament \u00een form\u0103 de inim\u0103 cu macarons<\/strong> nu este doar un cadou, ci o adev\u0103rat\u0103 experien\u021b\u0103 care r\u0103sfa\u021b\u0103 sim\u021burile. Florile proaspete aduc un aer de naturale\u021be, \u00een timp ce macarons-urile fine adaug\u0103 un strop de dulce \u0219i rafinament. Este alegerea ideal\u0103 pentru a exprima aprecieri, sentimente de iubire sau pentru a aduce un z\u00e2mbet pe fa\u021ba oric\u0103rei persoane dragi.<\/p>\n<p class=\"\" data-start=\"2339\" data-end=\"2386\"><strong data-start=\"2342\" data-end=\"2384\">Ocazii ideale pentru acest aranjament:<\/strong><\/p>\n<ul data-start=\"2387\" data-end=\"2736\">\n<li class=\"\" data-start=\"2387\" data-end=\"2475\">\n<p class=\"\" data-start=\"2389\" data-end=\"2475\"><strong data-start=\"2389\" data-end=\"2422\">Anivers\u0103ri \u0219i zile de na\u0219tere<\/strong> \u2013 Un cadou deosebit pentru cei care \u00ee\u021bi sunt dragi<\/p>\n<\/li>\n<li class=\"\" data-start=\"2476\" data-end=\"2552\">\n<p class=\"\" data-start=\"2478\" data-end=\"2552\"><strong data-start=\"2478\" data-end=\"2497\">Valentine&#8217;s Day<\/strong> \u2013 Exprim\u0103-\u021bi iubirea \u00eentr-un mod elegant \u0219i original<\/p>\n<\/li>\n<li class=\"\" data-start=\"2553\" data-end=\"2649\">\n<p class=\"\" data-start=\"2555\" data-end=\"2649\"><strong data-start=\"2555\" data-end=\"2590\">Cadouri pentru mame \u0219i prietene<\/strong> \u2013 Surprinde-le cu un aranjament unic, plin de rafinament<\/p>\n<\/li>\n<li class=\"\" data-start=\"2650\" data-end=\"2736\">\n<p class=\"\" data-start=\"2652\" data-end=\"2736\"><strong data-start=\"2652\" data-end=\"2676\">Evenimente corporate<\/strong> \u2013 Ofer\u0103 un cadou elegant partenerilor sau colaboratorilor<\/p>\n<\/li>\n<\/ul>\n<h3 class=\"\" data-start=\"2738\" data-end=\"2785\"><strong data-start=\"2742\" data-end=\"2783\">Informa\u021bii importante despre livrare:<\/strong><\/h3>\n<p class=\"\" data-start=\"2786\" data-end=\"2961\"><strong data-start=\"2789\" data-end=\"2959\">Gift-urile sunt cu titlu de prezentare \u0219i nu sunt incluse \u00een pre\u021bul produsului, \u00eens\u0103 acestea pot fi comandate al\u0103turi de produsele dorite, din categoria <a class=\"\" href=\"#\" rel=\"noopener\" data-start=\"2944\" data-end=\"2956\">GIFTURI<\/a>.<\/strong><\/p>\n<p class=\"\" data-start=\"2963\" data-end=\"3212\"><strong data-start=\"2965\" data-end=\"3065\">Timpul de livrare este de aproximativ 3 ore, asigur\u00e2ndu-ne c\u0103 produsul ajunge \u00een perfect\u0103 stare.<\/strong><br data-start=\"3065\" data-end=\"3068\" \/><strong data-start=\"3071\" data-end=\"3210\">Comenzile plasate dup\u0103 ora 17:00 vor fi livrate a doua zi, pentru a ne asigura c\u0103 vei primi cadoul dorit \u00een cel mai scurt timp posibil.<\/strong><\/p>\n<h3 class=\"\" data-start=\"3214\" data-end=\"3267\"><strong data-start=\"3218\" data-end=\"3265\">Comand\u0103 acum \u0219i creeaz\u0103 momente memorabile!<\/strong><\/h3>\n<p class=\"\" data-start=\"3268\" data-end=\"3477\">Un <strong data-start=\"3271\" data-end=\"3315\">aranjament \u00een form\u0103 de inim\u0103 cu macarons<\/strong> este alegerea perfect\u0103 pentru a transmite un mesaj de iubire, aprecieri \u0219i recuno\u0219tin\u021b\u0103. Nu mai a\u0219tepta \u0219i comand\u0103-l acum pentru a surprinde pe cineva special!<\/p>","protected":false},"excerpt":{"rendered":"<p>Specifica\u021bii Produs: Dimensiuni: Small: 5 Trandafiri + 5 Macarons &#8211; Cutie \u00een form\u0103 de inim\u0103\u00a0 &#8211; Felicitare Cadou Medium: 7 Trandafiri + 7 Macarons &#8211; Cutie \u00een form\u0103 de inim\u0103 &#8211; Felicitare Cadou Large: 9 Trandafiri + 9 Macarons &#8211; Cutie \u00een form\u0103 de inim\u0103 &#8211; Felicitare Cadou Orice Comand\u0103 vine \u00eenso\u021bit\u0103 de felicitare CADOU [&hellip;]<\/p>","protected":false},"featured_media":2627,"template":"","meta":{"ocean_post_layout":"full-screen","ocean_both_sidebars_style":"","ocean_both_sidebars_content_width":0,"ocean_both_sidebars_sidebars_width":0,"ocean_sidebar":"0","ocean_second_sidebar":"0","ocean_disable_margins":"enable","ocean_add_body_class":"","ocean_shortcode_before_top_bar":"","ocean_shortcode_after_top_bar":"","ocean_shortcode_before_header":"","ocean_shortcode_after_header":"","ocean_has_shortcode":"","ocean_shortcode_after_title":"","ocean_shortcode_before_footer_widgets":"","ocean_shortcode_after_footer_widgets":"","ocean_shortcode_before_footer_bottom":"","ocean_shortcode_after_footer_bottom":"","ocean_display_top_bar":"default","ocean_display_header":"default","ocean_header_style":"","ocean_center_header_left_menu":"0","ocean_custom_header_template":"0","ocean_custom_logo":0,"ocean_custom_retina_logo":0,"ocean_custom_logo_max_width":0,"ocean_custom_logo_tablet_max_width":0,"ocean_custom_logo_mobile_max_width":0,"ocean_custom_logo_max_height":0,"ocean_custom_logo_tablet_max_height":0,"ocean_custom_logo_mobile_max_height":0,"ocean_header_custom_menu":"0","ocean_menu_typo_font_family":"0","ocean_menu_typo_font_subset":"","ocean_menu_typo_font_size":0,"ocean_menu_typo_font_size_tablet":0,"ocean_menu_typo_font_size_mobile":0,"ocean_menu_typo_font_size_unit":"px","ocean_menu_typo_font_weight":"","ocean_menu_typo_font_weight_tablet":"","ocean_menu_typo_font_weight_mobile":"","ocean_menu_typo_transform":"","ocean_menu_typo_transform_tablet":"","ocean_menu_typo_transform_mobile":"","ocean_menu_typo_line_height":0,"ocean_menu_typo_line_height_tablet":0,"ocean_menu_typo_line_height_mobile":0,"ocean_menu_typo_line_height_unit":"","ocean_menu_typo_spacing":0,"ocean_menu_typo_spacing_tablet":0,"ocean_menu_typo_spacing_mobile":0,"ocean_menu_typo_spacing_unit":"","ocean_menu_link_color":"","ocean_menu_link_color_hover":"","ocean_menu_link_color_active":"","ocean_menu_link_background":"","ocean_menu_link_hover_background":"","ocean_menu_link_active_background":"","ocean_menu_social_links_bg":"","ocean_menu_social_hover_links_bg":"","ocean_menu_social_links_color":"","ocean_menu_social_hover_links_color":"","ocean_disable_title":"default","ocean_disable_heading":"default","ocean_post_title":"","ocean_post_subheading":"","ocean_post_title_style":"","ocean_post_title_background_color":"","ocean_post_title_background":0,"ocean_post_title_bg_image_position":"","ocean_post_title_bg_image_attachment":"","ocean_post_title_bg_image_repeat":"","ocean_post_title_bg_image_size":"","ocean_post_title_height":0,"ocean_post_title_bg_overlay":0.5,"ocean_post_title_bg_overlay_color":"","ocean_disable_breadcrumbs":"default","ocean_breadcrumbs_color":"","ocean_breadcrumbs_separator_color":"","ocean_breadcrumbs_links_color":"","ocean_breadcrumbs_links_hover_color":"","ocean_display_footer_widgets":"default","ocean_display_footer_bottom":"default","ocean_custom_footer_template":"0"},"product_brand":[],"product_cat":[25,64],"product_tag":[],"class_list":{"0":"post-2622","1":"product","2":"type-product","3":"status-publish","4":"has-post-thumbnail","6":"product_cat-aranjamente","7":"product_cat-valentines-day","9":"entry","10":"has-media","12":"first","13":"instock","14":"sale","15":"taxable","16":"shipping-taxable","17":"purchasable","18":"product-type-variable","19":"has-product-nav","20":"col","21":"span_1_of_3","22":"owp-content-center","23":"item-entry","24":"owp-thumbs-layout-horizontal","25":"owp-btn-normal","26":"owp-tabs-layout-horizontal"},"_links":{"self":[{"href":"https:\/\/araflowers.ro\/en\/wp-json\/wp\/v2\/product\/2622","targetHints":{"allow":["GET"]}}],"collection":[{"href":"https:\/\/araflowers.ro\/en\/wp-json\/wp\/v2\/product"}],"about":[{"href":"https:\/\/araflowers.ro\/en\/wp-json\/wp\/v2\/types\/product"}],"wp:featuredmedia":[{"embeddable":true,"href":"https:\/\/araflowers.ro\/en\/wp-json\/wp\/v2\/media\/2627"}],"wp:attachment":[{"href":"https:\/\/araflowers.ro\/en\/wp-json\/wp\/v2\/media?parent=2622"}],"wp:term":[{"taxonomy":"product_brand","embeddable":true,"href":"https:\/\/araflowers.ro\/en\/wp-json\/wp\/v2\/product_brand?post=2622"},{"taxonomy":"product_cat","embeddable":true,"href":"https:\/\/araflowers.ro\/en\/wp-json\/wp\/v2\/product_cat?post=2622"},{"taxonomy":"product_tag","embeddable":true,"href":"https:\/\/araflowers.ro\/en\/wp-json\/wp\/v2\/product_tag?post=2622"}],"curies":[{"name":"wp","href":"https:\/\/api.w.org\/{rel}","templated":true}]}}