{"id":2616,"date":"2025-02-10T12:53:21","date_gmt":"2025-02-10T12:53:21","guid":{"rendered":"https:\/\/araflowers.ro\/?post_type=product&#038;p=2616"},"modified":"2026-02-19T14:26:08","modified_gmt":"2026-02-19T14:26:08","slug":"buchet-trandafiri-rosii-infloriti","status":"publish","type":"product","link":"https:\/\/araflowers.ro\/en\/product\/buchet-trandafiri-rosii-infloriti\/","title":{"rendered":"Buchet trandafiri rosii infloriti"},"content":{"rendered":"<h4 data-start=\"74\" data-end=\"142\">Specifica\u021bii Produs:<\/h4>\n<p>Dimensiuni:<\/p>\n<ul>\n<li>Small: 5 trandafiri &#8211;\u00a0 Panglic\u0103\u00a0 &#8211; Felicitare Cadou<\/li>\n<li>Medium: 11 trandafiri &#8211; Panglic\u0103\u00a0 &#8211; Felicitare Cadou<\/li>\n<li>Large: 15 trandafiri &#8211; Panglic\u0103\u00a0 &#8211; Felicitare Cadou<\/li>\n<\/ul>\n<p>Orice Comand\u0103 vine \u00eenso\u021bit\u0103 de felicitare CADOU cu mesajul ales de dumneavostr\u0103.<\/p>\n<h3 class=\"\" data-start=\"176\" data-end=\"240\"><strong data-start=\"180\" data-end=\"240\">Buchet Trandafiri Ro\u0219ii \u00cenflori\u021bi \u2013 Elegan\u021b\u0103 \u0219i Dragoste<\/strong><\/h3>\n<p class=\"\" data-start=\"242\" data-end=\"499\"><strong data-start=\"242\" data-end=\"279\">Buchet Trandafiri Ro\u0219ii \u00cenflori\u021bi<\/strong> este simbolul ideal al iubirii \u0219i al rafinamentului, perfect pentru orice ocazie special\u0103. Cu un mix de trandafiri ro\u0219ii proaspe\u021bi, acest buchet va ad\u0103uga un strop de frumuse\u021be \u0219i elegan\u021b\u0103 \u00een via\u021ba ta sau a celor dragi.<\/p>\n<h3 class=\"\" data-start=\"501\" data-end=\"580\"><strong data-start=\"505\" data-end=\"580\">Personalizare \u0219i Livrare Rapid\u0103 a Buchetului Trandafiri Ro\u0219ii \u00cenflori\u021bi<\/strong><\/h3>\n<p class=\"\" data-start=\"582\" data-end=\"840\">Produsele de pe acest site sunt orientative. Printr-un apel telefonic, ne po\u021bi \u00eemp\u0103rt\u0103\u0219i dorin\u021bele tale \u0219i te vom ajuta s\u0103 creezi buchetul perfect. La Atelierul ARA Flowers, fiecare detaliu conteaz\u0103, iar noi suntem preg\u0103ti\u021bi s\u0103-\u021bi \u00eendeplinim toate cerin\u021bele.<\/p>\n<p class=\"\" data-start=\"842\" data-end=\"1124\">Pre\u021bul <strong data-start=\"849\" data-end=\"890\">Buchetului Trandafiri Ro\u0219ii \u00cenflori\u021bi<\/strong> include o felicitare cadou cu textul ales de tine, scris caligrafic. Serviciul de livrare flori este gratuit \u00een Cluj-Napoca, iar florile sunt livrate rapid prin curieri proprii, asigur\u00e2ndu-se c\u0103 ajung \u00een stare perfect\u0103 la destina\u021bie.<\/p>\n<p class=\"\" data-start=\"1126\" data-end=\"1224\"><strong data-start=\"1126\" data-end=\"1146\">Timp de livrare:<\/strong> aproximativ 3 ore. Comenzile plasate dup\u0103 ora 17:00 vor fi livrate a doua zi.<\/p>\n<h3 class=\"\" data-start=\"1226\" data-end=\"1273\"><strong data-start=\"1230\" data-end=\"1273\">Vezi mai multe produse pe AraFlowers.ro<\/strong><\/h3>\n<p class=\"\" data-start=\"1275\" data-end=\"1372\">Pentru comenzi \u0219i detalii suplimentare, viziteaz\u0103 <a class=\"\" href=\"https:\/\/araflowers.ro\/en\/\" target=\"_new\" rel=\"noopener\" data-start=\"1325\" data-end=\"1371\">www.araflowers.ro<\/a>.<\/p>\n<p class=\"\" data-start=\"1374\" data-end=\"1524\">\ud83d\udcf8 <strong data-start=\"1377\" data-end=\"1406\">Urm\u0103re\u0219te-ne pe Instagram<\/strong> pentru inspira\u021bie floral\u0103 zilnic\u0103 \u0219i cele mai noi colec\u021bii: <a class=\"\" href=\"https:\/\/www.instagram.com\/araflowers.ro\" target=\"_new\" rel=\"noopener\" data-start=\"1467\" data-end=\"1524\">@AraFlowers.ro<\/a><\/p>","protected":false},"excerpt":{"rendered":"<h3 class=\"\" data-start=\"363\" data-end=\"427\"><strong data-start=\"367\" data-end=\"427\">Buchet Trandafiri Ro\u0219ii \u00cenflori\u021bi \u2013 Elegan\u021b\u0103 \u0219i Dragoste<\/strong><\/h3>\n<p class=\"\" data-start=\"429\" data-end=\"779\"><strong data-start=\"429\" data-end=\"468\">Buchetul Trandafiri Ro\u0219ii \u00cenflori\u021bi<\/strong> este cadoul ideal pentru orice ocazie special\u0103, fiind simbolul iubirii \u0219i respectului. Dac\u0103 vrei s\u0103 aduci un z\u00e2mbet pe fa\u021ba unei persoane dragi, acest buchet de trandafiri va transmite sentimente sincere de afec\u021biune, fiind perfect pentru zilele de na\u0219tere, anivers\u0103ri sau alte momente importante din via\u021ba ta.<\/p>\n<h3 class=\"\" data-start=\"781\" data-end=\"840\"><strong data-start=\"785\" data-end=\"840\">De ce s\u0103 alegi Buchetul Trandafiri Ro\u0219ii \u00cenflori\u021bi?<\/strong><\/h3>\n<p class=\"\" data-start=\"842\" data-end=\"1215\">Trandafirii ro\u0219ii sunt un simbol universal al iubirii. <strong data-start=\"897\" data-end=\"936\">Buchetul Trandafiri Ro\u0219ii \u00cenflori\u021bi<\/strong> nu este doar o alegere clasic\u0103, ci \u0219i una de rafinament. Culorile intense \u0219i parfumul lor subtil creeaz\u0103 un impact vizual puternic, f\u0103c\u00e2ndu-i potrivi\u021bi pentru orice eveniment important. Alege acest buchet \u0219i transmite-i persoanei iubite un mesaj sincer de dragoste \u0219i apreciere.<\/p>\n<h3 class=\"\" data-start=\"1217\" data-end=\"1277\"><strong data-start=\"1221\" data-end=\"1277\">Personalizarea Buchetului Trandafiri Ro\u0219ii \u00cenflori\u021bi<\/strong><\/h3>\n<p class=\"\" data-start=\"1279\" data-end=\"1617\">Unul dintre avantajele majore ale <strong data-start=\"1313\" data-end=\"1354\">Buchetului Trandafiri Ro\u0219ii \u00cenflori\u021bi<\/strong> este posibilitatea de personalizare. Po\u021bi alege num\u0103rul de trandafiri \u0219i s\u0103 adaugi un mesaj personal pe felicitare. De asemenea, ambalajul este realizat cu grij\u0103, astfel \u00eenc\u00e2t florile s\u0103 arate impecabil \u0219i s\u0103 creeze o impresie deosebit\u0103 atunci c\u00e2nd sunt primite.<\/p>\n<h3 class=\"\" data-start=\"1619\" data-end=\"1696\"><strong data-start=\"1623\" data-end=\"1696\">Livrare Rapid\u0103 a Buchetului Trandafiri Ro\u0219ii \u00cenflori\u021bi \u00een Cluj-Napoca<\/strong><\/h3>\n<p class=\"\" data-start=\"1698\" data-end=\"1996\">La <strong data-start=\"1701\" data-end=\"1718\">AraFlowers.ro<\/strong>, livrarea este rapid\u0103 \u0219i gratuit\u0103 \u00een <strong data-start=\"1756\" data-end=\"1771\">Cluj-Napoca<\/strong>. Florile ajung la destina\u021bie \u00een aproximativ 3 ore, iar curierii no\u0219tri se asigur\u0103 c\u0103 <strong data-start=\"1857\" data-end=\"1896\">Buchetul Trandafiri Ro\u0219ii \u00cenflori\u021bi<\/strong> ajunge \u00een stare perfect\u0103, astfel \u00eenc\u00e2t s\u0103 faci o impresie deosebit\u0103 persoanei care prime\u0219te cadoul.<\/p>\n<h3 class=\"\" data-start=\"1998\" data-end=\"2064\"><strong data-start=\"2002\" data-end=\"2064\">Ambalaj Elegant pentru Buchetul Trandafiri Ro\u0219ii \u00cenflori\u021bi<\/strong><\/h3>\n<p class=\"\" data-start=\"2066\" data-end=\"2403\">Fiecare detaliu conteaz\u0103 atunci c\u00e2nd oferi un cadou. De aceea, <strong data-start=\"2129\" data-end=\"2168\">Buchetul Trandafiri Ro\u0219ii \u00cenflori\u021bi<\/strong> este ambalat cu grij\u0103, \u00eentr-un ambalaj elegant care reflect\u0103 calitatea produsului. Florile vor ar\u0103ta impecabil, iar ambalajul va ad\u0103uga o not\u0103 de rafinament \u0219i va transforma un simplu buchet \u00eentr-o adev\u0103rat\u0103 oper\u0103 de artizanat floral.<\/p>\n<h3 class=\"\" data-start=\"2405\" data-end=\"2473\"><strong data-start=\"2409\" data-end=\"2473\">Satisfac\u021bie Garantat\u0103 cu Buchetul Trandafiri Ro\u0219ii \u00cenflori\u021bi<\/strong><\/h3>\n<p class=\"\" data-start=\"2475\" data-end=\"2845\">La <strong data-start=\"2478\" data-end=\"2495\">AraFlowers.ro<\/strong>, punem accent pe satisfac\u021bia clientului. Fiecare <strong data-start=\"2545\" data-end=\"2582\">Buchet Trandafiri Ro\u0219ii \u00cenflori\u021bi<\/strong> este atent selec\u021bionat \u0219i livrat prin curierii proprii, asigur\u00e2ndu-ne c\u0103 florile vor ajunge \u00eentotdeauna \u00een stare perfect\u0103. Dac\u0103 nu e\u0219ti pe deplin mul\u021bumit de produsele noastre, ne angaj\u0103m s\u0103 g\u0103sim solu\u021bii pentru a face experien\u021ba ta de cump\u0103rare c\u00e2t mai pl\u0103cut\u0103.<\/p>\n<hr class=\"\" data-start=\"2847\" data-end=\"2850\" \/>\n<h3 class=\"\" data-start=\"2852\" data-end=\"2911\"><strong data-start=\"2856\" data-end=\"2911\">Cum s\u0103 comanzi Buchetul Trandafiri Ro\u0219ii \u00cenflori\u021bi?<\/strong><\/h3>\n<p class=\"\" data-start=\"2913\" data-end=\"3049\">Comand\u0103 acum <strong data-start=\"2926\" data-end=\"2965\">Buchetul Trandafiri Ro\u0219ii \u00cenflori\u021bi<\/strong> de pe <strong data-start=\"2972\" data-end=\"2989\">AraFlowers.ro<\/strong> pentru a surprinde pe cineva drag. Iat\u0103 c\u00e2\u021biva pa\u0219i simpli:<\/p>\n<ol data-start=\"3051\" data-end=\"3443\">\n<li class=\"\" data-start=\"3051\" data-end=\"3195\">\n<p class=\"\" data-start=\"3054\" data-end=\"3195\"><strong data-start=\"3054\" data-end=\"3081\">Plaseaz\u0103 comanda online<\/strong> pe <a class=\"\" href=\"https:\/\/araflowers.ro\/en\/\" target=\"_new\" rel=\"noopener\" data-start=\"3085\" data-end=\"3127\">AraFlowers.ro<\/a>, aleg\u00e2nd dimensiunea dorit\u0103 pentru buchet (5, 9 sau 11 trandafiri).<\/p>\n<\/li>\n<li class=\"\" data-start=\"3196\" data-end=\"3263\">\n<p class=\"\" data-start=\"3199\" data-end=\"3263\"><strong data-start=\"3199\" data-end=\"3225\">Personalizeaz\u0103 mesajul<\/strong> pe felicitare, ad\u0103ug\u00e2nd textul dorit.<\/p>\n<\/li>\n<li class=\"\" data-start=\"3264\" data-end=\"3353\">\n<p class=\"\" data-start=\"3267\" data-end=\"3353\"><strong data-start=\"3267\" data-end=\"3294\">Adaug\u0103 un cadou special<\/strong> din categoria <strong data-start=\"3309\" data-end=\"3320\">GIFTURI<\/strong>, pentru a completa darul floral.<\/p>\n<\/li>\n<li class=\"\" data-start=\"3354\" data-end=\"3443\">\n<p class=\"\" data-start=\"3357\" data-end=\"3443\"><strong data-start=\"3357\" data-end=\"3385\">Contacteaz\u0103-ne telefonic<\/strong> pentru \u00eentreb\u0103ri suplimentare sau detalii despre livrare.<\/p>\n<\/li>\n<\/ol>\n<h3 class=\"\" data-start=\"3445\" data-end=\"3517\"><strong data-start=\"3449\" data-end=\"3517\">Servicii suplimentare pentru Buchetul Trandafiri Ro\u0219ii \u00cenflori\u021bi<\/strong><\/h3>\n<ul data-start=\"3519\" data-end=\"3819\">\n<li class=\"\" data-start=\"3519\" data-end=\"3634\">\n<p class=\"\" data-start=\"3521\" data-end=\"3634\"><strong data-start=\"3521\" data-end=\"3554\">Livrare rapid\u0103 \u00een Cluj-Napoca<\/strong> \u2013 Florile ajung la destina\u021bie \u00een aproximativ 3 ore, iar livrarea este gratuit\u0103.<\/p>\n<\/li>\n<li class=\"\" data-start=\"3635\" data-end=\"3748\">\n<p class=\"\" data-start=\"3637\" data-end=\"3748\"><strong data-start=\"3637\" data-end=\"3670\">Posibilitate de personalizare<\/strong> \u2013 Alege num\u0103rul de trandafiri, tipul de ambalaj \u0219i mesajul pentru felicitare.<\/p>\n<\/li>\n<li class=\"\" data-start=\"3749\" data-end=\"3819\">\n<p class=\"\" data-start=\"3751\" data-end=\"3819\"><strong data-start=\"3751\" data-end=\"3762\">GIFTURI<\/strong> \u2013 Adaug\u0103 un cadou personalizat pentru a \u00eenso\u021bi buchetul.<\/p>\n<\/li>\n<\/ul>\n<hr class=\"\" data-start=\"3821\" data-end=\"3824\" \/>\n<h3 class=\"\" data-start=\"3826\" data-end=\"3914\"><strong data-start=\"3830\" data-end=\"3914\">Comand\u0103 acum \u0219i surprinde pe cineva drag cu Buchetul Trandafiri Ro\u0219ii \u00cenflori\u021bi!<\/strong><\/h3>\n<p class=\"\" data-start=\"3916\" data-end=\"4124\">Pentru mai multe informa\u021bii \u0219i pentru a plasa comanda, viziteaz\u0103 <a class=\"\" href=\"https:\/\/araflowers.ro\/en\/\" target=\"_new\" rel=\"noopener\" data-start=\"3981\" data-end=\"4023\">AraFlowers.ro<\/a>. Cu <strong data-start=\"4028\" data-end=\"4067\">Buchetul Trandafiri Ro\u0219ii \u00cenflori\u021bi<\/strong>, fiecare moment special va deveni cu adev\u0103rat memorabil.<\/p>\n<p class=\"\" data-start=\"4126\" data-end=\"4233\">\ud83d\udcf8 <strong data-start=\"4129\" data-end=\"4158\">Urm\u0103re\u0219te-ne pe Instagram<\/strong> pentru inspira\u021bie floral\u0103 zilnic\u0103 \u0219i cele mai noi colec\u021bii: @AraFlowers.ro<\/p>\n<p class=\"\" data-start=\"4235\" data-end=\"4349\">\ud83d\udd0e <strong data-start=\"4238\" data-end=\"4282\">Vezi mai multe produse pe site-ul nostru<\/strong>: <a class=\"\" href=\"https:\/\/araflowers.ro\/en\/\" target=\"_new\" rel=\"noopener\" data-start=\"4284\" data-end=\"4349\">AraFlowers.ro &#8211; Flor\u0103rie Online Cluj<\/a><\/p>","protected":false},"featured_media":2621,"template":"","meta":{"ocean_post_layout":"full-screen","ocean_both_sidebars_style":"","ocean_both_sidebars_content_width":0,"ocean_both_sidebars_sidebars_width":0,"ocean_sidebar":"0","ocean_second_sidebar":"0","ocean_disable_margins":"enable","ocean_add_body_class":"","ocean_shortcode_before_top_bar":"","ocean_shortcode_after_top_bar":"","ocean_shortcode_before_header":"","ocean_shortcode_after_header":"","ocean_has_shortcode":"","ocean_shortcode_after_title":"","ocean_shortcode_before_footer_widgets":"","ocean_shortcode_after_footer_widgets":"","ocean_shortcode_before_footer_bottom":"","ocean_shortcode_after_footer_bottom":"","ocean_display_top_bar":"default","ocean_display_header":"default","ocean_header_style":"","ocean_center_header_left_menu":"0","ocean_custom_header_template":"0","ocean_custom_logo":0,"ocean_custom_retina_logo":0,"ocean_custom_logo_max_width":0,"ocean_custom_logo_tablet_max_width":0,"ocean_custom_logo_mobile_max_width":0,"ocean_custom_logo_max_height":0,"ocean_custom_logo_tablet_max_height":0,"ocean_custom_logo_mobile_max_height":0,"ocean_header_custom_menu":"0","ocean_menu_typo_font_family":"0","ocean_menu_typo_font_subset":"","ocean_menu_typo_font_size":0,"ocean_menu_typo_font_size_tablet":0,"ocean_menu_typo_font_size_mobile":0,"ocean_menu_typo_font_size_unit":"px","ocean_menu_typo_font_weight":"","ocean_menu_typo_font_weight_tablet":"","ocean_menu_typo_font_weight_mobile":"","ocean_menu_typo_transform":"","ocean_menu_typo_transform_tablet":"","ocean_menu_typo_transform_mobile":"","ocean_menu_typo_line_height":0,"ocean_menu_typo_line_height_tablet":0,"ocean_menu_typo_line_height_mobile":0,"ocean_menu_typo_line_height_unit":"","ocean_menu_typo_spacing":0,"ocean_menu_typo_spacing_tablet":0,"ocean_menu_typo_spacing_mobile":0,"ocean_menu_typo_spacing_unit":"","ocean_menu_link_color":"","ocean_menu_link_color_hover":"","ocean_menu_link_color_active":"","ocean_menu_link_background":"","ocean_menu_link_hover_background":"","ocean_menu_link_active_background":"","ocean_menu_social_links_bg":"","ocean_menu_social_hover_links_bg":"","ocean_menu_social_links_color":"","ocean_menu_social_hover_links_color":"","ocean_disable_title":"default","ocean_disable_heading":"default","ocean_post_title":"","ocean_post_subheading":"","ocean_post_title_style":"","ocean_post_title_background_color":"","ocean_post_title_background":0,"ocean_post_title_bg_image_position":"","ocean_post_title_bg_image_attachment":"","ocean_post_title_bg_image_repeat":"","ocean_post_title_bg_image_size":"","ocean_post_title_height":0,"ocean_post_title_bg_overlay":0.5,"ocean_post_title_bg_overlay_color":"","ocean_disable_breadcrumbs":"default","ocean_breadcrumbs_color":"","ocean_breadcrumbs_separator_color":"","ocean_breadcrumbs_links_color":"","ocean_breadcrumbs_links_hover_color":"","ocean_display_footer_widgets":"default","ocean_display_footer_bottom":"default","ocean_custom_footer_template":"0"},"product_brand":[],"product_cat":[23,64],"product_tag":[66,67,65,68],"class_list":{"0":"post-2616","1":"product","2":"type-product","3":"status-publish","4":"has-post-thumbnail","6":"product_cat-buchete","7":"product_cat-valentines-day","8":"product_tag-buchet-trandafiri","9":"product_tag-livrare-flori-cluj","10":"product_tag-tradafiri","11":"product_tag-valentines-day","13":"entry","14":"has-media","16":"first","17":"instock","18":"sale","19":"taxable","20":"shipping-taxable","21":"purchasable","22":"product-type-variable","23":"has-product-nav","24":"col","25":"span_1_of_3","26":"owp-content-center","27":"item-entry","28":"owp-thumbs-layout-horizontal","29":"owp-btn-normal","30":"owp-tabs-layout-horizontal"},"_links":{"self":[{"href":"https:\/\/araflowers.ro\/en\/wp-json\/wp\/v2\/product\/2616","targetHints":{"allow":["GET"]}}],"collection":[{"href":"https:\/\/araflowers.ro\/en\/wp-json\/wp\/v2\/product"}],"about":[{"href":"https:\/\/araflowers.ro\/en\/wp-json\/wp\/v2\/types\/product"}],"wp:featuredmedia":[{"embeddable":true,"href":"https:\/\/araflowers.ro\/en\/wp-json\/wp\/v2\/media\/2621"}],"wp:attachment":[{"href":"https:\/\/araflowers.ro\/en\/wp-json\/wp\/v2\/media?parent=2616"}],"wp:term":[{"taxonomy":"product_brand","embeddable":true,"href":"https:\/\/araflowers.ro\/en\/wp-json\/wp\/v2\/product_brand?post=2616"},{"taxonomy":"product_cat","embeddable":true,"href":"https:\/\/araflowers.ro\/en\/wp-json\/wp\/v2\/product_cat?post=2616"},{"taxonomy":"product_tag","embeddable":true,"href":"https:\/\/araflowers.ro\/en\/wp-json\/wp\/v2\/product_tag?post=2616"}],"curies":[{"name":"wp","href":"https:\/\/api.w.org\/{rel}","templated":true}]}}