{"id":2605,"date":"2025-02-05T19:05:35","date_gmt":"2025-02-05T19:05:35","guid":{"rendered":"https:\/\/araflowers.ro\/?post_type=product&#038;p=2605"},"modified":"2026-02-19T14:26:08","modified_gmt":"2026-02-19T14:26:08","slug":"buchet-in-forma-de-inima-cu-trandafiri-rosii","status":"publish","type":"product","link":"https:\/\/araflowers.ro\/en\/product\/buchet-in-forma-de-inima-cu-trandafiri-rosii\/","title":{"rendered":"Buchet in forma de inima cu trandafiri rosii"},"content":{"rendered":"<p class=\"\" data-start=\"88\" data-end=\"136\"><strong data-start=\"88\" data-end=\"136\">Buchet \u00een Form\u0103 de Inim\u0103 cu Trandafiri Ro\u0219ii<\/strong><\/p>\n<p class=\"\" data-start=\"138\" data-end=\"448\">Un cadou romantic perfect, ideal pentru a exprima iubirea sincer\u0103 \u0219i ad\u00e2nc\u0103 fa\u021b\u0103 de persoana iubit\u0103. Acest buchet impresionant con\u021bine trandafiri ro\u0219ii aranja\u021bi \u00eentr-o form\u0103 de inim\u0103, simbol al iubirii eterne. Disponibil \u00een 3 variante de dimensiune: 50, 35 \u0219i 25 trandafiri ro\u0219ii, pentru orice ocazie special\u0103.<\/p>\n<p class=\"\" data-start=\"450\" data-end=\"624\">\u00cen pre\u021bul produsului este inclus\u0103 o felicitare personalizat\u0103, scris\u0103 caligrafic, iar livrarea este gratuit\u0103 \u00een Cluj-Napoca, garant\u00e2nd ajungerea florilor \u00een aproximativ 3 ore.<\/p>\n<p class=\"\" data-start=\"626\" data-end=\"730\">Adaug\u0103 un cadou special din categoria <strong data-start=\"664\" data-end=\"675\">GIFTURI<\/strong> \u0219i personaliza\u021bi mesajul pentru o surpriz\u0103 de neuitat.<\/p>\n<p class=\"\" data-start=\"732\" data-end=\"796\">Mai multe detalii pe <a class=\"\" href=\"https:\/\/araflowers.ro\/en\/\" target=\"_new\" rel=\"noopener\" data-start=\"753\" data-end=\"795\">AraFlowers.ro<\/a>.<\/p>","protected":false},"excerpt":{"rendered":"<h4 data-start=\"74\" data-end=\"142\">Specifica\u021bii Produs:<\/h4>\n<p>Dimensiuni:<\/p>\n<ul>\n<li>Small: 25 trandafiri &#8211;\u00a0 Panglic\u0103\u00a0 &#8211; Felicitare Cadou<\/li>\n<li>Medium: 31 trandafiri &#8211; Panglic\u0103\u00a0 &#8211; Felicitare Cadou<\/li>\n<li>Large: 53 trandafiri &#8211; Panglic\u0103\u00a0 &#8211; Felicitare Cadou<\/li>\n<\/ul>\n<p>Orice Comand\u0103 vine \u00eenso\u021bit\u0103 de felicitare CADOU cu mesajul ales de dumneavostr\u0103.<\/p>\n<h2 class=\"\" data-start=\"246\" data-end=\"335\">Buchet \u00een Form\u0103 de Inim\u0103 cu Trandafiri Ro\u0219ii \u2013 Un Cadou Romantic \u0219i Plin de Sentimente<\/h2>\n<p class=\"\" data-start=\"337\" data-end=\"835\">Buchetul \u00een form\u0103 de inim\u0103 cu trandafiri ro\u0219ii este alegerea perfect\u0103 atunci c\u00e2nd vrei s\u0103 \u00ee\u021bi exprimi sentimentele cele mai profunde fa\u021b\u0103 de persoana iubit\u0103. Trandafirii ro\u0219ii sunt simbolul suprem al iubirii \u0219i pasiunii, iar un astfel de buchet nu doar c\u0103 impresioneaz\u0103 prin frumuse\u021bea sa, dar transmite \u0219i un mesaj de afec\u021biune sincer\u0103 \u0219i puternic\u0103. Este un cadou ideal pentru orice ocazie romantic\u0103, dar mai ales pentru zile speciale precum anivers\u0103ri, Valentine\u2019s Day sau propuneri \u00een c\u0103s\u0103torie.<\/p>\n<h3 class=\"\" data-start=\"837\" data-end=\"873\">Ce Con\u021bine Acest Buchet Special?<\/h3>\n<p class=\"\" data-start=\"875\" data-end=\"1231\">Buchetul \u00een form\u0103 de inim\u0103 este realizat cu trandafiri ro\u0219ii de calitate superioar\u0103, selecta\u021bi cu grij\u0103 pentru a asigura o experien\u021b\u0103 vizual\u0103 deosebit\u0103. Fiecare trandafir este atent a\u0219ezat pentru a forma o inim\u0103 perfect\u0103, simboliz\u00e2nd iubirea pur\u0103 \u0219i necondi\u021bionat\u0103. Acest buchet vine \u00een mai multe dimensiuni pentru a se potrivi nevoilor \u0219i dorin\u021belor tale:<\/p>\n<ul data-start=\"1233\" data-end=\"1761\">\n<li class=\"\" data-start=\"1233\" data-end=\"1420\">\n<p class=\"\" data-start=\"1235\" data-end=\"1420\"><strong data-start=\"1235\" data-end=\"1258\">50 trandafiri ro\u0219ii<\/strong> \u2013 O variant\u0103 grandioas\u0103, care va l\u0103sa o impresie de neuitat asupra persoanei dragi. Este perfect pentru a exprima iubirea \u00een cel mai elegant \u0219i impresionant mod.<\/p>\n<\/li>\n<li class=\"\" data-start=\"1421\" data-end=\"1612\">\n<p class=\"\" data-start=\"1423\" data-end=\"1612\"><strong data-start=\"1423\" data-end=\"1446\">35 trandafiri ro\u0219ii<\/strong> \u2013 Un buchet elegant, ideal pentru cei care doresc o variant\u0103 mai rafinat\u0103, dar totodat\u0103 emo\u021bionant\u0103. Acesta este perfect pentru anivers\u0103ri sau alte momente speciale.<\/p>\n<\/li>\n<li class=\"\" data-start=\"1613\" data-end=\"1761\">\n<p class=\"\" data-start=\"1615\" data-end=\"1761\"><strong data-start=\"1615\" data-end=\"1638\">25 trandafiri ro\u0219ii<\/strong> \u2013 O op\u021biune mai delicat\u0103, dar la fel de spectaculoas\u0103, care transmite acelea\u0219i sentimente profunde de iubire \u0219i admira\u021bie.<\/p>\n<\/li>\n<\/ul>\n<p class=\"\" data-start=\"1763\" data-end=\"1877\">Fiecare variant\u0103 este realizat\u0103 cu aten\u021bie \u0219i respect fa\u021b\u0103 de detalii, pentru a asigura un impact vizual deosebit.<\/p>\n<h3 class=\"\" data-start=\"1879\" data-end=\"1945\">De Ce S\u0103 Alegi Buchetul \u00een Form\u0103 de Inim\u0103 cu Trandafiri Ro\u0219ii?<\/h3>\n<h4 class=\"\" data-start=\"1947\" data-end=\"1969\">Simbol al Iubirii<\/h4>\n<p class=\"\" data-start=\"1971\" data-end=\"2324\">Trandafirii ro\u0219ii sunt recunoscu\u021bi \u00een \u00eentreaga lume pentru semnifica\u021bia lor profund romantic\u0103. Ace\u0219ti flori reprezint\u0103 dragostea adev\u0103rat\u0103, respectul \u0219i pasiunea, fiind ideale pentru a exprima cele mai sincere sentimente fa\u021b\u0103 de persoana iubit\u0103. Buchetul \u00een form\u0103 de inim\u0103 este un cadou emblematic, care va ad\u00e2nci leg\u0103tura dintre tine \u0219i persoana drag\u0103.<\/p>\n<h4 class=\"\" data-start=\"2326\" data-end=\"2361\">Perfect pentru Ocazii Speciale<\/h4>\n<p class=\"\" data-start=\"2363\" data-end=\"2717\">Indiferent dac\u0103 s\u0103rb\u0103tori\u021bi o aniversare, o zi de na\u0219tere, sau o propunere de c\u0103s\u0103torie, acest buchet de trandafiri ro\u0219ii va ad\u0103uga o not\u0103 de magie \u0219i romantism momentului vostru. De asemenea, este ideal pentru evenimente deosebite cum ar fi Ziua \u00cendr\u0103gosti\u021bilor (Valentine&#8217;s Day) sau orice alt\u0103 ocazie care merit\u0103 s\u0103 fie marcat\u0103 cu iubire \u0219i devotament.<\/p>\n<h4 class=\"\" data-start=\"2719\" data-end=\"2746\">Personalizare Complet\u0103<\/h4>\n<p class=\"\" data-start=\"2748\" data-end=\"3132\">Un alt motiv pentru care s\u0103 alegi acest buchet este op\u021biunea de personalizare. Po\u021bi alege dimensiunea dorit\u0103 a buchetului \u0219i mesajul pentru felicitare, pe care \u00eel vom scrie cu m\u00e2n\u0103 caligrafic\u0103, pentru a ad\u0103uga o not\u0103 personal\u0103 \u0219i unic\u0103 darului t\u0103u. \u00cen plus, exist\u0103 posibilitatea de a ad\u0103uga \u0219i un cadou din gama <strong data-start=\"3060\" data-end=\"3071\">GIFTURI<\/strong> disponibile pe site, pentru a face surpriza \u0219i mai special\u0103.<\/p>\n<h4 class=\"\" data-start=\"3134\" data-end=\"3168\">Livrare Rapid\u0103 \u00een Cluj-Napoca<\/h4>\n<p class=\"\" data-start=\"3170\" data-end=\"3608\">Serviciul nostru de livrare este rapid \u0219i eficient. \u00cen aproximativ 3 ore, florile vor ajunge la destina\u021bia dorit\u0103, p\u0103str\u00e2ndu-\u0219i prospe\u021bimea \u0219i frumuse\u021bea. Comenzile plasate dup\u0103 ora 17:00 vor fi livrate a doua zi, pentru a te asigura c\u0103 buchetul ajunge \u00eentotdeauna la timp. Livrarea este gratuit\u0103 \u00een Cluj-Napoca, iar florile sunt transportate cu grij\u0103, prin intermediul curierilor proprii, pentru a asigura c\u0103 ajung \u00eentr-o stare perfect\u0103.<\/p>\n<h4 class=\"\" data-start=\"3610\" data-end=\"3630\">Ambalaj Elegant<\/h4>\n<p class=\"\" data-start=\"3632\" data-end=\"3892\">Buchetul \u00een form\u0103 de inim\u0103 cu trandafiri ro\u0219ii nu doar c\u0103 este spectaculos vizual, dar \u0219i ambalajul este atent realizat pentru a ad\u0103uga un plus de rafinament. Fiecare buchet este ambalat cu grij\u0103, astfel \u00eenc\u00e2t destinatarii s\u0103 primeasc\u0103 o experien\u021b\u0103 de neuitat.<\/p>\n<h4 class=\"\" data-start=\"3894\" data-end=\"3920\">Satisfac\u021bie Garantat\u0103<\/h4>\n<p class=\"\" data-start=\"3922\" data-end=\"4125\">La AraFlowers, satisfac\u021bia clientului este prioritatea noastr\u0103. Asigur\u0103m o livrare impecabil\u0103 \u0219i florile sunt alese cu grij\u0103 pentru a garanta c\u0103 buchetul pe care \u00eel comanzi este de cea mai bun\u0103 calitate.<\/p>\n<h3 class=\"\" data-start=\"4127\" data-end=\"4193\">Cum S\u0103 Comanzi Buchetul \u00een Form\u0103 de Inim\u0103 cu Trandafiri Ro\u0219ii?<\/h3>\n<p class=\"\" data-start=\"4195\" data-end=\"4462\">Plaseaz\u0103 comanda online pe <strong data-start=\"4222\" data-end=\"4239\">AraFlowers.ro<\/strong>, aleg\u00e2nd dimensiunea dorit\u0103 pentru buchetul t\u0103u \u0219i personaliz\u00e2nd mesajul pentru felicitare. Dac\u0103 dore\u0219ti, po\u021bi ad\u0103uga \u0219i un cadou din categoria <strong data-start=\"4384\" data-end=\"4395\">GIFTURI<\/strong>, pentru a surprinde persoana iubit\u0103 \u00een cel mai frumos mod posibil.<\/p>\n<p class=\"\" data-start=\"4464\" data-end=\"4612\">Dac\u0103 ai \u00eentreb\u0103ri legate de personalizare sau livrare, nu ezita s\u0103 ne contactezi telefonic. Echipa noastr\u0103 este mereu disponibil\u0103 pentru a te ajuta.<\/p>\n<h3 class=\"\" data-start=\"4614\" data-end=\"4639\">Servicii Suplimentare<\/h3>\n<ul data-start=\"4641\" data-end=\"4958\">\n<li class=\"\" data-start=\"4641\" data-end=\"4738\">\n<p class=\"\" data-start=\"4643\" data-end=\"4738\"><strong data-start=\"4643\" data-end=\"4676\">Livrare rapid\u0103 \u00een Cluj-Napoca<\/strong> \u2013 Florile vor ajunge \u00een aproximativ 3 ore, \u00een stare perfect\u0103.<\/p>\n<\/li>\n<li class=\"\" data-start=\"4739\" data-end=\"4845\">\n<p class=\"\" data-start=\"4741\" data-end=\"4845\"><strong data-start=\"4741\" data-end=\"4775\">Posibilitatea de personalizare<\/strong> \u2013 Alege num\u0103rul de trandafiri, mesajul caligrafic \u0219i ambalajul dorit.<\/p>\n<\/li>\n<li class=\"\" data-start=\"4846\" data-end=\"4958\">\n<p class=\"\" data-start=\"4848\" data-end=\"4958\"><strong data-start=\"4848\" data-end=\"4880\">Adaug\u0103 un cadou personalizat<\/strong> \u2013 Po\u021bi \u00eenso\u021bi buchetul cu un cadou din categoria GIFTURI, disponibil pe site.<\/p>\n<\/li>\n<\/ul>\n<h3 class=\"\" data-start=\"4960\" data-end=\"5054\">Comand\u0103 Acum \u0219i Surprinde Pe Cineva Drag cu Buchetul \u00een Form\u0103 de Inim\u0103 cu Trandafiri Ro\u0219ii<\/h3>\n<p class=\"\" data-start=\"5056\" data-end=\"5267\">Nu rata ocazia de a exprima dragostea ta \u00eentr-un mod unic \u0219i romantic. Comand\u0103 acum pe <strong data-start=\"5143\" data-end=\"5160\">AraFlowers.ro<\/strong> \u0219i surprinde persoana iubit\u0103 cu un buchet \u00een form\u0103 de inim\u0103 cu trandafiri ro\u0219ii, simbol al iubirii eterne!<\/p>\n<p class=\"\" data-start=\"5269\" data-end=\"5376\">\ud83d\udcf8 <strong data-start=\"5272\" data-end=\"5301\">Urm\u0103re\u0219te-ne pe Instagram<\/strong> pentru inspira\u021bie floral\u0103 zilnic\u0103 \u0219i cele mai noi colec\u021bii: @AraFlowers.ro<\/p>\n<p class=\"\" data-start=\"5378\" data-end=\"5492\">\ud83d\udd0e <strong data-start=\"5381\" data-end=\"5425\">Vezi mai multe produse pe site-ul nostru<\/strong>: <a class=\"\" href=\"https:\/\/araflowers.ro\/en\/\" target=\"_new\" rel=\"noopener\" data-start=\"5427\" data-end=\"5492\">AraFlowers.ro &#8211; Flor\u0103rie Online Cluj<\/a><\/p>","protected":false},"featured_media":3133,"template":"","meta":{"ocean_post_layout":"full-screen","ocean_both_sidebars_style":"","ocean_both_sidebars_content_width":0,"ocean_both_sidebars_sidebars_width":0,"ocean_sidebar":"0","ocean_second_sidebar":"0","ocean_disable_margins":"enable","ocean_add_body_class":"","ocean_shortcode_before_top_bar":"","ocean_shortcode_after_top_bar":"","ocean_shortcode_before_header":"","ocean_shortcode_after_header":"","ocean_has_shortcode":"","ocean_shortcode_after_title":"","ocean_shortcode_before_footer_widgets":"","ocean_shortcode_after_footer_widgets":"","ocean_shortcode_before_footer_bottom":"","ocean_shortcode_after_footer_bottom":"","ocean_display_top_bar":"default","ocean_display_header":"default","ocean_header_style":"","ocean_center_header_left_menu":"0","ocean_custom_header_template":"0","ocean_custom_logo":0,"ocean_custom_retina_logo":0,"ocean_custom_logo_max_width":0,"ocean_custom_logo_tablet_max_width":0,"ocean_custom_logo_mobile_max_width":0,"ocean_custom_logo_max_height":0,"ocean_custom_logo_tablet_max_height":0,"ocean_custom_logo_mobile_max_height":0,"ocean_header_custom_menu":"0","ocean_menu_typo_font_family":"0","ocean_menu_typo_font_subset":"","ocean_menu_typo_font_size":0,"ocean_menu_typo_font_size_tablet":0,"ocean_menu_typo_font_size_mobile":0,"ocean_menu_typo_font_size_unit":"px","ocean_menu_typo_font_weight":"","ocean_menu_typo_font_weight_tablet":"","ocean_menu_typo_font_weight_mobile":"","ocean_menu_typo_transform":"","ocean_menu_typo_transform_tablet":"","ocean_menu_typo_transform_mobile":"","ocean_menu_typo_line_height":0,"ocean_menu_typo_line_height_tablet":0,"ocean_menu_typo_line_height_mobile":0,"ocean_menu_typo_line_height_unit":"","ocean_menu_typo_spacing":0,"ocean_menu_typo_spacing_tablet":0,"ocean_menu_typo_spacing_mobile":0,"ocean_menu_typo_spacing_unit":"","ocean_menu_link_color":"","ocean_menu_link_color_hover":"","ocean_menu_link_color_active":"","ocean_menu_link_background":"","ocean_menu_link_hover_background":"","ocean_menu_link_active_background":"","ocean_menu_social_links_bg":"","ocean_menu_social_hover_links_bg":"","ocean_menu_social_links_color":"","ocean_menu_social_hover_links_color":"","ocean_disable_title":"default","ocean_disable_heading":"default","ocean_post_title":"","ocean_post_subheading":"","ocean_post_title_style":"","ocean_post_title_background_color":"","ocean_post_title_background":0,"ocean_post_title_bg_image_position":"","ocean_post_title_bg_image_attachment":"","ocean_post_title_bg_image_repeat":"","ocean_post_title_bg_image_size":"","ocean_post_title_height":0,"ocean_post_title_bg_overlay":0.5,"ocean_post_title_bg_overlay_color":"","ocean_disable_breadcrumbs":"default","ocean_breadcrumbs_color":"","ocean_breadcrumbs_separator_color":"","ocean_breadcrumbs_links_color":"","ocean_breadcrumbs_links_hover_color":"","ocean_display_footer_widgets":"default","ocean_display_footer_bottom":"default","ocean_custom_footer_template":"0"},"product_brand":[],"product_cat":[23,64],"product_tag":[66,67,65,68],"class_list":{"0":"post-2605","1":"product","2":"type-product","3":"status-publish","4":"has-post-thumbnail","6":"product_cat-buchete","7":"product_cat-valentines-day","8":"product_tag-buchet-trandafiri","9":"product_tag-livrare-flori-cluj","10":"product_tag-tradafiri","11":"product_tag-valentines-day","13":"entry","14":"has-media","16":"first","17":"instock","18":"sale","19":"taxable","20":"shipping-taxable","21":"purchasable","22":"product-type-variable","23":"has-product-nav","24":"col","25":"span_1_of_3","26":"owp-content-center","27":"item-entry","28":"owp-thumbs-layout-horizontal","29":"owp-btn-normal","30":"owp-tabs-layout-horizontal"},"_links":{"self":[{"href":"https:\/\/araflowers.ro\/en\/wp-json\/wp\/v2\/product\/2605","targetHints":{"allow":["GET"]}}],"collection":[{"href":"https:\/\/araflowers.ro\/en\/wp-json\/wp\/v2\/product"}],"about":[{"href":"https:\/\/araflowers.ro\/en\/wp-json\/wp\/v2\/types\/product"}],"wp:featuredmedia":[{"embeddable":true,"href":"https:\/\/araflowers.ro\/en\/wp-json\/wp\/v2\/media\/3133"}],"wp:attachment":[{"href":"https:\/\/araflowers.ro\/en\/wp-json\/wp\/v2\/media?parent=2605"}],"wp:term":[{"taxonomy":"product_brand","embeddable":true,"href":"https:\/\/araflowers.ro\/en\/wp-json\/wp\/v2\/product_brand?post=2605"},{"taxonomy":"product_cat","embeddable":true,"href":"https:\/\/araflowers.ro\/en\/wp-json\/wp\/v2\/product_cat?post=2605"},{"taxonomy":"product_tag","embeddable":true,"href":"https:\/\/araflowers.ro\/en\/wp-json\/wp\/v2\/product_tag?post=2605"}],"curies":[{"name":"wp","href":"https:\/\/api.w.org\/{rel}","templated":true}]}}