{"id":2586,"date":"2025-02-05T18:32:19","date_gmt":"2025-02-05T18:32:19","guid":{"rendered":"https:\/\/araflowers.ro\/?post_type=product&#038;p=2586"},"modified":"2026-02-19T14:26:08","modified_gmt":"2026-02-19T14:26:08","slug":"aranjament-pentru-sotia-mea","status":"publish","type":"product","link":"https:\/\/araflowers.ro\/en\/product\/aranjament-pentru-sotia-mea\/","title":{"rendered":"Aranjament pentru sotia mea"},"content":{"rendered":"<h4 data-start=\"74\" data-end=\"142\">Specifica\u021bii Produs:<\/h4>\n<p>Dimensiuni:<\/p>\n<ul>\n<li>Small: 5 trandafiri, 2 anthurium, 5 ranunculus &#8211; Cutie din catifea &#8211; Panglic\u0103 &#8211; Felicitare Cadou<\/li>\n<li>Medium: 9 trandafiri,3 anthurium,7 ranunculus &#8211; Cutie din catifea &#8211; Panglic\u0103 &#8211; Felicitare Cadou<\/li>\n<li>Large: 15 trandafiri,4 anthurium,10 ranunculus &#8211; Cutie din catifea &#8211; Panglic\u0103 &#8211; Felicitare Cadou<\/li>\n<\/ul>\n<p>Culoare: Roz<\/p>\n<p>Orice Comand\u0103 vine \u00eenso\u021bit\u0103 de felicitare CADOU cu mesajul ales de dumneavostr\u0103.<\/p>\n<p class=\"\" data-start=\"215\" data-end=\"248\"><strong data-start=\"215\" data-end=\"246\">Aranjament pentru so\u021bia mea<\/strong><\/p>\n<p class=\"\" data-start=\"250\" data-end=\"482\">Produsele de pe acest site sunt orientative, iar printr-un apel telefonic se pot \u00eendeplini diferite dorin\u021be \u00een materie floristic\u0103. P\u00e2n\u0103 la urm\u0103, suntem o familie de arti\u0219ti \u0219i abia a\u0219tept\u0103m s\u0103 ne pune\u021bi creativitatea la \u00eencercare.<\/p>\n<p class=\"\" data-start=\"484\" data-end=\"869\">Pre\u021bul produsului pe care l-a\u021bi ales din Atelierul ARA Flowers include o felicitare cadou, pe care vom scrie caligrafic textul ales de dumneavoastr\u0103. Serviciul de livrare flori este gratuit \u00een Cluj-Napoca \u0219i func\u021bioneaz\u0103 prin curieri proprii, astfel \u00eenc\u00e2t florile s\u0103 ajung\u0103 \u00een stare perfect\u0103 la destinatarul ales. \u00cen func\u021bie de stoc \u0219i de sezon, produsele pot suferi mici modific\u0103ri.<\/p>\n<p class=\"\" data-start=\"871\" data-end=\"1037\">Gift-urile sunt cu titlu de prezentare \u0219i nu sunt incluse \u00een pre\u021bul produsului, \u00eens\u0103 acestea pot fi comandate al\u0103turi de produsele dorite din categoria <strong data-start=\"1023\" data-end=\"1034\">GIFTURI<\/strong>.<\/p>\n<p class=\"\" data-start=\"1039\" data-end=\"1085\">Delivery time is estimated to 3 hours.<\/p>\n<p class=\"\" data-start=\"1087\" data-end=\"1145\">Comenzile plasate dup\u0103 ora 17:00 vor fi livrate a doua zi!<\/p>","protected":false},"excerpt":{"rendered":"<p class=\"\" data-start=\"1176\" data-end=\"1253\"><strong data-start=\"1176\" data-end=\"1207\">Aranjament pentru so\u021bia mea<\/strong> \u2013 Un Cadou Floristic Pline de Iubire \u0219i Grij\u0103<\/p>\n<p class=\"\" data-start=\"1255\" data-end=\"1720\">Surprinde-\u021bi so\u021bia cu un <strong data-start=\"1280\" data-end=\"1311\">Aranjament pentru so\u021bia mea<\/strong> special creat pentru a ad\u0103uga un strop de magie \u0219i elegan\u021b\u0103 \u00een ziua ei. Acest aranjament floral este alegerea perfect\u0103 pentru orice ocazie \u2013 fie c\u0103 este vorba despre o aniversare, o surpriz\u0103 special\u0103 sau pur \u0219i simplu o modalitate de a-i ar\u0103ta c\u00e2t de mult o iube\u0219ti. Aranjamentele din Atelierul ARA Flowers sunt realizate cu cea mai mare aten\u021bie la detalii, pentru a aduce un z\u00e2mbet pe fa\u021ba oric\u0103rei femei.<\/p>\n<h3 class=\"\" data-start=\"1722\" data-end=\"1777\">Ce con\u021bine acest <strong data-start=\"1743\" data-end=\"1774\">Aranjament pentru so\u021bia mea<\/strong>?<\/h3>\n<ul data-start=\"1778\" data-end=\"2833\">\n<li class=\"\" data-start=\"1778\" data-end=\"2060\">\n<p class=\"\" data-start=\"1780\" data-end=\"2060\"><strong data-start=\"1780\" data-end=\"1811\">Flori proaspete \u0219i elegante<\/strong>: Selec\u021bia de flori din acest aranjament poate include trandafiri, garoafe, lalele sau orice alt tip de floare care poate exprima sentimentul de iubire pur\u0103. Fiecare floare este aleas\u0103 cu grij\u0103 pentru a respecta standardele de calitate \u0219i frumuse\u021be.<\/p>\n<\/li>\n<li class=\"\" data-start=\"2061\" data-end=\"2312\">\n<p class=\"\" data-start=\"2063\" data-end=\"2312\"><strong data-start=\"2063\" data-end=\"2082\">Ambalaj elegant<\/strong>: Aranjamentul vine \u00eentr-o cutie sau vaz\u0103 elegant\u0103, care adaug\u0103 o not\u0103 de rafinament \u0219i clasicism. Ambalajul este g\u00e2ndit s\u0103 completeze perfect frumuse\u021bea florilor, astfel \u00eenc\u00e2t \u00eentregul cadou s\u0103 fie o adev\u0103rat\u0103 oper\u0103 de artizanat.<\/p>\n<\/li>\n<li class=\"\" data-start=\"2313\" data-end=\"2560\">\n<p class=\"\" data-start=\"2315\" data-end=\"2560\"><strong data-start=\"2315\" data-end=\"2343\">Felicitare personalizat\u0103<\/strong>: Fiecare produs include o felicitare cadou, scris\u0103 manual cu un mesaj personalizat caligrafic. Alege\u021bi un text care s\u0103 exprime exact ceea ce sim\u021bi\u021bi pentru so\u021bia dumneavoastr\u0103, iar noi \u00eel vom reda cu un stil rafinat.<\/p>\n<\/li>\n<li class=\"\" data-start=\"2561\" data-end=\"2833\">\n<p class=\"\" data-start=\"2563\" data-end=\"2833\"><strong data-start=\"2563\" data-end=\"2581\">Livrare rapid\u0103<\/strong>: Serviciul de livrare gratuit\u0103 \u00een Cluj-Napoca garanteaz\u0103 ca florile vor ajunge \u00een aproximativ 3 ore de la plasarea comenzii, prin curieri proprii. Astfel, suntem siguri c\u0103 aranjamentul va ajunge la destina\u021bie \u00een stare perfect\u0103 \u0219i la momentul potrivit.<\/p>\n<\/li>\n<\/ul>\n<h3 class=\"\" data-start=\"2835\" data-end=\"2906\">De ce s\u0103 alegi <strong data-start=\"2854\" data-end=\"2887\">Aranjamentul pentru so\u021bia mea<\/strong> de la ARA Flowers?<\/h3>\n<ul data-start=\"2907\" data-end=\"3713\">\n<li class=\"\" data-start=\"2907\" data-end=\"3195\">\n<p class=\"\" data-start=\"2909\" data-end=\"3195\"><strong data-start=\"2909\" data-end=\"2934\">Un cadou personalizat<\/strong> \u2013 Fiecare aranjament este realizat special pentru a r\u0103spunde dorin\u021belor tale \u0219i pentru a transmite sentimentele tale cele mai sincere. Fie c\u0103 dore\u0219ti un buchet de trandafiri ro\u0219ii sau o combina\u021bie de flori exotice, te vom ajuta s\u0103 creezi o surpriz\u0103 de neuitat.<\/p>\n<\/li>\n<li class=\"\" data-start=\"3196\" data-end=\"3377\">\n<p class=\"\" data-start=\"3198\" data-end=\"3377\"><strong data-start=\"3198\" data-end=\"3228\">Livrare gratuit\u0103 \u0219i rapid\u0103<\/strong> \u2013 Florile sunt livrate rapid \u00een Cluj-Napoca prin curieri proprii, astfel \u00eenc\u00e2t s\u0103 fii sigur c\u0103 aranjamentul va ajunge \u00een cel mai scurt timp posibil.<\/p>\n<\/li>\n<li class=\"\" data-start=\"3378\" data-end=\"3542\">\n<p class=\"\" data-start=\"3380\" data-end=\"3542\"><strong data-start=\"3380\" data-end=\"3397\">Personalizare<\/strong> \u2013 Ai posibilitatea de a ad\u0103uga un mesaj personalizat pe felicitare, iar dac\u0103 dore\u0219ti, po\u021bi ad\u0103uga \u0219i un cadou special din categoria <strong data-start=\"3530\" data-end=\"3541\">GIFTURI<\/strong>.<\/p>\n<\/li>\n<li class=\"\" data-start=\"3543\" data-end=\"3713\">\n<p class=\"\" data-start=\"3545\" data-end=\"3713\"><strong data-start=\"3545\" data-end=\"3569\">Calitate \u0219i elegan\u021b\u0103<\/strong> \u2013 La ARA Flowers, ne asigur\u0103m c\u0103 fiecare floare este aleas\u0103 cu mare aten\u021bie \u0219i c\u0103 aranjamentele sunt realizate manual de florari cu experien\u021b\u0103.<\/p>\n<\/li>\n<\/ul>\n<h3 class=\"\" data-start=\"3715\" data-end=\"3768\">Cum s\u0103 comanzi <strong data-start=\"3734\" data-end=\"3767\">Aranjamentul pentru so\u021bia mea<\/strong>?<\/h3>\n<ol data-start=\"3769\" data-end=\"4099\">\n<li class=\"\" data-start=\"3769\" data-end=\"3871\">\n<p class=\"\" data-start=\"3772\" data-end=\"3871\"><strong data-start=\"3772\" data-end=\"3799\">Plaseaz\u0103 comanda online<\/strong> pe <strong data-start=\"3803\" data-end=\"3820\">AraFlowers.ro<\/strong>, aleg\u00e2nd dimensiunea \u0219i tipul de aranjament dorit.<\/p>\n<\/li>\n<li class=\"\" data-start=\"3872\" data-end=\"3978\">\n<p class=\"\" data-start=\"3875\" data-end=\"3978\"><strong data-start=\"3875\" data-end=\"3901\">Personalizeaz\u0103 mesajul<\/strong> pentru felicitare \u0219i adaug\u0103 orice alt cadou dorit din categoria <strong data-start=\"3966\" data-end=\"3977\">GIFTURI<\/strong>.<\/p>\n<\/li>\n<li class=\"\" data-start=\"3979\" data-end=\"4099\">\n<p class=\"\" data-start=\"3982\" data-end=\"4099\"><strong data-start=\"3982\" data-end=\"4010\">Contacteaz\u0103-ne telefonic<\/strong> pentru \u00eentreb\u0103ri sau pentru a discuta orice detalii legate de personalizare sau livrare.<\/p>\n<\/li>\n<\/ol>\n<p class=\"\" data-start=\"4116\" data-end=\"4368\">Comand\u0103 acum un <strong data-start=\"4132\" data-end=\"4163\">Aranjament pentru so\u021bia mea<\/strong> \u0219i surprinde-\u021bi jum\u0103tatea cu un cadou floristic de neuitat! Aranjamentele noastre sunt simbolul iubirii \u0219i al aprecierei, perfecte pentru a ad\u0103uga un strop de frumuse\u021be \u0219i magie \u00een via\u021ba persoanei iubite.<\/p>\n<p class=\"\" data-start=\"4370\" data-end=\"4469\"><strong data-start=\"4370\" data-end=\"4402\">\ud83d\udcf8 Urm\u0103re\u0219te-ne pe Instagram<\/strong> pentru inspira\u021bie zilnic\u0103 \u0219i cele mai noi colec\u021bii: <a href=\"https:\/\/www.instagram.com\/araflowers.ro\/\">@AraFlowers.ro<\/a><\/p>\n<p class=\"\" data-start=\"4471\" data-end=\"4556\"><strong data-start=\"4471\" data-end=\"4518\">\ud83d\udd0e Vezi mai multe produse pe site-ul nostru<\/strong>: <a href=\"https:\/\/araflowers.ro\/en\/\">AraFlowers.ro \u2013 Flor\u0103rie Online Cluj<\/a><\/p>","protected":false},"featured_media":2590,"template":"","meta":{"ocean_post_layout":"full-screen","ocean_both_sidebars_style":"","ocean_both_sidebars_content_width":0,"ocean_both_sidebars_sidebars_width":0,"ocean_sidebar":"0","ocean_second_sidebar":"0","ocean_disable_margins":"enable","ocean_add_body_class":"","ocean_shortcode_before_top_bar":"","ocean_shortcode_after_top_bar":"","ocean_shortcode_before_header":"","ocean_shortcode_after_header":"","ocean_has_shortcode":"","ocean_shortcode_after_title":"","ocean_shortcode_before_footer_widgets":"","ocean_shortcode_after_footer_widgets":"","ocean_shortcode_before_footer_bottom":"","ocean_shortcode_after_footer_bottom":"","ocean_display_top_bar":"default","ocean_display_header":"default","ocean_header_style":"","ocean_center_header_left_menu":"0","ocean_custom_header_template":"0","ocean_custom_logo":0,"ocean_custom_retina_logo":0,"ocean_custom_logo_max_width":0,"ocean_custom_logo_tablet_max_width":0,"ocean_custom_logo_mobile_max_width":0,"ocean_custom_logo_max_height":0,"ocean_custom_logo_tablet_max_height":0,"ocean_custom_logo_mobile_max_height":0,"ocean_header_custom_menu":"0","ocean_menu_typo_font_family":"0","ocean_menu_typo_font_subset":"","ocean_menu_typo_font_size":0,"ocean_menu_typo_font_size_tablet":0,"ocean_menu_typo_font_size_mobile":0,"ocean_menu_typo_font_size_unit":"px","ocean_menu_typo_font_weight":"","ocean_menu_typo_font_weight_tablet":"","ocean_menu_typo_font_weight_mobile":"","ocean_menu_typo_transform":"","ocean_menu_typo_transform_tablet":"","ocean_menu_typo_transform_mobile":"","ocean_menu_typo_line_height":0,"ocean_menu_typo_line_height_tablet":0,"ocean_menu_typo_line_height_mobile":0,"ocean_menu_typo_line_height_unit":"","ocean_menu_typo_spacing":0,"ocean_menu_typo_spacing_tablet":0,"ocean_menu_typo_spacing_mobile":0,"ocean_menu_typo_spacing_unit":"","ocean_menu_link_color":"","ocean_menu_link_color_hover":"","ocean_menu_link_color_active":"","ocean_menu_link_background":"","ocean_menu_link_hover_background":"","ocean_menu_link_active_background":"","ocean_menu_social_links_bg":"","ocean_menu_social_hover_links_bg":"","ocean_menu_social_links_color":"","ocean_menu_social_hover_links_color":"","ocean_disable_title":"default","ocean_disable_heading":"default","ocean_post_title":"","ocean_post_subheading":"","ocean_post_title_style":"","ocean_post_title_background_color":"","ocean_post_title_background":0,"ocean_post_title_bg_image_position":"","ocean_post_title_bg_image_attachment":"","ocean_post_title_bg_image_repeat":"","ocean_post_title_bg_image_size":"","ocean_post_title_height":0,"ocean_post_title_bg_overlay":0.5,"ocean_post_title_bg_overlay_color":"","ocean_disable_breadcrumbs":"default","ocean_breadcrumbs_color":"","ocean_breadcrumbs_separator_color":"","ocean_breadcrumbs_links_color":"","ocean_breadcrumbs_links_hover_color":"","ocean_display_footer_widgets":"default","ocean_display_footer_bottom":"default","ocean_custom_footer_template":"0"},"product_brand":[],"product_cat":[25,64],"product_tag":[],"class_list":{"0":"post-2586","1":"product","2":"type-product","3":"status-publish","4":"has-post-thumbnail","6":"product_cat-aranjamente","7":"product_cat-valentines-day","9":"entry","10":"has-media","12":"first","13":"instock","14":"sale","15":"taxable","16":"shipping-taxable","17":"purchasable","18":"product-type-variable","19":"has-product-nav","20":"col","21":"span_1_of_3","22":"owp-content-center","23":"item-entry","24":"owp-thumbs-layout-horizontal","25":"owp-btn-normal","26":"owp-tabs-layout-horizontal"},"_links":{"self":[{"href":"https:\/\/araflowers.ro\/en\/wp-json\/wp\/v2\/product\/2586","targetHints":{"allow":["GET"]}}],"collection":[{"href":"https:\/\/araflowers.ro\/en\/wp-json\/wp\/v2\/product"}],"about":[{"href":"https:\/\/araflowers.ro\/en\/wp-json\/wp\/v2\/types\/product"}],"wp:featuredmedia":[{"embeddable":true,"href":"https:\/\/araflowers.ro\/en\/wp-json\/wp\/v2\/media\/2590"}],"wp:attachment":[{"href":"https:\/\/araflowers.ro\/en\/wp-json\/wp\/v2\/media?parent=2586"}],"wp:term":[{"taxonomy":"product_brand","embeddable":true,"href":"https:\/\/araflowers.ro\/en\/wp-json\/wp\/v2\/product_brand?post=2586"},{"taxonomy":"product_cat","embeddable":true,"href":"https:\/\/araflowers.ro\/en\/wp-json\/wp\/v2\/product_cat?post=2586"},{"taxonomy":"product_tag","embeddable":true,"href":"https:\/\/araflowers.ro\/en\/wp-json\/wp\/v2\/product_tag?post=2586"}],"curies":[{"name":"wp","href":"https:\/\/api.w.org\/{rel}","templated":true}]}}