{"id":2579,"date":"2025-02-05T18:25:22","date_gmt":"2025-02-05T18:25:22","guid":{"rendered":"https:\/\/araflowers.ro\/?post_type=product&#038;p=2579"},"modified":"2026-02-19T14:33:28","modified_gmt":"2026-02-19T14:33:28","slug":"aranjament-cu-mini-rosses","status":"publish","type":"product","link":"https:\/\/araflowers.ro\/en\/product\/aranjament-cu-mini-rosses\/","title":{"rendered":"Aranjament cu mini rosses"},"content":{"rendered":"<p class=\"\" data-start=\"133\" data-end=\"162\"><strong data-start=\"133\" data-end=\"162\">Aranjament cu Mini Rosses<\/strong><\/p>\n<p class=\"\" data-start=\"164\" data-end=\"389\">The products on this website are indicative, with a phone call you can fulfill different wishes in floristic matters. After all, we are a family of artists and we can't wait for you to put our creativity to the test.<\/p>\n<p class=\"\" data-start=\"391\" data-end=\"774\">Pre\u021bul produsului pe care l-a\u021bi ales din Atelierul ARA Flowers include o felicitare cadou, pe care vom scrie caligrafic textul ales de dumneavoastr\u0103. Serviciul de livrare flori este gratuit \u00een Cluj-Napoca \u0219i func\u021bioneaz\u0103 prin curieri proprii, astfel \u00eenc\u00e2t florile s\u0103 ajung\u0103 \u00een stare perfect\u0103 la destinatarul ales. \u00cen func\u021bie de stoc \u0219i de sezon, produsele pot suferi mici modific\u0103ri.<\/p>\n<p class=\"\" data-start=\"776\" data-end=\"937\">Gift-urile sunt cu titlu de prezentare \u0219i nu sunt incluse \u00een pre\u021bul produsului, \u00eens\u0103 acestea pot fi comandate al\u0103turi de produsele dorite, din categoria GIFTURI.<\/p>\n<p class=\"\" data-start=\"939\" data-end=\"983\">Delivery time is estimated to 3 hours.<\/p>\n<p class=\"\" data-start=\"985\" data-end=\"1043\">Comenzile plasate dup\u0103 ora 17:00 vor fi livrate a doua zi!<\/p>","protected":false},"excerpt":{"rendered":"<p class=\"\" data-start=\"225\" data-end=\"310\"><strong data-start=\"225\" data-end=\"310\">Aranjament cu Mini Rosses \u2013 Elegan\u021b\u0103 \u0219i Delicate\u021be \u00eentr-un Aranjament Floral Unic<\/strong><\/p>\n<p class=\"\" data-start=\"312\" data-end=\"790\">Aranjamentul cu Mini Rosses este alegerea perfect\u0103 pentru momentele speciale din via\u021ba ta sau pentru a ad\u0103uga un strop de frumuse\u021be \u0219i rafinament \u00een orice \u00eenc\u0103pere. Cu un design delicat \u0219i o combina\u021bie unic\u0103 de trandafiri ro\u0219ii miniaturi \u0219i orhidee, acest aranjament floral aduce un aer sofisticat \u0219i proasp\u0103t oric\u0103rei ocazii. Este ideal pentru a celebra anivers\u0103ri, cadouri de ziua \u00eendr\u0103gosti\u021bilor, sau pentru a surprinde pe cineva drag cu un cadou floral plin de semnifica\u021bie.<\/p>\n<p class=\"\" data-start=\"792\" data-end=\"835\"><strong data-start=\"792\" data-end=\"835\">Ce con\u021bine Aranjamentul cu Mini Rosses?<\/strong><\/p>\n<p class=\"\" data-start=\"837\" data-end=\"870\">Acest aranjament special include:<\/p>\n<ul data-start=\"872\" data-end=\"1752\">\n<li class=\"\" data-start=\"872\" data-end=\"1161\">\n<p class=\"\" data-start=\"874\" data-end=\"1161\"><strong data-start=\"874\" data-end=\"899\">Mini trandafiri ro\u0219ii<\/strong>: Trandafirii ro\u0219ii sunt un simbol al iubirii \u0219i pasiunii, iar \u00een varianta miniatural\u0103, ace\u0219tia transmit o sensibilitate aparte. Fiecare mini trandafir este atent ales \u0219i aranjat pentru a crea un efect vizual deosebit, fiind perfect pentru orice moment romantic.<\/p>\n<\/li>\n<li class=\"\" data-start=\"1165\" data-end=\"1449\">\n<p class=\"\" data-start=\"1167\" data-end=\"1449\"><strong data-start=\"1167\" data-end=\"1185\">2 cupe orhidee<\/strong>: Orhideele adaug\u0103 un plus de elegan\u021b\u0103 \u0219i exotism acestui aranjament, complet\u00e2nd frumos trandafirii ro\u0219ii miniaturi. Florile de orhidee sunt cunoscute pentru frumuse\u021bea lor rar\u0103 \u0219i semnifica\u021bia lor profund\u0103, fiind un simbol al rafinamentului \u0219i al frumuse\u021bii pure.<\/p>\n<\/li>\n<li class=\"\" data-start=\"1451\" data-end=\"1752\">\n<p class=\"\" data-start=\"1453\" data-end=\"1752\"><strong data-start=\"1453\" data-end=\"1480\">Cutie de catifea neagr\u0103<\/strong>: Aranjamentul este prezentat \u00eentr-o cutie elegant\u0103 din catifea neagr\u0103, care nu doar c\u0103 adaug\u0103 un plus de lux, dar \u0219i protejeaz\u0103 florile, men\u021bin\u00e2ndu-le \u00een stare perfect\u0103. Aceasta cutie rafinat\u0103 face ca aranjamentul s\u0103 fie \u0219i mai special \u0219i s\u0103 impresioneze de fiecare dat\u0103.<\/p>\n<\/li>\n<\/ul>\n<p class=\"\" data-start=\"1754\" data-end=\"1819\"><strong data-start=\"1754\" data-end=\"1819\">De ce s\u0103 alegi Aranjamentul cu Mini Rosses de la ARA Flowers?<\/strong><\/p>\n<p class=\"\" data-start=\"1821\" data-end=\"1984\">\u2714\ufe0f <strong data-start=\"1824\" data-end=\"1850\">Elegan\u021b\u0103 \u0219i delicate\u021be<\/strong> \u2013 Mini trandafirii ro\u0219ii \u0219i orhideele completeaz\u0103 perfect acest aranjament elegant, care va ad\u0103uga un aer sofisticat oric\u0103rei camere.<\/p>\n<p class=\"\" data-start=\"1986\" data-end=\"2186\">\u2714\ufe0f <strong data-start=\"1989\" data-end=\"2020\">Perfect pentru orice ocazie<\/strong> \u2013 Indiferent dac\u0103 s\u0103rb\u0103tore\u0219ti o aniversare, vrei s\u0103 faci un cadou special sau vrei s\u0103 aduci un z\u00e2mbet pe chipul cuiva drag, acest aranjament este alegerea perfect\u0103.<\/p>\n<p class=\"\" data-start=\"2188\" data-end=\"2365\">\u2714\ufe0f <strong data-start=\"2191\" data-end=\"2208\">Personalizare<\/strong> \u2013 Po\u021bi personaliza mesajul pentru felicitare, scris manual de c\u0103tre echipa noastr\u0103 de la ARA Flowers, pentru a transmite sentimentele tale cele mai sincere.<\/p>\n<p class=\"\" data-start=\"2367\" data-end=\"2556\">\u2714\ufe0f <strong data-start=\"2370\" data-end=\"2388\">Livrare rapid\u0103<\/strong> \u2013 Serviciul de livrare este gratuit \u00een Cluj-Napoca, iar florile vor ajunge la destina\u021bie \u00een aproximativ 3 ore, asigur\u00e2ndu-se c\u0103 acestea sunt livrate \u00een stare perfect\u0103.<\/p>\n<p class=\"\" data-start=\"2558\" data-end=\"2752\">\u2714\ufe0f <strong data-start=\"2561\" data-end=\"2580\">Ambalaj premium<\/strong> \u2013 Aranjamentul este realizat cu grij\u0103, iar cutia de catifea adaug\u0103 un plus de lux acestui cadou floral. Fiecare detaliu este g\u00e2ndit pentru a oferi o experien\u021b\u0103 de neuitat.<\/p>\n<p class=\"\" data-start=\"2754\" data-end=\"2975\">\u2714\ufe0f <strong data-start=\"2757\" data-end=\"2782\">Satisfac\u021bie garantat\u0103<\/strong> \u2013 Florile sunt livrate prin curieri proprii, iar echipa noastr\u0103 se asigur\u0103 c\u0103 aranjamentele ajung \u00eentotdeauna \u00een cele mai bune condi\u021bii, pentru ca tu s\u0103 te bucuri de un cadou floral impecabil.<\/p>\n<p class=\"\" data-start=\"2977\" data-end=\"3042\"><strong data-start=\"2977\" data-end=\"3042\">Cum s\u0103 Comanzi Aranjamentul cu Mini Rosses de la ARA Flowers?<\/strong><\/p>\n<p class=\"\" data-start=\"3044\" data-end=\"3354\">Pentru a comanda acest aranjament deosebit, acceseaz\u0103 AraFlowers.ro \u0219i selecteaz\u0103 dimensiunea dorit\u0103 (\u00een acest caz, varianta Small). Dup\u0103 ce plasezi comanda, nu uita s\u0103 personalizezi mesajul pentru felicitare \u0219i s\u0103 alegi un cadou suplimentar din categoria GIFTURI, pentru a completa acest cadou floral elegant.<\/p>\n<p class=\"\" data-start=\"3356\" data-end=\"3592\"><strong data-start=\"3356\" data-end=\"3386\">Livrare rapid\u0103 \u0219i gratuit\u0103<\/strong> \u2013 Aranjamentele vor ajunge \u00een aproximativ 3 ore, iar comenzile efectuate dup\u0103 ora 17:00 vor fi livrate a doua zi. A\u0219adar, nu trebuie s\u0103-\u021bi faci griji \u00een privin\u021ba livr\u0103rii, noi ne ocup\u0103m de toate detaliile!<\/p>\n<p class=\"\" data-start=\"3594\" data-end=\"3703\">Comand\u0103 acum \u0219i adaug\u0103 un strop de frumuse\u021be \u0219i elegan\u021b\u0103 \u00een via\u021ba celor dragi cu Aranjamentul cu Mini Rosses!<\/p>\n<p class=\"\" data-start=\"3705\" data-end=\"3812\">\ud83d\udcf8 <strong data-start=\"3708\" data-end=\"3737\">Urm\u0103re\u0219te-ne pe Instagram<\/strong> pentru inspira\u021bie floral\u0103 zilnic\u0103 \u0219i cele mai noi colec\u021bii: <a href=\"https:\/\/www.instagram.com\/araflowers.ro\/\">@AraFlowers.ro<\/a><\/p>\n<p class=\"\" data-start=\"3814\" data-end=\"3899\">\ud83d\udd0e <strong data-start=\"3817\" data-end=\"3861\">Vezi mai multe produse pe site-ul nostru<\/strong>: <a href=\"https:\/\/araflowers.ro\/en\/\">AraFlowers.ro \u2013 Flor\u0103rie Online Cluj<\/a><\/p>","protected":false},"featured_media":2584,"template":"","meta":{"ocean_post_layout":"full-screen","ocean_both_sidebars_style":"","ocean_both_sidebars_content_width":0,"ocean_both_sidebars_sidebars_width":0,"ocean_sidebar":"0","ocean_second_sidebar":"0","ocean_disable_margins":"enable","ocean_add_body_class":"","ocean_shortcode_before_top_bar":"","ocean_shortcode_after_top_bar":"","ocean_shortcode_before_header":"","ocean_shortcode_after_header":"","ocean_has_shortcode":"","ocean_shortcode_after_title":"","ocean_shortcode_before_footer_widgets":"","ocean_shortcode_after_footer_widgets":"","ocean_shortcode_before_footer_bottom":"","ocean_shortcode_after_footer_bottom":"","ocean_display_top_bar":"default","ocean_display_header":"default","ocean_header_style":"","ocean_center_header_left_menu":"0","ocean_custom_header_template":"0","ocean_custom_logo":0,"ocean_custom_retina_logo":0,"ocean_custom_logo_max_width":0,"ocean_custom_logo_tablet_max_width":0,"ocean_custom_logo_mobile_max_width":0,"ocean_custom_logo_max_height":0,"ocean_custom_logo_tablet_max_height":0,"ocean_custom_logo_mobile_max_height":0,"ocean_header_custom_menu":"0","ocean_menu_typo_font_family":"0","ocean_menu_typo_font_subset":"","ocean_menu_typo_font_size":0,"ocean_menu_typo_font_size_tablet":0,"ocean_menu_typo_font_size_mobile":0,"ocean_menu_typo_font_size_unit":"px","ocean_menu_typo_font_weight":"","ocean_menu_typo_font_weight_tablet":"","ocean_menu_typo_font_weight_mobile":"","ocean_menu_typo_transform":"","ocean_menu_typo_transform_tablet":"","ocean_menu_typo_transform_mobile":"","ocean_menu_typo_line_height":0,"ocean_menu_typo_line_height_tablet":0,"ocean_menu_typo_line_height_mobile":0,"ocean_menu_typo_line_height_unit":"","ocean_menu_typo_spacing":0,"ocean_menu_typo_spacing_tablet":0,"ocean_menu_typo_spacing_mobile":0,"ocean_menu_typo_spacing_unit":"","ocean_menu_link_color":"","ocean_menu_link_color_hover":"","ocean_menu_link_color_active":"","ocean_menu_link_background":"","ocean_menu_link_hover_background":"","ocean_menu_link_active_background":"","ocean_menu_social_links_bg":"","ocean_menu_social_hover_links_bg":"","ocean_menu_social_links_color":"","ocean_menu_social_hover_links_color":"","ocean_disable_title":"default","ocean_disable_heading":"default","ocean_post_title":"","ocean_post_subheading":"","ocean_post_title_style":"","ocean_post_title_background_color":"","ocean_post_title_background":0,"ocean_post_title_bg_image_position":"","ocean_post_title_bg_image_attachment":"","ocean_post_title_bg_image_repeat":"","ocean_post_title_bg_image_size":"","ocean_post_title_height":0,"ocean_post_title_bg_overlay":0.5,"ocean_post_title_bg_overlay_color":"","ocean_disable_breadcrumbs":"default","ocean_breadcrumbs_color":"","ocean_breadcrumbs_separator_color":"","ocean_breadcrumbs_links_color":"","ocean_breadcrumbs_links_hover_color":"","ocean_display_footer_widgets":"default","ocean_display_footer_bottom":"default","ocean_custom_footer_template":"0"},"product_brand":[],"product_cat":[25,64],"product_tag":[],"class_list":{"0":"post-2579","1":"product","2":"type-product","3":"status-publish","4":"has-post-thumbnail","6":"product_cat-aranjamente","7":"product_cat-valentines-day","9":"entry","10":"has-media","12":"first","13":"instock","14":"sale","15":"taxable","16":"shipping-taxable","17":"purchasable","18":"product-type-variable","19":"has-product-nav","20":"col","21":"span_1_of_3","22":"owp-content-center","23":"item-entry","24":"owp-thumbs-layout-horizontal","25":"owp-btn-normal","26":"owp-tabs-layout-horizontal"},"_links":{"self":[{"href":"https:\/\/araflowers.ro\/en\/wp-json\/wp\/v2\/product\/2579","targetHints":{"allow":["GET"]}}],"collection":[{"href":"https:\/\/araflowers.ro\/en\/wp-json\/wp\/v2\/product"}],"about":[{"href":"https:\/\/araflowers.ro\/en\/wp-json\/wp\/v2\/types\/product"}],"wp:featuredmedia":[{"embeddable":true,"href":"https:\/\/araflowers.ro\/en\/wp-json\/wp\/v2\/media\/2584"}],"wp:attachment":[{"href":"https:\/\/araflowers.ro\/en\/wp-json\/wp\/v2\/media?parent=2579"}],"wp:term":[{"taxonomy":"product_brand","embeddable":true,"href":"https:\/\/araflowers.ro\/en\/wp-json\/wp\/v2\/product_brand?post=2579"},{"taxonomy":"product_cat","embeddable":true,"href":"https:\/\/araflowers.ro\/en\/wp-json\/wp\/v2\/product_cat?post=2579"},{"taxonomy":"product_tag","embeddable":true,"href":"https:\/\/araflowers.ro\/en\/wp-json\/wp\/v2\/product_tag?post=2579"}],"curies":[{"name":"wp","href":"https:\/\/api.w.org\/{rel}","templated":true}]}}