{"id":2569,"date":"2025-02-03T17:07:45","date_gmt":"2025-02-03T17:07:45","guid":{"rendered":"https:\/\/araflowers.ro\/?post_type=product&#038;p=2569"},"modified":"2026-02-19T14:26:08","modified_gmt":"2026-02-19T14:26:08","slug":"buchet-be-my-valentines","status":"publish","type":"product","link":"https:\/\/araflowers.ro\/en\/product\/buchet-be-my-valentines\/","title":{"rendered":"Buchet &#8222;Be My Valentine&#8217;s&#8221;"},"content":{"rendered":"<h4 data-start=\"74\" data-end=\"142\">Specifica\u021bii Produs:<\/h4>\n<p>Dimensiuni:<\/p>\n<ul>\n<li>Small: 9 Trandafiri + 9 Mini Roses &#8211; Ambalaj &#8211; Panglic\u0103 &#8211; Felicitare Cadou<\/li>\n<li>Medium: 15 Trandafiri + 15 Mini Roses &#8211; Ambalaj &#8211; Panglic\u0103 &#8211; Felicitare Cadou<\/li>\n<li>Large: 19 Trandafiri + 19 Mini Roses &#8211; Ambalaj &#8211; Panglic\u0103 &#8211; Felicitare Cadou<\/li>\n<\/ul>\n<p>Orice Comand\u0103 vine \u00eenso\u021bit\u0103 de felicitare CADOU cu mesajul ales de dumneavostr\u0103.<\/p>\n<p class=\"\" data-start=\"57\" data-end=\"251\"><strong data-start=\"57\" data-end=\"87\">Buchet &#8222;Be My Valentine&#8217;s&#8221;<\/strong><br data-start=\"87\" data-end=\"90\" \/>Transform\u0103 aceast\u0103 Zi a \u00cendr\u0103gosti\u021bilor \u00eentr-un moment de neuitat cu buchetul &#8222;Be My Valentine&#8217;s&#8221;. \u00cemp\u0103rt\u0103\u0219e\u0219te-\u021bi sentimentele \u00eentr-un mod elegant \u0219i memorabil!<\/p>\n<p class=\"\" data-start=\"253\" data-end=\"487\">Produsele de pe acest site sunt orientative. Printr-un apel telefonic, putem personaliza orice dorin\u021b\u0103 floral\u0103. Suntem o echip\u0103 de arti\u0219ti florali \u0219i abia a\u0219tept\u0103m s\u0103 \u00ee\u021bi \u00eendeplinim cerin\u021bele, l\u0103s\u00e2ndu-ne creativitatea s\u0103 str\u0103luceasc\u0103.<\/p>\n<p class=\"\" data-start=\"489\" data-end=\"725\"><strong data-start=\"489\" data-end=\"522\">Ce include pre\u021bul produsului:<\/strong><br data-start=\"522\" data-end=\"525\" \/>Pre\u021bul produsului ales include o felicitare cadou, pe care o vom scrie manual, cu un mesaj caligrafic personalizat. Este modul nostru de a ad\u0103uga un plus de elegan\u021b\u0103 \u0219i sentiment \u00een fiecare livrare.<\/p>\n<p class=\"\" data-start=\"727\" data-end=\"975\"><strong data-start=\"727\" data-end=\"758\">Livrare gratuit\u0103 \u0219i rapid\u0103:<\/strong><br data-start=\"758\" data-end=\"761\" \/>Livrarea florilor \u00een Cluj-Napoca este gratuit\u0103 \u0219i se face prin curieri proprii, pentru a ne asigura c\u0103 florile ajung \u00een stare perfect\u0103, \u00een maximum 3 ore.<br data-start=\"914\" data-end=\"917\" \/>Comenzile plasate dup\u0103 ora 17:00 vor fi livrate a doua zi!<\/p>\n<p class=\"\" data-start=\"977\" data-end=\"1154\"><strong data-start=\"977\" data-end=\"999\">Note suplimentare:<\/strong><br data-start=\"999\" data-end=\"1002\" \/>Gift-urile din imagine sunt doar cu titlu de prezentare \u0219i nu sunt incluse \u00een pre\u021bul produsului, \u00eens\u0103 le po\u021bi comanda separat din categoria <strong data-start=\"1142\" data-end=\"1153\">GIFTURI<\/strong>.<\/p>","protected":false},"excerpt":{"rendered":"<h3 class=\"\" data-start=\"100\" data-end=\"159\">Buchet &#8222;Be My Valentine&#8217;s&#8221; \u2013 Un Gest Romantic \u0219i Inedit<\/h3>\n<p class=\"\" data-start=\"161\" data-end=\"481\">Transform\u0103 aceast\u0103 Zi a \u00cendr\u0103gosti\u021bilor \u00eentr-un moment cu adev\u0103rat special cu ajutorul buchetului <strong data-start=\"259\" data-end=\"282\">&#8222;Be My Valentine&#8217;s&#8221;<\/strong>, un aranjament floral rafinat \u0219i plin de semnifica\u021bie. Acest buchet, realizat cu pasiune \u0219i aten\u021bie la detalii, este alegerea perfect\u0103 pentru a-\u021bi exprima dragostea \u00eentr-un mod elegant \u0219i memorabil.<\/p>\n<p class=\"\" data-start=\"483\" data-end=\"643\">Buchetul din imagine este de <strong data-start=\"512\" data-end=\"537\">dimensiune M (Medium)<\/strong> \u2013 suficient de impresionant pentru a surprinde, dar \u0219i delicat pentru a exprima o iubire pur\u0103 \u0219i sincer\u0103.<\/p>\n<h4 class=\"\" data-start=\"645\" data-end=\"690\">Ce Con\u021bine Buchetul &#8222;Be My Valentine&#8217;s&#8221;?<\/h4>\n<p class=\"\" data-start=\"692\" data-end=\"932\">Acest buchet este o combina\u021bie armonioas\u0103 de flori care transmit sentimente de iubire, pasiune \u0219i apreciere. Fiecare floare este selectat\u0103 cu grij\u0103 pentru a crea un aranjament care va impresiona \u0219i va aduce z\u00e2mbetul pe fa\u021ba persoanei dragi:<\/p>\n<ul data-start=\"934\" data-end=\"1408\">\n<li class=\"\" data-start=\"934\" data-end=\"1126\">\n<p class=\"\" data-start=\"936\" data-end=\"1126\"><strong data-start=\"936\" data-end=\"956\">Trandafiri ro\u0219ii<\/strong> \u2013 simbolul iubirii eterne \u0219i al pasiunii pure, ace\u0219ti trandafiri sunt centrul buchetului &#8222;Be My Valentine&#8217;s&#8221;, fiind o alegere clasic\u0103 pentru a celebra iubirea adev\u0103rat\u0103.<\/p>\n<\/li>\n<li class=\"\" data-start=\"1127\" data-end=\"1276\">\n<p class=\"\" data-start=\"1129\" data-end=\"1276\"><strong data-start=\"1129\" data-end=\"1141\">Tros Roz<\/strong> \u2013 cu o nuan\u021b\u0103 elegant\u0103, acest element adaug\u0103 o not\u0103 suav\u0103 \u0219i feminin\u0103 \u00eentregului buchet, simboliz\u00e2nd aprecierea \u0219i dragostea delicat\u0103.<\/p>\n<\/li>\n<li class=\"\" data-start=\"1277\" data-end=\"1408\">\n<p class=\"\" data-start=\"1279\" data-end=\"1408\"><strong data-start=\"1279\" data-end=\"1286\">Puf<\/strong> \u2013 pentru un efect pufos \u0219i deosebit, acest element adaug\u0103 un plus de textur\u0103 \u0219i un contrast frumos cu florile principale.<\/p>\n<\/li>\n<\/ul>\n<p class=\"\" data-start=\"1410\" data-end=\"1588\">Acest buchet este disponibil \u00een <strong data-start=\"1442\" data-end=\"1468\">dimensiunea Medium (M)<\/strong>, ideal pentru orice ocazie special\u0103, dar \u0219i suficient de impresionant pentru a exprima un sentiment puternic \u0219i sincer.<\/p>\n<h4 class=\"\" data-start=\"1590\" data-end=\"1639\">De Ce S\u0103 Alegi Buchetul &#8222;Be My Valentine&#8217;s&#8221;?<\/h4>\n<ul data-start=\"1641\" data-end=\"2884\">\n<li class=\"\" data-start=\"1641\" data-end=\"1930\">\n<p class=\"\" data-start=\"1643\" data-end=\"1930\"><strong data-start=\"1643\" data-end=\"1667\">Simbolismul florilor<\/strong> \u2013 Trandafirii ro\u0219ii \u0219i trosul roz sunt florile perfecte pentru a exprima iubirea \u0219i aprecierea \u00een Ziua \u00cendr\u0103gosti\u021bilor. Fiecare floare din acest buchet are o semnifica\u021bie special\u0103 \u0219i contribuie la mesajul puternic pe care dore\u0219ti s\u0103-l transmi\u021bi persoanei iubite.<\/p>\n<\/li>\n<li class=\"\" data-start=\"1934\" data-end=\"2279\">\n<p class=\"\" data-start=\"1936\" data-end=\"2279\"><strong data-start=\"1936\" data-end=\"1962\">Personalizare complet\u0103<\/strong> \u2013 La ARA Flowers, punem accent pe personalizare. Po\u021bi alege nu doar dimensiunea buchetului, dar \u0219i mesajul de pe felicitare, pe care \u00eel vom scrie manual cu stilou caligrafic pentru un plus de elegan\u021b\u0103. Mesajul poate reflecta cele mai sincere sentimente sau poate fi un simplu \u201eTe iubesc!\u201d \u2013 tu alegi ce vrei s\u0103 spui.<\/p>\n<\/li>\n<li class=\"\" data-start=\"2281\" data-end=\"2581\">\n<p class=\"\" data-start=\"2283\" data-end=\"2581\"><strong data-start=\"2283\" data-end=\"2328\">Livrare rapid\u0103 \u0219i gratuit\u0103 \u00een Cluj-Napoca<\/strong> \u2013 Pentru a asigura o experien\u021b\u0103 de neuitat, livr\u0103m florile cu ajutorul curierilor proprii, astfel \u00eenc\u00e2t acestea s\u0103 ajung\u0103 \u00een stare perfect\u0103 \u0219i proaspete la destinatar \u00een cel mult 3 ore. \u00cen plus, serviciul de livrare este complet gratuit \u00een Cluj-Napoca.<\/p>\n<\/li>\n<li class=\"\" data-start=\"2583\" data-end=\"2884\">\n<p class=\"\" data-start=\"2585\" data-end=\"2884\"><strong data-start=\"2585\" data-end=\"2605\">Calitate premium<\/strong> \u2013 Fiecare buchet din Atelierul ARA Flowers este creat manual de florari experimenta\u021bi, care au grij\u0103 de fiecare detaliu, de la selec\u021bia florilor p\u00e2n\u0103 la aranjarea acestora \u00eentr-un mod estetic \u0219i armonios. Astfel, \u00ee\u021bi garant\u0103m c\u0103 produsul livrat va fi de cea mai \u00eenalt\u0103 calitate.<\/p>\n<\/li>\n<\/ul>\n<h4 class=\"\" data-start=\"2886\" data-end=\"2935\">Cum S\u0103 Comanzi Buchetul &#8222;Be My Valentine&#8217;s&#8221;?<\/h4>\n<p class=\"\" data-start=\"2937\" data-end=\"3184\">Comand\u0103 acum online pe site-ul nostru <a class=\"\" href=\"https:\/\/araflowers.ro\/en\/\" target=\"_new\" rel=\"noopener\" data-start=\"2975\" data-end=\"2992\">www.araflowers.ro<\/a> \u0219i adaug\u0103 \u00een co\u0219 acest buchet minunat. \u00cen plus, po\u021bi personaliza mesajul pe care dore\u0219ti s\u0103-l transmi\u021bi \u0219i po\u021bi alege \u0219i un cadou special din categoria <strong data-start=\"3145\" data-end=\"3156\">GIFTURI<\/strong> pentru a completa surpriza.<\/p>\n<p class=\"\" data-start=\"3186\" data-end=\"3412\">Dac\u0103 ai \u00eentreb\u0103ri sau vrei s\u0103 discu\u021bi despre op\u021biuni suplimentare, nu ezita s\u0103 ne contactezi telefonic. Suntem aici pentru a-\u021bi \u00eendeplini dorin\u021bele florale \u0219i pentru a crea un cadou unic, care s\u0103 fie exact a\u0219a cum \u00ee\u021bi dore\u0219ti.<\/p>\n<hr class=\"\" data-start=\"3414\" data-end=\"3417\" \/>\n<h3 class=\"\" data-start=\"3419\" data-end=\"3450\">De ce s\u0103 alegi ARA Flowers?<\/h3>\n<p class=\"\" data-start=\"3452\" data-end=\"3869\">La <strong data-start=\"3455\" data-end=\"3470\">ARA Flowers<\/strong>, suntem o familie de arti\u0219ti florali pasiona\u021bi de ceea ce facem. Ne dorim ca fiecare buchet s\u0103 reflecte perfect personalitatea celor care \u00eel primesc, a\u0219a c\u0103 ne punem toat\u0103 creativitatea \u0219i dragostea \u00een fiecare crea\u021bie. Alegerea noastr\u0103 de flori este atent selec\u021bionat\u0103, iar fiecare aranjament floral este creat cu un singur scop: s\u0103 aduc\u0103 bucurie \u0219i s\u0103 transmit\u0103 sentimentele tale cele mai sincere.<\/p>\n<p class=\"\" data-start=\"3871\" data-end=\"4020\">Surprinde-\u021bi persoana iubit\u0103 cu un buchet deosebit, comand\u0103 acum <strong data-start=\"3936\" data-end=\"3968\">buchetul &#8222;Be My Valentine&#8217;s&#8221;<\/strong> \u0219i f\u0103-\u021bi ziua \u00eendr\u0103gosti\u021bilor \u0219i mai special\u0103! \ud83d\udc90\u2764\ufe0f<\/p>\n<p class=\"\" data-start=\"4022\" data-end=\"4125\">\ud83d\udcf8 Urm\u0103re\u0219te-ne pe Instagram @AraFlowers.ro pentru inspira\u021bie zilnic\u0103 \u0219i cele mai noi colec\u021bii florale.<\/p>\n<p class=\"\" data-start=\"4127\" data-end=\"4222\">\ud83d\udd0e Pentru mai multe produse \u0219i oferte, viziteaz\u0103 <a class=\"\" href=\"https:\/\/araflowers.ro\/en\/\" target=\"_new\" rel=\"noopener\" data-start=\"4176\" data-end=\"4221\">www.araflowers.ro<\/a>.<\/p>","protected":false},"featured_media":2574,"template":"","meta":{"ocean_post_layout":"full-screen","ocean_both_sidebars_style":"","ocean_both_sidebars_content_width":0,"ocean_both_sidebars_sidebars_width":0,"ocean_sidebar":"0","ocean_second_sidebar":"0","ocean_disable_margins":"enable","ocean_add_body_class":"","ocean_shortcode_before_top_bar":"","ocean_shortcode_after_top_bar":"","ocean_shortcode_before_header":"","ocean_shortcode_after_header":"","ocean_has_shortcode":"","ocean_shortcode_after_title":"","ocean_shortcode_before_footer_widgets":"","ocean_shortcode_after_footer_widgets":"","ocean_shortcode_before_footer_bottom":"","ocean_shortcode_after_footer_bottom":"","ocean_display_top_bar":"default","ocean_display_header":"default","ocean_header_style":"","ocean_center_header_left_menu":"0","ocean_custom_header_template":"0","ocean_custom_logo":0,"ocean_custom_retina_logo":0,"ocean_custom_logo_max_width":0,"ocean_custom_logo_tablet_max_width":0,"ocean_custom_logo_mobile_max_width":0,"ocean_custom_logo_max_height":0,"ocean_custom_logo_tablet_max_height":0,"ocean_custom_logo_mobile_max_height":0,"ocean_header_custom_menu":"0","ocean_menu_typo_font_family":"0","ocean_menu_typo_font_subset":"","ocean_menu_typo_font_size":0,"ocean_menu_typo_font_size_tablet":0,"ocean_menu_typo_font_size_mobile":0,"ocean_menu_typo_font_size_unit":"px","ocean_menu_typo_font_weight":"","ocean_menu_typo_font_weight_tablet":"","ocean_menu_typo_font_weight_mobile":"","ocean_menu_typo_transform":"","ocean_menu_typo_transform_tablet":"","ocean_menu_typo_transform_mobile":"","ocean_menu_typo_line_height":0,"ocean_menu_typo_line_height_tablet":0,"ocean_menu_typo_line_height_mobile":0,"ocean_menu_typo_line_height_unit":"","ocean_menu_typo_spacing":0,"ocean_menu_typo_spacing_tablet":0,"ocean_menu_typo_spacing_mobile":0,"ocean_menu_typo_spacing_unit":"","ocean_menu_link_color":"","ocean_menu_link_color_hover":"","ocean_menu_link_color_active":"","ocean_menu_link_background":"","ocean_menu_link_hover_background":"","ocean_menu_link_active_background":"","ocean_menu_social_links_bg":"","ocean_menu_social_hover_links_bg":"","ocean_menu_social_links_color":"","ocean_menu_social_hover_links_color":"","ocean_disable_title":"default","ocean_disable_heading":"default","ocean_post_title":"","ocean_post_subheading":"","ocean_post_title_style":"","ocean_post_title_background_color":"","ocean_post_title_background":0,"ocean_post_title_bg_image_position":"","ocean_post_title_bg_image_attachment":"","ocean_post_title_bg_image_repeat":"","ocean_post_title_bg_image_size":"","ocean_post_title_height":0,"ocean_post_title_bg_overlay":0.5,"ocean_post_title_bg_overlay_color":"","ocean_disable_breadcrumbs":"default","ocean_breadcrumbs_color":"","ocean_breadcrumbs_separator_color":"","ocean_breadcrumbs_links_color":"","ocean_breadcrumbs_links_hover_color":"","ocean_display_footer_widgets":"default","ocean_display_footer_bottom":"default","ocean_custom_footer_template":"0"},"product_brand":[],"product_cat":[23,64],"product_tag":[],"class_list":{"0":"post-2569","1":"product","2":"type-product","3":"status-publish","4":"has-post-thumbnail","6":"product_cat-buchete","7":"product_cat-valentines-day","9":"entry","10":"has-media","12":"first","13":"instock","14":"sale","15":"taxable","16":"shipping-taxable","17":"purchasable","18":"product-type-variable","19":"has-product-nav","20":"col","21":"span_1_of_3","22":"owp-content-center","23":"item-entry","24":"owp-thumbs-layout-horizontal","25":"owp-btn-normal","26":"owp-tabs-layout-horizontal"},"_links":{"self":[{"href":"https:\/\/araflowers.ro\/en\/wp-json\/wp\/v2\/product\/2569","targetHints":{"allow":["GET"]}}],"collection":[{"href":"https:\/\/araflowers.ro\/en\/wp-json\/wp\/v2\/product"}],"about":[{"href":"https:\/\/araflowers.ro\/en\/wp-json\/wp\/v2\/types\/product"}],"wp:featuredmedia":[{"embeddable":true,"href":"https:\/\/araflowers.ro\/en\/wp-json\/wp\/v2\/media\/2574"}],"wp:attachment":[{"href":"https:\/\/araflowers.ro\/en\/wp-json\/wp\/v2\/media?parent=2569"}],"wp:term":[{"taxonomy":"product_brand","embeddable":true,"href":"https:\/\/araflowers.ro\/en\/wp-json\/wp\/v2\/product_brand?post=2569"},{"taxonomy":"product_cat","embeddable":true,"href":"https:\/\/araflowers.ro\/en\/wp-json\/wp\/v2\/product_cat?post=2569"},{"taxonomy":"product_tag","embeddable":true,"href":"https:\/\/araflowers.ro\/en\/wp-json\/wp\/v2\/product_tag?post=2569"}],"curies":[{"name":"wp","href":"https:\/\/api.w.org\/{rel}","templated":true}]}}