{"id":2549,"date":"2025-01-27T14:43:03","date_gmt":"2025-01-27T14:43:03","guid":{"rendered":"https:\/\/araflowers.ro\/?post_type=product&#038;p=2549"},"modified":"2026-02-19T14:35:52","modified_gmt":"2026-02-19T14:35:52","slug":"buchet-cu-trandafiri-si-lalele-2","status":"publish","type":"product","link":"https:\/\/araflowers.ro\/en\/product\/buchet-cu-trandafiri-si-lalele-2\/","title":{"rendered":"Buchet cu Trandafiri \u0219i Lalele"},"content":{"rendered":"<h2 class=\"\" data-start=\"118\" data-end=\"198\">Buchet cu Trandafiri \u0219i Lalele \u2013 O Alegere Elegant\u0103 pentru Momente Speciale<\/h2>\n<p class=\"\" data-start=\"200\" data-end=\"425\">The products on this website are indicative, with a phone call you can fulfill different wishes in floristic matters. After all, we are a family of artists and we can't wait for you to put our creativity to the test.<\/p>\n<p class=\"\" data-start=\"427\" data-end=\"810\">Pre\u021bul produsului pe care l-a\u021bi ales din Atelierul ARA Flowers include o felicitare cadou, pe care vom scrie caligrafic textul ales de dumneavoastr\u0103. Serviciul de livrare flori este gratuit \u00een Cluj-Napoca \u0219i func\u021bioneaz\u0103 prin curieri proprii, astfel \u00eenc\u00e2t florile s\u0103 ajung\u0103 \u00een stare perfect\u0103 la destinatarul ales. \u00cen func\u021bie de stoc \u0219i de sezon, produsele pot suferi mici modific\u0103ri.<\/p>\n<p class=\"\" data-start=\"812\" data-end=\"973\">Gift-urile sunt cu titlu de prezentare \u0219i nu sunt incluse \u00een pre\u021bul produsului, \u00eens\u0103 acestea pot fi comandate al\u0103turi de produsele dorite, din categoria GIFTURI.<\/p>\n<p class=\"\" data-start=\"975\" data-end=\"1019\">Delivery time is estimated to 3 hours.<\/p>\n<p class=\"\" data-start=\"1021\" data-end=\"1079\">Comenzile plasate dup\u0103 ora 17:00 vor fi livrate a doua zi!<\/p>","protected":false},"excerpt":{"rendered":"<h2 class=\"\" data-start=\"1110\" data-end=\"1192\">Buchet cu Trandafiri \u0219i Lalele \u2013 Elegan\u021b\u0103 \u0219i Rafin\u0103re \u00eentr-un Singur Aranjament<\/h2>\n<h3 class=\"\" data-start=\"1194\" data-end=\"1242\">Ce Con\u021bine Buchetul cu Trandafiri \u0219i Lalele?<\/h3>\n<p class=\"\" data-start=\"1244\" data-end=\"1519\">Acest buchet cu trandafiri \u0219i lalele este alegerea ideal\u0103 pentru cei care doresc s\u0103 ofere un cadou floral elegant \u0219i sofisticat. Fiecare floare este selectat\u0103 cu grij\u0103 pentru a crea o armonie de culori \u0219i semnifica\u021bii care va aduce z\u00e2mbetul pe fa\u021ba oric\u0103rei persoane iubite.<\/p>\n<p class=\"\" data-start=\"1521\" data-end=\"1967\"><strong data-start=\"1521\" data-end=\"1541\">Trandafiri ro\u0219ii<\/strong> \u2013 simbolul iubirii eterne \u0219i al pasiunii pure, trandafirii ro\u0219ii sunt un element central al acestui buchet, evoc\u00e2nd sentimente profunde \u0219i sincere.<br data-start=\"1689\" data-end=\"1692\" \/><strong data-start=\"1692\" data-end=\"1707\">Lalele albe<\/strong> \u2013 simboliz\u00e2nd puritatea \u0219i frumuse\u021bea iubirii nevinovate, lalelele albe completeaz\u0103 perfect trandafirii ro\u0219ii, aduc\u00e2nd un echilibru de culori \u0219i semnifica\u021bii.<br data-start=\"1866\" data-end=\"1869\" \/><strong data-start=\"1869\" data-end=\"1890\">Verdea\u021b\u0103 delicat\u0103<\/strong> \u2013 complet\u00e2nd acest aranjament floral cu un plus de naturalete \u0219i prospe\u021bime.<\/p>\n<h3 class=\"\" data-start=\"1969\" data-end=\"2021\">De Ce S\u0103 Alegi Buchetul cu Trandafiri \u0219i Lalele?<\/h3>\n<p class=\"\" data-start=\"2023\" data-end=\"2307\">Acest buchet nu este doar un cadou floral, ci o veritabil\u0103 declara\u021bie de dragoste \u0219i apreciere. Este ideal pentru orice ocazie special\u0103, fie c\u0103 este vorba de o aniversare, Ziua \u00cendr\u0103gosti\u021bilor, o ocazie festiv\u0103 sau pur \u0219i simplu pentru a exprima sentimentele tale fa\u021b\u0103 de cineva drag.<\/p>\n<h4 class=\"\" data-start=\"2309\" data-end=\"2352\">Simbolismul Trandafirilor \u0219i Lalelelor<\/h4>\n<p class=\"\" data-start=\"2354\" data-end=\"2608\">Trandafirii ro\u0219ii au fost mereu simbolul iubirii \u0219i pasiunii, iar lalelele albe sunt asociate cu puritatea \u0219i frumuse\u021bea dragostei nevinovate. Combinarea acestora \u00eentr-un singur buchet reprezint\u0103 perfect un amestec de iubire sincer\u0103 \u0219i estetic\u0103 rafinat\u0103.<\/p>\n<h4 class=\"\" data-start=\"2610\" data-end=\"2628\">Personalizare<\/h4>\n<p class=\"\" data-start=\"2630\" data-end=\"2874\">La ARA Flowers, \u00een\u021belegem importan\u021ba unui cadou personalizat. De aceea, \u00ee\u021bi oferim posibilitatea de a ad\u0103uga un mesaj scris cu stilou caligrafic pe o felicitare cadou, pentru a exprima \u00eentr-un mod unic sentimentele tale fa\u021b\u0103 de persoana iubit\u0103.<\/p>\n<h3 class=\"\" data-start=\"2876\" data-end=\"2906\">Livrare Rapid\u0103 \u0219i Gratuit\u0103<\/h3>\n<p class=\"\" data-start=\"2908\" data-end=\"3205\">Livrarea florilor se face prin curierii no\u0219tri proprii, astfel \u00eenc\u00e2t florile vor ajunge \u00eentr-o stare perfect\u0103 la destinatarul ales, \u00eentr-un timp de aproximativ 3 ore. \u00cen plus, livrarea este gratuit\u0103 \u00een Cluj-Napoca, iar pentru comenzile efectuate dup\u0103 ora 17:00, livrarea va fi efectuat\u0103 a doua zi.<\/p>\n<hr class=\"\" data-start=\"3207\" data-end=\"3210\" \/>\n<h3 class=\"\" data-start=\"3212\" data-end=\"3266\">Cum Po\u021bi Comanda Buchetul cu Trandafiri \u0219i Lalele?<\/h3>\n<p class=\"\" data-start=\"3268\" data-end=\"3653\">Pentru a comanda acest buchet deosebit, acceseaz\u0103 site-ul nostru <a class=\"\" href=\"https:\/\/araflowers.ro\/en\/\" target=\"_new\" rel=\"noopener\" data-start=\"3333\" data-end=\"3376\">www.araflowers.ro<\/a> sau trimite-ne un mesaj pe <a class=\"\" href=\"https:\/\/www.instagram.com\/araflowers.ro\/\" target=\"_new\" rel=\"noopener\" data-start=\"3404\" data-end=\"3472\">Instagram @AraFlowers.ro<\/a>. Po\u021bi alege dimensiunea dorit\u0103 a buchetului \u0219i mesajul personalizat pentru felicitare, iar noi ne vom asigura c\u0103 aranjamentul va ajunge la destina\u021bie \u00een cel mai scurt timp posibil.<\/p>\n<h3 class=\"\" data-start=\"3655\" data-end=\"3686\">De Ce S\u0103 Alegi ARA Flowers?<\/h3>\n<p class=\"\" data-start=\"3688\" data-end=\"3973\">La ARA Flowers, suntem o echip\u0103 de florari pasiona\u021bi de crea\u021bie, iar fiecare buchet este realizat manual cu aten\u021bie la detalii \u0219i cu cele mai frumoase flori. Ne dorim s\u0103 aducem bucurie \u0219i s\u0103 transmitem sentimentele tale cele mai sincere prin fiecare aranjament floral pe care \u00eel cre\u0103m.<\/p>","protected":false},"featured_media":2252,"template":"","meta":{"ocean_post_layout":"full-screen","ocean_both_sidebars_style":"","ocean_both_sidebars_content_width":0,"ocean_both_sidebars_sidebars_width":0,"ocean_sidebar":"0","ocean_second_sidebar":"0","ocean_disable_margins":"enable","ocean_add_body_class":"","ocean_shortcode_before_top_bar":"","ocean_shortcode_after_top_bar":"","ocean_shortcode_before_header":"","ocean_shortcode_after_header":"","ocean_has_shortcode":"","ocean_shortcode_after_title":"","ocean_shortcode_before_footer_widgets":"","ocean_shortcode_after_footer_widgets":"","ocean_shortcode_before_footer_bottom":"","ocean_shortcode_after_footer_bottom":"","ocean_display_top_bar":"default","ocean_display_header":"default","ocean_header_style":"","ocean_center_header_left_menu":"0","ocean_custom_header_template":"0","ocean_custom_logo":0,"ocean_custom_retina_logo":0,"ocean_custom_logo_max_width":0,"ocean_custom_logo_tablet_max_width":0,"ocean_custom_logo_mobile_max_width":0,"ocean_custom_logo_max_height":0,"ocean_custom_logo_tablet_max_height":0,"ocean_custom_logo_mobile_max_height":0,"ocean_header_custom_menu":"0","ocean_menu_typo_font_family":"0","ocean_menu_typo_font_subset":"","ocean_menu_typo_font_size":0,"ocean_menu_typo_font_size_tablet":0,"ocean_menu_typo_font_size_mobile":0,"ocean_menu_typo_font_size_unit":"px","ocean_menu_typo_font_weight":"","ocean_menu_typo_font_weight_tablet":"","ocean_menu_typo_font_weight_mobile":"","ocean_menu_typo_transform":"","ocean_menu_typo_transform_tablet":"","ocean_menu_typo_transform_mobile":"","ocean_menu_typo_line_height":0,"ocean_menu_typo_line_height_tablet":0,"ocean_menu_typo_line_height_mobile":0,"ocean_menu_typo_line_height_unit":"","ocean_menu_typo_spacing":0,"ocean_menu_typo_spacing_tablet":0,"ocean_menu_typo_spacing_mobile":0,"ocean_menu_typo_spacing_unit":"","ocean_menu_link_color":"","ocean_menu_link_color_hover":"","ocean_menu_link_color_active":"","ocean_menu_link_background":"","ocean_menu_link_hover_background":"","ocean_menu_link_active_background":"","ocean_menu_social_links_bg":"","ocean_menu_social_hover_links_bg":"","ocean_menu_social_links_color":"","ocean_menu_social_hover_links_color":"","ocean_disable_title":"default","ocean_disable_heading":"default","ocean_post_title":"","ocean_post_subheading":"","ocean_post_title_style":"","ocean_post_title_background_color":"","ocean_post_title_background":0,"ocean_post_title_bg_image_position":"","ocean_post_title_bg_image_attachment":"","ocean_post_title_bg_image_repeat":"","ocean_post_title_bg_image_size":"","ocean_post_title_height":0,"ocean_post_title_bg_overlay":0.5,"ocean_post_title_bg_overlay_color":"","ocean_disable_breadcrumbs":"default","ocean_breadcrumbs_color":"","ocean_breadcrumbs_separator_color":"","ocean_breadcrumbs_links_color":"","ocean_breadcrumbs_links_hover_color":"","ocean_display_footer_widgets":"default","ocean_display_footer_bottom":"default","ocean_custom_footer_template":"0"},"product_brand":[],"product_cat":[23],"product_tag":[],"class_list":{"0":"post-2549","1":"product","2":"type-product","3":"status-publish","4":"has-post-thumbnail","6":"product_cat-buchete","8":"entry","9":"has-media","11":"first","12":"instock","13":"sale","14":"taxable","15":"shipping-taxable","16":"purchasable","17":"product-type-variable","18":"has-product-nav","19":"col","20":"span_1_of_3","21":"owp-content-center","22":"item-entry","23":"owp-thumbs-layout-horizontal","24":"owp-btn-normal","25":"owp-tabs-layout-horizontal"},"_links":{"self":[{"href":"https:\/\/araflowers.ro\/en\/wp-json\/wp\/v2\/product\/2549","targetHints":{"allow":["GET"]}}],"collection":[{"href":"https:\/\/araflowers.ro\/en\/wp-json\/wp\/v2\/product"}],"about":[{"href":"https:\/\/araflowers.ro\/en\/wp-json\/wp\/v2\/types\/product"}],"wp:featuredmedia":[{"embeddable":true,"href":"https:\/\/araflowers.ro\/en\/wp-json\/wp\/v2\/media\/2252"}],"wp:attachment":[{"href":"https:\/\/araflowers.ro\/en\/wp-json\/wp\/v2\/media?parent=2549"}],"wp:term":[{"taxonomy":"product_brand","embeddable":true,"href":"https:\/\/araflowers.ro\/en\/wp-json\/wp\/v2\/product_brand?post=2549"},{"taxonomy":"product_cat","embeddable":true,"href":"https:\/\/araflowers.ro\/en\/wp-json\/wp\/v2\/product_cat?post=2549"},{"taxonomy":"product_tag","embeddable":true,"href":"https:\/\/araflowers.ro\/en\/wp-json\/wp\/v2\/product_tag?post=2549"}],"curies":[{"name":"wp","href":"https:\/\/api.w.org\/{rel}","templated":true}]}}