{"id":2450,"date":"2024-09-09T19:27:32","date_gmt":"2024-09-09T19:27:32","guid":{"rendered":"https:\/\/araflowers.ro\/?post_type=product&#038;p=2450"},"modified":"2026-02-19T14:37:18","modified_gmt":"2026-02-19T14:37:18","slug":"buchet-pure-white","status":"publish","type":"product","link":"https:\/\/araflowers.ro\/en\/product\/buchet-pure-white\/","title":{"rendered":"Buchet Pure White"},"content":{"rendered":"<h4 data-start=\"74\" data-end=\"142\">Specifica\u021bii Produs:<\/h4>\n<p>Dimensiuni:<\/p>\n<ul>\n<li>Small: 17 trandafiri &#8211;\u00a0 Panglic\u0103\u00a0 &#8211; Felicitare Cadou<\/li>\n<li>Medium: 27 trandafiri &#8211; Panglic\u0103\u00a0 &#8211; Felicitare Cadou<\/li>\n<li>Large: 41 trandafiri &#8211; Panglic\u0103\u00a0 &#8211; Felicitare Cadou<\/li>\n<\/ul>\n<p>Orice Comand\u0103 vine \u00eenso\u021bit\u0103 de felicitare CADOU cu mesajul ales de dumneavostr\u0103.<\/p>\n<h3 class=\"\" data-start=\"135\" data-end=\"165\">Buchet Pure White 21\/31\/51<\/h3>\n<p class=\"\" data-start=\"167\" data-end=\"392\">The products on this website are indicative, with a phone call you can fulfill different wishes in floristic matters. After all, we are a family of artists and we can't wait for you to put our creativity to the test.<\/p>\n<p class=\"\" data-start=\"394\" data-end=\"777\">Pre\u021bul produsului pe care l-a\u021bi ales din Atelierul ARA Flowers include o felicitare cadou, pe care vom scrie caligrafic textul ales de dumneavoastr\u0103. Serviciul de livrare flori este gratuit \u00een Cluj-Napoca \u0219i func\u021bioneaz\u0103 prin curieri proprii, astfel \u00eenc\u00e2t florile s\u0103 ajung\u0103 \u00een stare perfect\u0103 la destinatarul ales. \u00cen func\u021bie de stoc \u0219i de sezon, produsele pot suferi mici modific\u0103ri.<\/p>\n<p class=\"\" data-start=\"779\" data-end=\"944\">Gift-urile sunt cu titlu de prezentare \u0219i nu sunt incluse \u00een pre\u021bul produsului, \u00eens\u0103 acestea pot fi comandate al\u0103turi de produsele dorite, din categoria <strong data-start=\"932\" data-end=\"943\">GIFTURI<\/strong>.<\/p>\n<p class=\"\" data-start=\"946\" data-end=\"990\">Delivery time is estimated to 3 hours.<\/p>\n<p class=\"\" data-start=\"992\" data-end=\"1050\">Comenzile plasate dup\u0103 ora 17:00 vor fi livrate a doua zi!<\/p>","protected":false},"excerpt":{"rendered":"<h3 class=\"\" data-start=\"1087\" data-end=\"1146\">Buchet Pure White 21\/31\/51 \u2013 Elegan\u021ba f\u0103r\u0103 compromisuri<\/h3>\n<h4 class=\"\" data-start=\"1148\" data-end=\"1189\">Ce face buchetul Pure White special?<\/h4>\n<p class=\"\" data-start=\"1190\" data-end=\"1510\">Un <strong data-start=\"1193\" data-end=\"1214\">buchet Pure White<\/strong> este alegerea perfect\u0103 pentru orice moment deosebit din via\u021ba ta. Designul s\u0103u curat \u0219i sofisticat este realizat din flori atent selec\u021bionate, ce transmit puritate \u0219i rafinament. Buchetul include trandafiri albi, orhidee \u0219i lalele, fiecare floare fiind aleas\u0103 pentru a crea un ansamblu armonios.<\/p>\n<h4 class=\"\" data-start=\"1512\" data-end=\"1548\">Ce con\u021bine buchetul Pure White?<\/h4>\n<p class=\"\" data-start=\"1549\" data-end=\"1779\">Un <strong data-start=\"1552\" data-end=\"1582\">buchet Pure White 21\/31\/51<\/strong> este compus din flori delicate, perfecte pentru a ad\u0103uga o not\u0103 de elegan\u021b\u0103 oric\u0103rei ocazii. Fiecare floare este aleas\u0103 cu grij\u0103 pentru a ob\u021bine un echilibru perfect \u00eentre frumuse\u021be \u0219i simplitate.<\/p>\n<h4 class=\"\" data-start=\"1781\" data-end=\"1836\">Dimensiuni disponibile pentru buchetul Pure White:<\/h4>\n<p class=\"\" data-start=\"1837\" data-end=\"1860\"><strong data-start=\"1837\" data-end=\"1859\">M\u0103rimi disponibile<\/strong>:<\/p>\n<ul data-start=\"1861\" data-end=\"2212\">\n<li class=\"\" data-start=\"1861\" data-end=\"1964\">\n<p class=\"\" data-start=\"1863\" data-end=\"1964\"><strong data-start=\"1863\" data-end=\"1881\">21 buchete (S)<\/strong>: Dimensiune mic\u0103, perfect\u0103 pentru a ad\u0103uga o not\u0103 de delicate\u021be oric\u0103rei \u00eenc\u0103peri.<\/p>\n<\/li>\n<li class=\"\" data-start=\"1965\" data-end=\"2085\">\n<p class=\"\" data-start=\"1967\" data-end=\"2085\"><strong data-start=\"1967\" data-end=\"1985\">31 buchete (M)<\/strong>: Dimensiune medie, ideal\u0103 pentru a crea un impact vizual mai mare \u0219i a aduce un plus de rafinament.<\/p>\n<\/li>\n<li class=\"\" data-start=\"2086\" data-end=\"2212\">\n<p class=\"\" data-start=\"2088\" data-end=\"2212\"><strong data-start=\"2088\" data-end=\"2106\">51 buchete (L)<\/strong>: Dimensiune mare, impresionant\u0103, perfect\u0103 pentru a atrage aten\u021bia \u0219i a impresiona la evenimente speciale.<\/p>\n<\/li>\n<\/ul>\n<h4 class=\"\" data-start=\"2214\" data-end=\"2254\">De ce s\u0103 alegi buchetul Pure White?<\/h4>\n<p class=\"\" data-start=\"2255\" data-end=\"2611\">Indiferent de ocazie, <strong data-start=\"2277\" data-end=\"2309\">buchetul Pure White 21\/31\/51<\/strong> aduce un strop de elegan\u021b\u0103 \u0219i frumuse\u021be \u00een via\u021ba celor dragi. Este ideal pentru evenimente speciale precum nun\u021bi, anivers\u0103ri sau pentru a transmite un mesaj de apreciere sau iubire. Aceast\u0103 selec\u021bie de flori este, de asemenea, o alegere minunat\u0103 pentru a crea un decor elegant pentru orice s\u0103rb\u0103toare.<\/p>\n<h4 class=\"\" data-start=\"2613\" data-end=\"2659\">Cum \u00ee\u021bi personaliz\u0103m buchetul Pure White?<\/h4>\n<p class=\"\" data-start=\"2660\" data-end=\"2909\">Suntem dedica\u021bi \u00een a crea buchete care reflect\u0103 perfect dorin\u021bele tale. Fie c\u0103 vrei s\u0103 adaugi un mesaj personalizat sau s\u0103 adaptezi buchetul \u00een func\u021bie de preferin\u021bele tale florale, la <strong data-start=\"2845\" data-end=\"2860\">ARA Flowers<\/strong> suntem deschi\u0219i s\u0103 \u00ee\u021bi \u00eendeplinim orice dorin\u021b\u0103.<\/p>\n<h4 class=\"\" data-start=\"2911\" data-end=\"2947\">Livrare rapid\u0103 \u0219i f\u0103r\u0103 probleme<\/h4>\n<p class=\"\" data-start=\"2948\" data-end=\"3297\">Pentru a te bucura de florile tale \u00een cel mai scurt timp, oferim un serviciu de livrare rapid\u0103, gratuit\u0103 \u00een Cluj-Napoca. Buchetul <strong data-start=\"3078\" data-end=\"3092\">Pure White<\/strong> va ajunge \u00een perfect\u0103 stare, datorit\u0103 curierilor no\u0219tri specializa\u021bi. Timpul estimat pentru livrare este de aproximativ 3 ore, iar pentru comenzile efectuate dup\u0103 ora 17:00, livrarea se va face a doua zi.<\/p>\n<h3 class=\"\" data-start=\"3299\" data-end=\"3338\">Personalizare \u0219i op\u021biuni adi\u021bionale<\/h3>\n<p class=\"\" data-start=\"3339\" data-end=\"3493\">La <strong data-start=\"3342\" data-end=\"3357\">ARA Flowers<\/strong>, fiecare buchet este personalizat cu grij\u0103. Po\u021bi alege s\u0103 adaugi o felicitare cadou, pe care o vom scrie manual cu textul ales de tine.<\/p>\n<p class=\"\" data-start=\"3495\" data-end=\"3702\">Pentru a comanda buchetul <strong data-start=\"3521\" data-end=\"3544\">Pure White 21\/31\/51<\/strong>, po\u021bi accesa site-ul nostru oficial: <a class=\"\" href=\"https:\/\/araflowers.ro\/en\/\" target=\"_new\" rel=\"noopener\" data-start=\"3582\" data-end=\"3625\">www.araflowers.ro<\/a> sau Instagram la <a class=\"\" href=\"https:\/\/www.instagram.com\/araflowers.ro\/\" target=\"_new\" rel=\"noopener\" data-start=\"3643\" data-end=\"3701\">@araflowers.ro<\/a>.<\/p>","protected":false},"featured_media":2454,"template":"","meta":{"ocean_post_layout":"full-screen","ocean_both_sidebars_style":"","ocean_both_sidebars_content_width":0,"ocean_both_sidebars_sidebars_width":0,"ocean_sidebar":"0","ocean_second_sidebar":"0","ocean_disable_margins":"enable","ocean_add_body_class":"","ocean_shortcode_before_top_bar":"","ocean_shortcode_after_top_bar":"","ocean_shortcode_before_header":"","ocean_shortcode_after_header":"","ocean_has_shortcode":"","ocean_shortcode_after_title":"","ocean_shortcode_before_footer_widgets":"","ocean_shortcode_after_footer_widgets":"","ocean_shortcode_before_footer_bottom":"","ocean_shortcode_after_footer_bottom":"","ocean_display_top_bar":"default","ocean_display_header":"default","ocean_header_style":"","ocean_center_header_left_menu":"0","ocean_custom_header_template":"0","ocean_custom_logo":0,"ocean_custom_retina_logo":0,"ocean_custom_logo_max_width":0,"ocean_custom_logo_tablet_max_width":0,"ocean_custom_logo_mobile_max_width":0,"ocean_custom_logo_max_height":0,"ocean_custom_logo_tablet_max_height":0,"ocean_custom_logo_mobile_max_height":0,"ocean_header_custom_menu":"0","ocean_menu_typo_font_family":"0","ocean_menu_typo_font_subset":"","ocean_menu_typo_font_size":0,"ocean_menu_typo_font_size_tablet":0,"ocean_menu_typo_font_size_mobile":0,"ocean_menu_typo_font_size_unit":"px","ocean_menu_typo_font_weight":"","ocean_menu_typo_font_weight_tablet":"","ocean_menu_typo_font_weight_mobile":"","ocean_menu_typo_transform":"","ocean_menu_typo_transform_tablet":"","ocean_menu_typo_transform_mobile":"","ocean_menu_typo_line_height":0,"ocean_menu_typo_line_height_tablet":0,"ocean_menu_typo_line_height_mobile":0,"ocean_menu_typo_line_height_unit":"","ocean_menu_typo_spacing":0,"ocean_menu_typo_spacing_tablet":0,"ocean_menu_typo_spacing_mobile":0,"ocean_menu_typo_spacing_unit":"","ocean_menu_link_color":"","ocean_menu_link_color_hover":"","ocean_menu_link_color_active":"","ocean_menu_link_background":"","ocean_menu_link_hover_background":"","ocean_menu_link_active_background":"","ocean_menu_social_links_bg":"","ocean_menu_social_hover_links_bg":"","ocean_menu_social_links_color":"","ocean_menu_social_hover_links_color":"","ocean_disable_title":"default","ocean_disable_heading":"default","ocean_post_title":"","ocean_post_subheading":"","ocean_post_title_style":"","ocean_post_title_background_color":"","ocean_post_title_background":0,"ocean_post_title_bg_image_position":"","ocean_post_title_bg_image_attachment":"","ocean_post_title_bg_image_repeat":"","ocean_post_title_bg_image_size":"","ocean_post_title_height":0,"ocean_post_title_bg_overlay":0.5,"ocean_post_title_bg_overlay_color":"","ocean_disable_breadcrumbs":"default","ocean_breadcrumbs_color":"","ocean_breadcrumbs_separator_color":"","ocean_breadcrumbs_links_color":"","ocean_breadcrumbs_links_hover_color":"","ocean_display_footer_widgets":"default","ocean_display_footer_bottom":"default","ocean_custom_footer_template":"0"},"product_brand":[],"product_cat":[23],"product_tag":[],"class_list":{"0":"post-2450","1":"product","2":"type-product","3":"status-publish","4":"has-post-thumbnail","6":"product_cat-buchete","8":"entry","9":"has-media","11":"first","12":"instock","13":"sale","14":"taxable","15":"shipping-taxable","16":"purchasable","17":"product-type-variable","18":"has-product-nav","19":"col","20":"span_1_of_3","21":"owp-content-center","22":"item-entry","23":"owp-thumbs-layout-horizontal","24":"owp-btn-normal","25":"owp-tabs-layout-horizontal"},"_links":{"self":[{"href":"https:\/\/araflowers.ro\/en\/wp-json\/wp\/v2\/product\/2450","targetHints":{"allow":["GET"]}}],"collection":[{"href":"https:\/\/araflowers.ro\/en\/wp-json\/wp\/v2\/product"}],"about":[{"href":"https:\/\/araflowers.ro\/en\/wp-json\/wp\/v2\/types\/product"}],"wp:featuredmedia":[{"embeddable":true,"href":"https:\/\/araflowers.ro\/en\/wp-json\/wp\/v2\/media\/2454"}],"wp:attachment":[{"href":"https:\/\/araflowers.ro\/en\/wp-json\/wp\/v2\/media?parent=2450"}],"wp:term":[{"taxonomy":"product_brand","embeddable":true,"href":"https:\/\/araflowers.ro\/en\/wp-json\/wp\/v2\/product_brand?post=2450"},{"taxonomy":"product_cat","embeddable":true,"href":"https:\/\/araflowers.ro\/en\/wp-json\/wp\/v2\/product_cat?post=2450"},{"taxonomy":"product_tag","embeddable":true,"href":"https:\/\/araflowers.ro\/en\/wp-json\/wp\/v2\/product_tag?post=2450"}],"curies":[{"name":"wp","href":"https:\/\/api.w.org\/{rel}","templated":true}]}}