{"id":2436,"date":"2024-09-09T19:07:52","date_gmt":"2024-09-09T19:07:52","guid":{"rendered":"https:\/\/araflowers.ro\/?post_type=product&#038;p=2436"},"modified":"2026-02-19T14:37:26","modified_gmt":"2026-02-19T14:37:26","slug":"buchet-alb-si-albastru-toscana","status":"publish","type":"product","link":"https:\/\/araflowers.ro\/en\/product\/buchet-alb-si-albastru-toscana\/","title":{"rendered":"Buchet alb \u0219i albastru &#8222;Toscana&#8221;"},"content":{"rendered":"<p class=\"\" data-start=\"196\" data-end=\"232\"><strong data-start=\"196\" data-end=\"232\">Buchet alb \u0219i albastru &#8222;Toscana&#8221;<\/strong><\/p>\n<p class=\"\" data-start=\"234\" data-end=\"461\">Produsele de pe acest site sunt orientative. Printr-un apel telefonic, se pot \u00eendeplini diferite dorin\u021be \u00een materie floristic\u0103. P\u00e2n\u0103 la urm\u0103, suntem o familie de arti\u0219ti \u0219i abia a\u0219tept\u0103m s\u0103 ne pune\u021bi creativitatea la \u00eencercare.<\/p>\n<p class=\"\" data-start=\"463\" data-end=\"846\">Pre\u021bul produsului pe care l-a\u021bi ales din Atelierul ARA Flowers include o felicitare cadou, pe care vom scrie caligrafic textul ales de dumneavoastr\u0103. Serviciul de livrare flori este gratuit \u00een Cluj-Napoca \u0219i func\u021bioneaz\u0103 prin curieri proprii, astfel \u00eenc\u00e2t florile s\u0103 ajung\u0103 \u00een stare perfect\u0103 la destinatarul ales. \u00cen func\u021bie de stoc \u0219i de sezon, produsele pot suferi mici modific\u0103ri.<\/p>\n<p class=\"\" data-start=\"848\" data-end=\"1013\">Gift-urile sunt cu titlu de prezentare \u0219i nu sunt incluse \u00een pre\u021bul produsului, \u00eens\u0103 acestea pot fi comandate al\u0103turi de produsele dorite, din categoria <strong data-start=\"1001\" data-end=\"1012\">GIFTURI<\/strong>.<\/p>\n<p class=\"\" data-start=\"1015\" data-end=\"1120\">Delivery time is estimated to 3 hours.<br data-start=\"1059\" data-end=\"1062\" \/>Comenzile plasate dup\u0103 ora 17:00 vor fi livrate a doua zi!<\/p>","protected":false},"excerpt":{"rendered":"<h4 class=\"\" data-start=\"1176\" data-end=\"1263\"><strong data-start=\"1181\" data-end=\"1263\">Buchet alb \u0219i albastru &#8222;Toscana&#8221; &#8211; Elegan\u021b\u0103 \u0219i rafinament \u00eentr-un cadou floral<\/strong><\/h4>\n<p class=\"\" data-start=\"1265\" data-end=\"1819\"><strong data-start=\"1265\" data-end=\"1303\">Buchetul alb \u0219i albastru &#8222;Toscana&#8221;<\/strong> este o alegere perfect\u0103 pentru cei care doresc s\u0103 aduc\u0103 un strop de frumuse\u021be natural\u0103 \u0219i un mesaj de rafinament oric\u0103rei ocazii speciale. Acesta combin\u0103 delicate\u021bea florilor albe cu intensitatea nuan\u021bei albastre, cre\u00e2nd un aranjament floral care atrage aten\u021bia \u0219i transmite sentimente de puritate, iubire \u0219i respect. Fie c\u0103 vrei s\u0103 s\u0103rb\u0103tore\u0219ti o aniversare, o realizare personal\u0103 sau pur \u0219i simplu vrei s\u0103 aduci un z\u00e2mbet pe fa\u021ba cuiva, acest buchet va transmite toate aceste emo\u021bii \u00eentr-un mod subtil \u0219i elegant.<\/p>\n<h4 class=\"\" data-start=\"1821\" data-end=\"1887\"><strong data-start=\"1826\" data-end=\"1887\">Designul \u0219i culorile buchetului alb \u0219i albastru &#8222;Toscana&#8221;<\/strong><\/h4>\n<p class=\"\" data-start=\"1889\" data-end=\"2263\">Florile din acest buchet sunt alese cu grij\u0103 pentru a oferi un contrast armonios \u00eentre alb \u0219i albastru, dou\u0103 culori care sunt perfect complementare. Albirea florilor simbolizeaz\u0103 puritatea \u0219i inocen\u021ba, \u00een timp ce albastrul sugereaz\u0103 calmul \u0219i stabilitatea. Aceste dou\u0103 culori se completeaz\u0103 reciproc, cre\u00e2nd un buchet care poate fi at\u00e2t lini\u0219titor, c\u00e2t \u0219i uimitor de frumos.<\/p>\n<p class=\"\" data-start=\"2265\" data-end=\"2538\">Buchetul alb \u0219i albastru &#8222;Toscana&#8221; este ideal pentru ocazii precum nun\u021bi, anivers\u0103ri, zile de na\u0219tere sau chiar pentru a exprima simpatie \u0219i respect \u00eentr-un moment delicat. Aceast\u0103 combina\u021bie de flori va ad\u0103uga un plus de elegan\u021b\u0103 oric\u0103rei s\u0103rb\u0103tori sau \u00eent\u00e2lniri speciale.<\/p>\n<h4 class=\"\" data-start=\"2540\" data-end=\"2577\"><strong data-start=\"2545\" data-end=\"2577\">Despre atelierul ARA Flowers<\/strong><\/h4>\n<p class=\"\" data-start=\"2579\" data-end=\"3007\">La <strong data-start=\"2582\" data-end=\"2607\">Atelierul ARA Flowers<\/strong>, florile nu sunt doar produse pe care le vindem, ci sunt mesaje de iubire, apreciere \u0219i respect. Suntem o echip\u0103 de arti\u0219ti florali pasiona\u021bi, dedica\u021bi s\u0103 oferim cele mai frumoase aranjamente florale \u0219i s\u0103 r\u0103spundem cerin\u021belor fiec\u0103rui client \u00een parte. Fiecare buchet creat \u00een atelierul nostru este un rezultat al pasiunii, aten\u021biei la detalii \u0219i dorin\u021bei de a crea ceva cu adev\u0103rat unic \u0219i special.<\/p>\n<p class=\"\" data-start=\"3009\" data-end=\"3290\">\u00cen plus, oferim \u0219i op\u021biuni de personalizare pentru fiecare buchet. Dac\u0103 dori\u021bi s\u0103 ad\u0103uga\u021bi o not\u0103 personal\u0103, pute\u021bi opta pentru o felicitare caligrafic\u0103, unde vom scrie mesajul ales de dumneavoastr\u0103. Acest detaliu suplimentar face fiecare buchet s\u0103 fie cu adev\u0103rat unic \u0219i special.<\/p>\n<h4 class=\"\" data-start=\"3292\" data-end=\"3343\"><strong data-start=\"3297\" data-end=\"3343\">Livrarea rapid\u0103 \u0219i gratuit\u0103 \u00een Cluj-Napoca<\/strong><\/h4>\n<p class=\"\" data-start=\"3345\" data-end=\"3884\">La <strong data-start=\"3348\" data-end=\"3363\">ARA Flowers<\/strong>, ne asigur\u0103m c\u0103 florile tale vor ajunge \u00eentr-o stare perfect\u0103 la destinatarul ales. Avem un serviciu de livrare rapid\u0103 \u0219i gratuit\u0103 \u00een <strong data-start=\"3498\" data-end=\"3513\">Cluj-Napoca<\/strong>, care garanteaz\u0103 c\u0103 florile vor ajunge la timp \u0219i \u00een stare impecabil\u0103. Livrarea se face prin curierii proprii, astfel \u00eenc\u00e2t nu exist\u0103 riscuri de deteriorare a buchetului pe drum. Timpul de livrare este de aproximativ 3 ore, iar comenzile plasate dup\u0103 ora 17:00 vor fi livrate a doua zi. Astfel, po\u021bi s\u0103 fii sigur c\u0103 florile tale vor ajunge \u00een cel mai scurt timp posibil.<\/p>\n<h4 class=\"\" data-start=\"3886\" data-end=\"3946\"><strong data-start=\"3891\" data-end=\"3946\">Cum po\u021bi comanda buchetul alb \u0219i albastru &#8222;Toscana&#8221;<\/strong><\/h4>\n<p class=\"\" data-start=\"3948\" data-end=\"4448\">Pentru a comanda buchetul alb \u0219i albastru &#8222;Toscana&#8221;, tot ce trebuie s\u0103 faci este s\u0103 accesezi site-ul nostru oficial <a class=\"\" href=\"https:\/\/araflowers.ro\/en\/\" target=\"_new\" rel=\"noopener\" data-start=\"4064\" data-end=\"4112\">araflowers.ro<\/a> sau pagina noastr\u0103 de Instagram <a class=\"\" href=\"https:\/\/www.instagram.com\/araflowers.ro\/\" target=\"_new\" rel=\"noopener\" data-start=\"4145\" data-end=\"4229\">araflowers.ro<\/a>. Alege cu u\u0219urin\u021b\u0103 produsul dorit, personaliza\u021bi-l \u0219i a\u0219tepta\u021bi livrarea rapid\u0103 \u0219i gratuit\u0103! Suntem \u00eentotdeauna aici pentru a te ajuta s\u0103 alegi florile perfecte \u0219i s\u0103 transformi orice moment \u00eentr-o amintire de neuitat.<\/p>\n<h4 class=\"\" data-start=\"4450\" data-end=\"4507\"><strong data-start=\"4455\" data-end=\"4507\">Gift-uri disponibile pentru completarea comenzii<\/strong><\/h4>\n<p class=\"\" data-start=\"4509\" data-end=\"4865\">Dac\u0103 dore\u0219ti s\u0103 adaugi un cadou suplimentar la buchetul t\u0103u floral, din categoria <strong data-start=\"4591\" data-end=\"4602\">GIFTURI<\/strong>, po\u021bi alege dintre mai multe op\u021biuni de cadouri personalizate, care se potrivesc perfect cu buchetul t\u0103u alb \u0219i albastru &#8222;Toscana&#8221;. De asemenea, \u00een func\u021bie de sezon, putem ad\u0103uga la buchet \u0219i alte flori, pentru a-l face \u0219i mai spectaculos, la cererea clientului.<\/p>\n<h4 class=\"\" data-start=\"4867\" data-end=\"4885\"><strong data-start=\"4872\" data-end=\"4885\">Concluzie<\/strong><\/h4>\n<p class=\"\" data-start=\"4887\" data-end=\"5379\">Buchetul alb \u0219i albastru &#8222;Toscana&#8221; este alegerea ideal\u0103 pentru oricine dore\u0219te s\u0103 ofere un cadou elegant \u0219i rafinat, care s\u0103 exprime cele mai frumoase sentimente. Fie c\u0103 \u00eel oferi cu ocazia unei anivers\u0103ri, unei nun\u021bi sau pentru orice alt\u0103 ocazie special\u0103, acest buchet va aduce cu siguran\u021b\u0103 un strop de frumuse\u021be \u0219i rafinament \u00een via\u021ba celor dragi. La <strong data-start=\"5239\" data-end=\"5264\">Atelierul ARA Flowers<\/strong>, fiecare buchet este creat cu pasiune \u0219i dedicare, pentru a ad\u0103uga un plus de elegan\u021b\u0103 \u0219i culoare oric\u0103rei ocazii.<\/p>","protected":false},"featured_media":2443,"template":"","meta":{"ocean_post_layout":"full-screen","ocean_both_sidebars_style":"","ocean_both_sidebars_content_width":0,"ocean_both_sidebars_sidebars_width":0,"ocean_sidebar":"0","ocean_second_sidebar":"0","ocean_disable_margins":"enable","ocean_add_body_class":"","ocean_shortcode_before_top_bar":"","ocean_shortcode_after_top_bar":"","ocean_shortcode_before_header":"","ocean_shortcode_after_header":"","ocean_has_shortcode":"","ocean_shortcode_after_title":"","ocean_shortcode_before_footer_widgets":"","ocean_shortcode_after_footer_widgets":"","ocean_shortcode_before_footer_bottom":"","ocean_shortcode_after_footer_bottom":"","ocean_display_top_bar":"default","ocean_display_header":"default","ocean_header_style":"","ocean_center_header_left_menu":"0","ocean_custom_header_template":"0","ocean_custom_logo":0,"ocean_custom_retina_logo":0,"ocean_custom_logo_max_width":0,"ocean_custom_logo_tablet_max_width":0,"ocean_custom_logo_mobile_max_width":0,"ocean_custom_logo_max_height":0,"ocean_custom_logo_tablet_max_height":0,"ocean_custom_logo_mobile_max_height":0,"ocean_header_custom_menu":"0","ocean_menu_typo_font_family":"0","ocean_menu_typo_font_subset":"","ocean_menu_typo_font_size":0,"ocean_menu_typo_font_size_tablet":0,"ocean_menu_typo_font_size_mobile":0,"ocean_menu_typo_font_size_unit":"px","ocean_menu_typo_font_weight":"","ocean_menu_typo_font_weight_tablet":"","ocean_menu_typo_font_weight_mobile":"","ocean_menu_typo_transform":"","ocean_menu_typo_transform_tablet":"","ocean_menu_typo_transform_mobile":"","ocean_menu_typo_line_height":0,"ocean_menu_typo_line_height_tablet":0,"ocean_menu_typo_line_height_mobile":0,"ocean_menu_typo_line_height_unit":"","ocean_menu_typo_spacing":0,"ocean_menu_typo_spacing_tablet":0,"ocean_menu_typo_spacing_mobile":0,"ocean_menu_typo_spacing_unit":"","ocean_menu_link_color":"","ocean_menu_link_color_hover":"","ocean_menu_link_color_active":"","ocean_menu_link_background":"","ocean_menu_link_hover_background":"","ocean_menu_link_active_background":"","ocean_menu_social_links_bg":"","ocean_menu_social_hover_links_bg":"","ocean_menu_social_links_color":"","ocean_menu_social_hover_links_color":"","ocean_disable_title":"default","ocean_disable_heading":"default","ocean_post_title":"","ocean_post_subheading":"","ocean_post_title_style":"","ocean_post_title_background_color":"","ocean_post_title_background":0,"ocean_post_title_bg_image_position":"","ocean_post_title_bg_image_attachment":"","ocean_post_title_bg_image_repeat":"","ocean_post_title_bg_image_size":"","ocean_post_title_height":0,"ocean_post_title_bg_overlay":0.5,"ocean_post_title_bg_overlay_color":"","ocean_disable_breadcrumbs":"default","ocean_breadcrumbs_color":"","ocean_breadcrumbs_separator_color":"","ocean_breadcrumbs_links_color":"","ocean_breadcrumbs_links_hover_color":"","ocean_display_footer_widgets":"default","ocean_display_footer_bottom":"default","ocean_custom_footer_template":"0"},"product_brand":[],"product_cat":[23],"product_tag":[],"class_list":{"0":"post-2436","1":"product","2":"type-product","3":"status-publish","4":"has-post-thumbnail","6":"product_cat-buchete","8":"entry","9":"has-media","11":"first","12":"instock","13":"taxable","14":"shipping-taxable","15":"purchasable","16":"product-type-variable","17":"has-product-nav","18":"col","19":"span_1_of_3","20":"owp-content-center","21":"item-entry","22":"owp-thumbs-layout-horizontal","23":"owp-btn-normal","24":"owp-tabs-layout-horizontal"},"_links":{"self":[{"href":"https:\/\/araflowers.ro\/en\/wp-json\/wp\/v2\/product\/2436","targetHints":{"allow":["GET"]}}],"collection":[{"href":"https:\/\/araflowers.ro\/en\/wp-json\/wp\/v2\/product"}],"about":[{"href":"https:\/\/araflowers.ro\/en\/wp-json\/wp\/v2\/types\/product"}],"wp:featuredmedia":[{"embeddable":true,"href":"https:\/\/araflowers.ro\/en\/wp-json\/wp\/v2\/media\/2443"}],"wp:attachment":[{"href":"https:\/\/araflowers.ro\/en\/wp-json\/wp\/v2\/media?parent=2436"}],"wp:term":[{"taxonomy":"product_brand","embeddable":true,"href":"https:\/\/araflowers.ro\/en\/wp-json\/wp\/v2\/product_brand?post=2436"},{"taxonomy":"product_cat","embeddable":true,"href":"https:\/\/araflowers.ro\/en\/wp-json\/wp\/v2\/product_cat?post=2436"},{"taxonomy":"product_tag","embeddable":true,"href":"https:\/\/araflowers.ro\/en\/wp-json\/wp\/v2\/product_tag?post=2436"}],"curies":[{"name":"wp","href":"https:\/\/api.w.org\/{rel}","templated":true}]}}