{"id":2415,"date":"2024-05-27T21:29:58","date_gmt":"2024-05-27T21:29:58","guid":{"rendered":"https:\/\/araflowers.ro\/?post_type=product&#038;p=2415"},"modified":"2026-02-26T12:33:33","modified_gmt":"2026-02-26T12:33:33","slug":"buchet-25-trandafiri-pink","status":"publish","type":"product","link":"https:\/\/araflowers.ro\/en\/product\/buchet-25-trandafiri-pink\/","title":{"rendered":"BUCHET 25 TRANDAFIRI PINK"},"content":{"rendered":"<p class=\"\" data-start=\"69\" data-end=\"98\"><strong data-start=\"69\" data-end=\"98\">BUCHET 25 TRANDAFIRI PINK<\/strong><\/p>\n<p class=\"\" data-start=\"100\" data-end=\"326\">Produsele de pe acest site sunt orientative. Printr-un apel telefonic se pot \u00eendeplini diferite dorin\u021be \u00een materie floristic\u0103. P\u00e2n\u0103 la urm\u0103, suntem o familie de arti\u0219ti \u0219i abia a\u0219tept\u0103m s\u0103 ne pune\u021bi creativitatea la \u00eencercare.<\/p>\n<p class=\"\" data-start=\"328\" data-end=\"711\">Pre\u021bul produsului pe care l-a\u021bi ales din Atelierul ARA Flowers include o felicitare cadou, pe care vom scrie caligrafic textul ales de dumneavoastr\u0103. Serviciul de livrare flori este gratuit \u00een Cluj-Napoca \u0219i func\u021bioneaz\u0103 prin curieri proprii, astfel \u00eenc\u00e2t florile s\u0103 ajung\u0103 \u00een stare perfect\u0103 la destinatarul ales. \u00cen func\u021bie de stoc \u0219i de sezon, produsele pot suferi mici modific\u0103ri.<\/p>\n<p class=\"\" data-start=\"713\" data-end=\"878\">Gift-urile sunt cu titlu de prezentare \u0219i nu sunt incluse \u00een pre\u021bul produsului, \u00eens\u0103 acestea pot fi comandate al\u0103turi de produsele dorite, din categoria <strong data-start=\"866\" data-end=\"877\">GIFTURI<\/strong>.<\/p>\n<p class=\"\" data-start=\"880\" data-end=\"924\">Delivery time is estimated to 3 hours.<\/p>\n<p class=\"\" data-start=\"926\" data-end=\"984\">Comenzile plasate dup\u0103 ora 17:00 vor fi livrate a doua zi!<\/p>","protected":false},"excerpt":{"rendered":"<h4 class=\"\" data-start=\"1040\" data-end=\"1117\"><strong data-start=\"1045\" data-end=\"1117\">Buchetul 25 trandafiri pink &#8211; Un cadou delicat \u0219i plin de rafinament<\/strong><\/h4>\n<p class=\"\" data-start=\"1119\" data-end=\"1483\"><strong data-start=\"1119\" data-end=\"1150\">Buchetul 25 trandafiri pink<\/strong> reprezint\u0103 alegerea perfect\u0103 pentru orice ocazie special\u0103. Acesta este un simbol al frumuse\u021bii \u0219i elegan\u021bei, fiind compus din 25 de trandafiri roz, fiecare cu o semnifica\u021bie aparte. Trandafirii roz sunt adesea asocia\u021bi cu aprecierea \u0219i dragostea, fiind florile ideale pentru a transmite mesaje de afec\u021biune, respect \u0219i recuno\u0219tin\u021b\u0103.<\/p>\n<h4 class=\"\" data-start=\"1485\" data-end=\"1528\"><strong data-start=\"1490\" data-end=\"1528\">Despre buchetul 25 trandafiri pink<\/strong><\/h4>\n<p class=\"\" data-start=\"1530\" data-end=\"1904\">Trandafirii sunt printre cele mai iubite flori din lume \u0219i nu este greu de \u00een\u021beles de ce. Cu petalele lor delicate \u0219i parfumate, ace\u0219tia reu\u0219esc s\u0103 aduc\u0103 un aer de prospe\u021bime \u0219i frumuse\u021be \u00een orice \u00eenc\u0103pere. Buchetul nostru cu <strong data-start=\"1756\" data-end=\"1781\">25 de trandafiri pink<\/strong> este o alegere impecabil\u0103 pentru a surprinde o persoan\u0103 drag\u0103 sau pentru a ad\u0103uga un strop de culoare unei zile obisnuite.<\/p>\n<p class=\"\" data-start=\"1906\" data-end=\"2145\">Culorile roz sunt recunoscute pentru impactul lor subtil, dar totodat\u0103 vibrant, fiind un echilibru perfect \u00eentre delicate\u021be \u0219i putere. Fiecare trandafir roz este un simbol al iubirii ne\u00eemp\u0103rt\u0103\u0219ite, al \u00een\u021belegerii profunde \u0219i al aprecierii.<\/p>\n<h4 class=\"\" data-start=\"2147\" data-end=\"2207\"><strong data-start=\"2152\" data-end=\"2207\">Ocazii potrivite pentru buchetul 25 trandafiri pink<\/strong><\/h4>\n<p class=\"\" data-start=\"2209\" data-end=\"2536\">Acest <strong data-start=\"2215\" data-end=\"2244\">buchet 25 trandafiri pink<\/strong> poate fi oferit cu ocazia unor evenimente speciale, cum ar fi anivers\u0103ri, nun\u021bi, dar \u0219i ca un cadou personalizat pentru o persoan\u0103 drag\u0103. Trandafirii roz sunt potrivi\u021bi at\u00e2t pentru a celebra o iubire pasional\u0103, c\u00e2t \u0219i pentru a ar\u0103ta aprecierea fa\u021b\u0103 de o prietenie sau o rela\u021bie profesional\u0103.<\/p>\n<p class=\"\" data-start=\"2538\" data-end=\"2821\">Datorit\u0103 semnifica\u021biilor sale, acest buchet este un cadou ideal pentru orice femeie care merit\u0103 s\u0103 se simt\u0103 iubit\u0103 \u0219i special\u0103. Fie c\u0103 este vorba de o zi de na\u0219tere, o promovare sau o zi de na\u0219tere important\u0103, acest buchet va ad\u0103uga un plus de rafinament \u0219i elegan\u021b\u0103 oric\u0103rei ocazii.<\/p>\n<h4 class=\"\" data-start=\"2823\" data-end=\"2871\"><strong data-start=\"2828\" data-end=\"2871\">Personalizare buchet 25 trandafiri pink<\/strong><\/h4>\n<p class=\"\" data-start=\"2873\" data-end=\"3197\">Pentru ca fiecare comand\u0103 s\u0103 fie cu adev\u0103rat unic\u0103, la <strong data-start=\"2928\" data-end=\"2953\">Atelierul ARA Flowers<\/strong> \u00ee\u021bi oferim posibilitatea de a personaliza buchetul t\u0103u. \u00cen func\u021bie de dorin\u021bele tale, putem ad\u0103uga o felicitare caligrafic\u0103, pe care scriem textul ales de tine. Este un detaliu subtil, dar care face ca fiecare cadou s\u0103 fie cu adev\u0103rat special.<\/p>\n<h4 class=\"\" data-start=\"3199\" data-end=\"3249\"><strong data-start=\"3204\" data-end=\"3249\">Livrare rapid\u0103 \u0219i gratuit\u0103 \u00een Cluj-Napoca<\/strong><\/h4>\n<p class=\"\" data-start=\"3251\" data-end=\"3762\">Livrarea este rapid\u0103 \u0219i gratuit\u0103 \u00een <strong data-start=\"3287\" data-end=\"3302\">Cluj-Napoca<\/strong>, astfel \u00eenc\u00e2t florile vor ajunge la destina\u021bie \u00een cel mai scurt timp posibil, \u00eentr-o stare impecabil\u0103. Curierii proprii ai ARA Flowers se asigur\u0103 c\u0103 buchetul t\u0103u va ajunge la timp \u0219i \u00een cea mai bun\u0103 condi\u021bie. Timpul estimat de livrare este de aproximativ 3 ore, iar comenzile efectuate dup\u0103 ora 17:00 vor fi livrate a doua zi. \u00cen plus, produsele noastre sunt sus\u021binute de un serviciu de \u00eenalt\u0103 calitate, pentru a asigura satisfac\u021bia deplin\u0103 a fiec\u0103rui client.<\/p>\n<h4 class=\"\" data-start=\"3764\" data-end=\"3797\"><strong data-start=\"3769\" data-end=\"3797\">Comand\u0103 simpl\u0103 \u0219i rapid\u0103<\/strong><\/h4>\n<p class=\"\" data-start=\"3799\" data-end=\"4125\">Comanda pentru <strong data-start=\"3814\" data-end=\"3845\">buchetul 25 trandafiri pink<\/strong> poate fi f\u0103cut\u0103 simplu \u0219i rapid pe site-ul nostru oficial: <a class=\"\" href=\"https:\/\/araflowers.ro\/en\/\" target=\"_new\" rel=\"noopener\" data-start=\"3905\" data-end=\"3944\">araflowers.ro<\/a> sau pe Instagram: <a class=\"\" href=\"https:\/\/www.instagram.com\/araflowers.ro\/\" target=\"_new\" rel=\"noopener\" data-start=\"3963\" data-end=\"4032\">Instagram: @araflowers.ro<\/a>. Alege-\u021bi produsul dorit \u0219i las\u0103-ne s\u0103 \u00ee\u021bi livr\u0103m florile \u00eentr-un mod profesional \u0219i prompt.<\/p>\n<h4 class=\"\" data-start=\"4127\" data-end=\"4163\"><strong data-start=\"4132\" data-end=\"4163\">Adaug\u0103 un cadou suplimentar<\/strong><\/h4>\n<p class=\"\" data-start=\"4165\" data-end=\"4506\">\u00ce\u021bi oferim, de asemenea, posibilitatea de a ad\u0103uga cadouri suplimentare al\u0103turi de buchetul t\u0103u. \u00cen func\u021bie de ocazie, po\u021bi selecta dintr-o gam\u0103 variat\u0103 de <strong data-start=\"4321\" data-end=\"4332\">GIFTURI<\/strong> disponibile pe site-ul nostru. Fie c\u0103 alegi ciocolat\u0103 fin\u0103, un parfum elegant sau un obiect personalizat, un cadou suplimentar va face experien\u021ba de a d\u0103rui \u0219i mai special\u0103.<\/p>\n<h4 class=\"\" data-start=\"4508\" data-end=\"4526\"><strong data-start=\"4513\" data-end=\"4526\">Concluzie<\/strong><\/h4>\n<p class=\"\" data-start=\"4528\" data-end=\"4997\"><strong data-start=\"4528\" data-end=\"4559\">Buchetul 25 trandafiri pink<\/strong> este mai mult dec\u00e2t un cadou floral; este o adev\u0103rat\u0103 declara\u021bie de apreciere \u0219i iubire. Fie c\u0103 vrei s\u0103 spui \u201eTe iubesc\u201d, \u201eMul\u021bumesc\u201d sau pur \u0219i simplu \u201eE\u0219ti special\u0103 pentru mine\u201d, acest buchet este perfect pentru a transmite orice mesaj. La <strong data-start=\"4802\" data-end=\"4827\">Atelierul ARA Flowers<\/strong>, punem mult suflet \u00een fiecare aranjament floral, astfel \u00eenc\u00e2t s\u0103 oferim nu doar flori, ci \u0219i emo\u021bie. Comand\u0103 acum \u0219i surprinde pe cineva special cu acest buchet minunat!<\/p>","protected":false},"featured_media":2404,"template":"","meta":{"ocean_post_layout":"","ocean_both_sidebars_style":"","ocean_both_sidebars_content_width":0,"ocean_both_sidebars_sidebars_width":0,"ocean_sidebar":"0","ocean_second_sidebar":"0","ocean_disable_margins":"enable","ocean_add_body_class":"","ocean_shortcode_before_top_bar":"","ocean_shortcode_after_top_bar":"","ocean_shortcode_before_header":"","ocean_shortcode_after_header":"","ocean_has_shortcode":"","ocean_shortcode_after_title":"","ocean_shortcode_before_footer_widgets":"","ocean_shortcode_after_footer_widgets":"","ocean_shortcode_before_footer_bottom":"","ocean_shortcode_after_footer_bottom":"","ocean_display_top_bar":"default","ocean_display_header":"default","ocean_header_style":"","ocean_center_header_left_menu":"0","ocean_custom_header_template":"0","ocean_custom_logo":0,"ocean_custom_retina_logo":0,"ocean_custom_logo_max_width":0,"ocean_custom_logo_tablet_max_width":0,"ocean_custom_logo_mobile_max_width":0,"ocean_custom_logo_max_height":0,"ocean_custom_logo_tablet_max_height":0,"ocean_custom_logo_mobile_max_height":0,"ocean_header_custom_menu":"0","ocean_menu_typo_font_family":"0","ocean_menu_typo_font_subset":"","ocean_menu_typo_font_size":0,"ocean_menu_typo_font_size_tablet":0,"ocean_menu_typo_font_size_mobile":0,"ocean_menu_typo_font_size_unit":"px","ocean_menu_typo_font_weight":"","ocean_menu_typo_font_weight_tablet":"","ocean_menu_typo_font_weight_mobile":"","ocean_menu_typo_transform":"","ocean_menu_typo_transform_tablet":"","ocean_menu_typo_transform_mobile":"","ocean_menu_typo_line_height":0,"ocean_menu_typo_line_height_tablet":0,"ocean_menu_typo_line_height_mobile":0,"ocean_menu_typo_line_height_unit":"","ocean_menu_typo_spacing":0,"ocean_menu_typo_spacing_tablet":0,"ocean_menu_typo_spacing_mobile":0,"ocean_menu_typo_spacing_unit":"","ocean_menu_link_color":"","ocean_menu_link_color_hover":"","ocean_menu_link_color_active":"","ocean_menu_link_background":"","ocean_menu_link_hover_background":"","ocean_menu_link_active_background":"","ocean_menu_social_links_bg":"","ocean_menu_social_hover_links_bg":"","ocean_menu_social_links_color":"","ocean_menu_social_hover_links_color":"","ocean_disable_title":"default","ocean_disable_heading":"default","ocean_post_title":"","ocean_post_subheading":"","ocean_post_title_style":"","ocean_post_title_background_color":"","ocean_post_title_background":0,"ocean_post_title_bg_image_position":"","ocean_post_title_bg_image_attachment":"","ocean_post_title_bg_image_repeat":"","ocean_post_title_bg_image_size":"","ocean_post_title_height":0,"ocean_post_title_bg_overlay":0.5,"ocean_post_title_bg_overlay_color":"","ocean_disable_breadcrumbs":"default","ocean_breadcrumbs_color":"","ocean_breadcrumbs_separator_color":"","ocean_breadcrumbs_links_color":"","ocean_breadcrumbs_links_hover_color":"","ocean_display_footer_widgets":"default","ocean_display_footer_bottom":"default","ocean_custom_footer_template":"0"},"product_brand":[],"product_cat":[23,187],"product_tag":[],"class_list":{"0":"post-2415","1":"product","2":"type-product","3":"status-publish","4":"has-post-thumbnail","6":"product_cat-buchete","7":"product_cat-1-8-martie","9":"entry","10":"has-media","12":"first","13":"instock","14":"sale","15":"taxable","16":"shipping-taxable","17":"purchasable","18":"product-type-simple","19":"has-product-nav","20":"col","21":"span_1_of_3","22":"owp-content-center","23":"item-entry","24":"owp-thumbs-layout-horizontal","25":"owp-btn-normal","26":"owp-tabs-layout-horizontal"},"_links":{"self":[{"href":"https:\/\/araflowers.ro\/en\/wp-json\/wp\/v2\/product\/2415","targetHints":{"allow":["GET"]}}],"collection":[{"href":"https:\/\/araflowers.ro\/en\/wp-json\/wp\/v2\/product"}],"about":[{"href":"https:\/\/araflowers.ro\/en\/wp-json\/wp\/v2\/types\/product"}],"wp:featuredmedia":[{"embeddable":true,"href":"https:\/\/araflowers.ro\/en\/wp-json\/wp\/v2\/media\/2404"}],"wp:attachment":[{"href":"https:\/\/araflowers.ro\/en\/wp-json\/wp\/v2\/media?parent=2415"}],"wp:term":[{"taxonomy":"product_brand","embeddable":true,"href":"https:\/\/araflowers.ro\/en\/wp-json\/wp\/v2\/product_brand?post=2415"},{"taxonomy":"product_cat","embeddable":true,"href":"https:\/\/araflowers.ro\/en\/wp-json\/wp\/v2\/product_cat?post=2415"},{"taxonomy":"product_tag","embeddable":true,"href":"https:\/\/araflowers.ro\/en\/wp-json\/wp\/v2\/product_tag?post=2415"}],"curies":[{"name":"wp","href":"https:\/\/api.w.org\/{rel}","templated":true}]}}