{"id":2413,"date":"2024-05-27T21:24:14","date_gmt":"2024-05-27T21:24:14","guid":{"rendered":"https:\/\/araflowers.ro\/?post_type=product&#038;p=2413"},"modified":"2025-12-09T13:04:30","modified_gmt":"2025-12-09T13:04:30","slug":"venus-wite-and-black","status":"publish","type":"product","link":"https:\/\/araflowers.ro\/en\/product\/venus-wite-and-black\/","title":{"rendered":"VENUS WHITE AND BLACK"},"content":{"rendered":"<p class=\"\" data-start=\"59\" data-end=\"294\"><strong data-start=\"59\" data-end=\"84\">VENUS WHITE AND BLACK<\/strong> este un buchet sofisticat care \u00eencorporeaz\u0103 trandafiri conservati, lagurus \u0219i frunze palmier. Acesta este un aranjament elegant \u0219i unic, perfect pentru a ad\u0103uga un strop de rafinament oric\u0103rei ocazii speciale.<\/p>\n<p class=\"\" data-start=\"296\" data-end=\"521\">The products on this website are indicative, with a phone call you can fulfill different wishes in floristic matters. After all, we are a family of artists and we can't wait for you to put our creativity to the test.<\/p>\n<p class=\"\" data-start=\"523\" data-end=\"906\">Pre\u021bul produsului pe care l-a\u021bi ales din Atelierul ARA Flowers include o felicitare cadou, pe care vom scrie caligrafic textul ales de dumneavoastr\u0103. Serviciul de livrare flori este gratuit \u00een Cluj-Napoca \u0219i func\u021bioneaz\u0103 prin curieri proprii, astfel \u00eenc\u00e2t florile s\u0103 ajung\u0103 \u00een stare perfect\u0103 la destinatarul ales. \u00cen func\u021bie de stoc \u0219i de sezon, produsele pot suferi mici modific\u0103ri.<\/p>\n<p class=\"\" data-start=\"908\" data-end=\"1069\">Gift-urile sunt cu titlu de prezentare \u0219i nu sunt incluse \u00een pre\u021bul produsului, \u00eens\u0103 acestea pot fi comandate al\u0103turi de produsele dorite, din categoria GIFTURI.<\/p>\n<p class=\"\" data-start=\"1071\" data-end=\"1115\">Delivery time is estimated to 3 hours.<\/p>\n<p class=\"\" data-start=\"1117\" data-end=\"1175\">Comenzile plasate dup\u0103 ora 17:00 vor fi livrate a doua zi!<\/p>","protected":false},"excerpt":{"rendered":"<h4 class=\"\" data-start=\"1204\" data-end=\"1275\">Venus White and Black &#8211; Un Aranjament Deosebit pentru Orice Ocazie<\/h4>\n<p class=\"\" data-start=\"1277\" data-end=\"1570\"><strong data-start=\"1277\" data-end=\"1302\">Venus White and Black<\/strong> este un aranjament floral unic, care combin\u0103 elegan\u021ba albului imaculat cu subtilitatea negrului, cre\u00e2nd o atmosfer\u0103 rafinat\u0103 \u0219i misterioas\u0103. Acest buchet con\u021bine trandafiri conservati albi, lagurus moale \u0219i frunze de palmier care confer\u0103 volum \u0219i textur\u0103 compozi\u021biei.<\/p>\n<p class=\"\" data-start=\"1572\" data-end=\"1923\">Aranjamentul include \u0219i un cap de statuie Venus, un simbol al frumuse\u021bii clasice care adaug\u0103 o not\u0103 de art\u0103 \u0219i distinc\u021bie acestui design floral. Ideal pentru a decora un interior elegant sau pentru a face un cadou deosebit, <strong data-start=\"1796\" data-end=\"1821\">Venus White and Black<\/strong> reinterpreteaz\u0103 tradi\u021bia floristicii, aduc\u00e2nd un echilibru perfect \u00eentre natur\u0103 \u0219i designul artistic.<\/p>\n<h4 class=\"\" data-start=\"1925\" data-end=\"1967\">De ce s\u0103 alegi Venus White and Black?<\/h4>\n<p class=\"\" data-start=\"1969\" data-end=\"2267\"><strong data-start=\"1969\" data-end=\"1994\">Venus White and Black<\/strong> este mai mult dec\u00e2t un simplu buchet de flori, este o pies\u0103 de artizanat floral care spune o poveste. Fie c\u0103 este vorba de o aniversare, o nunt\u0103, un eveniment corporate sau o ocazie special\u0103, acest aranjament va impresiona \u00eentotdeauna prin elegan\u021ba \u0219i frumuse\u021bea sa unic\u0103.<\/p>\n<p class=\"\" data-start=\"2269\" data-end=\"2538\">Fiecare floare este aleas\u0103 cu grij\u0103 \u0219i aranjat\u0103 manual, pentru a crea o atmosfer\u0103 unic\u0103, plin\u0103 de rafinament \u0219i stil. Trandafirii conservati sunt un simbol al iubirii eterne, iar lagurusul adaug\u0103 o textur\u0103 moale, care contrastaaz\u0103 frumos cu frunzele de palmier robuste.<\/p>\n<p class=\"\" data-start=\"2540\" data-end=\"2789\">De asemenea, capul de statuie Venus este un detaliu rafinat care completeaz\u0103 perfect acest aranjament. Acesta face ca fiecare component\u0103 a buchetului s\u0103 fie nu doar frumoas\u0103, dar \u0219i un adev\u0103rat obiect de artizanat floral, cu semnifica\u021bie \u0219i poveste.<\/p>\n<h4 class=\"\" data-start=\"2791\" data-end=\"2808\">Cum comand\u0103?<\/h4>\n<p class=\"\" data-start=\"2810\" data-end=\"3114\">Pentru a comanda <strong data-start=\"2827\" data-end=\"2852\">Venus White and Black<\/strong>, vizita\u021bi site-ul nostru la <a class=\"\" href=\"https:\/\/araflowers.ro\/en\/\" target=\"_new\" rel=\"noopener\" data-start=\"2881\" data-end=\"2920\">araflowers.ro<\/a> sau contacta\u021bi-ne prin <a class=\"\" href=\"https:\/\/www.instagram.com\/araflowers.ro\/\" target=\"_new\" rel=\"noopener\" data-start=\"2944\" data-end=\"2997\">Instagram<\/a> pentru a discuta detalii personalizate. Suntem aici pentru a v\u0103 ajuta s\u0103 aduce\u021bi o not\u0103 de elegan\u021b\u0103 oric\u0103rei ocazii.<\/p>\n<p class=\"\" data-start=\"3116\" data-end=\"3415\">Acest aranjament poate fi personalizat \u00een func\u021bie de preferin\u021bele dumneavoastr\u0103, iar livrarea este gratuit\u0103 \u00een Cluj-Napoca. De asemenea, toate produsele includ o felicitare caligrafiat\u0103, oferindu-v\u0103 posibilitatea de a transmite un mesaj personalizat, ad\u0103ug\u00e2nd un plus de originalitate \u0219i rafinament.<\/p>","protected":false},"featured_media":2414,"template":"","meta":{"ocean_post_layout":"full-screen","ocean_both_sidebars_style":"","ocean_both_sidebars_content_width":0,"ocean_both_sidebars_sidebars_width":0,"ocean_sidebar":"0","ocean_second_sidebar":"0","ocean_disable_margins":"enable","ocean_add_body_class":"","ocean_shortcode_before_top_bar":"","ocean_shortcode_after_top_bar":"","ocean_shortcode_before_header":"","ocean_shortcode_after_header":"","ocean_has_shortcode":"","ocean_shortcode_after_title":"","ocean_shortcode_before_footer_widgets":"","ocean_shortcode_after_footer_widgets":"","ocean_shortcode_before_footer_bottom":"","ocean_shortcode_after_footer_bottom":"","ocean_display_top_bar":"default","ocean_display_header":"default","ocean_header_style":"","ocean_center_header_left_menu":"0","ocean_custom_header_template":"0","ocean_custom_logo":0,"ocean_custom_retina_logo":0,"ocean_custom_logo_max_width":0,"ocean_custom_logo_tablet_max_width":0,"ocean_custom_logo_mobile_max_width":0,"ocean_custom_logo_max_height":0,"ocean_custom_logo_tablet_max_height":0,"ocean_custom_logo_mobile_max_height":0,"ocean_header_custom_menu":"0","ocean_menu_typo_font_family":"0","ocean_menu_typo_font_subset":"","ocean_menu_typo_font_size":0,"ocean_menu_typo_font_size_tablet":0,"ocean_menu_typo_font_size_mobile":0,"ocean_menu_typo_font_size_unit":"px","ocean_menu_typo_font_weight":"","ocean_menu_typo_font_weight_tablet":"","ocean_menu_typo_font_weight_mobile":"","ocean_menu_typo_transform":"","ocean_menu_typo_transform_tablet":"","ocean_menu_typo_transform_mobile":"","ocean_menu_typo_line_height":0,"ocean_menu_typo_line_height_tablet":0,"ocean_menu_typo_line_height_mobile":0,"ocean_menu_typo_line_height_unit":"","ocean_menu_typo_spacing":0,"ocean_menu_typo_spacing_tablet":0,"ocean_menu_typo_spacing_mobile":0,"ocean_menu_typo_spacing_unit":"","ocean_menu_link_color":"","ocean_menu_link_color_hover":"","ocean_menu_link_color_active":"","ocean_menu_link_background":"","ocean_menu_link_hover_background":"","ocean_menu_link_active_background":"","ocean_menu_social_links_bg":"","ocean_menu_social_hover_links_bg":"","ocean_menu_social_links_color":"","ocean_menu_social_hover_links_color":"","ocean_disable_title":"default","ocean_disable_heading":"default","ocean_post_title":"","ocean_post_subheading":"","ocean_post_title_style":"","ocean_post_title_background_color":"","ocean_post_title_background":0,"ocean_post_title_bg_image_position":"","ocean_post_title_bg_image_attachment":"","ocean_post_title_bg_image_repeat":"","ocean_post_title_bg_image_size":"","ocean_post_title_height":0,"ocean_post_title_bg_overlay":0.5,"ocean_post_title_bg_overlay_color":"","ocean_disable_breadcrumbs":"default","ocean_breadcrumbs_color":"","ocean_breadcrumbs_separator_color":"","ocean_breadcrumbs_links_color":"","ocean_breadcrumbs_links_hover_color":"","ocean_display_footer_widgets":"default","ocean_display_footer_bottom":"default","ocean_custom_footer_template":"0"},"product_brand":[],"product_cat":[24],"product_tag":[],"class_list":{"0":"post-2413","1":"product","2":"type-product","3":"status-publish","4":"has-post-thumbnail","6":"product_cat-conservate","8":"entry","9":"has-media","11":"first","12":"instock","13":"taxable","14":"shipping-taxable","15":"purchasable","16":"product-type-simple","17":"has-product-nav","18":"col","19":"span_1_of_3","20":"owp-content-center","21":"item-entry","22":"owp-thumbs-layout-horizontal","23":"owp-btn-normal","24":"owp-tabs-layout-horizontal"},"_links":{"self":[{"href":"https:\/\/araflowers.ro\/en\/wp-json\/wp\/v2\/product\/2413","targetHints":{"allow":["GET"]}}],"collection":[{"href":"https:\/\/araflowers.ro\/en\/wp-json\/wp\/v2\/product"}],"about":[{"href":"https:\/\/araflowers.ro\/en\/wp-json\/wp\/v2\/types\/product"}],"wp:featuredmedia":[{"embeddable":true,"href":"https:\/\/araflowers.ro\/en\/wp-json\/wp\/v2\/media\/2414"}],"wp:attachment":[{"href":"https:\/\/araflowers.ro\/en\/wp-json\/wp\/v2\/media?parent=2413"}],"wp:term":[{"taxonomy":"product_brand","embeddable":true,"href":"https:\/\/araflowers.ro\/en\/wp-json\/wp\/v2\/product_brand?post=2413"},{"taxonomy":"product_cat","embeddable":true,"href":"https:\/\/araflowers.ro\/en\/wp-json\/wp\/v2\/product_cat?post=2413"},{"taxonomy":"product_tag","embeddable":true,"href":"https:\/\/araflowers.ro\/en\/wp-json\/wp\/v2\/product_tag?post=2413"}],"curies":[{"name":"wp","href":"https:\/\/api.w.org\/{rel}","templated":true}]}}