{"id":2411,"date":"2024-05-27T21:18:47","date_gmt":"2024-05-27T21:18:47","guid":{"rendered":"https:\/\/araflowers.ro\/?post_type=product&#038;p=2411"},"modified":"2025-12-09T13:04:30","modified_gmt":"2025-12-09T13:04:30","slug":"venus-sweet","status":"publish","type":"product","link":"https:\/\/araflowers.ro\/en\/product\/venus-sweet\/","title":{"rendered":"VENUS SWEET"},"content":{"rendered":"<p class=\"\" data-start=\"133\" data-end=\"362\">Buchetul \u201eVenus Sweet\u201d este o combina\u021bie rafinat\u0103 de elemente florale \u0219i decoruri, incluz\u00e2nd trandafiri conserva\u021bi, lagurus, frunze de palmier \u0219i capul statuii Venus. Acest aranjament adaug\u0103 un plus de elegan\u021b\u0103 oric\u0103rei \u00eenc\u0103peri.<\/p>\n<p class=\"\" data-start=\"364\" data-end=\"400\"><strong data-start=\"364\" data-end=\"400\">Produse personalizate la comand\u0103<\/strong><\/p>\n<p class=\"\" data-start=\"402\" data-end=\"666\">Produsele de pe acest site sunt orientative, iar printr-un apel telefonic se pot \u00eendeplini diferite dorin\u021be florale, personalizate \u00een func\u021bie de preferin\u021bele tale. Suntem o echip\u0103 de arti\u0219ti \u0219i suntem deschi\u0219i s\u0103 punem \u00een practic\u0103 orice idee creativ\u0103 pe care o ai.<\/p>\n<p class=\"\" data-start=\"668\" data-end=\"701\"><strong data-start=\"668\" data-end=\"701\">Informa\u021bii livrare \u0219i detalii<\/strong><\/p>\n<p class=\"\" data-start=\"703\" data-end=\"996\">Pre\u021bul produsului include o felicitare cadou, pe care vom scrie caligrafic textul ales de tine. Serviciul de livrare este gratuit \u00een Cluj-Napoca, iar florile vor ajunge \u00een stare perfect\u0103 la destinatar, prin curieri proprii. \u00cen func\u021bie de stoc \u0219i de sezon, produsele pot suferi mici modific\u0103ri.<\/p>\n<p class=\"\" data-start=\"998\" data-end=\"1102\">Gift-urile nu sunt incluse \u00een pre\u021bul produsului, dar le po\u021bi ad\u0103uga la comanda ta din categoria GIFTURI.<\/p>\n<p class=\"\" data-start=\"1104\" data-end=\"1207\">Timpul de livrare este de aproximativ 3 ore. Comenzile plasate dup\u0103 ora 17:00 vor fi livrate a doua zi.<\/p>","protected":false},"excerpt":{"rendered":"<p class=\"\" data-start=\"1236\" data-end=\"1287\"><strong data-start=\"1236\" data-end=\"1287\">Aranjamente florale personalizate \u2013 Venus Sweet<\/strong><\/p>\n<p class=\"\" data-start=\"1289\" data-end=\"1653\">Cu \u201eVenus Sweet\u201d, oferim o combina\u021bie perfect\u0103 \u00eentre frumuse\u021bea florilor conservate \u0219i elemente naturale, \u00eembog\u0103\u021bite cu un cap statuie Venus, care adaug\u0103 un element de unicitate \u0219i rafinament acestui buchet. Trandafirii conserva\u021bi, lagurusul \u0219i frunzele de palmier fac parte dintr-un aranjament deosebit, care poate deveni punctul de atrac\u021bie al oric\u0103rei \u00eenc\u0103peri.<\/p>\n<p class=\"\" data-start=\"1655\" data-end=\"1683\"><strong data-start=\"1655\" data-end=\"1683\">Fiecare detaliu conteaz\u0103<\/strong><\/p>\n<p class=\"\" data-start=\"1685\" data-end=\"2072\">Acest produs este realizat cu mare grij\u0103 \u0219i aten\u021bie la detalii, astfel \u00eenc\u00e2t fiecare floare \u0219i fiecare element s\u0103 aduc\u0103 un plus de elegan\u021b\u0103 \u0219i frumuse\u021be. Trandafirii conserva\u021bi sunt rezisten\u021bi, iar lagurusul adaug\u0103 o textur\u0103 deosebit\u0103, cre\u00e2nd un contrast perfect cu frunzele de palmier. Capul statuie Venus simbolizeaz\u0103 armonia \u0219i frumuse\u021bea clasic\u0103, complet\u00e2nd perfect acest aranjament.<\/p>\n<p class=\"\" data-start=\"2074\" data-end=\"2113\"><strong data-start=\"2074\" data-end=\"2113\">Beneficiile unui buchet Venus Sweet<\/strong><\/p>\n<p class=\"\" data-start=\"2115\" data-end=\"2398\">Acest buchet nu doar c\u0103 impresioneaz\u0103 prin frumuse\u021bea sa, dar are \u0219i un impact emo\u021bional semnificativ. Ideal pentru o ocazie special\u0103 sau pur \u0219i simplu pentru a ad\u0103uga o not\u0103 de elegan\u021b\u0103 \u00een locuin\u021ba ta, \u201eVenus Sweet\u201d poate fi personalizat pentru a se potrivi perfect gusturilor tale.<\/p>\n<p class=\"\" data-start=\"2400\" data-end=\"2431\"><strong data-start=\"2400\" data-end=\"2431\">Livrarea rapid\u0103 \u0219i gratuit\u0103<\/strong><\/p>\n<p class=\"\" data-start=\"2433\" data-end=\"2784\">Prin curierii proprii, ne asigur\u0103m c\u0103 florile ajung la destina\u021bie \u00een stare perfect\u0103, indiferent de distan\u021b\u0103. Serviciul de livrare este gratuit \u00een Cluj-Napoca, iar timpul de livrare este de aproximativ 3 ore. \u00cen cazul comenzilor plasate dup\u0103 ora 17:00, livrarea se va face a doua zi. Astfel, vei avea mereu flori proaspete \u0219i de calitate livrate rapid.<\/p>\n<p class=\"\" data-start=\"2786\" data-end=\"2829\"><strong data-start=\"2786\" data-end=\"2829\">Comand\u0103 acum \u0219i adaug\u0103 un cadou special<\/strong><\/p>\n<p class=\"\" data-start=\"2831\" data-end=\"3043\">Nu uita c\u0103, al\u0103turi de acest buchet, po\u021bi comanda \u0219i un cadou personalizat din categoria GIFTURI pentru a oferi o surpriz\u0103 complet\u0103. Alege acum produsul dorit \u0219i las\u0103-ne s\u0103 \u00ee\u021bi transform\u0103m dorin\u021bele \u00een realitate.<\/p>\n<p class=\"\" data-start=\"3045\" data-end=\"3178\">Comand\u0103 direct de pe <a href=\"https:\/\/www.instagram.com\/araflowers.ro\/\">Instagram: @araflowers.ro<\/a> sau de pe site-ul nostru <a href=\"https:\/\/araflowers.ro\/en\/\">araflowers.ro<\/a> pentru a profita de ofertele noastre exclusive!<\/p>","protected":false},"featured_media":2412,"template":"","meta":{"ocean_post_layout":"full-screen","ocean_both_sidebars_style":"","ocean_both_sidebars_content_width":0,"ocean_both_sidebars_sidebars_width":0,"ocean_sidebar":"0","ocean_second_sidebar":"0","ocean_disable_margins":"enable","ocean_add_body_class":"","ocean_shortcode_before_top_bar":"","ocean_shortcode_after_top_bar":"","ocean_shortcode_before_header":"","ocean_shortcode_after_header":"","ocean_has_shortcode":"","ocean_shortcode_after_title":"","ocean_shortcode_before_footer_widgets":"","ocean_shortcode_after_footer_widgets":"","ocean_shortcode_before_footer_bottom":"","ocean_shortcode_after_footer_bottom":"","ocean_display_top_bar":"default","ocean_display_header":"default","ocean_header_style":"","ocean_center_header_left_menu":"0","ocean_custom_header_template":"0","ocean_custom_logo":0,"ocean_custom_retina_logo":0,"ocean_custom_logo_max_width":0,"ocean_custom_logo_tablet_max_width":0,"ocean_custom_logo_mobile_max_width":0,"ocean_custom_logo_max_height":0,"ocean_custom_logo_tablet_max_height":0,"ocean_custom_logo_mobile_max_height":0,"ocean_header_custom_menu":"0","ocean_menu_typo_font_family":"0","ocean_menu_typo_font_subset":"","ocean_menu_typo_font_size":0,"ocean_menu_typo_font_size_tablet":0,"ocean_menu_typo_font_size_mobile":0,"ocean_menu_typo_font_size_unit":"px","ocean_menu_typo_font_weight":"","ocean_menu_typo_font_weight_tablet":"","ocean_menu_typo_font_weight_mobile":"","ocean_menu_typo_transform":"","ocean_menu_typo_transform_tablet":"","ocean_menu_typo_transform_mobile":"","ocean_menu_typo_line_height":0,"ocean_menu_typo_line_height_tablet":0,"ocean_menu_typo_line_height_mobile":0,"ocean_menu_typo_line_height_unit":"","ocean_menu_typo_spacing":0,"ocean_menu_typo_spacing_tablet":0,"ocean_menu_typo_spacing_mobile":0,"ocean_menu_typo_spacing_unit":"","ocean_menu_link_color":"","ocean_menu_link_color_hover":"","ocean_menu_link_color_active":"","ocean_menu_link_background":"","ocean_menu_link_hover_background":"","ocean_menu_link_active_background":"","ocean_menu_social_links_bg":"","ocean_menu_social_hover_links_bg":"","ocean_menu_social_links_color":"","ocean_menu_social_hover_links_color":"","ocean_disable_title":"default","ocean_disable_heading":"default","ocean_post_title":"","ocean_post_subheading":"","ocean_post_title_style":"","ocean_post_title_background_color":"","ocean_post_title_background":0,"ocean_post_title_bg_image_position":"","ocean_post_title_bg_image_attachment":"","ocean_post_title_bg_image_repeat":"","ocean_post_title_bg_image_size":"","ocean_post_title_height":0,"ocean_post_title_bg_overlay":0.5,"ocean_post_title_bg_overlay_color":"","ocean_disable_breadcrumbs":"default","ocean_breadcrumbs_color":"","ocean_breadcrumbs_separator_color":"","ocean_breadcrumbs_links_color":"","ocean_breadcrumbs_links_hover_color":"","ocean_display_footer_widgets":"default","ocean_display_footer_bottom":"default","ocean_custom_footer_template":"0"},"product_brand":[],"product_cat":[24],"product_tag":[],"class_list":{"0":"post-2411","1":"product","2":"type-product","3":"status-publish","4":"has-post-thumbnail","6":"product_cat-conservate","8":"entry","9":"has-media","11":"first","12":"instock","13":"taxable","14":"shipping-taxable","15":"purchasable","16":"product-type-simple","17":"has-product-nav","18":"col","19":"span_1_of_3","20":"owp-content-center","21":"item-entry","22":"owp-thumbs-layout-horizontal","23":"owp-btn-normal","24":"owp-tabs-layout-horizontal"},"_links":{"self":[{"href":"https:\/\/araflowers.ro\/en\/wp-json\/wp\/v2\/product\/2411","targetHints":{"allow":["GET"]}}],"collection":[{"href":"https:\/\/araflowers.ro\/en\/wp-json\/wp\/v2\/product"}],"about":[{"href":"https:\/\/araflowers.ro\/en\/wp-json\/wp\/v2\/types\/product"}],"wp:featuredmedia":[{"embeddable":true,"href":"https:\/\/araflowers.ro\/en\/wp-json\/wp\/v2\/media\/2412"}],"wp:attachment":[{"href":"https:\/\/araflowers.ro\/en\/wp-json\/wp\/v2\/media?parent=2411"}],"wp:term":[{"taxonomy":"product_brand","embeddable":true,"href":"https:\/\/araflowers.ro\/en\/wp-json\/wp\/v2\/product_brand?post=2411"},{"taxonomy":"product_cat","embeddable":true,"href":"https:\/\/araflowers.ro\/en\/wp-json\/wp\/v2\/product_cat?post=2411"},{"taxonomy":"product_tag","embeddable":true,"href":"https:\/\/araflowers.ro\/en\/wp-json\/wp\/v2\/product_tag?post=2411"}],"curies":[{"name":"wp","href":"https:\/\/api.w.org\/{rel}","templated":true}]}}