{"id":2405,"date":"2024-05-27T21:09:46","date_gmt":"2024-05-27T21:09:46","guid":{"rendered":"https:\/\/araflowers.ro\/?post_type=product&#038;p=2405"},"modified":"2026-02-19T14:37:43","modified_gmt":"2026-02-19T14:37:43","slug":"aranjament-white-pure","status":"publish","type":"product","link":"https:\/\/araflowers.ro\/en\/product\/aranjament-white-pure\/","title":{"rendered":"Aranjament white pure"},"content":{"rendered":"<p class=\"\" data-start=\"117\" data-end=\"345\">Produsele de pe acest site sunt orientative, printr-un apel telefonic se pot \u00eendeplini diferite dorin\u021be \u00een materie floristic\u0103. P\u00e2n\u0103 la urm\u0103, suntem o familie de arti\u0219ti \u0219i abia a\u0219tept\u0103m s\u0103 ne pune\u021bi creativitatea la \u00eencercare.<\/p>\n<p class=\"\" data-start=\"347\" data-end=\"732\">Pre\u021bul produsului pe care l-a\u021bi ales din Atelierul ARA Flowers include o felicitare cadou, pe care vom scrie caligrafic textul ales de dumneavoastr\u0103. Serviciul de livrare flori este gratuit \u00een Cluj-Napoca \u0219i func\u021bioneaz\u0103 prin curieri proprii, astfel \u00eenc\u00e2t florile s\u0103 ajung\u0103 \u00een stare perfect\u0103 la destinatarul ales. \u00cen func\u021bie de stoc \u0219i de sezon, produsele pot suferi mici modific\u0103ri.<\/p>\n<p class=\"\" data-start=\"734\" data-end=\"901\">Gift-urile sunt cu titlu de prezentare \u0219i nu sunt incluse \u00een pre\u021bul produsului, \u00eens\u0103 acestea pot fi comandate al\u0103turi de produsele dorite, din categoria <strong data-start=\"887\" data-end=\"898\">GIFTURI<\/strong>.<\/p>\n<p class=\"\" data-start=\"903\" data-end=\"1018\">Timpul de livrare este de aproximativ <strong data-start=\"941\" data-end=\"950\">3 ore<\/strong>.<br data-start=\"951\" data-end=\"954\" \/>Comenzile plasate dup\u0103 ora <strong data-start=\"981\" data-end=\"990\">17:00<\/strong> vor fi livrate a doua zi!<\/p>","protected":false},"excerpt":{"rendered":"<h2 class=\"\" data-start=\"1054\" data-end=\"1125\">Aranjament White Pure \u2013 Elegan\u021b\u0103 \u0219i rafinament \u00eentr-un design unic<\/h2>\n<h3 class=\"\" data-start=\"1127\" data-end=\"1162\">Un aranjament floral deosebit<\/h3>\n<p class=\"\" data-start=\"1163\" data-end=\"1391\">Aranjamentul <strong data-start=\"1176\" data-end=\"1190\">White Pure<\/strong> este un mix elegant \u0219i rafinat de flori albe, perfect pentru orice ocazie. Acesta este ideal pentru evenimente speciale, cadouri impresionante sau pentru a aduce un plus de elegan\u021b\u0103 \u00een orice spa\u021biu.<\/p>\n<h3 class=\"\" data-start=\"1393\" data-end=\"1427\">Ce con\u021bine acest aranjament?<\/h3>\n<p class=\"\" data-start=\"1428\" data-end=\"1534\">Acest aranjament floral con\u021bine flori atent selec\u021bionate pentru a oferi un aspect delicat \u0219i sofisticat:<\/p>\n<ul data-start=\"1535\" data-end=\"1877\">\n<li class=\"\" data-start=\"1535\" data-end=\"1592\">\n<p class=\"\" data-start=\"1537\" data-end=\"1592\"><strong data-start=\"1537\" data-end=\"1560\">Vas ceramic gri mat<\/strong> \u2013 un suport modern \u0219i elegant<\/p>\n<\/li>\n<li class=\"\" data-start=\"1593\" data-end=\"1646\">\n<p class=\"\" data-start=\"1595\" data-end=\"1646\"><strong data-start=\"1595\" data-end=\"1609\">Trandafiri<\/strong> \u2013 simbol al purit\u0103\u021bii \u0219i elegan\u021bei<\/p>\n<\/li>\n<li class=\"\" data-start=\"1647\" data-end=\"1687\">\n<p class=\"\" data-start=\"1649\" data-end=\"1687\"><strong data-start=\"1649\" data-end=\"1659\">Lalele<\/strong> \u2013 delicate \u0219i sofisticate<\/p>\n<\/li>\n<li class=\"\" data-start=\"1688\" data-end=\"1751\">\n<p class=\"\" data-start=\"1690\" data-end=\"1751\"><strong data-start=\"1690\" data-end=\"1703\">Matthiola<\/strong> \u2013 ofer\u0103 un parfum subtil \u0219i un aspect rafinat<\/p>\n<\/li>\n<li class=\"\" data-start=\"1752\" data-end=\"1813\">\n<p class=\"\" data-start=\"1754\" data-end=\"1813\"><strong data-start=\"1754\" data-end=\"1765\">Gerbera<\/strong> \u2013 adaug\u0103 un strop de prospe\u021bime \u0219i vitalitate<\/p>\n<\/li>\n<li class=\"\" data-start=\"1814\" data-end=\"1877\">\n<p class=\"\" data-start=\"1816\" data-end=\"1877\"><strong data-start=\"1816\" data-end=\"1830\">Lisianthus<\/strong> \u2013 un element care aduce fine\u021be \u0219i rafinament<\/p>\n<\/li>\n<\/ul>\n<p class=\"\" data-start=\"1879\" data-end=\"1946\">Aranjamentul din pozele de prezentare este m\u0103rimea <strong data-start=\"1930\" data-end=\"1943\">Mediu (M)<\/strong>.<\/p>\n<h3 class=\"\" data-start=\"1948\" data-end=\"1981\">Perfect pentru orice ocazie<\/h3>\n<p class=\"\" data-start=\"1982\" data-end=\"2273\">Indiferent dac\u0103 dori\u021bi s\u0103 surprinde\u021bi pe cineva drag sau s\u0103 decora\u021bi un eveniment special, aranjamentul <strong data-start=\"2086\" data-end=\"2100\">White Pure<\/strong> este o alegere ideal\u0103. Acesta poate fi oferit cu ocazia:<br data-start=\"2157\" data-end=\"2160\" \/>\u2714\ufe0f Anivers\u0103rilor<br data-start=\"2176\" data-end=\"2179\" \/>\u2714\ufe0f Zilelor de na\u0219tere<br data-start=\"2200\" data-end=\"2203\" \/>\u2714\ufe0f Nun\u021bilor \u0219i botezurilor<br data-start=\"2229\" data-end=\"2232\" \/>\u2714\ufe0f Mesajelor de mul\u021bumire sau apreciere<\/p>\n<h3 class=\"\" data-start=\"2275\" data-end=\"2322\">Livrare rapid\u0103 \u0219i gratuit\u0103 \u00een Cluj-Napoca<\/h3>\n<p class=\"\" data-start=\"2323\" data-end=\"2498\">Serviciul nostru de livrare este gratuit \u00een Cluj-Napoca \u0219i asigur\u0103m transportul florilor prin curieri proprii, pentru ca acestea s\u0103 ajung\u0103 \u00een stare impecabil\u0103 la destina\u021bie.<\/p>\n<p class=\"\" data-start=\"2500\" data-end=\"2572\">Comenzile plasate dup\u0103 ora <strong data-start=\"2527\" data-end=\"2536\">17:00<\/strong> vor fi livrate \u00een ziua urm\u0103toare.<\/p>\n<h3 class=\"\" data-start=\"2574\" data-end=\"2597\">Cum po\u021bi comanda?<\/h3>\n<p class=\"\" data-start=\"2598\" data-end=\"2777\">Po\u021bi plasa o comand\u0103 rapid \u0219i u\u0219or prin:<br data-start=\"2638\" data-end=\"2641\" \/>\ud83d\udd39 <strong data-start=\"2644\" data-end=\"2657\">Instagram<\/strong>: <a class=\"\" href=\"https:\/\/www.instagram.com\/araflowers.ro\/\" target=\"_new\" rel=\"noopener\" data-start=\"2659\" data-end=\"2717\">@araflowers.ro<\/a><br data-start=\"2717\" data-end=\"2720\" \/>\ud83d\udd39 <strong data-start=\"2723\" data-end=\"2734\">Website<\/strong>: <a class=\"\" href=\"https:\/\/araflowers.ro\/en\/\" target=\"_new\" rel=\"noopener\" data-start=\"2736\" data-end=\"2775\">araflowers.ro<\/a><\/p>\n<hr class=\"\" data-start=\"2779\" data-end=\"2784\" \/>","protected":false},"featured_media":2410,"template":"","meta":{"ocean_post_layout":"full-screen","ocean_both_sidebars_style":"","ocean_both_sidebars_content_width":0,"ocean_both_sidebars_sidebars_width":0,"ocean_sidebar":"0","ocean_second_sidebar":"0","ocean_disable_margins":"enable","ocean_add_body_class":"","ocean_shortcode_before_top_bar":"","ocean_shortcode_after_top_bar":"","ocean_shortcode_before_header":"","ocean_shortcode_after_header":"","ocean_has_shortcode":"","ocean_shortcode_after_title":"","ocean_shortcode_before_footer_widgets":"","ocean_shortcode_after_footer_widgets":"","ocean_shortcode_before_footer_bottom":"","ocean_shortcode_after_footer_bottom":"","ocean_display_top_bar":"default","ocean_display_header":"default","ocean_header_style":"","ocean_center_header_left_menu":"0","ocean_custom_header_template":"0","ocean_custom_logo":0,"ocean_custom_retina_logo":0,"ocean_custom_logo_max_width":0,"ocean_custom_logo_tablet_max_width":0,"ocean_custom_logo_mobile_max_width":0,"ocean_custom_logo_max_height":0,"ocean_custom_logo_tablet_max_height":0,"ocean_custom_logo_mobile_max_height":0,"ocean_header_custom_menu":"0","ocean_menu_typo_font_family":"0","ocean_menu_typo_font_subset":"","ocean_menu_typo_font_size":0,"ocean_menu_typo_font_size_tablet":0,"ocean_menu_typo_font_size_mobile":0,"ocean_menu_typo_font_size_unit":"px","ocean_menu_typo_font_weight":"","ocean_menu_typo_font_weight_tablet":"","ocean_menu_typo_font_weight_mobile":"","ocean_menu_typo_transform":"","ocean_menu_typo_transform_tablet":"","ocean_menu_typo_transform_mobile":"","ocean_menu_typo_line_height":0,"ocean_menu_typo_line_height_tablet":0,"ocean_menu_typo_line_height_mobile":0,"ocean_menu_typo_line_height_unit":"","ocean_menu_typo_spacing":0,"ocean_menu_typo_spacing_tablet":0,"ocean_menu_typo_spacing_mobile":0,"ocean_menu_typo_spacing_unit":"","ocean_menu_link_color":"","ocean_menu_link_color_hover":"","ocean_menu_link_color_active":"","ocean_menu_link_background":"","ocean_menu_link_hover_background":"","ocean_menu_link_active_background":"","ocean_menu_social_links_bg":"","ocean_menu_social_hover_links_bg":"","ocean_menu_social_links_color":"","ocean_menu_social_hover_links_color":"","ocean_disable_title":"default","ocean_disable_heading":"default","ocean_post_title":"","ocean_post_subheading":"","ocean_post_title_style":"","ocean_post_title_background_color":"","ocean_post_title_background":0,"ocean_post_title_bg_image_position":"","ocean_post_title_bg_image_attachment":"","ocean_post_title_bg_image_repeat":"","ocean_post_title_bg_image_size":"","ocean_post_title_height":0,"ocean_post_title_bg_overlay":0.5,"ocean_post_title_bg_overlay_color":"","ocean_disable_breadcrumbs":"default","ocean_breadcrumbs_color":"","ocean_breadcrumbs_separator_color":"","ocean_breadcrumbs_links_color":"","ocean_breadcrumbs_links_hover_color":"","ocean_display_footer_widgets":"default","ocean_display_footer_bottom":"default","ocean_custom_footer_template":"0"},"product_brand":[],"product_cat":[25],"product_tag":[],"class_list":{"0":"post-2405","1":"product","2":"type-product","3":"status-publish","4":"has-post-thumbnail","6":"product_cat-aranjamente","8":"entry","9":"has-media","11":"first","12":"instock","13":"taxable","14":"shipping-taxable","15":"purchasable","16":"product-type-variable","17":"has-product-nav","18":"col","19":"span_1_of_3","20":"owp-content-center","21":"item-entry","22":"owp-thumbs-layout-horizontal","23":"owp-btn-normal","24":"owp-tabs-layout-horizontal"},"_links":{"self":[{"href":"https:\/\/araflowers.ro\/en\/wp-json\/wp\/v2\/product\/2405","targetHints":{"allow":["GET"]}}],"collection":[{"href":"https:\/\/araflowers.ro\/en\/wp-json\/wp\/v2\/product"}],"about":[{"href":"https:\/\/araflowers.ro\/en\/wp-json\/wp\/v2\/types\/product"}],"wp:featuredmedia":[{"embeddable":true,"href":"https:\/\/araflowers.ro\/en\/wp-json\/wp\/v2\/media\/2410"}],"wp:attachment":[{"href":"https:\/\/araflowers.ro\/en\/wp-json\/wp\/v2\/media?parent=2405"}],"wp:term":[{"taxonomy":"product_brand","embeddable":true,"href":"https:\/\/araflowers.ro\/en\/wp-json\/wp\/v2\/product_brand?post=2405"},{"taxonomy":"product_cat","embeddable":true,"href":"https:\/\/araflowers.ro\/en\/wp-json\/wp\/v2\/product_cat?post=2405"},{"taxonomy":"product_tag","embeddable":true,"href":"https:\/\/araflowers.ro\/en\/wp-json\/wp\/v2\/product_tag?post=2405"}],"curies":[{"name":"wp","href":"https:\/\/api.w.org\/{rel}","templated":true}]}}