{"id":2398,"date":"2024-05-27T20:24:37","date_gmt":"2024-05-27T20:24:37","guid":{"rendered":"https:\/\/araflowers.ro\/?post_type=product&#038;p=2398"},"modified":"2026-02-19T14:37:45","modified_gmt":"2026-02-19T14:37:45","slug":"buchet-white-sensation","status":"publish","type":"product","link":"https:\/\/araflowers.ro\/en\/product\/buchet-white-sensation\/","title":{"rendered":"Buchet White Sensation"},"content":{"rendered":"<h4 class=\"\" data-start=\"28\" data-end=\"57\">Buchet White Sensation<\/h4>\n<p class=\"\" data-start=\"59\" data-end=\"287\">Produsele de pe acest site sunt orientative. Printr-un apel telefonic se pot \u00eendeplini diferite dorin\u021be \u00een materie floristic\u0103. P\u00e2n\u0103 la urm\u0103, suntem o familie de arti\u0219ti \u0219i abia a\u0219tept\u0103m s\u0103 ne pune\u021bi creativitatea la \u00eencercare.<\/p>\n<p class=\"\" data-start=\"289\" data-end=\"674\">Pre\u021bul produsului pe care l-a\u021bi ales din Atelierul ARA Flowers include o felicitare cadou, pe care vom scrie caligrafic textul ales de dumneavoastr\u0103. Serviciul de livrare flori este gratuit \u00een Cluj-Napoca \u0219i func\u021bioneaz\u0103 prin curieri proprii, astfel \u00eenc\u00e2t florile s\u0103 ajung\u0103 \u00een stare perfect\u0103 la destinatarul ales. \u00cen func\u021bie de stoc \u0219i de sezon, produsele pot suferi mici modific\u0103ri.<\/p>\n<p class=\"\" data-start=\"676\" data-end=\"843\">Gift-urile sunt cu titlu de prezentare \u0219i nu sunt incluse \u00een pre\u021bul produsului, \u00eens\u0103 acestea pot fi comandate al\u0103turi de produsele dorite, din categoria <strong data-start=\"829\" data-end=\"840\">GIFTURI<\/strong>.<\/p>\n<p class=\"\" data-start=\"845\" data-end=\"960\">Timpul de livrare este de aproximativ <strong data-start=\"883\" data-end=\"892\">3 ore<\/strong>.<br data-start=\"893\" data-end=\"896\" \/>Comenzile plasate dup\u0103 ora <strong data-start=\"923\" data-end=\"932\">17:00<\/strong> vor fi livrate a doua zi!<\/p>","protected":false},"excerpt":{"rendered":"<h2 class=\"\" data-start=\"996\" data-end=\"1074\">Buchet White Sensation \u2013 Elegan\u021b\u0103 \u0219i rafinament \u00eentr-un singur aranjament<\/h2>\n<h3 class=\"\" data-start=\"1076\" data-end=\"1116\">Un buchet alb, simbol al purit\u0103\u021bii<\/h3>\n<p class=\"\" data-start=\"1117\" data-end=\"1318\"><strong data-start=\"1117\" data-end=\"1143\">Buchet White Sensation<\/strong> este expresia elegan\u021bei pure, combin\u00e2nd flori albe delicate \u00eentr-un aranjament sofisticat. Este alegerea perfect\u0103 pentru a transmite emo\u021bii sincere, rafinament \u0219i bun gust.<\/p>\n<h3 class=\"\" data-start=\"1320\" data-end=\"1350\">Ce con\u021bine acest buchet?<\/h3>\n<p class=\"\" data-start=\"1351\" data-end=\"1455\">Acest aranjament floral con\u021bine flori atent selec\u021bionate pentru a oferi un aspect armonios \u0219i elegant:<\/p>\n<ul data-start=\"1456\" data-end=\"1720\">\n<li class=\"\" data-start=\"1456\" data-end=\"1520\">\n<p class=\"\" data-start=\"1458\" data-end=\"1520\"><strong data-start=\"1458\" data-end=\"1477\">Trandafiri albi<\/strong> \u2013 simbol al iubirii pure \u0219i sincerit\u0103\u021bii<\/p>\n<\/li>\n<li class=\"\" data-start=\"1521\" data-end=\"1574\">\n<p class=\"\" data-start=\"1523\" data-end=\"1574\"><strong data-start=\"1523\" data-end=\"1537\">Lisianthus<\/strong> \u2013 adaug\u0103 fine\u021be \u0219i un aer romantic<\/p>\n<\/li>\n<li class=\"\" data-start=\"1575\" data-end=\"1640\">\n<p class=\"\" data-start=\"1577\" data-end=\"1640\"><strong data-start=\"1577\" data-end=\"1592\">Frezia alb\u0103<\/strong> \u2013 un parfum delicat care \u00eembog\u0103\u021be\u0219te buchetul<\/p>\n<\/li>\n<li class=\"\" data-start=\"1641\" data-end=\"1720\">\n<p class=\"\" data-start=\"1643\" data-end=\"1720\"><strong data-start=\"1643\" data-end=\"1657\">Eucalyptus<\/strong> \u2013 ofer\u0103 un contrast pl\u0103cut \u0219i prospe\u021bime \u00eentregii compozi\u021bii<\/p>\n<\/li>\n<\/ul>\n<p class=\"\" data-start=\"1722\" data-end=\"1785\">Buchetul din pozele de prezentare este m\u0103rimea <strong data-start=\"1769\" data-end=\"1782\">Mediu (M)<\/strong>.<\/p>\n<h3 class=\"\" data-start=\"1787\" data-end=\"1838\">Ocazii perfecte pentru Buchet White Sensation<\/h3>\n<p class=\"\" data-start=\"1839\" data-end=\"2030\">Acest buchet este potrivit pentru multiple evenimente speciale:<br data-start=\"1902\" data-end=\"1905\" \/>\u2714\ufe0f Nunt\u0103 sau logodn\u0103<br data-start=\"1925\" data-end=\"1928\" \/>\u2714\ufe0f Cadou de aniversare<br data-start=\"1950\" data-end=\"1953\" \/>\u2714\ufe0f M\u0103rturie de apreciere sau recuno\u0219tin\u021b\u0103<br data-start=\"1994\" data-end=\"1997\" \/>\u2714\ufe0f Decor pentru spa\u021bii elegante<\/p>\n<h3 class=\"\" data-start=\"2032\" data-end=\"2079\">Livrare rapid\u0103 \u0219i gratuit\u0103 \u00een Cluj-Napoca<\/h3>\n<p class=\"\" data-start=\"2080\" data-end=\"2245\">Ne asigur\u0103m c\u0103 florile sunt livrate rapid \u0219i \u00een cea mai bun\u0103 stare. Serviciul de livrare este gratuit \u00een Cluj-Napoca, iar transportul se face prin curieri proprii.<\/p>\n<p class=\"\" data-start=\"2247\" data-end=\"2311\">Comenzile plasate dup\u0103 ora <strong data-start=\"2274\" data-end=\"2283\">17:00<\/strong> vor fi livrate a doua zi.<\/p>\n<h3 class=\"\" data-start=\"2313\" data-end=\"2336\">Cum po\u021bi comanda?<\/h3>\n<p class=\"\" data-start=\"2337\" data-end=\"2518\">Po\u021bi plasa o comand\u0103 simplu \u0219i rapid prin:<br data-start=\"2379\" data-end=\"2382\" \/>\ud83d\udd39 <strong data-start=\"2385\" data-end=\"2398\">Instagram<\/strong>: <a class=\"\" href=\"https:\/\/www.instagram.com\/araflowers.ro\/\" target=\"_new\" rel=\"noopener\" data-start=\"2400\" data-end=\"2458\">@araflowers.ro<\/a><br data-start=\"2458\" data-end=\"2461\" \/>\ud83d\udd39 <strong data-start=\"2464\" data-end=\"2475\">Website<\/strong>: <a class=\"\" href=\"https:\/\/araflowers.ro\/en\/\" target=\"_new\" rel=\"noopener\" data-start=\"2477\" data-end=\"2516\">araflowers.ro<\/a><\/p>\n<hr class=\"\" data-start=\"2520\" data-end=\"2525\" \/>","protected":false},"featured_media":2402,"template":"","meta":{"ocean_post_layout":"full-screen","ocean_both_sidebars_style":"","ocean_both_sidebars_content_width":0,"ocean_both_sidebars_sidebars_width":0,"ocean_sidebar":"0","ocean_second_sidebar":"0","ocean_disable_margins":"enable","ocean_add_body_class":"","ocean_shortcode_before_top_bar":"","ocean_shortcode_after_top_bar":"","ocean_shortcode_before_header":"","ocean_shortcode_after_header":"","ocean_has_shortcode":"","ocean_shortcode_after_title":"","ocean_shortcode_before_footer_widgets":"","ocean_shortcode_after_footer_widgets":"","ocean_shortcode_before_footer_bottom":"","ocean_shortcode_after_footer_bottom":"","ocean_display_top_bar":"default","ocean_display_header":"default","ocean_header_style":"","ocean_center_header_left_menu":"0","ocean_custom_header_template":"0","ocean_custom_logo":0,"ocean_custom_retina_logo":0,"ocean_custom_logo_max_width":0,"ocean_custom_logo_tablet_max_width":0,"ocean_custom_logo_mobile_max_width":0,"ocean_custom_logo_max_height":0,"ocean_custom_logo_tablet_max_height":0,"ocean_custom_logo_mobile_max_height":0,"ocean_header_custom_menu":"0","ocean_menu_typo_font_family":"0","ocean_menu_typo_font_subset":"","ocean_menu_typo_font_size":0,"ocean_menu_typo_font_size_tablet":0,"ocean_menu_typo_font_size_mobile":0,"ocean_menu_typo_font_size_unit":"px","ocean_menu_typo_font_weight":"","ocean_menu_typo_font_weight_tablet":"","ocean_menu_typo_font_weight_mobile":"","ocean_menu_typo_transform":"","ocean_menu_typo_transform_tablet":"","ocean_menu_typo_transform_mobile":"","ocean_menu_typo_line_height":0,"ocean_menu_typo_line_height_tablet":0,"ocean_menu_typo_line_height_mobile":0,"ocean_menu_typo_line_height_unit":"","ocean_menu_typo_spacing":0,"ocean_menu_typo_spacing_tablet":0,"ocean_menu_typo_spacing_mobile":0,"ocean_menu_typo_spacing_unit":"","ocean_menu_link_color":"","ocean_menu_link_color_hover":"","ocean_menu_link_color_active":"","ocean_menu_link_background":"","ocean_menu_link_hover_background":"","ocean_menu_link_active_background":"","ocean_menu_social_links_bg":"","ocean_menu_social_hover_links_bg":"","ocean_menu_social_links_color":"","ocean_menu_social_hover_links_color":"","ocean_disable_title":"default","ocean_disable_heading":"default","ocean_post_title":"","ocean_post_subheading":"","ocean_post_title_style":"","ocean_post_title_background_color":"","ocean_post_title_background":0,"ocean_post_title_bg_image_position":"","ocean_post_title_bg_image_attachment":"","ocean_post_title_bg_image_repeat":"","ocean_post_title_bg_image_size":"","ocean_post_title_height":0,"ocean_post_title_bg_overlay":0.5,"ocean_post_title_bg_overlay_color":"","ocean_disable_breadcrumbs":"default","ocean_breadcrumbs_color":"","ocean_breadcrumbs_separator_color":"","ocean_breadcrumbs_links_color":"","ocean_breadcrumbs_links_hover_color":"","ocean_display_footer_widgets":"default","ocean_display_footer_bottom":"default","ocean_custom_footer_template":"0"},"product_brand":[],"product_cat":[23],"product_tag":[],"class_list":{"0":"post-2398","1":"product","2":"type-product","3":"status-publish","4":"has-post-thumbnail","6":"product_cat-buchete","8":"entry","9":"has-media","11":"first","12":"instock","13":"taxable","14":"shipping-taxable","15":"purchasable","16":"product-type-variable","17":"has-product-nav","18":"col","19":"span_1_of_3","20":"owp-content-center","21":"item-entry","22":"owp-thumbs-layout-horizontal","23":"owp-btn-normal","24":"owp-tabs-layout-horizontal"},"_links":{"self":[{"href":"https:\/\/araflowers.ro\/en\/wp-json\/wp\/v2\/product\/2398","targetHints":{"allow":["GET"]}}],"collection":[{"href":"https:\/\/araflowers.ro\/en\/wp-json\/wp\/v2\/product"}],"about":[{"href":"https:\/\/araflowers.ro\/en\/wp-json\/wp\/v2\/types\/product"}],"wp:featuredmedia":[{"embeddable":true,"href":"https:\/\/araflowers.ro\/en\/wp-json\/wp\/v2\/media\/2402"}],"wp:attachment":[{"href":"https:\/\/araflowers.ro\/en\/wp-json\/wp\/v2\/media?parent=2398"}],"wp:term":[{"taxonomy":"product_brand","embeddable":true,"href":"https:\/\/araflowers.ro\/en\/wp-json\/wp\/v2\/product_brand?post=2398"},{"taxonomy":"product_cat","embeddable":true,"href":"https:\/\/araflowers.ro\/en\/wp-json\/wp\/v2\/product_cat?post=2398"},{"taxonomy":"product_tag","embeddable":true,"href":"https:\/\/araflowers.ro\/en\/wp-json\/wp\/v2\/product_tag?post=2398"}],"curies":[{"name":"wp","href":"https:\/\/api.w.org\/{rel}","templated":true}]}}