{"id":2272,"date":"2024-02-25T17:33:40","date_gmt":"2024-02-25T17:33:40","guid":{"rendered":"https:\/\/araflowers.ro\/?post_type=product&#038;p=2272"},"modified":"2026-02-26T12:34:42","modified_gmt":"2026-02-26T12:34:42","slug":"buchet-sweet-love","status":"publish","type":"product","link":"https:\/\/araflowers.ro\/en\/product\/buchet-sweet-love\/","title":{"rendered":"Buchet SWEET LOVE"},"content":{"rendered":"<p class=\"\" data-start=\"121\" data-end=\"142\"><strong data-start=\"121\" data-end=\"142\">Buchet SWEET LOVE<\/strong><\/p>\n<p class=\"\" data-start=\"144\" data-end=\"328\">Produsele de pe acest site sunt orientative. Pentru dorin\u021be speciale, ne po\u021bi contacta telefonic \u2013 suntem o familie de arti\u0219ti \u0219i abia a\u0219tept\u0103m s\u0103 \u00ee\u021bi punem creativitatea la \u00eencercare.<\/p>\n<p class=\"\" data-start=\"330\" data-end=\"588\">Pre\u021bul include o felicitare cadou, cu text caligrafic personalizat. Livrarea este gratuit\u0103 \u00een Cluj-Napoca \u0219i se face prin curieri proprii, pentru a garanta c\u0103 florile ajung \u00een stare perfect\u0103. \u00cen func\u021bie de stoc \u0219i sezon, produsele pot suferi mici modific\u0103ri.<\/p>\n<p class=\"\" data-start=\"590\" data-end=\"723\">Gift-urile sunt prezentate doar pentru inspira\u021bie \u0219i nu sunt incluse \u00een pre\u021b, dar pot fi comandate separat din categoria <strong data-start=\"711\" data-end=\"722\">GIFTURI<\/strong>.<\/p>\n<p class=\"\" data-start=\"725\" data-end=\"832\">Timpul de livrare este de aproximativ 3 ore, iar comenzile plasate dup\u0103 ora 17:00 vor fi livrate a doua zi.<\/p>","protected":false},"excerpt":{"rendered":"<h3 class=\"\" data-start=\"0\" data-end=\"59\"><strong data-start=\"4\" data-end=\"59\">Buchet SWEET LOVE \u2013 Cadoul perfect pentru cei dragi<\/strong><\/h3>\n<p class=\"\" data-start=\"61\" data-end=\"490\"><strong data-start=\"61\" data-end=\"84\">Buchetul SWEET LOVE<\/strong> este o alegere ideal\u0103 pentru orice moment special din via\u021ba ta. Fie c\u0103 vrei s\u0103 faci un cadou romantic, fie c\u0103 vrei s\u0103 oferi un gest de apreciere sau s\u0103 celebrezi o ocazie important\u0103, acest buchet va aduce un strop de magie \u0219i frumuse\u021be. Cu un design elegant \u0219i o selec\u021bie de flori delicate, <strong data-start=\"376\" data-end=\"399\">Buchetul SWEET LOVE<\/strong> este o alegere deosebit\u0103 pentru a transmite sentimentele tale de iubire \u0219i afec\u021biune. \ud83d\udc90\u2764\ufe0f<\/p>\n<h3 class=\"\" data-start=\"492\" data-end=\"539\"><strong data-start=\"496\" data-end=\"539\">Un buchet plin de elegan\u021b\u0103 \u0219i frumuse\u021be<\/strong><\/h3>\n<p class=\"\" data-start=\"541\" data-end=\"981\"><strong data-start=\"541\" data-end=\"564\">Buchetul SWEET LOVE<\/strong> este realizat cu flori alese cu grij\u0103, care creeaz\u0103 un aranjament armonios \u0219i rafinat. \u00cen acest buchet vei g\u0103si flori precum trandafiri, lalele, garoafe \u0219i crizanteme, toate aduc\u00e2nd un mix de culori delicate, \u00een nuan\u021be de roz, alb \u0219i alb-ivory, perfecte pentru a exprima dragoste \u0219i adora\u021bie. Trandafirii, cu petalele lor catifelate, sunt emblema iubirii pure, iar lalelele adaug\u0103 un strop de prospe\u021bime \u0219i elegan\u021b\u0103.<\/p>\n<h3 class=\"\" data-start=\"983\" data-end=\"1035\"><strong data-start=\"987\" data-end=\"1035\">Disponibil \u00een diferite stiluri \u0219i dimensiuni<\/strong><\/h3>\n<p class=\"\" data-start=\"1037\" data-end=\"1133\"><strong data-start=\"1037\" data-end=\"1060\">Buchetul SWEET LOVE<\/strong> poate fi realizat \u00een mai multe stiluri, \u00een func\u021bie de preferin\u021bele tale:<\/p>\n<ul data-start=\"1134\" data-end=\"1343\">\n<li class=\"\" data-start=\"1134\" data-end=\"1226\">\n<p class=\"\" data-start=\"1136\" data-end=\"1226\"><strong data-start=\"1136\" data-end=\"1153\">Stilul clasic<\/strong>: Aranjament rotund, perfect simetric, care d\u0103 un aer elegant \u0219i rafinat.<\/p>\n<\/li>\n<li class=\"\" data-start=\"1227\" data-end=\"1343\">\n<p class=\"\" data-start=\"1229\" data-end=\"1343\"><strong data-start=\"1229\" data-end=\"1249\">Stilul asimetric<\/strong>: O variant\u0103 modern\u0103 \u0219i mai dinamic\u0103, ideal\u0103 pentru cei care prefer\u0103 un design neconven\u021bional.<\/p>\n<\/li>\n<\/ul>\n<p class=\"\" data-start=\"1345\" data-end=\"1493\">De asemenea, <strong data-start=\"1358\" data-end=\"1381\">Buchetul SWEET LOVE<\/strong> este disponibil \u00eentr-o varietate de dimensiuni, inclusiv <strong data-start=\"1439\" data-end=\"1452\">Mediu (M)<\/strong>, care este cel din pozele de prezentare.<\/p>\n<h3 class=\"\" data-start=\"1495\" data-end=\"1539\"><strong data-start=\"1499\" data-end=\"1539\">Un cadou perfect pentru orice ocazie<\/strong><\/h3>\n<p class=\"\" data-start=\"1541\" data-end=\"1583\"><strong data-start=\"1541\" data-end=\"1564\">Buchetul SWEET LOVE<\/strong> este ideal pentru:<\/p>\n<ul data-start=\"1584\" data-end=\"1998\">\n<li class=\"\" data-start=\"1584\" data-end=\"1696\">\n<p class=\"\" data-start=\"1586\" data-end=\"1696\"><strong data-start=\"1586\" data-end=\"1610\">Ziua \u00cendr\u0103gosti\u021bilor<\/strong>: Un cadou perfect pentru a exprima iubirea fa\u021b\u0103 de persoana special\u0103 din via\u021ba ta. \u2764\ufe0f<\/p>\n<\/li>\n<li class=\"\" data-start=\"1697\" data-end=\"1877\">\n<p class=\"\" data-start=\"1699\" data-end=\"1877\"><strong data-start=\"1699\" data-end=\"1736\">Anivers\u0103ri \u0219i evenimente speciale<\/strong>: Fie c\u0103 este vorba de o aniversare de cuplu, de logodn\u0103 sau o s\u0103rb\u0103toare important\u0103, acest buchet va ad\u0103uga o not\u0103 de elegan\u021b\u0103 \u0219i romantism.<\/p>\n<\/li>\n<li class=\"\" data-start=\"1878\" data-end=\"1998\">\n<p class=\"\" data-start=\"1880\" data-end=\"1998\"><strong data-start=\"1880\" data-end=\"1894\">Fiecare zi<\/strong>: Uneori, un buchet de flori este cea mai frumoas\u0103 modalitate de a ad\u0103uga un z\u00e2mbet pe fa\u021ba celor dragi.<\/p>\n<\/li>\n<\/ul>\n<p class=\"\" data-start=\"2000\" data-end=\"2171\"><strong data-start=\"2000\" data-end=\"2023\">Buchetul SWEET LOVE<\/strong> este perfect pentru a ad\u0103uga un strop de culoare \u0219i dragoste \u00een orice moment, iar designul s\u0103u delicat va atrage cu siguran\u021b\u0103 aten\u021bia \u0219i admira\u021bia.<\/p>\n<h3 class=\"\" data-start=\"2173\" data-end=\"2208\"><strong data-start=\"2177\" data-end=\"2208\">De ce s\u0103 alegi ARA Flowers?<\/strong><\/h3>\n<p class=\"\" data-start=\"2210\" data-end=\"2592\">Atelierul <strong data-start=\"2220\" data-end=\"2235\">ARA Flowers<\/strong> se remarc\u0103 prin designurile sale florale unice \u0219i prin aten\u021bia deosebit\u0103 acordat\u0103 fiec\u0103rui aranjament floral. Fiecare buchet este realizat cu flori de cea mai \u00eenalt\u0103 calitate \u0219i cu mult\u0103 pasiune pentru arta floral\u0103. <strong data-start=\"2452\" data-end=\"2475\">Buchetul SWEET LOVE<\/strong> nu face excep\u021bie. Acesta este creat pentru a ad\u0103uga un strop de frumuse\u021be \u0219i emo\u021bie \u00een via\u021ba celui care \u00eel prime\u0219te.<\/p>\n<h3 class=\"\" data-start=\"2594\" data-end=\"2619\"><strong data-start=\"2598\" data-end=\"2619\">Servicii incluse:<\/strong><\/h3>\n<ul data-start=\"2621\" data-end=\"3087\">\n<li class=\"\" data-start=\"2621\" data-end=\"2727\">\n<p class=\"\" data-start=\"2623\" data-end=\"2727\"><strong data-start=\"2623\" data-end=\"2668\">Livrare rapid\u0103 \u0219i gratuit\u0103 \u00een Cluj-Napoca<\/strong>: Florile vor ajunge la destinatar \u00een siguran\u021b\u0103 \u0219i la timp.<\/p>\n<\/li>\n<li class=\"\" data-start=\"2728\" data-end=\"2874\">\n<p class=\"\" data-start=\"2730\" data-end=\"2874\"><strong data-start=\"2730\" data-end=\"2764\">Felicitate cadou personalizat\u0103<\/strong>: \u00ce\u021bi oferim o felicitare cadou, scris\u0103 cu un text caligrafic elegant, pentru a transmite mesajul t\u0103u special.<\/p>\n<\/li>\n<li class=\"\" data-start=\"2875\" data-end=\"3087\">\n<p class=\"\" data-start=\"2877\" data-end=\"3087\"><strong data-start=\"2877\" data-end=\"2902\">Timp de livrare rapid<\/strong>: <strong data-start=\"2904\" data-end=\"2927\">Buchetul SWEET LOVE<\/strong> va ajunge la destinatar \u00een aproximativ <strong data-start=\"2967\" data-end=\"2976\">3 ore<\/strong> din momentul plas\u0103rii comenzii. Dac\u0103 comanda este plasat\u0103 dup\u0103 ora <strong data-start=\"3044\" data-end=\"3053\">17:00<\/strong>, livrarea va fi f\u0103cut\u0103 a doua zi.<\/p>\n<\/li>\n<\/ul>\n<h3 class=\"\" data-start=\"3089\" data-end=\"3136\"><strong data-start=\"3093\" data-end=\"3136\">Comand\u0103 acum \u0219i ofer\u0103 un gest de iubire<\/strong><\/h3>\n<p class=\"\" data-start=\"3138\" data-end=\"3220\">Comand\u0103 <strong data-start=\"3146\" data-end=\"3169\">Buchetul SWEET LOVE<\/strong> direct de pe Instagram sau de pe site-ul nostru:<\/p>\n<ul data-start=\"3221\" data-end=\"3353\">\n<li class=\"\" data-start=\"3221\" data-end=\"3298\">\n<p class=\"\" data-start=\"3223\" data-end=\"3298\"><strong data-start=\"3223\" data-end=\"3236\">Instagram<\/strong>: <a class=\"\" href=\"https:\/\/www.instagram.com\/araflowers.ro\/\" target=\"_new\" rel=\"noopener\" data-start=\"3238\" data-end=\"3296\">@araflowers.ro<\/a><\/p>\n<\/li>\n<li class=\"\" data-start=\"3299\" data-end=\"3353\">\n<p class=\"\" data-start=\"3301\" data-end=\"3353\"><strong data-start=\"3301\" data-end=\"3312\">Website<\/strong>: <a class=\"\" href=\"https:\/\/araflowers.ro\/en\/\" target=\"_new\" rel=\"noopener\" data-start=\"3314\" data-end=\"3353\">araflowers.ro<\/a><\/p>\n<\/li>\n<\/ul>\n<h3 class=\"\" data-start=\"3355\" data-end=\"3409\"><strong data-start=\"3359\" data-end=\"3409\">Buchetul SWEET LOVE \u2013 Iubire \u00een fiecare petal\u0103<\/strong><\/h3>\n<p class=\"\" data-start=\"3411\" data-end=\"3732\">Fiecare floare din <strong data-start=\"3430\" data-end=\"3453\">Buchetul SWEET LOVE<\/strong> este atent aleas\u0103 pentru a transmite cele mai frumoase mesaje de iubire. Acest buchet este perfect pentru a impresiona persoana iubit\u0103 sau pentru a ad\u0103uga un strop de frumuse\u021be oric\u0103rei ocazii speciale. Ofer\u0103-l cu toat\u0103 inima \u0219i fii sigur c\u0103 vei l\u0103sa o amintire de neuitat. \ud83d\udc95\ud83d\udc90<\/p>","protected":false},"featured_media":2277,"template":"","meta":{"ocean_post_layout":"full-screen","ocean_both_sidebars_style":"","ocean_both_sidebars_content_width":0,"ocean_both_sidebars_sidebars_width":0,"ocean_sidebar":"0","ocean_second_sidebar":"0","ocean_disable_margins":"enable","ocean_add_body_class":"","ocean_shortcode_before_top_bar":"","ocean_shortcode_after_top_bar":"","ocean_shortcode_before_header":"","ocean_shortcode_after_header":"","ocean_has_shortcode":"","ocean_shortcode_after_title":"","ocean_shortcode_before_footer_widgets":"","ocean_shortcode_after_footer_widgets":"","ocean_shortcode_before_footer_bottom":"","ocean_shortcode_after_footer_bottom":"","ocean_display_top_bar":"default","ocean_display_header":"default","ocean_header_style":"","ocean_center_header_left_menu":"0","ocean_custom_header_template":"0","ocean_custom_logo":0,"ocean_custom_retina_logo":0,"ocean_custom_logo_max_width":0,"ocean_custom_logo_tablet_max_width":0,"ocean_custom_logo_mobile_max_width":0,"ocean_custom_logo_max_height":0,"ocean_custom_logo_tablet_max_height":0,"ocean_custom_logo_mobile_max_height":0,"ocean_header_custom_menu":"0","ocean_menu_typo_font_family":"0","ocean_menu_typo_font_subset":"","ocean_menu_typo_font_size":0,"ocean_menu_typo_font_size_tablet":0,"ocean_menu_typo_font_size_mobile":0,"ocean_menu_typo_font_size_unit":"px","ocean_menu_typo_font_weight":"","ocean_menu_typo_font_weight_tablet":"","ocean_menu_typo_font_weight_mobile":"","ocean_menu_typo_transform":"","ocean_menu_typo_transform_tablet":"","ocean_menu_typo_transform_mobile":"","ocean_menu_typo_line_height":0,"ocean_menu_typo_line_height_tablet":0,"ocean_menu_typo_line_height_mobile":0,"ocean_menu_typo_line_height_unit":"","ocean_menu_typo_spacing":0,"ocean_menu_typo_spacing_tablet":0,"ocean_menu_typo_spacing_mobile":0,"ocean_menu_typo_spacing_unit":"","ocean_menu_link_color":"","ocean_menu_link_color_hover":"","ocean_menu_link_color_active":"","ocean_menu_link_background":"","ocean_menu_link_hover_background":"","ocean_menu_link_active_background":"","ocean_menu_social_links_bg":"","ocean_menu_social_hover_links_bg":"","ocean_menu_social_links_color":"","ocean_menu_social_hover_links_color":"","ocean_disable_title":"default","ocean_disable_heading":"default","ocean_post_title":"","ocean_post_subheading":"","ocean_post_title_style":"","ocean_post_title_background_color":"","ocean_post_title_background":0,"ocean_post_title_bg_image_position":"","ocean_post_title_bg_image_attachment":"","ocean_post_title_bg_image_repeat":"","ocean_post_title_bg_image_size":"","ocean_post_title_height":0,"ocean_post_title_bg_overlay":0.5,"ocean_post_title_bg_overlay_color":"","ocean_disable_breadcrumbs":"default","ocean_breadcrumbs_color":"","ocean_breadcrumbs_separator_color":"","ocean_breadcrumbs_links_color":"","ocean_breadcrumbs_links_hover_color":"","ocean_display_footer_widgets":"default","ocean_display_footer_bottom":"default","ocean_custom_footer_template":"0"},"product_brand":[],"product_cat":[187,23],"product_tag":[],"class_list":{"0":"post-2272","1":"product","2":"type-product","3":"status-publish","4":"has-post-thumbnail","6":"product_cat-1-8-martie","7":"product_cat-buchete","9":"entry","10":"has-media","12":"first","13":"instock","14":"taxable","15":"shipping-taxable","16":"purchasable","17":"product-type-variable","18":"has-product-nav","19":"col","20":"span_1_of_3","21":"owp-content-center","22":"item-entry","23":"owp-thumbs-layout-horizontal","24":"owp-btn-normal","25":"owp-tabs-layout-horizontal"},"_links":{"self":[{"href":"https:\/\/araflowers.ro\/en\/wp-json\/wp\/v2\/product\/2272","targetHints":{"allow":["GET"]}}],"collection":[{"href":"https:\/\/araflowers.ro\/en\/wp-json\/wp\/v2\/product"}],"about":[{"href":"https:\/\/araflowers.ro\/en\/wp-json\/wp\/v2\/types\/product"}],"wp:featuredmedia":[{"embeddable":true,"href":"https:\/\/araflowers.ro\/en\/wp-json\/wp\/v2\/media\/2277"}],"wp:attachment":[{"href":"https:\/\/araflowers.ro\/en\/wp-json\/wp\/v2\/media?parent=2272"}],"wp:term":[{"taxonomy":"product_brand","embeddable":true,"href":"https:\/\/araflowers.ro\/en\/wp-json\/wp\/v2\/product_brand?post=2272"},{"taxonomy":"product_cat","embeddable":true,"href":"https:\/\/araflowers.ro\/en\/wp-json\/wp\/v2\/product_cat?post=2272"},{"taxonomy":"product_tag","embeddable":true,"href":"https:\/\/araflowers.ro\/en\/wp-json\/wp\/v2\/product_tag?post=2272"}],"curies":[{"name":"wp","href":"https:\/\/api.w.org\/{rel}","templated":true}]}}