{"id":2229,"date":"2024-02-21T20:32:06","date_gmt":"2024-02-21T20:32:06","guid":{"rendered":"https:\/\/araflowers.ro\/?post_type=product&#038;p=2229"},"modified":"2026-02-26T12:35:25","modified_gmt":"2026-02-26T12:35:25","slug":"buchet-75-trandafirii","status":"publish","type":"product","link":"https:\/\/araflowers.ro\/en\/product\/buchet-75-trandafirii\/","title":{"rendered":"Buchet 75 Trandafiri Ro\u0219ii"},"content":{"rendered":"<h4 data-start=\"74\" data-end=\"142\">Specifica\u021bii Produs:<\/h4>\n<p>Dimensiuni:<\/p>\n<ul>\n<li>Standard: 75 trandafiri &#8211; Panglic\u0103\u00a0 &#8211; Felicitare Cadou<\/li>\n<\/ul>\n<p>Orice Comand\u0103 vine \u00eenso\u021bit\u0103 de felicitare CADOU cu mesajul ales de dumneavostr\u0103.<\/p>\n<h3 class=\"\" data-start=\"102\" data-end=\"156\">Buchet 75 Trandafiri Ro\u0219ii \u2013 Un Cadou Impresionant<\/h3>\n<p class=\"\" data-start=\"158\" data-end=\"409\"><strong data-start=\"158\" data-end=\"196\">Buchetul cu 75 de trandafiri ro\u0219ii<\/strong> este alegerea perfect\u0103 pentru a-i ar\u0103ta iubire \u0219i apreciere persoanei speciale din via\u021ba ta. Trandafirii ro\u0219ii simbolizeaz\u0103 pasiunea \u0219i iubirea pur\u0103, iar acest buchet este ideal pentru orice ocazie special\u0103.<\/p>\n<h4 class=\"\" data-start=\"411\" data-end=\"430\">Detalii produs<\/h4>\n<p class=\"\" data-start=\"432\" data-end=\"675\">Acest buchet con\u021bine <strong data-start=\"453\" data-end=\"479\">75 de trandafiri ro\u0219ii<\/strong>, fiecare floare fiind atent aleas\u0103 pentru a crea un aranjament perfect. \u00cen func\u021bie de sezon \u0219i disponibilitate, buchetul poate suferi mici modific\u0103ri, \u00eens\u0103 va p\u0103stra \u00eentotdeauna elegan\u021ba sa.<\/p>\n<h4 class=\"\" data-start=\"677\" data-end=\"708\">Livrare rapid\u0103 \u0219i gratuit\u0103<\/h4>\n<p class=\"\" data-start=\"710\" data-end=\"874\">Beneficiezi de livrare gratuit\u0103 \u00een <strong data-start=\"745\" data-end=\"760\">Cluj-Napoca<\/strong>, iar timpul de livrare este de aproximativ 3 ore. Comenzile plasate dup\u0103 ora 17:00 vor fi livrate a doua zi.<\/p>\n<h4 class=\"\" data-start=\"876\" data-end=\"894\">Personalizare<\/h4>\n<p class=\"\" data-start=\"896\" data-end=\"1001\">Adaug\u0103 un mesaj personalizat, scris caligrafic pe o felicitare cadou, pentru un cadou unic \u0219i special.<\/p>","protected":false},"excerpt":{"rendered":"<h3 class=\"\" data-start=\"1035\" data-end=\"1092\">Buchet 75 Trandafiri Ro\u0219ii \u2013 Iubire \u00een Fiecare Floare<\/h3>\n<p class=\"\" data-start=\"1094\" data-end=\"1350\"><strong data-start=\"1094\" data-end=\"1132\">Buchetul cu 75 de trandafiri ro\u0219ii<\/strong> este o alegere perfect\u0103 pentru a transmite un mesaj de iubire, apreciere \u0219i respect. Fie c\u0103 vrei s\u0103 \u00ee\u021bi surprinzi iubita, so\u021bia sau o persoan\u0103 drag\u0103, acest buchet impresionant va aduce un z\u00e2mbet pe chipul oricui. \ud83c\udf39\u2764\ufe0f<\/p>\n<h4 class=\"\" data-start=\"1352\" data-end=\"1371\">Detalii produs<\/h4>\n<p class=\"\" data-start=\"1373\" data-end=\"1713\">Acest <strong data-start=\"1379\" data-end=\"1415\">buchet cu 75 de trandafiri ro\u0219ii<\/strong> este compus din flori proaspete, atent selec\u021bionate, pentru a crea un aranjament deosebit. Trandafirii ro\u0219ii sunt simbolul iubirii \u0219i pasiunii, iar acest buchet va impresiona cu siguran\u021b\u0103 orice persoan\u0103. Fiecare floare este aleas\u0103 pentru frumuse\u021bea sa, iar ambalajul va ad\u0103uga un plus de elegan\u021b\u0103.<\/p>\n<p class=\"\" data-start=\"1715\" data-end=\"1894\">De\u0219i compozi\u021bia buchetului poate suferi mici modific\u0103ri \u00een func\u021bie de sezon \u0219i de disponibilitatea florilor, frumuse\u021bea \u0219i impactul acestui cadou vor r\u0103m\u00e2ne \u00eentotdeauna la fel. \ud83d\udc90<\/p>\n<h4 class=\"\" data-start=\"1896\" data-end=\"1920\">Personalizare unic\u0103<\/h4>\n<p class=\"\" data-start=\"1922\" data-end=\"2229\">La <strong data-start=\"1925\" data-end=\"1940\">ARA Flowers<\/strong>, dorim s\u0103 oferim o experien\u021b\u0103 unic\u0103 \u0219i personalizat\u0103. De aceea, acest buchet include o <strong data-start=\"2028\" data-end=\"2048\">felicitare cadou<\/strong>, pe care vom scrie mesajul ales de tine, cu un stil caligrafic elegant. Fie c\u0103 vrei s\u0103-i spui \u201eTe iubesc\u201d sau s\u0103 adaugi un mesaj special, aceasta va face cadoul \u0219i mai personal. \u270d\ufe0f<\/p>\n<h4 class=\"\" data-start=\"2231\" data-end=\"2262\">Livrare rapid\u0103 \u0219i gratuit\u0103<\/h4>\n<p class=\"\" data-start=\"2264\" data-end=\"2532\">Livrarea este gratuit\u0103 \u00een <strong data-start=\"2290\" data-end=\"2305\">Cluj-Napoca<\/strong> \u0219i se face prin curieri proprii, pentru a asigura c\u0103 florile ajung \u00een stare perfect\u0103 la destina\u021bie. Timpul de livrare este de aproximativ 3 ore. \u00cen cazul \u00een care plasezi comanda dup\u0103 ora 17:00, buchetul va fi livrat a doua zi.<\/p>\n<h4 class=\"\" data-start=\"2534\" data-end=\"2558\">Ce mai po\u021bi ad\u0103uga?<\/h4>\n<ul data-start=\"2560\" data-end=\"2864\">\n<li class=\"\" data-start=\"2560\" data-end=\"2697\">\n<p class=\"\" data-start=\"2562\" data-end=\"2697\"><strong data-start=\"2562\" data-end=\"2584\">Gift-uri op\u021bionale<\/strong>: Po\u021bi ad\u0103uga cadouri suplimentare din categoria \u201eGIFTURI\u201d de pe site-ul nostru, pentru a crea un pachet complet.<\/p>\n<\/li>\n<li class=\"\" data-start=\"2698\" data-end=\"2864\">\n<p class=\"\" data-start=\"2700\" data-end=\"2864\"><strong data-start=\"2700\" data-end=\"2723\">Modific\u0103ri de sezon<\/strong>: Buchetul poate suferi mici modific\u0103ri \u00een func\u021bie de sezon \u0219i disponibilitate, dar acest lucru nu va afecta calitatea sau frumuse\u021bea final\u0103.<\/p>\n<\/li>\n<\/ul>\n<p class=\"\" data-start=\"2866\" data-end=\"3039\">Pentru o comand\u0103 rapid\u0103, viziteaz\u0103 <a class=\"\" href=\"https:\/\/www.instagram.com\/araflowers.ro\/\" target=\"_new\" rel=\"noopener\" data-start=\"2901\" data-end=\"2971\">Instagram : @araflowers.ro<\/a> sau site-ul nostru oficial <a class=\"\" href=\"https:\/\/araflowers.ro\/en\/\" target=\"_new\" rel=\"noopener\" data-start=\"2999\" data-end=\"3038\">araflowers.ro<\/a>.<\/p>","protected":false},"featured_media":2230,"template":"","meta":{"ocean_post_layout":"","ocean_both_sidebars_style":"","ocean_both_sidebars_content_width":0,"ocean_both_sidebars_sidebars_width":0,"ocean_sidebar":"0","ocean_second_sidebar":"0","ocean_disable_margins":"enable","ocean_add_body_class":"","ocean_shortcode_before_top_bar":"","ocean_shortcode_after_top_bar":"","ocean_shortcode_before_header":"","ocean_shortcode_after_header":"","ocean_has_shortcode":"","ocean_shortcode_after_title":"","ocean_shortcode_before_footer_widgets":"","ocean_shortcode_after_footer_widgets":"","ocean_shortcode_before_footer_bottom":"","ocean_shortcode_after_footer_bottom":"","ocean_display_top_bar":"default","ocean_display_header":"default","ocean_header_style":"","ocean_center_header_left_menu":"0","ocean_custom_header_template":"0","ocean_custom_logo":0,"ocean_custom_retina_logo":0,"ocean_custom_logo_max_width":0,"ocean_custom_logo_tablet_max_width":0,"ocean_custom_logo_mobile_max_width":0,"ocean_custom_logo_max_height":0,"ocean_custom_logo_tablet_max_height":0,"ocean_custom_logo_mobile_max_height":0,"ocean_header_custom_menu":"0","ocean_menu_typo_font_family":"0","ocean_menu_typo_font_subset":"","ocean_menu_typo_font_size":0,"ocean_menu_typo_font_size_tablet":0,"ocean_menu_typo_font_size_mobile":0,"ocean_menu_typo_font_size_unit":"px","ocean_menu_typo_font_weight":"","ocean_menu_typo_font_weight_tablet":"","ocean_menu_typo_font_weight_mobile":"","ocean_menu_typo_transform":"","ocean_menu_typo_transform_tablet":"","ocean_menu_typo_transform_mobile":"","ocean_menu_typo_line_height":0,"ocean_menu_typo_line_height_tablet":0,"ocean_menu_typo_line_height_mobile":0,"ocean_menu_typo_line_height_unit":"","ocean_menu_typo_spacing":0,"ocean_menu_typo_spacing_tablet":0,"ocean_menu_typo_spacing_mobile":0,"ocean_menu_typo_spacing_unit":"","ocean_menu_link_color":"","ocean_menu_link_color_hover":"","ocean_menu_link_color_active":"","ocean_menu_link_background":"","ocean_menu_link_hover_background":"","ocean_menu_link_active_background":"","ocean_menu_social_links_bg":"","ocean_menu_social_hover_links_bg":"","ocean_menu_social_links_color":"","ocean_menu_social_hover_links_color":"","ocean_disable_title":"default","ocean_disable_heading":"default","ocean_post_title":"","ocean_post_subheading":"","ocean_post_title_style":"","ocean_post_title_background_color":"","ocean_post_title_background":0,"ocean_post_title_bg_image_position":"","ocean_post_title_bg_image_attachment":"","ocean_post_title_bg_image_repeat":"","ocean_post_title_bg_image_size":"","ocean_post_title_height":0,"ocean_post_title_bg_overlay":0.5,"ocean_post_title_bg_overlay_color":"","ocean_disable_breadcrumbs":"default","ocean_breadcrumbs_color":"","ocean_breadcrumbs_separator_color":"","ocean_breadcrumbs_links_color":"","ocean_breadcrumbs_links_hover_color":"","ocean_display_footer_widgets":"default","ocean_display_footer_bottom":"default","ocean_custom_footer_template":"0"},"product_brand":[],"product_cat":[23,187,64],"product_tag":[],"class_list":{"0":"post-2229","1":"product","2":"type-product","3":"status-publish","4":"has-post-thumbnail","6":"product_cat-buchete","7":"product_cat-1-8-martie","8":"product_cat-valentines-day","10":"entry","11":"has-media","13":"first","14":"instock","15":"sale","16":"taxable","17":"shipping-taxable","18":"purchasable","19":"product-type-simple","20":"has-product-nav","21":"col","22":"span_1_of_3","23":"owp-content-center","24":"item-entry","25":"owp-thumbs-layout-horizontal","26":"owp-btn-normal","27":"owp-tabs-layout-horizontal"},"_links":{"self":[{"href":"https:\/\/araflowers.ro\/en\/wp-json\/wp\/v2\/product\/2229","targetHints":{"allow":["GET"]}}],"collection":[{"href":"https:\/\/araflowers.ro\/en\/wp-json\/wp\/v2\/product"}],"about":[{"href":"https:\/\/araflowers.ro\/en\/wp-json\/wp\/v2\/types\/product"}],"wp:featuredmedia":[{"embeddable":true,"href":"https:\/\/araflowers.ro\/en\/wp-json\/wp\/v2\/media\/2230"}],"wp:attachment":[{"href":"https:\/\/araflowers.ro\/en\/wp-json\/wp\/v2\/media?parent=2229"}],"wp:term":[{"taxonomy":"product_brand","embeddable":true,"href":"https:\/\/araflowers.ro\/en\/wp-json\/wp\/v2\/product_brand?post=2229"},{"taxonomy":"product_cat","embeddable":true,"href":"https:\/\/araflowers.ro\/en\/wp-json\/wp\/v2\/product_cat?post=2229"},{"taxonomy":"product_tag","embeddable":true,"href":"https:\/\/araflowers.ro\/en\/wp-json\/wp\/v2\/product_tag?post=2229"}],"curies":[{"name":"wp","href":"https:\/\/api.w.org\/{rel}","templated":true}]}}