{"id":2227,"date":"2024-02-21T20:21:47","date_gmt":"2024-02-21T20:21:47","guid":{"rendered":"https:\/\/araflowers.ro\/?post_type=product&#038;p=2227"},"modified":"2026-02-26T12:35:39","modified_gmt":"2026-02-26T12:35:39","slug":"buchet-101-trandafiri-rosii","status":"publish","type":"product","link":"https:\/\/araflowers.ro\/en\/product\/buchet-101-trandafiri-rosii\/","title":{"rendered":"Buchet 101 Trandafiri Ro\u0219ii"},"content":{"rendered":"<h4 data-start=\"74\" data-end=\"142\">Specifica\u021bii Produs:<\/h4>\n<p>Dimensiuni:<\/p>\n<ul>\n<li>Standard: 101 trandafiri &#8211; Panglic\u0103\u00a0 &#8211; Felicitare Cadou<\/li>\n<\/ul>\n<p>Orice Comand\u0103 vine \u00eenso\u021bit\u0103 de felicitare CADOU cu mesajul ales de dumneavostr\u0103.<\/p>\n<h3 data-start=\"39\" data-end=\"98\"><\/h3>\n<h3 class=\"\" data-start=\"39\" data-end=\"98\">Buchet 101 Trandafiri Ro\u0219ii \u2013 Impresioneaz\u0103 cu Elegan\u021b\u0103<\/h3>\n<p class=\"\" data-start=\"100\" data-end=\"348\"><strong data-start=\"100\" data-end=\"136\">Buchetul cu 101 trandafiri ro\u0219ii<\/strong> este cadoul suprem pentru orice ocazie special\u0103. Fie c\u0103 vrei s\u0103 ar\u0103\u021bi dragostea nem\u0103rginit\u0103, s\u0103 s\u0103rb\u0103tore\u0219ti o realizare sau pur \u0219i simplu s\u0103 faci o surpriz\u0103 de neuitat, acest buchet nu va trece neobservat.<\/p>\n<h4 class=\"\" data-start=\"350\" data-end=\"369\">Detalii produs<\/h4>\n<p class=\"\" data-start=\"371\" data-end=\"748\">Acest buchet impresionant con\u021bine <strong data-start=\"405\" data-end=\"429\">101 trandafiri ro\u0219ii<\/strong> proaspe\u021bi, perfect aranja\u021bi pentru a transmite un mesaj puternic de iubire \u0219i apreciere. Trandafirii ro\u0219ii sunt simbolul iubirii pure, iar acest buchet reprezint\u0103 apogeul elegan\u021bei florale. Buchetul poate suferi mici modific\u0103ri \u00een func\u021bie de disponibilitatea florilor \u0219i sezon, \u00eens\u0103 frumuse\u021bea sa va r\u0103m\u00e2ne intact\u0103.<\/p>\n<h4 class=\"\" data-start=\"750\" data-end=\"781\">Livrare rapid\u0103 \u0219i gratuit\u0103<\/h4>\n<p class=\"\" data-start=\"783\" data-end=\"1021\">Livrarea acestui buchet este <strong data-start=\"812\" data-end=\"839\">gratuit\u0103 \u00een Cluj-Napoca<\/strong>, iar timpul de livrare este de aproximativ 3 ore. Comenzile plasate dup\u0103 ora 17:00 vor fi livrate a doua zi, asigur\u00e2ndu-ne c\u0103 florile ajung \u00eentr-o stare perfect\u0103 la destina\u021bie.<\/p>\n<h4 class=\"\" data-start=\"1023\" data-end=\"1047\">Personalizare unic\u0103<\/h4>\n<p class=\"\" data-start=\"1049\" data-end=\"1220\">Fiecare buchet include o <strong data-start=\"1074\" data-end=\"1094\">felicitare cadou<\/strong> personalizat\u0103 cu mesajul t\u0103u. Alegerea unui mesaj caligrafic adaug\u0103 o not\u0103 de rafinament \u0219i va face cadoul \u0219i mai special.<\/p>","protected":false},"excerpt":{"rendered":"<h3 class=\"\" data-start=\"1265\" data-end=\"1323\">Buchet 101 Trandafiri Ro\u0219ii \u2013 Iubire \u00een Fiecare Floare<\/h3>\n<p class=\"\" data-start=\"1325\" data-end=\"1683\"><strong data-start=\"1325\" data-end=\"1361\">Buchetul cu 101 trandafiri ro\u0219ii<\/strong> este simbolul perfect al iubirii, aprecierii \u0219i respectului. Este cadoul ideal pentru o ocazie cu adev\u0103rat special\u0103: anivers\u0103ri, Ziua \u00cendr\u0103gosti\u021bilor sau pur \u0219i simplu pentru a surprinde persoana iubit\u0103 cu un gest deosebit. Trandafirii ro\u0219ii sunt, f\u0103r\u0103 \u00eendoial\u0103, cei mai puternici mesageri ai iubirii \u0219i ai pasiunii. \ud83c\udf39\ud83d\udc96<\/p>\n<h4 class=\"\" data-start=\"1685\" data-end=\"1704\">Detalii produs<\/h4>\n<p class=\"\" data-start=\"1706\" data-end=\"1988\">Acest <strong data-start=\"1712\" data-end=\"1746\">buchet cu 101 trandafiri ro\u0219ii<\/strong> este o combina\u021bie de elegan\u021b\u0103 \u0219i frumuse\u021be natural\u0103, perfect pentru a surprinde orice persoan\u0103 drag\u0103. Trandafirii sunt selecta\u021bi cu grij\u0103 pentru a crea un aranjament perfect, iar ambalajul elegant completeaz\u0103 imaginea acestui buchet fabulos.<\/p>\n<p class=\"\" data-start=\"1990\" data-end=\"2350\"><strong data-start=\"1990\" data-end=\"2011\">Trandafirii ro\u0219ii<\/strong> sunt recunoscu\u021bi pentru simbolistica lor puternic\u0103 \u0219i sunt asociati cu dragostea \u0219i pasiunea. Fiecare floare din acest buchet este un mesaj de afec\u021biune \u0219i respect. Buchetul poate suferi mici modific\u0103ri \u00een func\u021bie de sezon \u0219i de disponibilitatea florilor, dar \u00eentotdeauna va p\u0103stra acelea\u0219i tr\u0103s\u0103turi distinctive de calitate \u0219i frumuse\u021be.<\/p>\n<h4 class=\"\" data-start=\"2352\" data-end=\"2388\">Personalizare \u0219i livrare rapid\u0103<\/h4>\n<p class=\"\" data-start=\"2390\" data-end=\"2572\">Pentru a face acest cadou cu adev\u0103rat unic, \u00ee\u021bi oferim posibilitatea de a personaliza o <strong data-start=\"2478\" data-end=\"2498\">felicitare cadou<\/strong>, pe care vom scrie mesajul ales de tine cu un stil caligrafic elegant. \u270d\ufe0f<\/p>\n<p class=\"\" data-start=\"2574\" data-end=\"2825\">\u00cen plus, <strong data-start=\"2583\" data-end=\"2624\">livrarea este gratuit\u0103 \u00een Cluj-Napoca<\/strong>, iar florile sunt livrate rapid prin curieri proprii pentru a ajunge \u00een stare perfect\u0103. Timpul de livrare este de aproximativ 3 ore, iar comenzile plasate dup\u0103 ora 17:00 vor fi livrate a doua zi. \ud83d\ude9a\ud83d\udc90<\/p>\n<h4 class=\"\" data-start=\"2827\" data-end=\"2851\">Ce mai po\u021bi ad\u0103uga?<\/h4>\n<ul data-start=\"2853\" data-end=\"3143\">\n<li class=\"\" data-start=\"2853\" data-end=\"2990\">\n<p class=\"\" data-start=\"2855\" data-end=\"2990\"><strong data-start=\"2855\" data-end=\"2877\">Gift-uri op\u021bionale<\/strong>: Po\u021bi ad\u0103uga cadouri suplimentare din categoria \u201eGIFTURI\u201d de pe site-ul nostru, pentru a crea un pachet complet.<\/p>\n<\/li>\n<li class=\"\" data-start=\"2991\" data-end=\"3143\">\n<p class=\"\" data-start=\"2993\" data-end=\"3143\"><strong data-start=\"2993\" data-end=\"3016\">Modific\u0103ri de sezon<\/strong>: Buchetul poate suferi mici modific\u0103ri \u00een func\u021bie de disponibilitatea florilor, dar acest lucru nu va afecta calitatea final\u0103.<\/p>\n<\/li>\n<\/ul>\n<p class=\"\" data-start=\"3145\" data-end=\"3316\">Pentru comenzi rapide, viziteaz\u0103 <a class=\"\" href=\"https:\/\/www.instagram.com\/araflowers.ro\/\" target=\"_new\" rel=\"noopener\" data-start=\"3178\" data-end=\"3248\">Instagram : @araflowers.ro<\/a> sau site-ul nostru oficial <a class=\"\" href=\"https:\/\/araflowers.ro\/en\/\" target=\"_new\" rel=\"noopener\" data-start=\"3276\" data-end=\"3315\">araflowers.ro<\/a>.<\/p>","protected":false},"featured_media":2223,"template":"","meta":{"ocean_post_layout":"","ocean_both_sidebars_style":"","ocean_both_sidebars_content_width":0,"ocean_both_sidebars_sidebars_width":0,"ocean_sidebar":"0","ocean_second_sidebar":"0","ocean_disable_margins":"enable","ocean_add_body_class":"","ocean_shortcode_before_top_bar":"","ocean_shortcode_after_top_bar":"","ocean_shortcode_before_header":"","ocean_shortcode_after_header":"","ocean_has_shortcode":"","ocean_shortcode_after_title":"","ocean_shortcode_before_footer_widgets":"","ocean_shortcode_after_footer_widgets":"","ocean_shortcode_before_footer_bottom":"","ocean_shortcode_after_footer_bottom":"","ocean_display_top_bar":"default","ocean_display_header":"default","ocean_header_style":"","ocean_center_header_left_menu":"0","ocean_custom_header_template":"0","ocean_custom_logo":0,"ocean_custom_retina_logo":0,"ocean_custom_logo_max_width":0,"ocean_custom_logo_tablet_max_width":0,"ocean_custom_logo_mobile_max_width":0,"ocean_custom_logo_max_height":0,"ocean_custom_logo_tablet_max_height":0,"ocean_custom_logo_mobile_max_height":0,"ocean_header_custom_menu":"0","ocean_menu_typo_font_family":"0","ocean_menu_typo_font_subset":"","ocean_menu_typo_font_size":0,"ocean_menu_typo_font_size_tablet":0,"ocean_menu_typo_font_size_mobile":0,"ocean_menu_typo_font_size_unit":"px","ocean_menu_typo_font_weight":"","ocean_menu_typo_font_weight_tablet":"","ocean_menu_typo_font_weight_mobile":"","ocean_menu_typo_transform":"","ocean_menu_typo_transform_tablet":"","ocean_menu_typo_transform_mobile":"","ocean_menu_typo_line_height":0,"ocean_menu_typo_line_height_tablet":0,"ocean_menu_typo_line_height_mobile":0,"ocean_menu_typo_line_height_unit":"","ocean_menu_typo_spacing":0,"ocean_menu_typo_spacing_tablet":0,"ocean_menu_typo_spacing_mobile":0,"ocean_menu_typo_spacing_unit":"","ocean_menu_link_color":"","ocean_menu_link_color_hover":"","ocean_menu_link_color_active":"","ocean_menu_link_background":"","ocean_menu_link_hover_background":"","ocean_menu_link_active_background":"","ocean_menu_social_links_bg":"","ocean_menu_social_hover_links_bg":"","ocean_menu_social_links_color":"","ocean_menu_social_hover_links_color":"","ocean_disable_title":"default","ocean_disable_heading":"default","ocean_post_title":"","ocean_post_subheading":"","ocean_post_title_style":"","ocean_post_title_background_color":"","ocean_post_title_background":0,"ocean_post_title_bg_image_position":"","ocean_post_title_bg_image_attachment":"","ocean_post_title_bg_image_repeat":"","ocean_post_title_bg_image_size":"","ocean_post_title_height":0,"ocean_post_title_bg_overlay":0.5,"ocean_post_title_bg_overlay_color":"","ocean_disable_breadcrumbs":"default","ocean_breadcrumbs_color":"","ocean_breadcrumbs_separator_color":"","ocean_breadcrumbs_links_color":"","ocean_breadcrumbs_links_hover_color":"","ocean_display_footer_widgets":"default","ocean_display_footer_bottom":"default","ocean_custom_footer_template":"0"},"product_brand":[],"product_cat":[23,187,64],"product_tag":[],"class_list":{"0":"post-2227","1":"product","2":"type-product","3":"status-publish","4":"has-post-thumbnail","6":"product_cat-buchete","7":"product_cat-1-8-martie","8":"product_cat-valentines-day","10":"entry","11":"has-media","13":"first","14":"instock","15":"sale","16":"taxable","17":"shipping-taxable","18":"purchasable","19":"product-type-simple","20":"has-product-nav","21":"col","22":"span_1_of_3","23":"owp-content-center","24":"item-entry","25":"owp-thumbs-layout-horizontal","26":"owp-btn-normal","27":"owp-tabs-layout-horizontal","28":"has-no-thumbnails"},"_links":{"self":[{"href":"https:\/\/araflowers.ro\/en\/wp-json\/wp\/v2\/product\/2227","targetHints":{"allow":["GET"]}}],"collection":[{"href":"https:\/\/araflowers.ro\/en\/wp-json\/wp\/v2\/product"}],"about":[{"href":"https:\/\/araflowers.ro\/en\/wp-json\/wp\/v2\/types\/product"}],"wp:featuredmedia":[{"embeddable":true,"href":"https:\/\/araflowers.ro\/en\/wp-json\/wp\/v2\/media\/2223"}],"wp:attachment":[{"href":"https:\/\/araflowers.ro\/en\/wp-json\/wp\/v2\/media?parent=2227"}],"wp:term":[{"taxonomy":"product_brand","embeddable":true,"href":"https:\/\/araflowers.ro\/en\/wp-json\/wp\/v2\/product_brand?post=2227"},{"taxonomy":"product_cat","embeddable":true,"href":"https:\/\/araflowers.ro\/en\/wp-json\/wp\/v2\/product_cat?post=2227"},{"taxonomy":"product_tag","embeddable":true,"href":"https:\/\/araflowers.ro\/en\/wp-json\/wp\/v2\/product_tag?post=2227"}],"curies":[{"name":"wp","href":"https:\/\/api.w.org\/{rel}","templated":true}]}}