{"id":2171,"date":"2023-12-04T17:19:14","date_gmt":"2023-12-04T17:19:14","guid":{"rendered":"https:\/\/araflowers.ro\/?post_type=product&#038;p=2171"},"modified":"2026-02-03T13:17:39","modified_gmt":"2026-02-03T13:17:39","slug":"aranjament-de-masa","status":"publish","type":"product","link":"https:\/\/araflowers.ro\/en\/product\/aranjament-de-masa\/","title":{"rendered":"Aranjament de masa"},"content":{"rendered":"<h6 class=\"sr-only\"><\/h6>\n<div class=\"text-base my-auto mx-auto py-5 px-6\">\n<div class=\"mx-auto flex flex-1 text-base gap-4 md:gap-5 lg:gap-6 md:max-w-3xl group\/turn-messages focus-visible:outline-none\" tabindex=\"-1\">\n<div class=\"group\/conversation-turn relative flex w-full min-w-0 flex-col agent-turn @xs\/thread:px-0 @sm\/thread:px-1.5 @md\/thread:px-4\">\n<div class=\"relative flex-col gap-1 md:gap-3\">\n<div class=\"flex max-w-full flex-col flex-grow\">\n<div class=\"min-h-8 text-message relative flex w-full flex-col items-end gap-2 whitespace-normal break-words text-start [.text-message+&amp;]:mt-5\" dir=\"auto\" data-message-author-role=\"assistant\" data-message-id=\"0179c72e-bfc0-4e75-bbaf-a9978b523336\" data-message-model-slug=\"gpt-4o-mini\">\n<div class=\"flex w-full flex-col gap-1 empty:hidden first:pt-[3px]\">\n<div class=\"markdown prose w-full break-words dark:prose-invert dark\">\n<p class=\"\" data-start=\"0\" data-end=\"27\"><strong data-start=\"0\" data-end=\"22\">Aranjament de mas\u0103<\/strong> \ud83c\udf38<\/p>\n<p class=\"\" data-start=\"29\" data-end=\"250\">Produsele de pe acest site sunt orientative, iar printr-un apel telefonic putem \u00eendeplini diferite dorin\u021be \u00een materie floristic\u0103 \ud83d\udcde.<\/p>\n<p class=\"\" data-start=\"29\" data-end=\"250\">Suntem o familie de arti\u0219ti \ud83c\udfa8 \u0219i abia a\u0219tept\u0103m s\u0103 ne pune\u021bi creativitatea la \u00eencercare.<\/p>\n<p class=\"\" data-start=\"252\" data-end=\"647\">Pre\u021bul produsului pe care l-a\u021bi ales din Atelierul ARA Flowers include o felicitare cadou \ud83c\udf81, pe care vom scrie caligrafic textul ales de dumneavoastr\u0103 \u270d\ufe0f. Serviciul de livrare flori este gratuit \u00een Cluj-Napoca \ud83d\ude9a \u0219i func\u021bioneaz\u0103 prin curieri proprii, astfel \u00eenc\u00e2t florile s\u0103 ajung\u0103 \u00een stare perfect\u0103 la destinatarul ales \ud83c\udf37. \u00cen func\u021bie de stoc \u0219i de sezon, produsele pot suferi mici modific\u0103ri.<\/p>\n<p class=\"\" data-start=\"649\" data-end=\"817\">Gift-urile sunt cu titlu de prezentare \ud83c\udf81 \u0219i nu sunt incluse \u00een pre\u021bul produsului, \u00eens\u0103 acestea pot fi comandate al\u0103turi de produsele dorite, din categoria <strong data-start=\"805\" data-end=\"816\">GIFTURI<\/strong>.<\/p>\n<p class=\"\" data-start=\"819\" data-end=\"865\">Timpul de livrare este de aproximativ 3 ore \u23f0.<\/p>\n<p class=\"\" data-start=\"867\" data-end=\"928\">Comenzile plasate dup\u0103 ora 17:00 vor fi livrate a doua zi! \ud83c\udf19<\/p>\n<\/div>\n<\/div>\n<\/div>\n<\/div>\n<\/div>\n<\/div>\n<\/div>\n<\/div>","protected":false},"excerpt":{"rendered":"<h3 class=\"\" data-start=\"551\" data-end=\"575\"><strong data-start=\"555\" data-end=\"575\">Descriere lung\u0103:<\/strong><\/h3>\n<h2 class=\"\" data-start=\"577\" data-end=\"651\"><strong data-start=\"580\" data-end=\"648\">Aranjament de Mas\u0103 \u2013 O alegere perfect\u0103 pentru un decor deosebit<\/strong> \ud83c\udf38<\/h2>\n<p class=\"\" data-start=\"653\" data-end=\"912\">Un <strong data-start=\"656\" data-end=\"678\">aranjament de mas\u0103<\/strong> adaug\u0103 elegan\u021b\u0103 \u0219i rafinament fiec\u0103rei mese, fie c\u0103 este vorba de o cin\u0103 romantic\u0103, o mas\u0103 festiv\u0103 sau o adunare \u00eentre prieteni. Indiferent de ocazie, florile proaspete vor aduce o atmosfer\u0103 deosebit\u0103 \u0219i vor impresiona invita\u021bii t\u0103i.<\/p>\n<h3 class=\"\" data-start=\"914\" data-end=\"962\"><strong data-start=\"918\" data-end=\"962\">\ud83c\udf37 Flori naturale de calitate superioar\u0103<\/strong><\/h3>\n<p class=\"\" data-start=\"963\" data-end=\"1218\">Fiecare <strong data-start=\"971\" data-end=\"993\">aranjament de mas\u0103<\/strong> este realizat cu flori naturale atent selec\u021bionate, ce eman\u0103 o frumuse\u021be delicat\u0103 \u0219i o arom\u0103 \u00eenc\u00e2nt\u0103toare. Aceste flori sunt alese cu grij\u0103, pentru a crea un decor armonios \u0219i elegant care s\u0103 aduc\u0103 bucurie oric\u0103rei persoane.<\/p>\n<h3 class=\"\" data-start=\"1220\" data-end=\"1273\"><strong data-start=\"1224\" data-end=\"1273\">\ud83c\udf81 Personalizare \u00een func\u021bie de dorin\u021bele tale<\/strong><\/h3>\n<p class=\"\" data-start=\"1274\" data-end=\"1527\">\u00cen\u021belegem c\u0103 fiecare eveniment este unic \u0219i de aceea, printr-un apel telefonic, putem personaliza fiecare <strong data-start=\"1380\" data-end=\"1402\">aranjament de mas\u0103<\/strong> conform dorin\u021belor tale. Fie c\u0103 vrei un mix de culori specific sau un design anume, suntem gata s\u0103 \u00ee\u021bi \u00eendeplinim cerin\u021bele.<\/p>\n<h3 class=\"\" data-start=\"1529\" data-end=\"1581\"><strong data-start=\"1533\" data-end=\"1581\">\ud83d\ude9a Livrare rapid\u0103 \u0219i gratuit\u0103 \u00een Cluj-Napoca<\/strong><\/h3>\n<p class=\"\" data-start=\"1582\" data-end=\"1858\">Pentru confortul t\u0103u, livrarea produselor se face gratuit \u00een Cluj-Napoca prin curierii proprii. Astfel, florile ajung \u00eentr-o stare perfect\u0103 la destinatarul ales, iar livrarea se face \u00een aproximativ 3 ore. De asemenea, comenzile plasate dup\u0103 ora 17:00 vor fi livrate a doua zi.<\/p>\n<h3 class=\"\" data-start=\"1860\" data-end=\"1907\"><strong data-start=\"1864\" data-end=\"1907\">\ud83c\udf89 Un cadou perfect pentru orice ocazie<\/strong><\/h3>\n<p class=\"\" data-start=\"1908\" data-end=\"2223\"><strong data-start=\"1908\" data-end=\"1933\">Aranjamentele de mas\u0103<\/strong> de la ARA Flowers sunt ideale pentru a ad\u0103uga un strop de frumuse\u021be \u0219i elegan\u021b\u0103 la petreceri, anivers\u0103ri, sau chiar pentru a ad\u0103uga o not\u0103 de rafinament unei cine de zi cu zi. Po\u021bi \u00eenso\u021bi fiecare aranjament de o felicitare caligrafiat\u0103, care va ad\u0103uga un gest personal cadoului t\u0103u floral.<\/p>\n<hr class=\"\" data-start=\"2225\" data-end=\"2228\" \/>\n<h2 class=\"\" data-start=\"2230\" data-end=\"2279\"><strong data-start=\"2233\" data-end=\"2279\">\ud83c\udf3f Cum po\u021bi comanda un aranjament de mas\u0103?<\/strong><\/h2>\n<p class=\"\" data-start=\"2280\" data-end=\"2581\">Po\u021bi comanda direct de pe <a class=\"\" href=\"https:\/\/www.instagram.com\/araflowers.ro\/\" target=\"_new\" rel=\"noopener\" data-start=\"2306\" data-end=\"2359\">Instagram<\/a> sau de pe <a class=\"\" href=\"https:\/\/araflowers.ro\/en\/\" target=\"_new\" rel=\"noopener\" data-start=\"2370\" data-end=\"2413\">website-ul nostru<\/a>. Suntem aici pentru a \u00ee\u021bi transforma dorin\u021bele \u00een realitate \u0219i a \u00ee\u021bi oferi un produs floral impecabil, care s\u0103 aduc\u0103 bucurie \u0219i frumuse\u021be \u00een via\u021ba ta \u0219i a celor dragi.<\/p>","protected":false},"featured_media":3061,"template":"","meta":{"ocean_post_layout":"","ocean_both_sidebars_style":"","ocean_both_sidebars_content_width":0,"ocean_both_sidebars_sidebars_width":0,"ocean_sidebar":"0","ocean_second_sidebar":"0","ocean_disable_margins":"enable","ocean_add_body_class":"","ocean_shortcode_before_top_bar":"","ocean_shortcode_after_top_bar":"","ocean_shortcode_before_header":"","ocean_shortcode_after_header":"","ocean_has_shortcode":"","ocean_shortcode_after_title":"","ocean_shortcode_before_footer_widgets":"","ocean_shortcode_after_footer_widgets":"","ocean_shortcode_before_footer_bottom":"","ocean_shortcode_after_footer_bottom":"","ocean_display_top_bar":"default","ocean_display_header":"default","ocean_header_style":"","ocean_center_header_left_menu":"0","ocean_custom_header_template":"0","ocean_custom_logo":0,"ocean_custom_retina_logo":0,"ocean_custom_logo_max_width":0,"ocean_custom_logo_tablet_max_width":0,"ocean_custom_logo_mobile_max_width":0,"ocean_custom_logo_max_height":0,"ocean_custom_logo_tablet_max_height":0,"ocean_custom_logo_mobile_max_height":0,"ocean_header_custom_menu":"0","ocean_menu_typo_font_family":"0","ocean_menu_typo_font_subset":"","ocean_menu_typo_font_size":0,"ocean_menu_typo_font_size_tablet":0,"ocean_menu_typo_font_size_mobile":0,"ocean_menu_typo_font_size_unit":"px","ocean_menu_typo_font_weight":"","ocean_menu_typo_font_weight_tablet":"","ocean_menu_typo_font_weight_mobile":"","ocean_menu_typo_transform":"","ocean_menu_typo_transform_tablet":"","ocean_menu_typo_transform_mobile":"","ocean_menu_typo_line_height":0,"ocean_menu_typo_line_height_tablet":0,"ocean_menu_typo_line_height_mobile":0,"ocean_menu_typo_line_height_unit":"","ocean_menu_typo_spacing":0,"ocean_menu_typo_spacing_tablet":0,"ocean_menu_typo_spacing_mobile":0,"ocean_menu_typo_spacing_unit":"","ocean_menu_link_color":"","ocean_menu_link_color_hover":"","ocean_menu_link_color_active":"","ocean_menu_link_background":"","ocean_menu_link_hover_background":"","ocean_menu_link_active_background":"","ocean_menu_social_links_bg":"","ocean_menu_social_hover_links_bg":"","ocean_menu_social_links_color":"","ocean_menu_social_hover_links_color":"","ocean_disable_title":"default","ocean_disable_heading":"default","ocean_post_title":"","ocean_post_subheading":"","ocean_post_title_style":"","ocean_post_title_background_color":"","ocean_post_title_background":0,"ocean_post_title_bg_image_position":"","ocean_post_title_bg_image_attachment":"","ocean_post_title_bg_image_repeat":"","ocean_post_title_bg_image_size":"","ocean_post_title_height":0,"ocean_post_title_bg_overlay":0.5,"ocean_post_title_bg_overlay_color":"","ocean_disable_breadcrumbs":"default","ocean_breadcrumbs_color":"","ocean_breadcrumbs_separator_color":"","ocean_breadcrumbs_links_color":"","ocean_breadcrumbs_links_hover_color":"","ocean_display_footer_widgets":"default","ocean_display_footer_bottom":"default","ocean_custom_footer_template":"0"},"product_brand":[],"product_cat":[48,25],"product_tag":[],"class_list":{"0":"post-2171","1":"product","2":"type-product","3":"status-publish","4":"has-post-thumbnail","6":"product_cat-craciun","7":"product_cat-aranjamente","9":"entry","10":"has-media","12":"first","13":"instock","14":"sale","15":"taxable","16":"shipping-taxable","17":"purchasable","18":"product-type-simple","19":"has-product-nav","20":"col","21":"span_1_of_3","22":"owp-content-center","23":"item-entry","24":"owp-thumbs-layout-horizontal","25":"owp-btn-normal","26":"owp-tabs-layout-horizontal","27":"has-no-thumbnails"},"_links":{"self":[{"href":"https:\/\/araflowers.ro\/en\/wp-json\/wp\/v2\/product\/2171","targetHints":{"allow":["GET"]}}],"collection":[{"href":"https:\/\/araflowers.ro\/en\/wp-json\/wp\/v2\/product"}],"about":[{"href":"https:\/\/araflowers.ro\/en\/wp-json\/wp\/v2\/types\/product"}],"wp:featuredmedia":[{"embeddable":true,"href":"https:\/\/araflowers.ro\/en\/wp-json\/wp\/v2\/media\/3061"}],"wp:attachment":[{"href":"https:\/\/araflowers.ro\/en\/wp-json\/wp\/v2\/media?parent=2171"}],"wp:term":[{"taxonomy":"product_brand","embeddable":true,"href":"https:\/\/araflowers.ro\/en\/wp-json\/wp\/v2\/product_brand?post=2171"},{"taxonomy":"product_cat","embeddable":true,"href":"https:\/\/araflowers.ro\/en\/wp-json\/wp\/v2\/product_cat?post=2171"},{"taxonomy":"product_tag","embeddable":true,"href":"https:\/\/araflowers.ro\/en\/wp-json\/wp\/v2\/product_tag?post=2171"}],"curies":[{"name":"wp","href":"https:\/\/api.w.org\/{rel}","templated":true}]}}