{"id":2130,"date":"2023-06-07T07:34:44","date_gmt":"2023-06-07T07:34:44","guid":{"rendered":"https:\/\/araflowers.ro\/?post_type=product&#038;p=2130"},"modified":"2026-02-19T14:38:05","modified_gmt":"2026-02-19T14:38:05","slug":"coroana-funerara","status":"publish","type":"product","link":"https:\/\/araflowers.ro\/en\/product\/coroana-funerara\/","title":{"rendered":"Coroana Funerara R"},"content":{"rendered":"<h3 class=\"\" data-start=\"37\" data-end=\"98\"><strong data-start=\"41\" data-end=\"98\">Coroan\u0103 Funerar\u0103 \u2013 Ofer\u0103 un omagiu plin de respect \ud83c\udf39<\/strong><\/h3>\n<p class=\"\" data-start=\"100\" data-end=\"373\">Coroana funerar\u0103 este un simbol al respectului \u0219i al iubirii eterne, fiind alegerea perfect\u0103 pentru a transmite un mesaj de condolean\u021be celor dragi. Aranjat\u0103 cu flori proaspete \u0219i selectate cu grij\u0103, coroana este o form\u0103 subtil\u0103 de a onora memoria celor care ne-au p\u0103r\u0103sit.<\/p>\n<h3 class=\"\" data-start=\"375\" data-end=\"400\"><strong data-start=\"379\" data-end=\"400\">Detalii Produs \ud83c\udf3a<\/strong><\/h3>\n<p class=\"\" data-start=\"401\" data-end=\"643\">Acest produs este oferit cu o felicitare cadou personalizat\u0103, cu mesajul dorit de dumneavoastr\u0103, scris caligrafic. Serviciul de livrare este gratuit \u00een Cluj-Napoca, iar florile ajung \u00eentotdeauna \u00een stare perfect\u0103, datorit\u0103 curierilor proprii.<\/p>\n<h3 class=\"\" data-start=\"645\" data-end=\"682\"><strong data-start=\"649\" data-end=\"682\">Livrare rapid\u0103 \u0219i gratuit\u0103 \ud83d\ude9a<\/strong><\/h3>\n<p class=\"\" data-start=\"683\" data-end=\"838\">Livrarea acestui aranjament funerar se face \u00een aproximativ 3 ore \u00een Cluj-Napoca. Dac\u0103 comanda este plasat\u0103 dup\u0103 ora 17:00, aceasta va fi livrat\u0103 a doua zi.<\/p>","protected":false},"excerpt":{"rendered":"<h3 class=\"\" data-start=\"881\" data-end=\"948\"><strong data-start=\"885\" data-end=\"948\">Coroana Funerar\u0103 \u2013 Ofer\u0103 un omagiu respectuos \u0219i elegant \ud83c\udf39<\/strong><\/h3>\n<p class=\"\" data-start=\"950\" data-end=\"1316\">\u00cen momentele de durere, \u00een care cuvintele sunt adesea prea pu\u021bine pentru a exprima durerea pierderii, un gest de respect poate vorbi de la sine. <strong data-start=\"1095\" data-end=\"1115\">Coroana funerar\u0103<\/strong> este un simbol al iubirii \u0219i respectului fa\u021b\u0103 de cei pleca\u021bi dintre noi. Aceasta poate fi folosit\u0103 pentru a onora memoria celor dragi \u0219i pentru a ad\u0103uga un strop de frumuse\u021be \u00een momentele de tristete.<\/p>\n<h3 class=\"\" data-start=\"1318\" data-end=\"1355\"><strong data-start=\"1322\" data-end=\"1355\">Designul Coroanei Funerare \ud83c\udf38<\/strong><\/h3>\n<p class=\"\" data-start=\"1357\" data-end=\"1712\">Coroana funerar\u0103 de la <strong data-start=\"1380\" data-end=\"1395\">ARA Flowers<\/strong> este realizat\u0103 din flori proaspete, selectate cu grij\u0103 pentru a reprezenta un omagiu solemn \u0219i elegant. Aceasta poate include crizanteme, trandafiri, lalele \u0219i multe alte flori de sezon, \u00een func\u021bie de dorin\u021bele dumneavoastr\u0103. Fiecare floare este a\u0219ezat\u0103 cu grij\u0103 pentru a crea o form\u0103 armonioas\u0103 \u0219i plin\u0103 de respect.<\/p>\n<h3 class=\"\" data-start=\"1714\" data-end=\"1769\"><strong data-start=\"1718\" data-end=\"1769\">Personalizare pentru un mesaj de condolean\u021be \ud83d\udcdd<\/strong><\/h3>\n<p class=\"\" data-start=\"1771\" data-end=\"2089\">La <strong data-start=\"1774\" data-end=\"1789\">ARA Flowers<\/strong>, \u00een\u021belegem importan\u021ba unui mesaj personalizat \u00een momentele de doliu. De aceea, oferim posibilitatea de a ad\u0103uga un mesaj caligrafic pe o felicitare cadou. Aceasta poate fi personalizat\u0103 cu textul dorit, pentru a ad\u0103uga o not\u0103 de compasiune \u0219i de sus\u021binere celor care trec printr-o perioad\u0103 dificil\u0103.<\/p>\n<h3 class=\"\" data-start=\"2091\" data-end=\"2143\"><strong data-start=\"2095\" data-end=\"2143\">Livrare rapid\u0103 \u0219i gratuit\u0103 \u00een Cluj-Napoca \ud83d\ude9a<\/strong><\/h3>\n<p class=\"\" data-start=\"2145\" data-end=\"2485\">Pentru a v\u0103 asigura c\u0103 florile ajung \u00een timp util \u0219i \u00een stare perfect\u0103, livrarea este gratuit\u0103 \u00een Cluj-Napoca. Curierii proprii ai <strong data-start=\"2276\" data-end=\"2291\">ARA Flowers<\/strong> se asigur\u0103 c\u0103 aranjamentele funerare sunt livrate rapid \u0219i cu respect. Timpul de livrare este de aproximativ 3 ore, iar pentru comenzile efectuate dup\u0103 ora 17:00, livrarea se va face a doua zi.<\/p>\n<h3 class=\"\" data-start=\"2487\" data-end=\"2541\"><strong data-start=\"2491\" data-end=\"2541\">Op\u021biuni suplimentare \u0219i modific\u0103ri de sezon \ud83c\udf81<\/strong><\/h3>\n<p class=\"\" data-start=\"2543\" data-end=\"2881\">Este important de men\u021bionat c\u0103, \u00een func\u021bie de stoc \u0219i sezon, florile folosite pentru crearea coroanei pot varia u\u0219or. Totu\u0219i, ne asigur\u0103m \u00eentotdeauna c\u0103 designul \u0219i mesajul sunt men\u021binute la cele mai \u00eenalte standarde. Dac\u0103 dori\u021bi s\u0103 ad\u0103uga\u021bi un cadou suplimentar sau un articol din categoria <strong data-start=\"2835\" data-end=\"2846\">GIFTURI<\/strong>, acesta poate fi comandat separat.<\/p>\n<h3 class=\"\" data-start=\"2883\" data-end=\"2927\"><strong data-start=\"2887\" data-end=\"2927\">Cum s\u0103 comanda\u021bi Coroana Funerar\u0103 \ud83c\udf37<\/strong><\/h3>\n<p class=\"\" data-start=\"2929\" data-end=\"3224\">Pentru a comanda <strong data-start=\"2946\" data-end=\"2966\">Coroana Funerar\u0103<\/strong>, accesa\u021bi <a class=\"\" href=\"https:\/\/www.instagram.com\/araflowers.ro\/\" target=\"_new\" rel=\"noopener\" data-start=\"2977\" data-end=\"3047\">Instagram : @araflowers.ro<\/a> sau <a class=\"\" href=\"https:\/\/araflowers.ro\/en\/\" target=\"_new\" rel=\"noopener\" data-start=\"3052\" data-end=\"3091\">araflowers.ro<\/a>. Echipa noastr\u0103 de la <strong data-start=\"3114\" data-end=\"3129\">ARA Flowers<\/strong> este aici pentru a v\u0103 ajuta s\u0103 crea\u021bi un omagiu plin de respect \u0219i frumuse\u021be pentru cei dragi.<\/p>\n<hr class=\"\" data-start=\"3226\" data-end=\"3229\" \/>","protected":false},"featured_media":2134,"template":"","meta":{"ocean_post_layout":"full-screen","ocean_both_sidebars_style":"","ocean_both_sidebars_content_width":0,"ocean_both_sidebars_sidebars_width":0,"ocean_sidebar":"0","ocean_second_sidebar":"0","ocean_disable_margins":"enable","ocean_add_body_class":"","ocean_shortcode_before_top_bar":"","ocean_shortcode_after_top_bar":"","ocean_shortcode_before_header":"","ocean_shortcode_after_header":"","ocean_has_shortcode":"","ocean_shortcode_after_title":"","ocean_shortcode_before_footer_widgets":"","ocean_shortcode_after_footer_widgets":"","ocean_shortcode_before_footer_bottom":"","ocean_shortcode_after_footer_bottom":"","ocean_display_top_bar":"default","ocean_display_header":"default","ocean_header_style":"","ocean_center_header_left_menu":"0","ocean_custom_header_template":"0","ocean_custom_logo":0,"ocean_custom_retina_logo":0,"ocean_custom_logo_max_width":0,"ocean_custom_logo_tablet_max_width":0,"ocean_custom_logo_mobile_max_width":0,"ocean_custom_logo_max_height":0,"ocean_custom_logo_tablet_max_height":0,"ocean_custom_logo_mobile_max_height":0,"ocean_header_custom_menu":"0","ocean_menu_typo_font_family":"0","ocean_menu_typo_font_subset":"","ocean_menu_typo_font_size":0,"ocean_menu_typo_font_size_tablet":0,"ocean_menu_typo_font_size_mobile":0,"ocean_menu_typo_font_size_unit":"px","ocean_menu_typo_font_weight":"","ocean_menu_typo_font_weight_tablet":"","ocean_menu_typo_font_weight_mobile":"","ocean_menu_typo_transform":"","ocean_menu_typo_transform_tablet":"","ocean_menu_typo_transform_mobile":"","ocean_menu_typo_line_height":0,"ocean_menu_typo_line_height_tablet":0,"ocean_menu_typo_line_height_mobile":0,"ocean_menu_typo_line_height_unit":"","ocean_menu_typo_spacing":0,"ocean_menu_typo_spacing_tablet":0,"ocean_menu_typo_spacing_mobile":0,"ocean_menu_typo_spacing_unit":"","ocean_menu_link_color":"","ocean_menu_link_color_hover":"","ocean_menu_link_color_active":"","ocean_menu_link_background":"","ocean_menu_link_hover_background":"","ocean_menu_link_active_background":"","ocean_menu_social_links_bg":"","ocean_menu_social_hover_links_bg":"","ocean_menu_social_links_color":"","ocean_menu_social_hover_links_color":"","ocean_disable_title":"default","ocean_disable_heading":"default","ocean_post_title":"","ocean_post_subheading":"","ocean_post_title_style":"","ocean_post_title_background_color":"","ocean_post_title_background":0,"ocean_post_title_bg_image_position":"","ocean_post_title_bg_image_attachment":"","ocean_post_title_bg_image_repeat":"","ocean_post_title_bg_image_size":"","ocean_post_title_height":0,"ocean_post_title_bg_overlay":0.5,"ocean_post_title_bg_overlay_color":"","ocean_disable_breadcrumbs":"default","ocean_breadcrumbs_color":"","ocean_breadcrumbs_separator_color":"","ocean_breadcrumbs_links_color":"","ocean_breadcrumbs_links_hover_color":"","ocean_display_footer_widgets":"default","ocean_display_footer_bottom":"default","ocean_custom_footer_template":"0"},"product_brand":[],"product_cat":[47],"product_tag":[],"class_list":{"0":"post-2130","1":"product","2":"type-product","3":"status-publish","4":"has-post-thumbnail","6":"product_cat-coroane-funerare","8":"entry","9":"has-media","11":"first","12":"instock","13":"taxable","14":"shipping-taxable","15":"purchasable","16":"product-type-variable","17":"has-product-nav","18":"col","19":"span_1_of_3","20":"owp-content-center","21":"item-entry","22":"owp-thumbs-layout-horizontal","23":"owp-btn-normal","24":"owp-tabs-layout-horizontal"},"_links":{"self":[{"href":"https:\/\/araflowers.ro\/en\/wp-json\/wp\/v2\/product\/2130","targetHints":{"allow":["GET"]}}],"collection":[{"href":"https:\/\/araflowers.ro\/en\/wp-json\/wp\/v2\/product"}],"about":[{"href":"https:\/\/araflowers.ro\/en\/wp-json\/wp\/v2\/types\/product"}],"wp:featuredmedia":[{"embeddable":true,"href":"https:\/\/araflowers.ro\/en\/wp-json\/wp\/v2\/media\/2134"}],"wp:attachment":[{"href":"https:\/\/araflowers.ro\/en\/wp-json\/wp\/v2\/media?parent=2130"}],"wp:term":[{"taxonomy":"product_brand","embeddable":true,"href":"https:\/\/araflowers.ro\/en\/wp-json\/wp\/v2\/product_brand?post=2130"},{"taxonomy":"product_cat","embeddable":true,"href":"https:\/\/araflowers.ro\/en\/wp-json\/wp\/v2\/product_cat?post=2130"},{"taxonomy":"product_tag","embeddable":true,"href":"https:\/\/araflowers.ro\/en\/wp-json\/wp\/v2\/product_tag?post=2130"}],"curies":[{"name":"wp","href":"https:\/\/api.w.org\/{rel}","templated":true}]}}