{"id":1931,"date":"2023-02-23T12:18:19","date_gmt":"2023-02-23T12:18:19","guid":{"rendered":"https:\/\/araflowers.ro\/?post_type=product&#038;p=1931"},"modified":"2026-02-26T12:38:14","modified_gmt":"2026-02-26T12:38:14","slug":"buchet-25-50-100-trandafiri-albi","status":"publish","type":"product","link":"https:\/\/araflowers.ro\/en\/product\/buchet-25-50-100-trandafiri-albi\/","title":{"rendered":"Buchet 25\/50\/100 trandafiri albi"},"content":{"rendered":"<h3 class=\"\" data-start=\"72\" data-end=\"152\">Buchet 25\/50\/100 trandafiri albi \u2013 Frumuse\u021bea purit\u0103\u021bii \u00een fiecare petal\u0103 \ud83c\udf39<\/h3>\n<p class=\"\" data-start=\"154\" data-end=\"606\">C\u00e2nd vrei s\u0103 oferi un cadou cu adev\u0103rat special, <strong data-start=\"203\" data-end=\"234\">buchetul cu trandafiri albi<\/strong> este alegerea perfect\u0103. Aceste flori reprezint\u0103 puritatea, elegan\u021ba \u0219i iubirea sincer\u0103, fiind ideale pentru momentele importante din via\u021ba ta \u0219i pentru a exprima cele mai profunde sentimente. Fie c\u0103 alegi un <strong data-start=\"443\" data-end=\"457\">buchet mic<\/strong> de 25 de trandafiri, un <strong data-start=\"482\" data-end=\"498\">buchet mediu<\/strong> de 50 de trandafiri sau un <strong data-start=\"526\" data-end=\"541\">buchet mare<\/strong> de 100 de trandafiri, acest cadou va l\u0103sa o impresie de neuitat.<\/p>\n<h3 class=\"\" data-start=\"608\" data-end=\"638\">Livrare rapid\u0103 \u0219i gratuit\u0103<\/h3>\n<p class=\"\" data-start=\"640\" data-end=\"929\">\u00cen plus, cu <strong data-start=\"652\" data-end=\"667\">ARA Flowers<\/strong>, te bucuri de livrare rapid\u0103, gratuit\u0103 \u00een <strong data-start=\"710\" data-end=\"725\">Cluj-Napoca<\/strong>, prin curieri proprii, pentru a te asigura c\u0103 florile ajung \u00een cele mai bune condi\u021bii. Fiecare buchet include o felicitare personalizat\u0103, scris\u0103 caligrafic, pentru a ad\u0103uga o not\u0103 special\u0103 mesajului t\u0103u.<\/p>\n<p class=\"\" data-start=\"931\" data-end=\"1078\">Este u\u0219or s\u0103 comanzi! Viziteaz\u0103 <a class=\"\" href=\"https:\/\/www.instagram.com\/araflowers.ro\/\" target=\"_new\" rel=\"noopener\" data-start=\"963\" data-end=\"1033\">Instagram : @araflowers.ro<\/a> sau <a class=\"\" href=\"https:\/\/araflowers.ro\/en\/\" target=\"_new\" rel=\"noopener\" data-start=\"1038\" data-end=\"1077\">araflowers.ro<\/a>.<\/p>","protected":false},"excerpt":{"rendered":"<ul>\n<li>\n<h3 class=\"\" data-start=\"1109\" data-end=\"1176\">Buchet 25\/50\/100 trandafiri albi \u2013 Elegan\u021ba purit\u0103\u021bii \u00een dar \ud83c\udf39<\/h3>\n<p class=\"\" data-start=\"1178\" data-end=\"1587\">Trandafirii albi au fost \u00eentotdeauna simboluri de puritate, frumuse\u021be \u0219i iubire sincer\u0103. Fie c\u0103 s\u0103rb\u0103tori\u021bi o aniversare, o zi special\u0103 sau pur \u0219i simplu dori\u021bi s\u0103 ar\u0103ta\u021bi cuiva drag c\u00e2t de mult \u00eenseamn\u0103 pentru voi, un <strong data-start=\"1397\" data-end=\"1426\">buchet de trandafiri albi<\/strong> este o alegere perfect\u0103. La <strong data-start=\"1455\" data-end=\"1470\">ARA Flowers<\/strong>, fiecare buchet este realizat cu aten\u021bie \u0219i grij\u0103 pentru a aduce bucurie \u0219i emo\u021bie \u00een via\u021ba celui care \u00eel prime\u0219te.<\/p>\n<p class=\"\" data-start=\"1589\" data-end=\"1860\">Indiferent de dimensiunea aleas\u0103, fie c\u0103 este un <strong data-start=\"1638\" data-end=\"1652\">buchet mic<\/strong> cu 25 de trandafiri, un <strong data-start=\"1677\" data-end=\"1693\">buchet mediu<\/strong> cu 50 de trandafiri sau un <strong data-start=\"1721\" data-end=\"1736\">buchet mare<\/strong> cu 100 de trandafiri albi, fiecare floare este aleas\u0103 cu mare grij\u0103 pentru a reflecta simbolismul iubirii pure \u0219i elegante.<\/p>\n<h3 class=\"\" data-start=\"1862\" data-end=\"1908\">Tradi\u021bia \u0219i simbolismul trandafirilor albi<\/h3>\n<p class=\"\" data-start=\"1910\" data-end=\"2235\">Trandafirii albi sunt adesea considera\u021bi simboluri ale iubirii necondi\u021bionate \u0219i ale respectului sincer. \u00cen tradi\u021bia floristic\u0103, ace\u0219tia sunt adesea folosi\u021bi pentru a transmite mesaje de pace, \u00eencredere \u0219i loialitate. Indiferent de ocazie, <strong data-start=\"2150\" data-end=\"2181\">buchetul cu trandafiri albi<\/strong> este ideal pentru a exprima cele mai pure sentimente.<\/p>\n<p class=\"\" data-start=\"2237\" data-end=\"2508\">De asemenea, trandafirii albi sunt perfecti pentru momentele romantice, fiind adesea ale\u0219i pentru nun\u021bi, anivers\u0103ri sau alte evenimente speciale. Fiecare trandafir din acest buchet este o dovad\u0103 a frumuse\u021bii \u0219i a cur\u0103\u021beniei sentimentelor care te leag\u0103 de persoana iubit\u0103.<\/p>\n<h3 class=\"\" data-start=\"2510\" data-end=\"2558\">Personalizarea buchetului cu trandafiri albi<\/h3>\n<p class=\"\" data-start=\"2560\" data-end=\"2873\">La <strong data-start=\"2563\" data-end=\"2578\">ARA Flowers<\/strong>, \u00ee\u021bi oferim posibilitatea de a personaliza <strong data-start=\"2622\" data-end=\"2653\">buchetul cu trandafiri albi<\/strong> pentru a se potrivi perfect cu ocazia \u0219i persoana c\u0103reia \u00eei este destinat. Po\u021bi alege dimensiunea buchetului (25, 50 sau 100 de trandafiri) \u00een func\u021bie de importan\u021ba momentului \u0219i de impresia pe care dore\u0219ti s\u0103 o la\u0219i.<\/p>\n<p class=\"\" data-start=\"2875\" data-end=\"3159\">De asemenea, <strong data-start=\"2888\" data-end=\"2916\">felicitarea caligrafiat\u0103<\/strong> este inclus\u0103 \u00een pre\u021b, iar tu po\u021bi alege un mesaj personalizat pentru a face buchetul \u0219i mai special. Dac\u0103 vrei ca buchetul s\u0103 fie un cadou deosebit, po\u021bi ad\u0103uga \u0219i un <strong data-start=\"3084\" data-end=\"3092\">gift<\/strong> din categoria noastr\u0103 de GIFTURI.<\/p>\n<h3 class=\"\" data-start=\"3161\" data-end=\"3206\">Livrare rapid\u0103 \u0219i gratuit\u0103 \u00een Cluj-Napoca<\/h3>\n<p class=\"\" data-start=\"3208\" data-end=\"3473\">Unul dintre beneficiile importante ale colabor\u0103rii cu <strong data-start=\"3262\" data-end=\"3277\">ARA Flowers<\/strong> este livrarea rapid\u0103 \u0219i gratuit\u0103 \u00een <strong data-start=\"3314\" data-end=\"3329\">Cluj-Napoca<\/strong>. Florile sunt livrate direct la destinatar \u00een aproximativ <strong data-start=\"3388\" data-end=\"3397\">3 ore<\/strong>, ceea ce \u00ee\u021bi garanteaz\u0103 c\u0103 buchetul va ajunge la timp \u0219i \u00een stare perfect\u0103.<\/p>\n<p class=\"\" data-start=\"3475\" data-end=\"3741\">Florile sunt transportate cu grij\u0103 de curierii no\u0219tri, care sunt instrui\u021bi s\u0103 se asigure c\u0103 fiecare buchet ajunge \u00een cele mai bune condi\u021bii. De asemenea, comenziile efectuate dup\u0103 ora 17:00 vor fi livrate a doua zi, astfel \u00eenc\u00e2t s\u0103 nu pierzi niciun moment important.<\/p>\n<h3 class=\"\" data-start=\"3743\" data-end=\"3779\">Un cadou care r\u0103m\u00e2ne \u00een amintire<\/h3>\n<p class=\"\" data-start=\"3781\" data-end=\"4152\"><strong data-start=\"3781\" data-end=\"3819\">Buchetul 25\/50\/100 trandafiri albi<\/strong> este o alegere minunat\u0103 pentru orice ocazie, deoarece simbolizeaz\u0103 iubirea \u0219i respectul necondi\u021bionat. C\u00e2nd oferi un astfel de buchet, nu doar c\u0103 d\u0103ruie\u0219ti flori, dar \u0219i un sentiment puternic de apreciere. Acesta poate fi oferit unei iubiri, unei mame, unei prietene sau chiar unui coleg de munc\u0103, fiind un cadou elegant \u0219i delicat.<\/p>\n<p class=\"\" data-start=\"4154\" data-end=\"4317\">La <strong data-start=\"4157\" data-end=\"4172\">ARA Flowers<\/strong>, ne dorim s\u0103 facem din fiecare comand\u0103 o experien\u021b\u0103 de neuitat, iar fiecare buchet este creat cu toat\u0103 dragostea \u0219i pasiunea pentru floristic\u0103.<\/p>\n<h3 class=\"\" data-start=\"4319\" data-end=\"4376\">Cum s\u0103 comanzi <strong data-start=\"4338\" data-end=\"4376\">buchetul 25\/50\/100 trandafiri albi<\/strong><\/h3>\n<p class=\"\" data-start=\"4378\" data-end=\"4677\">Este u\u0219or s\u0103 comanzi <strong data-start=\"4399\" data-end=\"4430\">buchetul cu trandafiri albi<\/strong>. Po\u021bi accesa site-ul nostru oficial <a class=\"\" href=\"https:\/\/araflowers.ro\/en\/\" target=\"_new\" rel=\"noopener\" data-start=\"4467\" data-end=\"4506\">araflowers.ro<\/a> sau pagina noastr\u0103 de <a class=\"\" href=\"https:\/\/www.instagram.com\/araflowers.ro\/\" target=\"_new\" rel=\"noopener\" data-start=\"4529\" data-end=\"4599\">Instagram : @araflowers.ro<\/a>, unde vei g\u0103si toate detaliile necesare pentru a-\u021bi comanda buchetul perfect.<\/p>\n<h3 class=\"\" data-start=\"4679\" data-end=\"4714\">De ce s\u0103 alegi <strong data-start=\"4698\" data-end=\"4713\">ARA Flowers<\/strong>?<\/h3>\n<ul data-start=\"4716\" data-end=\"5068\">\n<li class=\"\" data-start=\"4716\" data-end=\"4792\">\n<p class=\"\" data-start=\"4718\" data-end=\"4792\"><strong data-start=\"4718\" data-end=\"4745\">Personalizare complet\u0103:<\/strong> Alege dimensiunea buchetului \u0219i mesajul dorit.<\/p>\n<\/li>\n<li class=\"\" data-start=\"4793\" data-end=\"4882\">\n<p class=\"\" data-start=\"4795\" data-end=\"4882\"><strong data-start=\"4795\" data-end=\"4826\">Livrare rapid\u0103 \u0219i gratuit\u0103:<\/strong> Buchetul va ajunge \u00een aproximativ 3 ore \u00een Cluj-Napoca.<\/p>\n<\/li>\n<li class=\"\" data-start=\"4883\" data-end=\"4966\">\n<p class=\"\" data-start=\"4885\" data-end=\"4966\"><strong data-start=\"4885\" data-end=\"4909\">Calitate superioar\u0103:<\/strong> Trandafiri de cea mai bun\u0103 calitate, selecta\u021bi cu grij\u0103.<\/p>\n<\/li>\n<li class=\"\" data-start=\"4967\" data-end=\"5068\">\n<p class=\"\" data-start=\"4969\" data-end=\"5068\"><strong data-start=\"4969\" data-end=\"4992\">Serviciu prietenos:<\/strong> Suntem o echip\u0103 de arti\u0219ti florali care \u00ee\u0219i pun pasiunea \u00een fiecare buchet.<\/p>\n<\/li>\n<\/ul>\n<\/li>\n<\/ul>","protected":false},"featured_media":1935,"template":"","meta":{"ocean_post_layout":"full-screen","ocean_both_sidebars_style":"","ocean_both_sidebars_content_width":0,"ocean_both_sidebars_sidebars_width":0,"ocean_sidebar":"0","ocean_second_sidebar":"0","ocean_disable_margins":"enable","ocean_add_body_class":"","ocean_shortcode_before_top_bar":"","ocean_shortcode_after_top_bar":"","ocean_shortcode_before_header":"","ocean_shortcode_after_header":"","ocean_has_shortcode":"","ocean_shortcode_after_title":"","ocean_shortcode_before_footer_widgets":"","ocean_shortcode_after_footer_widgets":"","ocean_shortcode_before_footer_bottom":"","ocean_shortcode_after_footer_bottom":"","ocean_display_top_bar":"default","ocean_display_header":"default","ocean_header_style":"","ocean_center_header_left_menu":"0","ocean_custom_header_template":"0","ocean_custom_logo":0,"ocean_custom_retina_logo":0,"ocean_custom_logo_max_width":0,"ocean_custom_logo_tablet_max_width":0,"ocean_custom_logo_mobile_max_width":0,"ocean_custom_logo_max_height":0,"ocean_custom_logo_tablet_max_height":0,"ocean_custom_logo_mobile_max_height":0,"ocean_header_custom_menu":"0","ocean_menu_typo_font_family":"0","ocean_menu_typo_font_subset":"","ocean_menu_typo_font_size":0,"ocean_menu_typo_font_size_tablet":0,"ocean_menu_typo_font_size_mobile":0,"ocean_menu_typo_font_size_unit":"px","ocean_menu_typo_font_weight":"","ocean_menu_typo_font_weight_tablet":"","ocean_menu_typo_font_weight_mobile":"","ocean_menu_typo_transform":"","ocean_menu_typo_transform_tablet":"","ocean_menu_typo_transform_mobile":"","ocean_menu_typo_line_height":0,"ocean_menu_typo_line_height_tablet":0,"ocean_menu_typo_line_height_mobile":0,"ocean_menu_typo_line_height_unit":"","ocean_menu_typo_spacing":0,"ocean_menu_typo_spacing_tablet":0,"ocean_menu_typo_spacing_mobile":0,"ocean_menu_typo_spacing_unit":"","ocean_menu_link_color":"","ocean_menu_link_color_hover":"","ocean_menu_link_color_active":"","ocean_menu_link_background":"","ocean_menu_link_hover_background":"","ocean_menu_link_active_background":"","ocean_menu_social_links_bg":"","ocean_menu_social_hover_links_bg":"","ocean_menu_social_links_color":"","ocean_menu_social_hover_links_color":"","ocean_disable_title":"default","ocean_disable_heading":"default","ocean_post_title":"","ocean_post_subheading":"","ocean_post_title_style":"","ocean_post_title_background_color":"","ocean_post_title_background":0,"ocean_post_title_bg_image_position":"","ocean_post_title_bg_image_attachment":"","ocean_post_title_bg_image_repeat":"","ocean_post_title_bg_image_size":"","ocean_post_title_height":0,"ocean_post_title_bg_overlay":0.5,"ocean_post_title_bg_overlay_color":"","ocean_disable_breadcrumbs":"default","ocean_breadcrumbs_color":"","ocean_breadcrumbs_separator_color":"","ocean_breadcrumbs_links_color":"","ocean_breadcrumbs_links_hover_color":"","ocean_display_footer_widgets":"default","ocean_display_footer_bottom":"default","ocean_custom_footer_template":"0"},"product_brand":[],"product_cat":[187,23],"product_tag":[],"class_list":{"0":"post-1931","1":"product","2":"type-product","3":"status-publish","4":"has-post-thumbnail","6":"product_cat-1-8-martie","7":"product_cat-buchete","9":"entry","10":"has-media","12":"first","13":"instock","14":"taxable","15":"shipping-taxable","16":"purchasable","17":"product-type-variable","18":"has-product-nav","19":"col","20":"span_1_of_3","21":"owp-content-center","22":"item-entry","23":"owp-thumbs-layout-horizontal","24":"owp-btn-normal","25":"owp-tabs-layout-horizontal","26":"has-no-thumbnails"},"_links":{"self":[{"href":"https:\/\/araflowers.ro\/en\/wp-json\/wp\/v2\/product\/1931","targetHints":{"allow":["GET"]}}],"collection":[{"href":"https:\/\/araflowers.ro\/en\/wp-json\/wp\/v2\/product"}],"about":[{"href":"https:\/\/araflowers.ro\/en\/wp-json\/wp\/v2\/types\/product"}],"wp:featuredmedia":[{"embeddable":true,"href":"https:\/\/araflowers.ro\/en\/wp-json\/wp\/v2\/media\/1935"}],"wp:attachment":[{"href":"https:\/\/araflowers.ro\/en\/wp-json\/wp\/v2\/media?parent=1931"}],"wp:term":[{"taxonomy":"product_brand","embeddable":true,"href":"https:\/\/araflowers.ro\/en\/wp-json\/wp\/v2\/product_brand?post=1931"},{"taxonomy":"product_cat","embeddable":true,"href":"https:\/\/araflowers.ro\/en\/wp-json\/wp\/v2\/product_cat?post=1931"},{"taxonomy":"product_tag","embeddable":true,"href":"https:\/\/araflowers.ro\/en\/wp-json\/wp\/v2\/product_tag?post=1931"}],"curies":[{"name":"wp","href":"https:\/\/api.w.org\/{rel}","templated":true}]}}