{"id":1926,"date":"2023-02-23T12:16:56","date_gmt":"2023-02-23T12:16:56","guid":{"rendered":"https:\/\/araflowers.ro\/?post_type=product&#038;p=1926"},"modified":"2026-02-26T12:38:41","modified_gmt":"2026-02-26T12:38:41","slug":"buchet-25-50-100-lalele-roz","status":"publish","type":"product","link":"https:\/\/araflowers.ro\/en\/product\/buchet-25-50-100-lalele-roz\/","title":{"rendered":"Buchet 25\/50\/100 lalele roz"},"content":{"rendered":"<h3 class=\"\" data-start=\"67\" data-end=\"132\">Buchet 25\/50\/100 lalele roz \u2013 Frumuse\u021bea prim\u0103verii \u00een dar \ud83c\udf38<\/h3>\n<p class=\"\" data-start=\"134\" data-end=\"467\">Lalelele roz sunt un simbol al delicatului \u0219i al iubirii sincere, iar un <strong data-start=\"207\" data-end=\"231\">buchet de lalele roz<\/strong> este cadoul perfect pentru orice ocazie special\u0103. Alegerea unui <strong data-start=\"296\" data-end=\"310\">buchet mic<\/strong> cu 25 de lalele, un <strong data-start=\"331\" data-end=\"347\">buchet mediu<\/strong> cu 50 de lalele sau un <strong data-start=\"371\" data-end=\"386\">buchet mare<\/strong> cu 100 de lalele roz va ad\u0103uga un strop de culoare \u0219i prospe\u021bime oric\u0103rei zile.<\/p>\n<h3 class=\"\" data-start=\"469\" data-end=\"499\">Livrare rapid\u0103 \u0219i gratuit\u0103<\/h3>\n<p class=\"\" data-start=\"501\" data-end=\"758\">La <strong data-start=\"504\" data-end=\"519\">ARA Flowers<\/strong>, livrarea este gratuit\u0103 \u00een <strong data-start=\"547\" data-end=\"562\">Cluj-Napoca<\/strong>, iar florile sunt transportate de curieri proprii, garant\u00e2ndu-se c\u0103 vor ajunge \u00een cele mai bune condi\u021bii. \u00cen plus, fiecare buchet include o felicitare caligrafic\u0103 personalizat\u0103, scris\u0103 cu grij\u0103.<\/p>\n<p class=\"\" data-start=\"760\" data-end=\"901\">Pentru comenzi, viziteaz\u0103 <a class=\"\" href=\"https:\/\/www.instagram.com\/araflowers.ro\/\" target=\"_new\" rel=\"noopener\" data-start=\"786\" data-end=\"856\">Instagram : @araflowers.ro<\/a> sau <a class=\"\" href=\"https:\/\/araflowers.ro\/en\/\" target=\"_new\" rel=\"noopener\" data-start=\"861\" data-end=\"900\">araflowers.ro<\/a>.<\/p>","protected":false},"excerpt":{"rendered":"<ul>\n<li>\n<h3 class=\"\" data-start=\"932\" data-end=\"996\">Buchet 25\/50\/100 lalele roz \u2013 Ofer\u0103 un strop de prim\u0103var\u0103 \ud83c\udf38<\/h3>\n<p class=\"\" data-start=\"998\" data-end=\"1490\"><strong data-start=\"998\" data-end=\"1014\">Lalelele roz<\/strong> sunt flori delicate, care aduc un strop de prim\u0103var\u0103 \u00een orice \u00eenc\u0103pere. Aceste flori sunt simboluri ale iubirii sincere, ale gra\u021biei \u0219i ale frumuse\u021bii ne\u00eentrecute. Dac\u0103 vrei s\u0103 aduci un z\u00e2mbet pe chipul cuiva drag, un <strong data-start=\"1233\" data-end=\"1257\">buchet cu lalele roz<\/strong> va fi \u00eentotdeauna o alegere potrivit\u0103. Fie c\u0103 alegi un <strong data-start=\"1313\" data-end=\"1327\">buchet mic<\/strong> de 25 de lalele, un <strong data-start=\"1348\" data-end=\"1364\">buchet mediu<\/strong> de 50 de lalele sau un <strong data-start=\"1388\" data-end=\"1403\">buchet mare<\/strong> de 100 de lalele, fiecare floare va ad\u0103uga un strop de culoare \u0219i elegan\u021b\u0103 momentului.<\/p>\n<h3 class=\"\" data-start=\"1492\" data-end=\"1522\">Simbolistica lalelelor roz<\/h3>\n<p class=\"\" data-start=\"1524\" data-end=\"1875\">Lalelele roz sunt flori care simbolizeaz\u0103 iubirea sincer\u0103 \u0219i respectul profund. \u00cen tradi\u021bia floristic\u0103, acestea sunt adesea oferite celor dragi pentru a exprima sentimente de afec\u021biune \u0219i apreciere. Fie c\u0103 le oferi cu ocazia unei anivers\u0103ri, unui cadou romantic sau ca un gest de mul\u021bumire, <strong data-start=\"1815\" data-end=\"1841\">buchetul de lalele roz<\/strong> va transmite cuvinte neexprimate.<\/p>\n<p class=\"\" data-start=\"1877\" data-end=\"2089\">Aceast\u0103 floare este un cadou perfect pentru orice ocazie, iar versatilitatea sa face ca lalelele roz s\u0103 fie potrivite pentru toate tipurile de rela\u021bii, de la cele romantice, p\u00e2n\u0103 la cele de prietenie sau familie.<\/p>\n<h3 class=\"\" data-start=\"2091\" data-end=\"2125\">Alegerea dimensiunii potrivite<\/h3>\n<p class=\"\" data-start=\"2127\" data-end=\"2246\">La <strong data-start=\"2130\" data-end=\"2145\">ARA Flowers<\/strong>, \u00ee\u021bi oferim trei op\u021biuni de <strong data-start=\"2174\" data-end=\"2198\">buchet cu lalele roz<\/strong>, pentru a te potrivi cu orice ocazie sau buget:<\/p>\n<ul data-start=\"2248\" data-end=\"2359\">\n<li class=\"\" data-start=\"2248\" data-end=\"2283\">\n<p class=\"\" data-start=\"2250\" data-end=\"2283\"><strong data-start=\"2250\" data-end=\"2264\">Buchet mic<\/strong> \u2013 25 de lalele roz<\/p>\n<\/li>\n<li class=\"\" data-start=\"2284\" data-end=\"2321\">\n<p class=\"\" data-start=\"2286\" data-end=\"2321\"><strong data-start=\"2286\" data-end=\"2302\">Buchet mediu<\/strong> \u2013 50 de lalele roz<\/p>\n<\/li>\n<li class=\"\" data-start=\"2322\" data-end=\"2359\">\n<p class=\"\" data-start=\"2324\" data-end=\"2359\"><strong data-start=\"2324\" data-end=\"2339\">Buchet mare<\/strong> \u2013 100 de lalele roz<\/p>\n<\/li>\n<\/ul>\n<p class=\"\" data-start=\"2361\" data-end=\"2523\">Fiecare dimensiune este realizat\u0103 cu acela\u0219i nivel de grij\u0103 \u0219i aten\u021bie la detalii, pentru a oferi un buchet perfect, care va impresiona persoana care \u00eel prime\u0219te.<\/p>\n<h3 class=\"\" data-start=\"2525\" data-end=\"2555\">Livrare rapid\u0103 \u0219i gratuit\u0103<\/h3>\n<p class=\"\" data-start=\"2557\" data-end=\"2920\"><strong data-start=\"2557\" data-end=\"2572\">ARA Flowers<\/strong> se asigur\u0103 c\u0103 florile tale ajung \u00een cele mai bune condi\u021bii. Beneficiezi de <strong data-start=\"2648\" data-end=\"2683\">livrare gratuit\u0103 \u00een Cluj-Napoca<\/strong>\u0219i de un serviciu rapid \u2013 florile sunt livrate \u00een aproximativ <strong data-start=\"2746\" data-end=\"2755\">3 ore<\/strong>. Acest serviciu este oferit prin curieri proprii, care sunt instrui\u021bi s\u0103 transporte florile cu grij\u0103 \u0219i s\u0103 asigure c\u0103 ajung \u00een cele mai bune condi\u021bii la destinatar.<\/p>\n<p class=\"\" data-start=\"2922\" data-end=\"3088\">De asemenea, comenziile plasate dup\u0103 ora 17:00 vor fi livrate a doua zi, astfel \u00eenc\u00e2t s\u0103 te po\u021bi bucura de florile tale la timp, indiferent de ora la care le comanzi.<\/p>\n<h3 class=\"\" data-start=\"3090\" data-end=\"3133\">Personalizare \u0219i felicitare caligrafic\u0103<\/h3>\n<p class=\"\" data-start=\"3135\" data-end=\"3464\">Fiecare <strong data-start=\"3143\" data-end=\"3167\">buchet de lalele roz<\/strong> comandat de la <strong data-start=\"3183\" data-end=\"3198\">ARA Flowers<\/strong> include o felicitare caligrafic\u0103 personalizat\u0103. Alege mesajul pe care \u00eel dore\u0219ti \u0219i noi \u00eel vom scrie cu grij\u0103, pentru a ad\u0103uga o not\u0103 special\u0103 \u0219i personal\u0103 buchetului t\u0103u. Acest detaliu face ca buchetul s\u0103 fie nu doar un cadou de flori, ci \u0219i o amintire de neuitat.<\/p>\n<h3 class=\"\" data-start=\"3466\" data-end=\"3504\">Un cadou ideal pentru orice ocazie<\/h3>\n<p class=\"\" data-start=\"3506\" data-end=\"3587\"><strong data-start=\"3506\" data-end=\"3532\">Buchetul de lalele roz<\/strong> este perfect pentru o gam\u0103 larg\u0103 de ocazii, cum ar fi:<\/p>\n<ul data-start=\"3589\" data-end=\"4018\">\n<li class=\"\" data-start=\"3589\" data-end=\"3675\">\n<p class=\"\" data-start=\"3591\" data-end=\"3675\"><strong data-start=\"3591\" data-end=\"3605\">Anivers\u0103ri<\/strong> \u2013 Ofer\u0103 lalele roz pentru a s\u0103rb\u0103tori iubirea \u0219i leg\u0103turile speciale.<\/p>\n<\/li>\n<li class=\"\" data-start=\"3676\" data-end=\"3775\">\n<p class=\"\" data-start=\"3678\" data-end=\"3775\"><strong data-start=\"3678\" data-end=\"3692\">Ziua Mamei<\/strong> \u2013 Lalelele sunt cadouri excelente pentru a exprima aprecierea fa\u021b\u0103 de mamele tale.<\/p>\n<\/li>\n<li class=\"\" data-start=\"3776\" data-end=\"3887\">\n<p class=\"\" data-start=\"3778\" data-end=\"3887\"><strong data-start=\"3778\" data-end=\"3800\">Cadou de prim\u0103var\u0103<\/strong> \u2013 Adaug\u0103 un strop de culoare \u0219i prospe\u021bime \u00een via\u021ba cuiva drag cu un buchet de lalele.<\/p>\n<\/li>\n<li class=\"\" data-start=\"3888\" data-end=\"4018\">\n<p class=\"\" data-start=\"3890\" data-end=\"4018\"><strong data-start=\"3890\" data-end=\"3909\">Mesaj de iubire<\/strong> \u2013 Lalelele roz sunt adesea folosite pentru a exprima dragostea sincer\u0103 \u0219i aprecierea \u00een rela\u021biile romantice.<\/p>\n<\/li>\n<\/ul>\n<h3 class=\"\" data-start=\"4020\" data-end=\"4065\">Cum s\u0103 comanzi <strong data-start=\"4039\" data-end=\"4065\">buchetul de lalele roz<\/strong><\/h3>\n<p class=\"\" data-start=\"4067\" data-end=\"4435\">Este simplu s\u0103 comanzi <strong data-start=\"4090\" data-end=\"4116\">buchetul de lalele roz<\/strong> de la <strong data-start=\"4123\" data-end=\"4138\">ARA Flowers<\/strong>. Viziteaz\u0103 <a class=\"\" href=\"https:\/\/www.instagram.com\/araflowers.ro\/\" target=\"_new\" rel=\"noopener\" data-start=\"4150\" data-end=\"4220\">Instagram : @araflowers.ro<\/a> sau <a class=\"\" href=\"https:\/\/araflowers.ro\/en\/\" target=\"_new\" rel=\"noopener\" data-start=\"4225\" data-end=\"4264\">araflowers.ro<\/a> \u0219i alege dimensiunea \u0219i mesajul dorit. Po\u021bi plasa comanda direct online, iar noi ne vom asigura c\u0103 florile ajung la tine sau la persoana iubit\u0103 \u00een cele mai bune condi\u021bii.<\/p>\n<h3 class=\"\" data-start=\"4437\" data-end=\"4471\">De ce s\u0103 alegi <strong data-start=\"4456\" data-end=\"4471\">ARA Flowers<\/strong><\/h3>\n<ul data-start=\"4473\" data-end=\"4833\">\n<li class=\"\" data-start=\"4473\" data-end=\"4573\">\n<p class=\"\" data-start=\"4475\" data-end=\"4573\"><strong data-start=\"4475\" data-end=\"4498\">Calitate garantat\u0103:<\/strong> Florile sunt selectate cu aten\u021bie pentru a garanta o experien\u021b\u0103 excelent\u0103.<\/p>\n<\/li>\n<li class=\"\" data-start=\"4574\" data-end=\"4658\">\n<p class=\"\" data-start=\"4576\" data-end=\"4658\"><strong data-start=\"4576\" data-end=\"4607\">Livrare rapid\u0103 \u0219i gratuit\u0103:<\/strong> Florile ajung \u00een aproximativ 3 ore \u00een Cluj-Napoca.<\/p>\n<\/li>\n<li class=\"\" data-start=\"4659\" data-end=\"4738\">\n<p class=\"\" data-start=\"4661\" data-end=\"4738\"><strong data-start=\"4661\" data-end=\"4688\">Personalizare complet\u0103:<\/strong> Alege dimensiunea, mesajul \u0219i detaliile cadoului.<\/p>\n<\/li>\n<li class=\"\" data-start=\"4739\" data-end=\"4833\">\n<p class=\"\" data-start=\"4741\" data-end=\"4833\"><strong data-start=\"4741\" data-end=\"4766\">Servicii prietenoase:<\/strong> Echipa noastr\u0103 se ocup\u0103 de fiecare comand\u0103 cu dragoste \u0219i pasiune.<\/p>\n<\/li>\n<\/ul>\n<\/li>\n<\/ul>","protected":false},"featured_media":1930,"template":"","meta":{"ocean_post_layout":"full-screen","ocean_both_sidebars_style":"","ocean_both_sidebars_content_width":0,"ocean_both_sidebars_sidebars_width":0,"ocean_sidebar":"0","ocean_second_sidebar":"0","ocean_disable_margins":"enable","ocean_add_body_class":"","ocean_shortcode_before_top_bar":"","ocean_shortcode_after_top_bar":"","ocean_shortcode_before_header":"","ocean_shortcode_after_header":"","ocean_has_shortcode":"","ocean_shortcode_after_title":"","ocean_shortcode_before_footer_widgets":"","ocean_shortcode_after_footer_widgets":"","ocean_shortcode_before_footer_bottom":"","ocean_shortcode_after_footer_bottom":"","ocean_display_top_bar":"default","ocean_display_header":"default","ocean_header_style":"","ocean_center_header_left_menu":"0","ocean_custom_header_template":"0","ocean_custom_logo":0,"ocean_custom_retina_logo":0,"ocean_custom_logo_max_width":0,"ocean_custom_logo_tablet_max_width":0,"ocean_custom_logo_mobile_max_width":0,"ocean_custom_logo_max_height":0,"ocean_custom_logo_tablet_max_height":0,"ocean_custom_logo_mobile_max_height":0,"ocean_header_custom_menu":"0","ocean_menu_typo_font_family":"0","ocean_menu_typo_font_subset":"","ocean_menu_typo_font_size":0,"ocean_menu_typo_font_size_tablet":0,"ocean_menu_typo_font_size_mobile":0,"ocean_menu_typo_font_size_unit":"px","ocean_menu_typo_font_weight":"","ocean_menu_typo_font_weight_tablet":"","ocean_menu_typo_font_weight_mobile":"","ocean_menu_typo_transform":"","ocean_menu_typo_transform_tablet":"","ocean_menu_typo_transform_mobile":"","ocean_menu_typo_line_height":0,"ocean_menu_typo_line_height_tablet":0,"ocean_menu_typo_line_height_mobile":0,"ocean_menu_typo_line_height_unit":"","ocean_menu_typo_spacing":0,"ocean_menu_typo_spacing_tablet":0,"ocean_menu_typo_spacing_mobile":0,"ocean_menu_typo_spacing_unit":"","ocean_menu_link_color":"","ocean_menu_link_color_hover":"","ocean_menu_link_color_active":"","ocean_menu_link_background":"","ocean_menu_link_hover_background":"","ocean_menu_link_active_background":"","ocean_menu_social_links_bg":"","ocean_menu_social_hover_links_bg":"","ocean_menu_social_links_color":"","ocean_menu_social_hover_links_color":"","ocean_disable_title":"default","ocean_disable_heading":"default","ocean_post_title":"","ocean_post_subheading":"","ocean_post_title_style":"","ocean_post_title_background_color":"","ocean_post_title_background":0,"ocean_post_title_bg_image_position":"","ocean_post_title_bg_image_attachment":"","ocean_post_title_bg_image_repeat":"","ocean_post_title_bg_image_size":"","ocean_post_title_height":0,"ocean_post_title_bg_overlay":0.5,"ocean_post_title_bg_overlay_color":"","ocean_disable_breadcrumbs":"default","ocean_breadcrumbs_color":"","ocean_breadcrumbs_separator_color":"","ocean_breadcrumbs_links_color":"","ocean_breadcrumbs_links_hover_color":"","ocean_display_footer_widgets":"default","ocean_display_footer_bottom":"default","ocean_custom_footer_template":"0"},"product_brand":[],"product_cat":[187,23],"product_tag":[],"class_list":{"0":"post-1926","1":"product","2":"type-product","3":"status-publish","4":"has-post-thumbnail","6":"product_cat-1-8-martie","7":"product_cat-buchete","9":"entry","10":"has-media","12":"first","13":"instock","14":"taxable","15":"shipping-taxable","16":"purchasable","17":"product-type-variable","18":"has-product-nav","19":"col","20":"span_1_of_3","21":"owp-content-center","22":"item-entry","23":"owp-thumbs-layout-horizontal","24":"owp-btn-normal","25":"owp-tabs-layout-horizontal","26":"has-no-thumbnails"},"_links":{"self":[{"href":"https:\/\/araflowers.ro\/en\/wp-json\/wp\/v2\/product\/1926","targetHints":{"allow":["GET"]}}],"collection":[{"href":"https:\/\/araflowers.ro\/en\/wp-json\/wp\/v2\/product"}],"about":[{"href":"https:\/\/araflowers.ro\/en\/wp-json\/wp\/v2\/types\/product"}],"wp:featuredmedia":[{"embeddable":true,"href":"https:\/\/araflowers.ro\/en\/wp-json\/wp\/v2\/media\/1930"}],"wp:attachment":[{"href":"https:\/\/araflowers.ro\/en\/wp-json\/wp\/v2\/media?parent=1926"}],"wp:term":[{"taxonomy":"product_brand","embeddable":true,"href":"https:\/\/araflowers.ro\/en\/wp-json\/wp\/v2\/product_brand?post=1926"},{"taxonomy":"product_cat","embeddable":true,"href":"https:\/\/araflowers.ro\/en\/wp-json\/wp\/v2\/product_cat?post=1926"},{"taxonomy":"product_tag","embeddable":true,"href":"https:\/\/araflowers.ro\/en\/wp-json\/wp\/v2\/product_tag?post=1926"}],"curies":[{"name":"wp","href":"https:\/\/api.w.org\/{rel}","templated":true}]}}