{"id":1920,"date":"2023-02-23T12:11:26","date_gmt":"2023-02-23T12:11:26","guid":{"rendered":"https:\/\/araflowers.ro\/?post_type=product&#038;p=1920"},"modified":"2026-02-26T12:38:58","modified_gmt":"2026-02-26T12:38:58","slug":"buchet-11-lalele","status":"publish","type":"product","link":"https:\/\/araflowers.ro\/en\/product\/buchet-11-lalele\/","title":{"rendered":"Buchet  lalele"},"content":{"rendered":"<h3 class=\"\" data-start=\"53\" data-end=\"116\">Buchet lalele \u2013 Elegan\u021b\u0103 \u0219i prospe\u021bime \u00een fiecare floare \ud83c\udf37<\/h3>\n<p class=\"\" data-start=\"118\" data-end=\"592\">Lalelele sunt flori delicate \u0219i elegante, perfecte pentru orice ocazie. Fie c\u0103 alegi un <strong data-start=\"206\" data-end=\"220\">buchet mic<\/strong> cu 25 de lalele, un <strong data-start=\"241\" data-end=\"257\">buchet mediu<\/strong> cu 50 de lalele sau un <strong data-start=\"281\" data-end=\"296\">buchet mare<\/strong> cu 100 de lalele, acestea vor ad\u0103uga o not\u0103 de prospe\u021bime \u0219i culoare zilei tale. Lalelele sunt simboluri ale iubirii \u0219i respectului \u0219i sunt un cadou ideal pentru o gam\u0103 larg\u0103 de ocazii, cum ar fi anivers\u0103ri, zile de na\u0219tere sau chiar pentru a-\u021bi exprima sentimentele fa\u021b\u0103 de o persoan\u0103 drag\u0103. \ud83c\udf38<\/p>\n<h3 class=\"\" data-start=\"594\" data-end=\"624\">Livrare rapid\u0103 \u0219i gratuit\u0103<\/h3>\n<p class=\"\" data-start=\"626\" data-end=\"973\">La <strong data-start=\"629\" data-end=\"644\">ARA Flowers<\/strong>, livrarea este <strong data-start=\"660\" data-end=\"687\">gratuit\u0103 \u00een Cluj-Napoca<\/strong>, iar florile sunt transportate de curieri proprii pentru a garanta c\u0103 ajung \u00een cele mai bune condi\u021bii. Fiecare buchet este \u00eenso\u021bit de o felicitare personalizat\u0103 caligrafic. Timpul de livrare este de aproximativ <strong data-start=\"899\" data-end=\"908\">3 ore<\/strong>, iar comenzile plasate dup\u0103 ora 17:00 vor fi livrate a doua zi.<\/p>\n<p class=\"\" data-start=\"975\" data-end=\"1116\">Pentru comenzi, viziteaz\u0103 <a class=\"\" href=\"https:\/\/www.instagram.com\/araflowers.ro\/\" target=\"_new\" rel=\"noopener\" data-start=\"1001\" data-end=\"1071\">Instagram : @araflowers.ro<\/a> sau <a class=\"\" href=\"https:\/\/araflowers.ro\/en\/\" target=\"_new\" rel=\"noopener\" data-start=\"1076\" data-end=\"1115\">araflowers.ro<\/a>.<\/p>","protected":false},"excerpt":{"rendered":"<h3 class=\"\" data-start=\"1147\" data-end=\"1206\">Buchet lalele \u2013 Un cadou perfect pentru orice ocazie \ud83c\udf37<\/h3>\n<p class=\"\" data-start=\"1208\" data-end=\"1648\"><strong data-start=\"1208\" data-end=\"1220\">Lalelele<\/strong> sunt flori care aduc un aer de prospe\u021bime \u0219i elegan\u021b\u0103 oric\u0103rei ocazii. Aceste flori sunt disponibile \u00een diferite culori \u0219i dimensiuni, iar un <strong data-start=\"1363\" data-end=\"1383\">buchet de lalele<\/strong> va fi \u00eentotdeauna o alegere excelent\u0103 pentru a ad\u0103uga o not\u0103 de frumuse\u021be \u0219i naturale\u021be. Fie c\u0103 sunt oferite cu ocazia unei anivers\u0103ri, zilei de na\u0219tere sau doar pentru a ar\u0103ta apreciere, <strong data-start=\"1572\" data-end=\"1594\">buchetul de lalele<\/strong> va transmite un mesaj de iubire \u0219i apreciere sincer\u0103.<\/p>\n<h3 class=\"\" data-start=\"2171\" data-end=\"2197\">Semnifica\u021bia lalelelor<\/h3>\n<p class=\"\" data-start=\"2199\" data-end=\"2625\">Lalelele sunt adesea asociate cu dragostea \u0219i respectul, fiind considerate simboluri ale frumuse\u021bii \u0219i ale gra\u021biei. \u00cen func\u021bie de culoarea lor, lalelele pot avea diverse semnifica\u021bii. Lalelele ro\u0219ii, de exemplu, sunt un simbol al iubirii pasionale, iar lalelele albe reprezint\u0103 puritatea \u0219i \u00eencrederea. <strong data-start=\"2502\" data-end=\"2524\">Buchetul de lalele<\/strong> este o alegere excelent\u0103 pentru a exprima aprecierea, afec\u021biunea sau iubirea fa\u021b\u0103 de cineva special.<\/p>\n<h3 class=\"\" data-start=\"2627\" data-end=\"2658\">Livrarea rapid\u0103 \u0219i gratuit\u0103<\/h3>\n<p class=\"\" data-start=\"2660\" data-end=\"3047\"><strong data-start=\"2660\" data-end=\"2675\">ARA Flowers<\/strong> se asigur\u0103 c\u0103 florile tale ajung \u00een cele mai bune condi\u021bii, indiferent de destina\u021bie. Beneficiezi de <strong data-start=\"2777\" data-end=\"2812\">livrare gratuit\u0103 \u00een Cluj-Napoca<\/strong>, iar curierii no\u0219tri proprii sunt instrui\u021bi s\u0103 transporte florile cu grij\u0103. <strong data-start=\"2889\" data-end=\"2936\">Timpul de livrare este de aproximativ 3 ore<\/strong>, astfel \u00eenc\u00e2t s\u0103 te po\u021bi bucura de florile tale sau s\u0103 le oferi persoanei dragi \u00een cel mai scurt timp posibil.<\/p>\n<p class=\"\" data-start=\"3049\" data-end=\"3171\">Comenzile plasate dup\u0103 ora 17:00 vor fi livrate a doua zi, iar noi garant\u0103m c\u0103 fiecare floare va ajunge \u00een stare perfect\u0103.<\/p>\n<h3 class=\"\" data-start=\"3173\" data-end=\"3204\">Personalizare a felicit\u0103rii<\/h3>\n<p class=\"\" data-start=\"3206\" data-end=\"3555\">Fiecare <strong data-start=\"3214\" data-end=\"3234\">buchet de lalele<\/strong> comandat de la <strong data-start=\"3250\" data-end=\"3265\">ARA Flowers<\/strong> include o felicitare caligrafic\u0103 personalizat\u0103. Alegi mesajul dorit \u0219i noi ne vom asigura c\u0103 acesta este scris cu grij\u0103, ad\u0103ug\u00e2nd o not\u0103 special\u0103 \u0219i personal\u0103 fiec\u0103rui buchet. Felicit\u0103rile noastre sunt create cu mult\u0103 aten\u021bie la detalii \u0219i sunt un plus perfect pentru orice cadou de flori.<\/p>\n<h3 class=\"\" data-start=\"3557\" data-end=\"3607\">Buchetul de lalele \u2013 Ideal pentru orice ocazie<\/h3>\n<p class=\"\" data-start=\"3609\" data-end=\"3676\">Un <strong data-start=\"3612\" data-end=\"3632\">buchet de lalele<\/strong> este perfect pentru o gam\u0103 larg\u0103 de ocazii:<\/p>\n<ul data-start=\"3678\" data-end=\"4087\">\n<li class=\"\" data-start=\"3678\" data-end=\"3761\">\n<p class=\"\" data-start=\"3680\" data-end=\"3761\"><strong data-start=\"3680\" data-end=\"3694\">Ziua mamei<\/strong> \u2013 Ofer\u0103 lalele ca simbol al iubirii \u0219i aprecierea fa\u021b\u0103 de mama ta.<\/p>\n<\/li>\n<li class=\"\" data-start=\"3762\" data-end=\"3873\">\n<p class=\"\" data-start=\"3764\" data-end=\"3873\"><strong data-start=\"3764\" data-end=\"3778\">Anivers\u0103ri<\/strong> \u2013 Un <strong data-start=\"3784\" data-end=\"3804\">buchet de lalele<\/strong> este ideal pentru a s\u0103rb\u0103tori un an important sau o ocazie special\u0103.<\/p>\n<\/li>\n<li class=\"\" data-start=\"3874\" data-end=\"3950\">\n<p class=\"\" data-start=\"3876\" data-end=\"3950\"><strong data-start=\"3876\" data-end=\"3900\">Ziua \u00eendr\u0103gosti\u021bilor<\/strong> \u2013 Lalelele pot exprima dragostea pur\u0103 \u0219i sincera.<\/p>\n<\/li>\n<li class=\"\" data-start=\"3951\" data-end=\"4087\">\n<p class=\"\" data-start=\"3953\" data-end=\"4087\"><strong data-start=\"3953\" data-end=\"3981\">Pentru orice alt\u0103 ocazie<\/strong> \u2013 Un <strong data-start=\"3987\" data-end=\"4007\">buchet de lalele<\/strong> poate fi oferit pentru a ad\u0103uga un strop de frumuse\u021be \u0219i culoare oric\u0103rei zile.<\/p>\n<\/li>\n<\/ul>\n<h3 class=\"\" data-start=\"4089\" data-end=\"4131\">Cum s\u0103 comanzi un <strong data-start=\"4111\" data-end=\"4131\">buchet de lalele<\/strong><\/h3>\n<p class=\"\" data-start=\"4133\" data-end=\"4447\">Comand\u0103-\u021bi <strong data-start=\"4144\" data-end=\"4166\">buchetul de lalele<\/strong> de la <strong data-start=\"4173\" data-end=\"4188\">ARA Flowers<\/strong> prin <a class=\"\" href=\"https:\/\/www.instagram.com\/araflowers.ro\/\" target=\"_new\" rel=\"noopener\" data-start=\"4194\" data-end=\"4264\">Instagram : @araflowers.ro<\/a> sau direct pe <a class=\"\" href=\"https:\/\/araflowers.ro\/en\/\" target=\"_new\" rel=\"noopener\" data-start=\"4279\" data-end=\"4318\">araflowers.ro<\/a>. Alege dimensiunea, mesajul dorit \u0219i noi ne vom ocupa de restul, asigur\u00e2ndu-ne c\u0103 florile ajung \u00een perfect\u0103 stare la destina\u021bie.<\/p>\n<h3 class=\"\" data-start=\"4449\" data-end=\"4483\">De ce s\u0103 alegi <strong data-start=\"4468\" data-end=\"4483\">ARA Flowers<\/strong><\/h3>\n<ul data-start=\"4485\" data-end=\"4784\">\n<li class=\"\" data-start=\"4485\" data-end=\"4561\">\n<p class=\"\" data-start=\"4487\" data-end=\"4561\"><strong data-start=\"4487\" data-end=\"4522\">Florile sunt selectate cu grij\u0103<\/strong> pentru a garanta o calitate excelent\u0103.<\/p>\n<\/li>\n<li class=\"\" data-start=\"4562\" data-end=\"4642\">\n<p class=\"\" data-start=\"4564\" data-end=\"4642\"><strong data-start=\"4564\" data-end=\"4595\">Livrarea rapid\u0103 \u0219i gratuit\u0103<\/strong> \u00een Cluj-Napoca, cu un timp estimativ de 3 ore.<\/p>\n<\/li>\n<li class=\"\" data-start=\"4643\" data-end=\"4706\">\n<p class=\"\" data-start=\"4645\" data-end=\"4706\"><strong data-start=\"4645\" data-end=\"4678\">Personalizare a felicit\u0103rilor<\/strong> pentru un cadou de neuitat.<\/p>\n<\/li>\n<li class=\"\" data-start=\"4707\" data-end=\"4784\">\n<p class=\"\" data-start=\"4709\" data-end=\"4784\"><strong data-start=\"4709\" data-end=\"4740\">Serviciu de \u00eenalt\u0103 calitate<\/strong>, cu o echip\u0103 pasionat\u0103 de flori \u0219i detalii.<\/p>\n<\/li>\n<\/ul>","protected":false},"featured_media":1921,"template":"","meta":{"ocean_post_layout":"full-screen","ocean_both_sidebars_style":"","ocean_both_sidebars_content_width":0,"ocean_both_sidebars_sidebars_width":0,"ocean_sidebar":"0","ocean_second_sidebar":"0","ocean_disable_margins":"enable","ocean_add_body_class":"","ocean_shortcode_before_top_bar":"","ocean_shortcode_after_top_bar":"","ocean_shortcode_before_header":"","ocean_shortcode_after_header":"","ocean_has_shortcode":"","ocean_shortcode_after_title":"","ocean_shortcode_before_footer_widgets":"","ocean_shortcode_after_footer_widgets":"","ocean_shortcode_before_footer_bottom":"","ocean_shortcode_after_footer_bottom":"","ocean_display_top_bar":"default","ocean_display_header":"default","ocean_header_style":"","ocean_center_header_left_menu":"0","ocean_custom_header_template":"0","ocean_custom_logo":0,"ocean_custom_retina_logo":0,"ocean_custom_logo_max_width":0,"ocean_custom_logo_tablet_max_width":0,"ocean_custom_logo_mobile_max_width":0,"ocean_custom_logo_max_height":0,"ocean_custom_logo_tablet_max_height":0,"ocean_custom_logo_mobile_max_height":0,"ocean_header_custom_menu":"0","ocean_menu_typo_font_family":"0","ocean_menu_typo_font_subset":"","ocean_menu_typo_font_size":0,"ocean_menu_typo_font_size_tablet":0,"ocean_menu_typo_font_size_mobile":0,"ocean_menu_typo_font_size_unit":"px","ocean_menu_typo_font_weight":"","ocean_menu_typo_font_weight_tablet":"","ocean_menu_typo_font_weight_mobile":"","ocean_menu_typo_transform":"","ocean_menu_typo_transform_tablet":"","ocean_menu_typo_transform_mobile":"","ocean_menu_typo_line_height":0,"ocean_menu_typo_line_height_tablet":0,"ocean_menu_typo_line_height_mobile":0,"ocean_menu_typo_line_height_unit":"","ocean_menu_typo_spacing":0,"ocean_menu_typo_spacing_tablet":0,"ocean_menu_typo_spacing_mobile":0,"ocean_menu_typo_spacing_unit":"","ocean_menu_link_color":"","ocean_menu_link_color_hover":"","ocean_menu_link_color_active":"","ocean_menu_link_background":"","ocean_menu_link_hover_background":"","ocean_menu_link_active_background":"","ocean_menu_social_links_bg":"","ocean_menu_social_hover_links_bg":"","ocean_menu_social_links_color":"","ocean_menu_social_hover_links_color":"","ocean_disable_title":"default","ocean_disable_heading":"default","ocean_post_title":"","ocean_post_subheading":"","ocean_post_title_style":"","ocean_post_title_background_color":"","ocean_post_title_background":0,"ocean_post_title_bg_image_position":"","ocean_post_title_bg_image_attachment":"","ocean_post_title_bg_image_repeat":"","ocean_post_title_bg_image_size":"","ocean_post_title_height":0,"ocean_post_title_bg_overlay":0.5,"ocean_post_title_bg_overlay_color":"","ocean_disable_breadcrumbs":"default","ocean_breadcrumbs_color":"","ocean_breadcrumbs_separator_color":"","ocean_breadcrumbs_links_color":"","ocean_breadcrumbs_links_hover_color":"","ocean_display_footer_widgets":"default","ocean_display_footer_bottom":"default","ocean_custom_footer_template":"0"},"product_brand":[],"product_cat":[23,187],"product_tag":[],"class_list":{"0":"post-1920","1":"product","2":"type-product","3":"status-publish","4":"has-post-thumbnail","6":"product_cat-buchete","7":"product_cat-1-8-martie","9":"entry","10":"has-media","12":"first","13":"instock","14":"taxable","15":"shipping-taxable","16":"purchasable","17":"product-type-simple","18":"has-product-nav","19":"col","20":"span_1_of_3","21":"owp-content-center","22":"item-entry","23":"owp-thumbs-layout-horizontal","24":"owp-btn-normal","25":"owp-tabs-layout-horizontal","26":"has-no-thumbnails"},"_links":{"self":[{"href":"https:\/\/araflowers.ro\/en\/wp-json\/wp\/v2\/product\/1920","targetHints":{"allow":["GET"]}}],"collection":[{"href":"https:\/\/araflowers.ro\/en\/wp-json\/wp\/v2\/product"}],"about":[{"href":"https:\/\/araflowers.ro\/en\/wp-json\/wp\/v2\/types\/product"}],"wp:featuredmedia":[{"embeddable":true,"href":"https:\/\/araflowers.ro\/en\/wp-json\/wp\/v2\/media\/1921"}],"wp:attachment":[{"href":"https:\/\/araflowers.ro\/en\/wp-json\/wp\/v2\/media?parent=1920"}],"wp:term":[{"taxonomy":"product_brand","embeddable":true,"href":"https:\/\/araflowers.ro\/en\/wp-json\/wp\/v2\/product_brand?post=1920"},{"taxonomy":"product_cat","embeddable":true,"href":"https:\/\/araflowers.ro\/en\/wp-json\/wp\/v2\/product_cat?post=1920"},{"taxonomy":"product_tag","embeddable":true,"href":"https:\/\/araflowers.ro\/en\/wp-json\/wp\/v2\/product_tag?post=1920"}],"curies":[{"name":"wp","href":"https:\/\/api.w.org\/{rel}","templated":true}]}}