{"id":1913,"date":"2023-02-23T12:06:24","date_gmt":"2023-02-23T12:06:24","guid":{"rendered":"https:\/\/araflowers.ro\/?post_type=product&#038;p=1913"},"modified":"2026-02-03T13:17:40","modified_gmt":"2026-02-03T13:17:40","slug":"cadoul-perfect-de-craciun","status":"publish","type":"product","link":"https:\/\/araflowers.ro\/en\/product\/cadoul-perfect-de-craciun\/","title":{"rendered":"Cadoul Perfect De Craciun"},"content":{"rendered":"<h3 class=\"\" data-start=\"54\" data-end=\"120\">Cadoul Perfect De Craciun<\/h3>\n<p class=\"\" data-start=\"122\" data-end=\"441\">Un <strong data-start=\"125\" data-end=\"143\">cadou<\/strong> este \u00eentotdeauna o alegere ideal\u0103 atunci c\u00e2nd vrei s\u0103 ar\u0103\u021bi cuiva c\u00e2t de mult \u00eenseamn\u0103 pentru tine.<\/p>\n<p class=\"\" data-start=\"443\" data-end=\"827\">La <strong data-start=\"446\" data-end=\"461\">ARA Flowers<\/strong>, oferim o gam\u0103 variat\u0103 de <strong data-start=\"488\" data-end=\"509\">cadouri<\/strong>, inclusiv aranjamente florale deosebite, care sunt completate de o felicitare personalizat\u0103 caligrafiat\u0103, scris\u0103 cu mult\u0103 aten\u021bie. Livrarea este <strong data-start=\"655\" data-end=\"682\">gratuit\u0103 \u00een Cluj-Napoca<\/strong> \u0219i ajunge la destina\u021bie \u00een aproximativ 3 ore. De asemenea, produsele sunt realizate cu mult\u0103 grij\u0103, pentru a se potrivi perfect nevoilor tale. \u2728<\/p>\n<h3 class=\"\" data-start=\"829\" data-end=\"874\">Livrare rapid\u0103 \u0219i gratuit\u0103 \u00een Cluj-Napoca<\/h3>\n<p class=\"\" data-start=\"876\" data-end=\"1162\"><strong data-start=\"876\" data-end=\"891\">ARA Flowers<\/strong> \u00ee\u021bi garanteaz\u0103 c\u0103 orice <strong data-start=\"916\" data-end=\"934\">cadou<\/strong>\u00a0pe care \u00eel alegi pentru persoana iubit\u0103 va ajunge rapid \u0219i \u00een stare perfect\u0103. Livrarea se face prin curieri proprii, iar timpul de livrare este de aproximativ 3 ore. Comenzile plasate dup\u0103 ora 17:00 vor fi livrate a doua zi. \ud83c\udf38<\/p>\n<p class=\"\" data-start=\"1164\" data-end=\"1320\">Comand\u0103 acum un <strong data-start=\"1180\" data-end=\"1198\">cadou<\/strong>\u00a0de pe <a class=\"\" href=\"https:\/\/www.instagram.com\/araflowers.ro\/\" target=\"_new\" rel=\"noopener\" data-start=\"1205\" data-end=\"1275\">Instagram : @araflowers.ro<\/a> sau <a class=\"\" href=\"https:\/\/araflowers.ro\/en\/\" target=\"_new\" rel=\"noopener\" data-start=\"1280\" data-end=\"1319\">araflowers.ro<\/a>.<\/p>","protected":false},"excerpt":{"rendered":"<h3 class=\"\" data-start=\"54\" data-end=\"120\">Cadoul Perfect De Craciun<\/h3>\n<p class=\"\" data-start=\"122\" data-end=\"441\">Un <strong data-start=\"125\" data-end=\"143\">cadou<\/strong> este \u00eentotdeauna o alegere ideal\u0103 atunci c\u00e2nd vrei s\u0103 ar\u0103\u021bi cuiva c\u00e2t de mult \u00eenseamn\u0103 pentru tine.<\/p>\n<p class=\"\" data-start=\"443\" data-end=\"827\">La <strong data-start=\"446\" data-end=\"461\">ARA Flowers<\/strong>, oferim o gam\u0103 variat\u0103 de <strong data-start=\"488\" data-end=\"509\">cadouri<\/strong>, inclusiv aranjamente florale deosebite, care sunt completate de o felicitare personalizat\u0103 caligrafiat\u0103, scris\u0103 cu mult\u0103 aten\u021bie. Livrarea este <strong data-start=\"655\" data-end=\"682\">gratuit\u0103 \u00een Cluj-Napoca<\/strong> \u0219i ajunge la destina\u021bie \u00een aproximativ 3 ore. De asemenea, produsele sunt realizate cu mult\u0103 grij\u0103, pentru a se potrivi perfect nevoilor tale. \u2728<\/p>\n<h3 class=\"\" data-start=\"829\" data-end=\"874\">Livrare rapid\u0103 \u0219i gratuit\u0103 \u00een Cluj-Napoca<\/h3>\n<p class=\"\" data-start=\"876\" data-end=\"1162\"><strong data-start=\"876\" data-end=\"891\">ARA Flowers<\/strong> \u00ee\u021bi garanteaz\u0103 c\u0103 orice <strong data-start=\"916\" data-end=\"934\">cadou<\/strong>\u00a0pe care \u00eel alegi pentru persoana iubit\u0103 va ajunge rapid \u0219i \u00een stare perfect\u0103. Livrarea se face prin curieri proprii, iar timpul de livrare este de aproximativ 3 ore. Comenzile plasate dup\u0103 ora 17:00 vor fi livrate a doua zi. \ud83c\udf38<\/p>\n<p class=\"\" data-start=\"1164\" data-end=\"1320\">Comand\u0103 acum un <strong data-start=\"1180\" data-end=\"1198\">cadou<\/strong>\u00a0de pe <a class=\"\" href=\"https:\/\/www.instagram.com\/araflowers.ro\/\" target=\"_new\" rel=\"noopener\" data-start=\"1205\" data-end=\"1275\">Instagram : @araflowers.ro<\/a> sau <a class=\"\" href=\"https:\/\/araflowers.ro\/en\/\" target=\"_new\" rel=\"noopener\" data-start=\"1280\" data-end=\"1319\">araflowers.ro<\/a>.<\/p>","protected":false},"featured_media":3045,"template":"","meta":{"ocean_post_layout":"full-screen","ocean_both_sidebars_style":"","ocean_both_sidebars_content_width":0,"ocean_both_sidebars_sidebars_width":0,"ocean_sidebar":"0","ocean_second_sidebar":"0","ocean_disable_margins":"enable","ocean_add_body_class":"","ocean_shortcode_before_top_bar":"","ocean_shortcode_after_top_bar":"","ocean_shortcode_before_header":"","ocean_shortcode_after_header":"","ocean_has_shortcode":"","ocean_shortcode_after_title":"","ocean_shortcode_before_footer_widgets":"","ocean_shortcode_after_footer_widgets":"","ocean_shortcode_before_footer_bottom":"","ocean_shortcode_after_footer_bottom":"","ocean_display_top_bar":"default","ocean_display_header":"default","ocean_header_style":"","ocean_center_header_left_menu":"0","ocean_custom_header_template":"0","ocean_custom_logo":0,"ocean_custom_retina_logo":0,"ocean_custom_logo_max_width":0,"ocean_custom_logo_tablet_max_width":0,"ocean_custom_logo_mobile_max_width":0,"ocean_custom_logo_max_height":0,"ocean_custom_logo_tablet_max_height":0,"ocean_custom_logo_mobile_max_height":0,"ocean_header_custom_menu":"0","ocean_menu_typo_font_family":"0","ocean_menu_typo_font_subset":"","ocean_menu_typo_font_size":0,"ocean_menu_typo_font_size_tablet":0,"ocean_menu_typo_font_size_mobile":0,"ocean_menu_typo_font_size_unit":"px","ocean_menu_typo_font_weight":"","ocean_menu_typo_font_weight_tablet":"","ocean_menu_typo_font_weight_mobile":"","ocean_menu_typo_transform":"","ocean_menu_typo_transform_tablet":"","ocean_menu_typo_transform_mobile":"","ocean_menu_typo_line_height":0,"ocean_menu_typo_line_height_tablet":0,"ocean_menu_typo_line_height_mobile":0,"ocean_menu_typo_line_height_unit":"","ocean_menu_typo_spacing":0,"ocean_menu_typo_spacing_tablet":0,"ocean_menu_typo_spacing_mobile":0,"ocean_menu_typo_spacing_unit":"","ocean_menu_link_color":"","ocean_menu_link_color_hover":"","ocean_menu_link_color_active":"","ocean_menu_link_background":"","ocean_menu_link_hover_background":"","ocean_menu_link_active_background":"","ocean_menu_social_links_bg":"","ocean_menu_social_hover_links_bg":"","ocean_menu_social_links_color":"","ocean_menu_social_hover_links_color":"","ocean_disable_title":"default","ocean_disable_heading":"default","ocean_post_title":"","ocean_post_subheading":"","ocean_post_title_style":"","ocean_post_title_background_color":"","ocean_post_title_background":0,"ocean_post_title_bg_image_position":"","ocean_post_title_bg_image_attachment":"","ocean_post_title_bg_image_repeat":"","ocean_post_title_bg_image_size":"","ocean_post_title_height":0,"ocean_post_title_bg_overlay":0.5,"ocean_post_title_bg_overlay_color":"","ocean_disable_breadcrumbs":"default","ocean_breadcrumbs_color":"","ocean_breadcrumbs_separator_color":"","ocean_breadcrumbs_links_color":"","ocean_breadcrumbs_links_hover_color":"","ocean_display_footer_widgets":"default","ocean_display_footer_bottom":"default","ocean_custom_footer_template":"0"},"product_brand":[],"product_cat":[26,51,48],"product_tag":[],"class_list":{"0":"post-1913","1":"product","2":"type-product","3":"status-publish","4":"has-post-thumbnail","6":"product_cat-gifturi","7":"product_cat-cadouri-craciun","8":"product_cat-craciun","10":"entry","11":"has-media","13":"first","14":"instock","15":"sale","16":"taxable","17":"shipping-taxable","18":"purchasable","19":"product-type-simple","20":"has-product-nav","21":"col","22":"span_1_of_3","23":"owp-content-center","24":"item-entry","25":"owp-thumbs-layout-horizontal","26":"owp-btn-normal","27":"owp-tabs-layout-horizontal"},"_links":{"self":[{"href":"https:\/\/araflowers.ro\/en\/wp-json\/wp\/v2\/product\/1913","targetHints":{"allow":["GET"]}}],"collection":[{"href":"https:\/\/araflowers.ro\/en\/wp-json\/wp\/v2\/product"}],"about":[{"href":"https:\/\/araflowers.ro\/en\/wp-json\/wp\/v2\/types\/product"}],"wp:featuredmedia":[{"embeddable":true,"href":"https:\/\/araflowers.ro\/en\/wp-json\/wp\/v2\/media\/3045"}],"wp:attachment":[{"href":"https:\/\/araflowers.ro\/en\/wp-json\/wp\/v2\/media?parent=1913"}],"wp:term":[{"taxonomy":"product_brand","embeddable":true,"href":"https:\/\/araflowers.ro\/en\/wp-json\/wp\/v2\/product_brand?post=1913"},{"taxonomy":"product_cat","embeddable":true,"href":"https:\/\/araflowers.ro\/en\/wp-json\/wp\/v2\/product_cat?post=1913"},{"taxonomy":"product_tag","embeddable":true,"href":"https:\/\/araflowers.ro\/en\/wp-json\/wp\/v2\/product_tag?post=1913"}],"curies":[{"name":"wp","href":"https:\/\/api.w.org\/{rel}","templated":true}]}}