{"id":1897,"date":"2023-02-23T10:00:48","date_gmt":"2023-02-23T10:00:48","guid":{"rendered":"https:\/\/araflowers.ro\/?post_type=product&#038;p=1897"},"modified":"2025-12-09T13:04:32","modified_gmt":"2025-12-09T13:04:32","slug":"cap-venus-cu-flori-alb-negru","status":"publish","type":"product","link":"https:\/\/araflowers.ro\/en\/product\/cap-venus-cu-flori-alb-negru\/","title":{"rendered":"Cap Venus cu flori alb-negru"},"content":{"rendered":"<h4 data-start=\"74\" data-end=\"142\">Specifica\u021bii Produs:<\/h4>\n<ul>\n<li>Vas sub form\u0103 cap venus + diferite materiale \u0219i flori criogenate, alb-negru<\/li>\n<\/ul>\n<p>Orice Comand\u0103 vine \u00eenso\u021bit\u0103 de felicitare CADOU cu mesajul ales de dumneavostr\u0103.<\/p>\n<h3 class=\"\" data-start=\"66\" data-end=\"104\">Cap Venus cu flori alb-negru<\/h3>\n<p class=\"\" data-start=\"106\" data-end=\"489\"><strong data-start=\"106\" data-end=\"138\">Cap Venus cu flori alb-negru<\/strong> este un aranjament floral elegant \u0219i rafinat, perfect pentru orice ocazie special\u0103. Acest aranjament \u00eembin\u0103 frumuse\u021bea contrastului dintre alb \u0219i negru, aduc\u00e2nd un strop de elegan\u021b\u0103 \u0219i mister \u00een orice \u00eenc\u0103pere. Fiecare floare este aleas\u0103 cu grij\u0103 pentru a crea o compunere armonioas\u0103, ideal\u0103 pentru a celebra momente importante din via\u021ba celor dragi.<\/p>\n<p class=\"\" data-start=\"491\" data-end=\"862\">\u00cen cadrul Atelierului <strong data-start=\"513\" data-end=\"528\">ARA Flowers<\/strong>, fiecare produs este realizat cu pasiune \u0219i aten\u021bie la detalii. Pre\u021bul include o felicitare personalizat\u0103, scris\u0103 caligrafic, iar livrarea este gratuit\u0103 \u00een Cluj-Napoca, asigur\u00e2ndu-se c\u0103 florile ajung \u00een stare perfect\u0103 la destinatar. Dac\u0103 \u00ee\u021bi dore\u0219ti ceva unic, echipa noastr\u0103 este aici pentru a \u00eendeplini orice cerin\u021b\u0103 personalizat\u0103.<\/p>","protected":false},"excerpt":{"rendered":"<p>Specifica\u021bii Produs: Vas sub form\u0103 cap venus + diferite materiale \u0219i flori criogenate, alb-negru Orice Comand\u0103 vine \u00eenso\u021bit\u0103 de felicitare CADOU cu mesajul ales de dumneavostr\u0103. Cap Venus cu flori alb-negru Cap Venus cu flori alb-negru este un aranjament floral elegant \u0219i rafinat, perfect pentru orice ocazie special\u0103. Acest aranjament \u00eembin\u0103 frumuse\u021bea contrastului dintre alb [&hellip;]<\/p>","protected":false},"featured_media":1901,"template":"","meta":{"ocean_post_layout":"full-screen","ocean_both_sidebars_style":"","ocean_both_sidebars_content_width":0,"ocean_both_sidebars_sidebars_width":0,"ocean_sidebar":"0","ocean_second_sidebar":"0","ocean_disable_margins":"enable","ocean_add_body_class":"","ocean_shortcode_before_top_bar":"","ocean_shortcode_after_top_bar":"","ocean_shortcode_before_header":"","ocean_shortcode_after_header":"","ocean_has_shortcode":"","ocean_shortcode_after_title":"","ocean_shortcode_before_footer_widgets":"","ocean_shortcode_after_footer_widgets":"","ocean_shortcode_before_footer_bottom":"","ocean_shortcode_after_footer_bottom":"","ocean_display_top_bar":"default","ocean_display_header":"default","ocean_header_style":"","ocean_center_header_left_menu":"0","ocean_custom_header_template":"0","ocean_custom_logo":0,"ocean_custom_retina_logo":0,"ocean_custom_logo_max_width":0,"ocean_custom_logo_tablet_max_width":0,"ocean_custom_logo_mobile_max_width":0,"ocean_custom_logo_max_height":0,"ocean_custom_logo_tablet_max_height":0,"ocean_custom_logo_mobile_max_height":0,"ocean_header_custom_menu":"0","ocean_menu_typo_font_family":"0","ocean_menu_typo_font_subset":"","ocean_menu_typo_font_size":0,"ocean_menu_typo_font_size_tablet":0,"ocean_menu_typo_font_size_mobile":0,"ocean_menu_typo_font_size_unit":"px","ocean_menu_typo_font_weight":"","ocean_menu_typo_font_weight_tablet":"","ocean_menu_typo_font_weight_mobile":"","ocean_menu_typo_transform":"","ocean_menu_typo_transform_tablet":"","ocean_menu_typo_transform_mobile":"","ocean_menu_typo_line_height":0,"ocean_menu_typo_line_height_tablet":0,"ocean_menu_typo_line_height_mobile":0,"ocean_menu_typo_line_height_unit":"","ocean_menu_typo_spacing":0,"ocean_menu_typo_spacing_tablet":0,"ocean_menu_typo_spacing_mobile":0,"ocean_menu_typo_spacing_unit":"","ocean_menu_link_color":"","ocean_menu_link_color_hover":"","ocean_menu_link_color_active":"","ocean_menu_link_background":"","ocean_menu_link_hover_background":"","ocean_menu_link_active_background":"","ocean_menu_social_links_bg":"","ocean_menu_social_hover_links_bg":"","ocean_menu_social_links_color":"","ocean_menu_social_hover_links_color":"","ocean_disable_title":"default","ocean_disable_heading":"default","ocean_post_title":"","ocean_post_subheading":"","ocean_post_title_style":"","ocean_post_title_background_color":"","ocean_post_title_background":0,"ocean_post_title_bg_image_position":"","ocean_post_title_bg_image_attachment":"","ocean_post_title_bg_image_repeat":"","ocean_post_title_bg_image_size":"","ocean_post_title_height":0,"ocean_post_title_bg_overlay":0.5,"ocean_post_title_bg_overlay_color":"","ocean_disable_breadcrumbs":"default","ocean_breadcrumbs_color":"","ocean_breadcrumbs_separator_color":"","ocean_breadcrumbs_links_color":"","ocean_breadcrumbs_links_hover_color":"","ocean_display_footer_widgets":"default","ocean_display_footer_bottom":"default","ocean_custom_footer_template":"0"},"product_brand":[],"product_cat":[24],"product_tag":[],"class_list":{"0":"post-1897","1":"product","2":"type-product","3":"status-publish","4":"has-post-thumbnail","6":"product_cat-conservate","8":"entry","9":"has-media","11":"first","12":"instock","13":"taxable","14":"shipping-taxable","15":"purchasable","16":"product-type-simple","17":"has-product-nav","18":"col","19":"span_1_of_3","20":"owp-content-center","21":"item-entry","22":"owp-thumbs-layout-horizontal","23":"owp-btn-normal","24":"owp-tabs-layout-horizontal"},"_links":{"self":[{"href":"https:\/\/araflowers.ro\/en\/wp-json\/wp\/v2\/product\/1897","targetHints":{"allow":["GET"]}}],"collection":[{"href":"https:\/\/araflowers.ro\/en\/wp-json\/wp\/v2\/product"}],"about":[{"href":"https:\/\/araflowers.ro\/en\/wp-json\/wp\/v2\/types\/product"}],"wp:featuredmedia":[{"embeddable":true,"href":"https:\/\/araflowers.ro\/en\/wp-json\/wp\/v2\/media\/1901"}],"wp:attachment":[{"href":"https:\/\/araflowers.ro\/en\/wp-json\/wp\/v2\/media?parent=1897"}],"wp:term":[{"taxonomy":"product_brand","embeddable":true,"href":"https:\/\/araflowers.ro\/en\/wp-json\/wp\/v2\/product_brand?post=1897"},{"taxonomy":"product_cat","embeddable":true,"href":"https:\/\/araflowers.ro\/en\/wp-json\/wp\/v2\/product_cat?post=1897"},{"taxonomy":"product_tag","embeddable":true,"href":"https:\/\/araflowers.ro\/en\/wp-json\/wp\/v2\/product_tag?post=1897"}],"curies":[{"name":"wp","href":"https:\/\/api.w.org\/{rel}","templated":true}]}}