{"id":1891,"date":"2023-02-23T09:57:43","date_gmt":"2023-02-23T09:57:43","guid":{"rendered":"https:\/\/araflowers.ro\/?post_type=product&#038;p=1891"},"modified":"2026-02-19T14:38:50","modified_gmt":"2026-02-19T14:38:50","slug":"buchet-de-iarna","status":"publish","type":"product","link":"https:\/\/araflowers.ro\/en\/product\/buchet-de-iarna\/","title":{"rendered":"Buchet de iarna"},"content":{"rendered":"<h3 class=\"\" data-start=\"53\" data-end=\"77\">Buchet de Iarna \u2744\ufe0f\ud83d\udc90<\/h3>\n<p class=\"\" data-start=\"79\" data-end=\"455\"><strong data-start=\"79\" data-end=\"100\">Buchetul de iarna<\/strong> aduce magia sezonului rece \u00een fiecare floare. Acest aranjament floral elegant este perfect pentru a ad\u0103uga un strop de c\u0103ldur\u0103 \u0219i culoare zilelor de iarn\u0103. Buchetul este realizat din <strong data-start=\"284\" data-end=\"298\">trandafiri<\/strong>, <strong data-start=\"300\" data-end=\"310\">lalele<\/strong>, <strong data-start=\"312\" data-end=\"325\">asparagus<\/strong> \u0219i alte flori de sezon, fiind ideal pentru a \u00eenfrumuse\u021ba orice \u00eenc\u0103pere sau pentru a oferi un cadou plin de emo\u021bie \u0219i rafinament.<\/p>\n<p class=\"\" data-start=\"457\" data-end=\"813\">La <strong data-start=\"460\" data-end=\"475\">ARA Flowers<\/strong>, fiecare buchet este creat cu pasiune \u0219i aten\u021bie la detalii, iar pre\u021bul include o felicitare personalizat\u0103, scris\u0103 caligrafic. Livrarea este gratuit\u0103 \u00een Cluj-Napoca \u0219i se face prin curieri proprii, asigur\u00e2ndu-se c\u0103 florile ajung \u00een stare perfect\u0103. Dac\u0103 \u00ee\u021bi dore\u0219ti un aranjament personalizat sau modific\u0103ri, nu ezita s\u0103 ne contactezi! \ud83c\udf38<\/p>\n<h3 class=\"\" data-start=\"815\" data-end=\"840\">Detalii suplimentare:<\/h3>\n<p class=\"\" data-start=\"842\" data-end=\"995\">Comand\u0103 acum <strong data-start=\"855\" data-end=\"876\">Buchetul de Iarna<\/strong> pe <a class=\"\" href=\"https:\/\/www.instagram.com\/araflowers.ro\/\" target=\"_new\" rel=\"noopener\" data-start=\"880\" data-end=\"950\">Instagram : @araflowers.ro<\/a> sau <a class=\"\" href=\"https:\/\/araflowers.ro\/en\/\" target=\"_new\" rel=\"noopener\" data-start=\"955\" data-end=\"994\">araflowers.ro<\/a>.<\/p>","protected":false},"excerpt":{"rendered":"<h3 class=\"\" data-start=\"1024\" data-end=\"1094\"><strong data-start=\"1028\" data-end=\"1089\">Buchet de Iarna \u2013 Elegan\u021b\u0103 \u0219i Frumuse\u021be \u00een Fiecare Floare<\/strong> \u2744\ufe0f\ud83d\udc90<\/h3>\n<p class=\"\" data-start=\"1096\" data-end=\"1459\">Sezonul rece aduce cu sine o atmosfer\u0103 magic\u0103, iar <strong data-start=\"1147\" data-end=\"1168\">Buchetul de Iarna<\/strong> este alegerea perfect\u0103 pentru a ad\u0103uga o not\u0103 de frumuse\u021be \u00een acest decor. Acest aranjament floral este g\u00e2ndit pentru a reflecta elegan\u021ba iernii, cu flori de sezon, inclusiv <strong data-start=\"1343\" data-end=\"1357\">trandafiri<\/strong>, <strong data-start=\"1359\" data-end=\"1369\">lalele<\/strong> \u0219i <strong data-start=\"1373\" data-end=\"1386\">asparagus<\/strong>, combinate pentru a crea o compunere care radiaz\u0103 c\u0103ldur\u0103 \u0219i rafinament.<\/p>\n<h3 class=\"\" data-start=\"1461\" data-end=\"1498\"><strong data-start=\"1465\" data-end=\"1498\">Ce con\u021bine Buchetul de Iarna?<\/strong><\/h3>\n<p class=\"\" data-start=\"1500\" data-end=\"1598\"><strong data-start=\"1500\" data-end=\"1521\">Buchetul de Iarna<\/strong> este o combina\u021bie perfect\u0103 de flori care reflect\u0103 frumuse\u021bea sezonului rece:<\/p>\n<ul data-start=\"1599\" data-end=\"1946\">\n<li class=\"\" data-start=\"1599\" data-end=\"1702\">\n<p class=\"\" data-start=\"1601\" data-end=\"1702\"><strong data-start=\"1601\" data-end=\"1615\">Trandafiri<\/strong> \ud83c\udf39 \u2013 Flori delicate \u0219i pline de elegan\u021b\u0103, ideale pentru a ad\u0103uga o not\u0103 de rafinament.<\/p>\n<\/li>\n<li class=\"\" data-start=\"1703\" data-end=\"1832\">\n<p class=\"\" data-start=\"1705\" data-end=\"1832\"><strong data-start=\"1705\" data-end=\"1715\">Lalele<\/strong> \ud83c\udf37 \u2013 Simbol al prim\u0103verii, dar \u0219i al optimismului, lalelele aduc un strop de culoare \u0219i bucurie \u00een aceast\u0103 perioad\u0103.<\/p>\n<\/li>\n<li class=\"\" data-start=\"1833\" data-end=\"1946\">\n<p class=\"\" data-start=\"1835\" data-end=\"1946\"><strong data-start=\"1835\" data-end=\"1848\">Asparagus<\/strong> \ud83c\udf3f \u2013 O plant\u0103 care adaug\u0103 textur\u0103 \u0219i contrast aranjamentului, complet\u00e2nd perfect celelalte flori.<\/p>\n<\/li>\n<\/ul>\n<p class=\"\" data-start=\"1948\" data-end=\"2163\">Acest buchet este disponibil \u00een m\u0103rimea <strong data-start=\"1988\" data-end=\"1993\">M<\/strong>, ideal pentru a fi oferit cu ocazia unui eveniment special, fie c\u0103 este vorba de o aniversare, o s\u0103rb\u0103toare sau pur \u0219i simplu pentru a ad\u0103uga frumuse\u021be zilelor de iarn\u0103.<\/p>\n<h3 class=\"\" data-start=\"2165\" data-end=\"2224\"><strong data-start=\"2169\" data-end=\"2224\">De ce s\u0103 alegi Buchetul de Iarna de la ARA Flowers?<\/strong><\/h3>\n<p class=\"\" data-start=\"2226\" data-end=\"2587\">La <strong data-start=\"2229\" data-end=\"2244\">ARA Flowers<\/strong>, fiecare buchet este realizat cu o aten\u021bie deosebit\u0103 la detalii. Echipa noastr\u0103 de floristi lucreaz\u0103 cu pasiune pentru a crea aranjamente florale care nu doar c\u0103 aduc frumuse\u021be, dar \u0219i transmit emo\u021bie. <strong data-start=\"2447\" data-end=\"2468\">Buchetul de Iarna<\/strong>este perfect pentru a ad\u0103uga o not\u0103 de rafinament \u00een casa ta sau pentru a d\u0103rui un cadou deosebit unei persoane dragi.<\/p>\n<h3 class=\"\" data-start=\"2589\" data-end=\"2640\"><strong data-start=\"2593\" data-end=\"2640\">Cum se poate personaliza Buchetul de Iarna?<\/strong><\/h3>\n<p class=\"\" data-start=\"2642\" data-end=\"2926\">Dac\u0103 dore\u0219ti s\u0103 personalizezi <strong data-start=\"2672\" data-end=\"2693\">Buchetul de Iarna<\/strong>, echipa noastr\u0103 este preg\u0103tit\u0103 s\u0103 \u00ee\u021bi \u00eendeplineasc\u0103 toate cerin\u021bele. Fie c\u0103 vrei s\u0103 adaugi flori suplimentare sau s\u0103 alegi un alt tip de ambalaj, suntem aici pentru a crea un aranjament unic, care s\u0103 reflecte perfect dorin\u021bele tale.<\/p>\n<h3 class=\"\" data-start=\"2928\" data-end=\"2982\"><strong data-start=\"2932\" data-end=\"2977\">Livrare gratuit\u0103 \u0219i rapid\u0103 \u00een Cluj-Napoca<\/strong> \ud83d\ude9a\ud83d\udc90<\/h3>\n<p class=\"\" data-start=\"2984\" data-end=\"3265\">Livrarea pentru <strong data-start=\"3000\" data-end=\"3021\">Buchetul de Iarna<\/strong> este gratuit\u0103 \u00een Cluj-Napoca. Timpul de livrare este de aproximativ 3 ore, iar curierii no\u0219tri proprii se asigur\u0103 c\u0103 florile ajung \u00een stare perfect\u0103 la destinatar. Dac\u0103 plasarea comenzii se face dup\u0103 ora 17:00, aceasta va fi livrat\u0103 a doua zi.<\/p>\n<h3 class=\"\" data-start=\"3267\" data-end=\"3310\"><strong data-start=\"3271\" data-end=\"3310\">Cum po\u021bi comanda Buchetul de Iarna?<\/strong><\/h3>\n<p class=\"\" data-start=\"3312\" data-end=\"3574\">Este u\u0219or s\u0103 comanzi <strong data-start=\"3333\" data-end=\"3354\">Buchetul de Iarna<\/strong> de la <strong data-start=\"3361\" data-end=\"3376\">ARA Flowers<\/strong>! Viziteaz\u0103 <a class=\"\" href=\"https:\/\/www.instagram.com\/araflowers.ro\/\" target=\"_new\" rel=\"noopener\" data-start=\"3388\" data-end=\"3458\">Instagram : @araflowers.ro<\/a> sau <a class=\"\" href=\"https:\/\/araflowers.ro\/en\/\" target=\"_new\" rel=\"noopener\" data-start=\"3463\" data-end=\"3502\">araflowers.ro<\/a>, iar echipa noastr\u0103 va prelua comanda ta \u0219i va asigura livrarea rapid\u0103.<\/p>\n<h3 class=\"\" data-start=\"3576\" data-end=\"3625\"><strong data-start=\"3580\" data-end=\"3625\">Pentru ce ocazii este ideal acest buchet?<\/strong><\/h3>\n<p class=\"\" data-start=\"3627\" data-end=\"3669\"><strong data-start=\"3627\" data-end=\"3648\">Buchetul de Iarna<\/strong> este perfect pentru:<\/p>\n<ul data-start=\"3670\" data-end=\"3782\">\n<li class=\"\" data-start=\"3670\" data-end=\"3697\">\n<p class=\"\" data-start=\"3672\" data-end=\"3697\"><strong data-start=\"3672\" data-end=\"3694\">S\u0103rb\u0103tori de iarn\u0103<\/strong> \ud83c\udf84<\/p>\n<\/li>\n<li class=\"\" data-start=\"3698\" data-end=\"3726\">\n<p class=\"\" data-start=\"3700\" data-end=\"3726\"><strong data-start=\"3700\" data-end=\"3723\">Anivers\u0103ri de iarn\u0103<\/strong> \ud83c\udf89<\/p>\n<\/li>\n<li class=\"\" data-start=\"3727\" data-end=\"3752\">\n<p class=\"\" data-start=\"3729\" data-end=\"3752\"><strong data-start=\"3729\" data-end=\"3749\">Cadouri speciale<\/strong> \ud83c\udf81<\/p>\n<\/li>\n<li class=\"\" data-start=\"3753\" data-end=\"3782\">\n<p class=\"\" data-start=\"3755\" data-end=\"3782\"><strong data-start=\"3755\" data-end=\"3779\">Evenimente corporate<\/strong> \ud83d\udcbc<\/p>\n<\/li>\n<\/ul>\n<h3 class=\"\" data-start=\"3784\" data-end=\"3836\"><strong data-start=\"3788\" data-end=\"3836\">\u00centreb\u0103ri frecvente despre Buchetul de Iarna<\/strong><\/h3>\n<ol data-start=\"3838\" data-end=\"4315\">\n<li class=\"\" data-start=\"3838\" data-end=\"4001\">\n<p class=\"\" data-start=\"3841\" data-end=\"4001\"><strong data-start=\"3841\" data-end=\"3866\">C\u00e2t dureaz\u0103 livrarea?<\/strong><br data-start=\"3866\" data-end=\"3869\" \/>Livrarea este gratuit\u0103 \u0219i se face \u00een aproximativ 3 ore \u00een Cluj-Napoca. Comenzile plasate dup\u0103 ora 17:00 vor fi livrate a doua zi.<\/p>\n<\/li>\n<li class=\"\" data-start=\"4003\" data-end=\"4123\">\n<p class=\"\" data-start=\"4006\" data-end=\"4123\"><strong data-start=\"4006\" data-end=\"4035\">Pot personaliza buchetul?<\/strong><br data-start=\"4035\" data-end=\"4038\" \/>Da, buchetul poate fi personalizat cu flori suplimentare sau cu ambalaje speciale.<\/p>\n<\/li>\n<li class=\"\" data-start=\"4125\" data-end=\"4315\">\n<p class=\"\" data-start=\"4128\" data-end=\"4315\"><strong data-start=\"4128\" data-end=\"4165\">Cum \u00eengrijesc florile din buchet?<\/strong><br data-start=\"4165\" data-end=\"4168\" \/>Florile sunt selectate cu grij\u0103 pentru a rezista mai mult timp, dar este recomandat s\u0103 le p\u0103strezi \u00eentr-un loc r\u0103coros, departe de soare direct.<\/p>\n<\/li>\n<\/ol>","protected":false},"featured_media":1895,"template":"","meta":{"ocean_post_layout":"full-screen","ocean_both_sidebars_style":"","ocean_both_sidebars_content_width":0,"ocean_both_sidebars_sidebars_width":0,"ocean_sidebar":"0","ocean_second_sidebar":"0","ocean_disable_margins":"enable","ocean_add_body_class":"","ocean_shortcode_before_top_bar":"","ocean_shortcode_after_top_bar":"","ocean_shortcode_before_header":"","ocean_shortcode_after_header":"","ocean_has_shortcode":"","ocean_shortcode_after_title":"","ocean_shortcode_before_footer_widgets":"","ocean_shortcode_after_footer_widgets":"","ocean_shortcode_before_footer_bottom":"","ocean_shortcode_after_footer_bottom":"","ocean_display_top_bar":"default","ocean_display_header":"default","ocean_header_style":"","ocean_center_header_left_menu":"0","ocean_custom_header_template":"0","ocean_custom_logo":0,"ocean_custom_retina_logo":0,"ocean_custom_logo_max_width":0,"ocean_custom_logo_tablet_max_width":0,"ocean_custom_logo_mobile_max_width":0,"ocean_custom_logo_max_height":0,"ocean_custom_logo_tablet_max_height":0,"ocean_custom_logo_mobile_max_height":0,"ocean_header_custom_menu":"0","ocean_menu_typo_font_family":"0","ocean_menu_typo_font_subset":"","ocean_menu_typo_font_size":0,"ocean_menu_typo_font_size_tablet":0,"ocean_menu_typo_font_size_mobile":0,"ocean_menu_typo_font_size_unit":"px","ocean_menu_typo_font_weight":"","ocean_menu_typo_font_weight_tablet":"","ocean_menu_typo_font_weight_mobile":"","ocean_menu_typo_transform":"","ocean_menu_typo_transform_tablet":"","ocean_menu_typo_transform_mobile":"","ocean_menu_typo_line_height":0,"ocean_menu_typo_line_height_tablet":0,"ocean_menu_typo_line_height_mobile":0,"ocean_menu_typo_line_height_unit":"","ocean_menu_typo_spacing":0,"ocean_menu_typo_spacing_tablet":0,"ocean_menu_typo_spacing_mobile":0,"ocean_menu_typo_spacing_unit":"","ocean_menu_link_color":"","ocean_menu_link_color_hover":"","ocean_menu_link_color_active":"","ocean_menu_link_background":"","ocean_menu_link_hover_background":"","ocean_menu_link_active_background":"","ocean_menu_social_links_bg":"","ocean_menu_social_hover_links_bg":"","ocean_menu_social_links_color":"","ocean_menu_social_hover_links_color":"","ocean_disable_title":"default","ocean_disable_heading":"default","ocean_post_title":"","ocean_post_subheading":"","ocean_post_title_style":"","ocean_post_title_background_color":"","ocean_post_title_background":0,"ocean_post_title_bg_image_position":"","ocean_post_title_bg_image_attachment":"","ocean_post_title_bg_image_repeat":"","ocean_post_title_bg_image_size":"","ocean_post_title_height":0,"ocean_post_title_bg_overlay":0.5,"ocean_post_title_bg_overlay_color":"","ocean_disable_breadcrumbs":"default","ocean_breadcrumbs_color":"","ocean_breadcrumbs_separator_color":"","ocean_breadcrumbs_links_color":"","ocean_breadcrumbs_links_hover_color":"","ocean_display_footer_widgets":"default","ocean_display_footer_bottom":"default","ocean_custom_footer_template":"0"},"product_brand":[],"product_cat":[23],"product_tag":[],"class_list":{"0":"post-1891","1":"product","2":"type-product","3":"status-publish","4":"has-post-thumbnail","6":"product_cat-buchete","8":"entry","9":"has-media","11":"first","12":"instock","13":"taxable","14":"shipping-taxable","15":"purchasable","16":"product-type-variable","17":"has-product-nav","18":"col","19":"span_1_of_3","20":"owp-content-center","21":"item-entry","22":"owp-thumbs-layout-horizontal","23":"owp-btn-normal","24":"owp-tabs-layout-horizontal","25":"has-no-thumbnails"},"_links":{"self":[{"href":"https:\/\/araflowers.ro\/en\/wp-json\/wp\/v2\/product\/1891","targetHints":{"allow":["GET"]}}],"collection":[{"href":"https:\/\/araflowers.ro\/en\/wp-json\/wp\/v2\/product"}],"about":[{"href":"https:\/\/araflowers.ro\/en\/wp-json\/wp\/v2\/types\/product"}],"wp:featuredmedia":[{"embeddable":true,"href":"https:\/\/araflowers.ro\/en\/wp-json\/wp\/v2\/media\/1895"}],"wp:attachment":[{"href":"https:\/\/araflowers.ro\/en\/wp-json\/wp\/v2\/media?parent=1891"}],"wp:term":[{"taxonomy":"product_brand","embeddable":true,"href":"https:\/\/araflowers.ro\/en\/wp-json\/wp\/v2\/product_brand?post=1891"},{"taxonomy":"product_cat","embeddable":true,"href":"https:\/\/araflowers.ro\/en\/wp-json\/wp\/v2\/product_cat?post=1891"},{"taxonomy":"product_tag","embeddable":true,"href":"https:\/\/araflowers.ro\/en\/wp-json\/wp\/v2\/product_tag?post=1891"}],"curies":[{"name":"wp","href":"https:\/\/api.w.org\/{rel}","templated":true}]}}