{"id":1750,"date":"2022-12-11T13:22:53","date_gmt":"2022-12-11T13:22:53","guid":{"rendered":"https:\/\/araflowers.ro\/?post_type=product&#038;p=1750"},"modified":"2025-12-09T13:04:32","modified_gmt":"2025-12-09T13:04:32","slug":"cadou-de-craciun-corporate","status":"publish","type":"product","link":"https:\/\/araflowers.ro\/en\/product\/cadou-de-craciun-corporate\/","title":{"rendered":"Cadou de Craciun &#8211; Corporate"},"content":{"rendered":"<h3 class=\"\" data-start=\"56\" data-end=\"81\">Cadou de Cr\u0103ciun \ud83c\udf84\ud83c\udf81<\/h3>\n<p class=\"\" data-start=\"83\" data-end=\"583\">Alege un <strong data-start=\"92\" data-end=\"112\">Cadou de Cr\u0103ciun<\/strong> special de la <strong data-start=\"127\" data-end=\"142\">ARA Flowers<\/strong> pentru a aduce z\u00e2mbete \u0219i emo\u021bie celor dragi. \u00cen aceast\u0103 perioad\u0103 magic\u0103 a anului, oferim aranjamente florale \u0219i cadouri personalizate care reflect\u0103 atmosfera s\u0103rb\u0103torilor de iarn\u0103. Produsele noastre sunt create cu pasiune, folosind cele mai frumoase flori de sezon. Fiecare cadou include o felicitare caligrafic\u0103, iar livrarea este gratuit\u0103 \u00een Cluj-Napoca, prin curieri proprii, pentru ca florile s\u0103 ajung\u0103 \u00een stare perfect\u0103 la destinatar.<\/p>\n<p class=\"\" data-start=\"585\" data-end=\"788\">Pre\u021bul nu include darurile ad\u0103ugate, dar le po\u021bi comanda din categoria <strong data-start=\"656\" data-end=\"667\">GIFTURI<\/strong>. Timpul de livrare este de aproximativ 3 ore, iar comenzii plasate dup\u0103 ora 17:00 i se va ad\u0103uga o livrare a doua zi. \ud83c\udf85<\/p>","protected":false},"excerpt":{"rendered":"<h3 class=\"\" data-start=\"819\" data-end=\"887\"><strong data-start=\"823\" data-end=\"882\">Cadou de Cr\u0103ciun \u2013 Magia S\u0103rb\u0103torilor \u00een Fiecare Floare<\/strong> \ud83c\udf84\ud83c\udf81<\/h3>\n<p class=\"\" data-start=\"889\" data-end=\"1260\">S\u0103rb\u0103torile de Cr\u0103ciun sunt un moment special pentru a oferi <strong data-start=\"950\" data-end=\"971\">cadouri deosebite<\/strong> celor dragi, iar <strong data-start=\"989\" data-end=\"1010\">Cadoul de Cr\u0103ciun<\/strong> de la <strong data-start=\"1017\" data-end=\"1032\">ARA Flowers<\/strong> este alegerea perfect\u0103 pentru a surprinde \u0219i bucura pe cineva important din via\u021ba ta. Aceste aranjamente florale, create cu grij\u0103 \u0219i pasiune, sunt ideale pentru a ad\u0103uga magie \u0219i frumuse\u021be \u00een atmosfera s\u0103rb\u0103torilor de iarn\u0103. \ud83d\udc90<\/p>\n<p class=\"\" data-start=\"1598\" data-end=\"1813\">Aceste aranjamente sunt realizate din flori proaspete de iarn\u0103, care vor ad\u0103uga un strop de frumuse\u021be natural\u0103 \u0219i magie s\u0103rb\u0103torii tale.<\/p>\n<h3 class=\"\" data-start=\"1815\" data-end=\"1868\"><strong data-start=\"1819\" data-end=\"1866\">Cadouri personalizate pentru to\u021bi cei dragi<\/strong><\/h3>\n<p class=\"\" data-start=\"1870\" data-end=\"2281\">\u00cen\u021belegem c\u0103 fiecare persoan\u0103 are gusturi unice, a\u0219a c\u0103 \u00ee\u021bi oferim posibilitatea de a personaliza <strong data-start=\"1968\" data-end=\"1989\">Cadoul de Cr\u0103ciun<\/strong> \u00een func\u021bie de preferin\u021bele tale. Po\u021bi alege flori speciale, culori preferate sau chiar ad\u0103uga un mic cadou pentru a face surpriza \u0219i mai special\u0103. Dac\u0103 \u00ee\u021bi dore\u0219ti s\u0103 oferi un cadou mai complex, contacteaz\u0103-ne \u0219i te vom ajuta s\u0103 creezi aranjamentele perfecte pentru aceast\u0103 perioad\u0103 festiv\u0103.<\/p>\n<h3 class=\"\" data-start=\"2283\" data-end=\"2322\"><strong data-start=\"2287\" data-end=\"2317\">Livrare gratuit\u0103 \u0219i rapid\u0103<\/strong> \ud83d\ude9a\ud83d\udc90<\/h3>\n<p class=\"\" data-start=\"2324\" data-end=\"2725\">La <strong data-start=\"2327\" data-end=\"2342\">ARA Flowers<\/strong>, ne asigur\u0103m c\u0103 <strong data-start=\"2359\" data-end=\"2384\">cadoul t\u0103u de Cr\u0103ciun<\/strong> ajunge \u00een stare perfect\u0103 \u0219i \u00een cel mai scurt timp posibil. Livrarea este gratuit\u0103 \u00een <strong data-start=\"2470\" data-end=\"2485\">Cluj-Napoca<\/strong>, iar curierii no\u0219tri proprii se asigur\u0103 c\u0103 florile vor ajunge la destina\u021bie rapid \u0219i \u00een condi\u021bii excelente. Timpul de livrare este de aproximativ 3 ore, iar dac\u0103 plasarea comenzii se face dup\u0103 ora 17:00, livrarea va fi efectuat\u0103 a doua zi.<\/p>\n<h3 class=\"\" data-start=\"2727\" data-end=\"2771\"><strong data-start=\"2731\" data-end=\"2768\">Cum s\u0103 comanzi Cadoul de Cr\u0103ciun?<\/strong> \ud83c\udf81<\/h3>\n<p class=\"\" data-start=\"2773\" data-end=\"3141\">Este simplu s\u0103 comanzi <strong data-start=\"2796\" data-end=\"2817\">Cadoul de Cr\u0103ciun<\/strong>! Po\u021bi alege dintr-o varietate de aranjamente florale \u0219i <strong data-start=\"2874\" data-end=\"2885\">gifturi<\/strong> personalizate acces\u00e2nd <a class=\"\" href=\"https:\/\/www.instagram.com\/araflowers.ro\/\" target=\"_new\" rel=\"noopener\" data-start=\"2909\" data-end=\"2979\">Instagram : @araflowers.ro<\/a> sau vizit\u00e2nd site-ul nostru oficial <a class=\"\" href=\"https:\/\/araflowers.ro\/en\/\" target=\"_new\" rel=\"noopener\" data-start=\"3016\" data-end=\"3055\">araflowers.ro<\/a>. Echipa noastr\u0103 va prelua comanda ta \u0219i \u00ee\u021bi va livra produsul ales rapid \u0219i eficient.<\/p>\n<h3 class=\"\" data-start=\"3143\" data-end=\"3203\"><strong data-start=\"3147\" data-end=\"3203\">De ce s\u0103 alegi ARA Flowers pentru Cadoul de Cr\u0103ciun?<\/strong><\/h3>\n<ol data-start=\"3205\" data-end=\"3778\">\n<li class=\"\" data-start=\"3205\" data-end=\"3361\">\n<p class=\"\" data-start=\"3208\" data-end=\"3361\"><strong data-start=\"3208\" data-end=\"3235\">Creativitate nelimitat\u0103<\/strong>: Suntem o echip\u0103 de arti\u0219ti florali care sunt preg\u0103ti\u021bi s\u0103 \u00eendeplineasc\u0103 toate dorin\u021bele tale \u0219i s\u0103 creeze cadouri deosebite.<\/p>\n<\/li>\n<li class=\"\" data-start=\"3362\" data-end=\"3513\">\n<p class=\"\" data-start=\"3365\" data-end=\"3513\"><strong data-start=\"3365\" data-end=\"3410\">Livrare rapid\u0103 \u0219i gratuit\u0103 \u00een Cluj-Napoca<\/strong>: Oferim livrare rapid\u0103 \u0219i gratuit\u0103 \u00een zona Cluj-Napoca, pentru ca florile s\u0103 ajung\u0103 \u00een perfect\u0103 stare.<\/p>\n<\/li>\n<li class=\"\" data-start=\"3514\" data-end=\"3643\">\n<p class=\"\" data-start=\"3517\" data-end=\"3643\"><strong data-start=\"3517\" data-end=\"3543\">Personalizare complet\u0103<\/strong>: Po\u021bi ad\u0103uga un mesaj caligrafic personalizat sau chiar s\u0103 creezi un cadou unicat pentru cei dragi.<\/p>\n<\/li>\n<li class=\"\" data-start=\"3644\" data-end=\"3778\">\n<p class=\"\" data-start=\"3647\" data-end=\"3778\"><strong data-start=\"3647\" data-end=\"3672\">Serviciu de \u00eencredere<\/strong>: \u00cen fiecare an, sute de clien\u021bi ne aleg pentru a ad\u0103uga un strop de magie s\u0103rb\u0103torilor lor de Cr\u0103ciun. \ud83c\udf85<\/p>\n<\/li>\n<\/ol>\n<h3 class=\"\" data-start=\"3780\" data-end=\"3809\"><strong data-start=\"3784\" data-end=\"3807\">\u00centreb\u0103ri frecvente<\/strong><\/h3>\n<p class=\"\" data-start=\"3811\" data-end=\"3978\"><strong data-start=\"3811\" data-end=\"3855\">Cum pot personaliza un Cadou de Cr\u0103ciun?<\/strong><br data-start=\"3855\" data-end=\"3858\" \/>Po\u021bi personaliza cadoul aleg\u00e2nd flori speciale, culori sau gifturi suplimentare. Suntem deschi\u0219i la orice idee creativ\u0103!<\/p>\n<p class=\"\" data-start=\"3980\" data-end=\"4137\"><strong data-start=\"3980\" data-end=\"4005\">C\u00e2t dureaz\u0103 livrarea?<\/strong><br data-start=\"4005\" data-end=\"4008\" \/>Livrarea este gratuit\u0103 \u0219i se face \u00een aproximativ 3 ore \u00een Cluj-Napoca. Comenzile plasate dup\u0103 ora 17:00 vor fi livrate a doua zi.<\/p>\n<p class=\"\" data-start=\"4139\" data-end=\"4306\"><strong data-start=\"4139\" data-end=\"4190\">Ce este inclus \u00een pre\u021bul unui Cadou de Cr\u0103ciun?<\/strong><br data-start=\"4190\" data-end=\"4193\" \/>Pre\u021bul include florile, ambalajul \u0219i o felicitare personalizat\u0103. Gifturile suplimentare pot fi comandate separat.<\/p>","protected":false},"featured_media":1751,"template":"","meta":{"ocean_post_layout":"full-screen","ocean_both_sidebars_style":"","ocean_both_sidebars_content_width":0,"ocean_both_sidebars_sidebars_width":0,"ocean_sidebar":"0","ocean_second_sidebar":"0","ocean_disable_margins":"enable","ocean_add_body_class":"","ocean_shortcode_before_top_bar":"","ocean_shortcode_after_top_bar":"","ocean_shortcode_before_header":"","ocean_shortcode_after_header":"","ocean_has_shortcode":"","ocean_shortcode_after_title":"","ocean_shortcode_before_footer_widgets":"","ocean_shortcode_after_footer_widgets":"","ocean_shortcode_before_footer_bottom":"","ocean_shortcode_after_footer_bottom":"","ocean_display_top_bar":"default","ocean_display_header":"default","ocean_header_style":"","ocean_center_header_left_menu":"0","ocean_custom_header_template":"0","ocean_custom_logo":0,"ocean_custom_retina_logo":0,"ocean_custom_logo_max_width":0,"ocean_custom_logo_tablet_max_width":0,"ocean_custom_logo_mobile_max_width":0,"ocean_custom_logo_max_height":0,"ocean_custom_logo_tablet_max_height":0,"ocean_custom_logo_mobile_max_height":0,"ocean_header_custom_menu":"0","ocean_menu_typo_font_family":"0","ocean_menu_typo_font_subset":"","ocean_menu_typo_font_size":0,"ocean_menu_typo_font_size_tablet":0,"ocean_menu_typo_font_size_mobile":0,"ocean_menu_typo_font_size_unit":"px","ocean_menu_typo_font_weight":"","ocean_menu_typo_font_weight_tablet":"","ocean_menu_typo_font_weight_mobile":"","ocean_menu_typo_transform":"","ocean_menu_typo_transform_tablet":"","ocean_menu_typo_transform_mobile":"","ocean_menu_typo_line_height":0,"ocean_menu_typo_line_height_tablet":0,"ocean_menu_typo_line_height_mobile":0,"ocean_menu_typo_line_height_unit":"","ocean_menu_typo_spacing":0,"ocean_menu_typo_spacing_tablet":0,"ocean_menu_typo_spacing_mobile":0,"ocean_menu_typo_spacing_unit":"","ocean_menu_link_color":"","ocean_menu_link_color_hover":"","ocean_menu_link_color_active":"","ocean_menu_link_background":"","ocean_menu_link_hover_background":"","ocean_menu_link_active_background":"","ocean_menu_social_links_bg":"","ocean_menu_social_hover_links_bg":"","ocean_menu_social_links_color":"","ocean_menu_social_hover_links_color":"","ocean_disable_title":"default","ocean_disable_heading":"default","ocean_post_title":"","ocean_post_subheading":"","ocean_post_title_style":"","ocean_post_title_background_color":"","ocean_post_title_background":0,"ocean_post_title_bg_image_position":"","ocean_post_title_bg_image_attachment":"","ocean_post_title_bg_image_repeat":"","ocean_post_title_bg_image_size":"","ocean_post_title_height":0,"ocean_post_title_bg_overlay":0.5,"ocean_post_title_bg_overlay_color":"","ocean_disable_breadcrumbs":"default","ocean_breadcrumbs_color":"","ocean_breadcrumbs_separator_color":"","ocean_breadcrumbs_links_color":"","ocean_breadcrumbs_links_hover_color":"","ocean_display_footer_widgets":"default","ocean_display_footer_bottom":"default","ocean_custom_footer_template":"0"},"product_brand":[],"product_cat":[26],"product_tag":[],"class_list":{"0":"post-1750","1":"product","2":"type-product","3":"status-publish","4":"has-post-thumbnail","6":"product_cat-gifturi","8":"entry","9":"has-media","11":"first","12":"instock","13":"taxable","14":"shipping-taxable","15":"purchasable","16":"product-type-simple","17":"has-product-nav","18":"col","19":"span_1_of_3","20":"owp-content-center","21":"item-entry","22":"owp-thumbs-layout-horizontal","23":"owp-btn-normal","24":"owp-tabs-layout-horizontal","25":"has-no-thumbnails"},"_links":{"self":[{"href":"https:\/\/araflowers.ro\/en\/wp-json\/wp\/v2\/product\/1750","targetHints":{"allow":["GET"]}}],"collection":[{"href":"https:\/\/araflowers.ro\/en\/wp-json\/wp\/v2\/product"}],"about":[{"href":"https:\/\/araflowers.ro\/en\/wp-json\/wp\/v2\/types\/product"}],"wp:featuredmedia":[{"embeddable":true,"href":"https:\/\/araflowers.ro\/en\/wp-json\/wp\/v2\/media\/1751"}],"wp:attachment":[{"href":"https:\/\/araflowers.ro\/en\/wp-json\/wp\/v2\/media?parent=1750"}],"wp:term":[{"taxonomy":"product_brand","embeddable":true,"href":"https:\/\/araflowers.ro\/en\/wp-json\/wp\/v2\/product_brand?post=1750"},{"taxonomy":"product_cat","embeddable":true,"href":"https:\/\/araflowers.ro\/en\/wp-json\/wp\/v2\/product_cat?post=1750"},{"taxonomy":"product_tag","embeddable":true,"href":"https:\/\/araflowers.ro\/en\/wp-json\/wp\/v2\/product_tag?post=1750"}],"curies":[{"name":"wp","href":"https:\/\/api.w.org\/{rel}","templated":true}]}}