{"id":1588,"date":"2022-10-05T16:18:01","date_gmt":"2022-10-05T16:18:01","guid":{"rendered":"https:\/\/araflowers.ro\/?post_type=product&#038;p=1588"},"modified":"2025-12-09T13:04:34","modified_gmt":"2025-12-09T13:04:34","slug":"terariu-cu-cala","status":"publish","type":"product","link":"https:\/\/araflowers.ro\/en\/product\/terariu-cu-cala\/","title":{"rendered":"Terariu cu cala"},"content":{"rendered":"<h3 class=\"\" data-start=\"95\" data-end=\"140\"><strong data-start=\"99\" data-end=\"137\">Cadoul perfect pentru orice ocazie<\/strong> \ud83c\udf81<\/h3>\n<p class=\"\" data-start=\"142\" data-end=\"522\"><strong data-start=\"142\" data-end=\"162\">Terariul cu cala<\/strong> este un aranjament floral sofisticat \u0219i rafinat, care adaug\u0103 un strop de elegan\u021b\u0103 oric\u0103rei \u00eenc\u0103peri. Acest terariu con\u021bine flori de cal\u0103, cunoscute pentru frumuse\u021bea lor delicat\u0103 \u0219i simplitatea lor elegant\u0103. Cal\u0103 este o plant\u0103 care simbolizeaz\u0103 puritatea, frumuse\u021bea \u0219i devotamentul, f\u0103c\u00e2nd din acest terariu cadoul ideal pentru femei \u0219i b\u0103rba\u021bi deopotriv\u0103.<\/p>\n<h3 class=\"\" data-start=\"524\" data-end=\"563\"><strong data-start=\"528\" data-end=\"561\">Caracteristici ale produsului<\/strong><\/h3>\n<ul data-start=\"564\" data-end=\"786\">\n<li class=\"\" data-start=\"564\" data-end=\"630\">\n<p class=\"\" data-start=\"566\" data-end=\"630\"><strong data-start=\"566\" data-end=\"584\">Plante de cal\u0103<\/strong> \u2013 flori elegante, perfecte pentru orice decor<\/p>\n<\/li>\n<li class=\"\" data-start=\"631\" data-end=\"714\">\n<p class=\"\" data-start=\"633\" data-end=\"714\"><strong data-start=\"633\" data-end=\"661\">Cartolina de \u00eentre\u021binere<\/strong> \u2013 instruc\u021biuni detaliate pentru \u00eengrijirea plantelor<\/p>\n<\/li>\n<li class=\"\" data-start=\"715\" data-end=\"786\">\n<p class=\"\" data-start=\"717\" data-end=\"786\"><strong data-start=\"717\" data-end=\"751\">Felicitare cadou personalizat\u0103<\/strong> \u2013 cu textul dorit, scris de m\u00e2n\u0103<\/p>\n<\/li>\n<\/ul>\n<p class=\"\" data-start=\"788\" data-end=\"908\">\ud83d\udc8c <strong data-start=\"791\" data-end=\"826\">Livrare gratuit\u0103 \u00een Cluj-Napoca<\/strong> prin curieri proprii pentru a asigura c\u0103 terariul ajunge \u00eentr-o stare impecabil\u0103.<\/p>\n<p class=\"\" data-start=\"910\" data-end=\"1013\">\ud83d\udce6 <strong data-start=\"913\" data-end=\"934\">Timpul de livrare<\/strong>: Aproape <strong data-start=\"944\" data-end=\"953\">3 ore<\/strong><br data-start=\"953\" data-end=\"956\" \/>\ud83d\udcc5 <strong data-start=\"959\" data-end=\"1013\">Comenzile dup\u0103 ora 17:00 vor fi livrate a doua zi!<\/strong><\/p>\n<p class=\"\" data-start=\"1015\" data-end=\"1174\">\ud83d\udd39 <strong data-start=\"1018\" data-end=\"1037\">Comand\u0103 acum pe<\/strong> <a class=\"\" href=\"https:\/\/araflowers.ro\/en\/\" target=\"_new\" rel=\"noopener\" data-start=\"1038\" data-end=\"1077\">araFlowers.ro<\/a><br data-start=\"1077\" data-end=\"1080\" \/>\ud83d\udd39 <strong data-start=\"1083\" data-end=\"1115\">Vezi mai multe pe Instagram:<\/strong> <a class=\"\" href=\"https:\/\/www.instagram.com\/araflowers.ro\/\" target=\"_new\" rel=\"noopener\" data-start=\"1116\" data-end=\"1174\">@araflowers.ro<\/a><\/p>\n<p>&nbsp;<\/p>","protected":false},"excerpt":{"rendered":"<h3 class=\"\" data-start=\"1205\" data-end=\"1278\"><strong data-start=\"1209\" data-end=\"1278\">Terariu cu Cala \u2013 O Simbolistic\u0103 Des\u0103v\u00e2r\u0219it\u0103 \u0219i Elegan\u021b\u0103 Natural\u0103<\/strong><\/h3>\n<p class=\"\" data-start=\"1280\" data-end=\"1634\"><strong data-start=\"1280\" data-end=\"1300\">Terariul cu cal\u0103<\/strong> este un produs unic care \u00eencorporeaz\u0103 elegan\u021ba \u0219i rafinamentul florii de cal\u0103 \u00eentr-un mediu natural. Aceste plante sunt perfecte pentru a ad\u0103uga un accent de frumuse\u021be subtil\u0103 \u0219i sofisticat\u0103 \u00een orice decor. Cal\u0103, cunoscut\u0103 pentru forma sa distinctiv\u0103 \u0219i culorile delicate, simbolizeaz\u0103 puritatea, frumuse\u021bea ideal\u0103 \u0219i iubirea curat\u0103.<\/p>\n<h4 class=\"\" data-start=\"1636\" data-end=\"1677\"><strong data-start=\"1641\" data-end=\"1674\">\u00cengrijirea Terariului cu Cala<\/strong> \ud83c\udf31<\/h4>\n<p class=\"\" data-start=\"1679\" data-end=\"1884\">\u00cengrijirea acestui terariu este simpl\u0103 \u0219i nu necesit\u0103 mult timp sau aten\u021bie, ceea ce \u00eel face ideal pentru cei care doresc s\u0103 adauge un element de natur\u0103 \u00een via\u021ba lor, dar nu au mult timp pentru \u00eengrijire.<\/p>\n<ul data-start=\"1886\" data-end=\"2271\">\n<li class=\"\" data-start=\"1886\" data-end=\"2026\">\n<p class=\"\" data-start=\"1888\" data-end=\"2026\"><strong data-start=\"1888\" data-end=\"1899\">Lumin\u0103:<\/strong> Terariul cu cal\u0103 trebuie s\u0103 fie plasat \u00eentr-un loc luminos, dar nu la soare direct, pentru a evita arderea frunzelor delicate.<\/p>\n<\/li>\n<li class=\"\" data-start=\"2027\" data-end=\"2144\">\n<p class=\"\" data-start=\"2029\" data-end=\"2144\"><strong data-start=\"2029\" data-end=\"2039\">Udare:<\/strong> Udarea se face moderat, doar c\u00e2nd substratul este uscat. Nu l\u0103sa\u021bi apa s\u0103 stagneze \u00een vasele terariului.<\/p>\n<\/li>\n<li class=\"\" data-start=\"2145\" data-end=\"2271\">\n<p class=\"\" data-start=\"2147\" data-end=\"2271\"><strong data-start=\"2147\" data-end=\"2163\">\u00centre\u021binere:<\/strong> De asemenea, frunzele uscate trebuie \u00eendep\u0103rtate ocazional pentru a men\u021bine aspectul estetic al terariului.<\/p>\n<\/li>\n<\/ul>\n<p class=\"\" data-start=\"2273\" data-end=\"2418\">Este important s\u0103 acorda\u021bi o aten\u021bie deosebit\u0103 ud\u0103rii \u0219i s\u0103 respecta\u021bi nevoile de lumin\u0103 ale plantei pentru a men\u021bine terariul s\u0103n\u0103tos \u0219i frumos.<\/p>\n<hr class=\"\" data-start=\"2420\" data-end=\"2423\" \/>\n<h3 class=\"\" data-start=\"2425\" data-end=\"2483\"><strong data-start=\"2429\" data-end=\"2481\">Cum s\u0103 \u00eencadrezi Terariul cu Cal\u0103 \u00een Decorul T\u0103u<\/strong><\/h3>\n<p class=\"\" data-start=\"2485\" data-end=\"2901\">Acest terariu poate fi folosit pentru a decora orice col\u021b al casei sau biroului. Fie c\u0103 este plasat pe birou, \u00eentr-o vitrin\u0103 sau pe o mas\u0103 de cafea, terariul cu cal\u0103 va atrage cu siguran\u021b\u0103 aten\u021bia. Forma sa elegant\u0103 \u0219i florile delicate vor ad\u0103uga o not\u0103 de rafinament \u00een orice \u00eenc\u0103pere. De asemenea, este un cadou perfect pentru o varietate de ocazii \u2013 zile de na\u0219tere, anivers\u0103ri sau orice alt\u0103 s\u0103rb\u0103toare special\u0103.<\/p>\n<h3 class=\"\" data-start=\"2903\" data-end=\"2946\"><strong data-start=\"2907\" data-end=\"2946\">Cadou Ideal pentru Femei \u0219i B\u0103rba\u021bi<\/strong><\/h3>\n<p class=\"\" data-start=\"2948\" data-end=\"3240\">Fie c\u0103 dori\u021bi s\u0103 oferi\u021bi un cadou deosebit persoanei iubite sau unui coleg de serviciu, <strong data-start=\"3036\" data-end=\"3056\">terariul cu cal\u0103<\/strong> va ad\u0103uga un accent de rafinament oric\u0103rui birou sau camer\u0103. Cu un design simplu \u0219i elegant, acest terariu este perfect pentru cei care apreciaz\u0103 naturale\u021bea \u0219i frumuse\u021bea florilor.<\/p>\n<hr class=\"\" data-start=\"3242\" data-end=\"3245\" \/>\n<h3 class=\"\" data-start=\"3247\" data-end=\"3296\"><strong data-start=\"3251\" data-end=\"3296\">Livrare Rapid\u0103 \u0219i Gratuit\u0103 \u00een Cluj-Napoca<\/strong><\/h3>\n<p class=\"\" data-start=\"3298\" data-end=\"3520\">Pentru a v\u0103 asigura c\u0103 terariul ajunge \u00een siguran\u021b\u0103 \u0219i la timp, oferim <strong data-start=\"3369\" data-end=\"3404\">livrare gratuit\u0103 \u00een Cluj-Napoca<\/strong>. Curierii proprii se vor asigura c\u0103 produsul ajunge \u00een stare perfect\u0103, \u00eentr-un interval de aproximativ <strong data-start=\"3508\" data-end=\"3517\">3 ore<\/strong>.<\/p>\n<p class=\"\" data-start=\"3522\" data-end=\"3617\"><strong data-start=\"3522\" data-end=\"3542\">Timp de livrare:<\/strong> Aproape <strong data-start=\"3551\" data-end=\"3560\">3 ore<\/strong><br data-start=\"3560\" data-end=\"3563\" \/><strong data-start=\"3563\" data-end=\"3617\">Comenzile dup\u0103 ora 17:00 vor fi livrate a doua zi!<\/strong><\/p>\n<hr class=\"\" data-start=\"3619\" data-end=\"3622\" \/>\n<h3 class=\"\" data-start=\"3624\" data-end=\"3649\"><strong data-start=\"3628\" data-end=\"3647\">Comand\u0103 acum pe<\/strong><\/h3>\n<p class=\"\" data-start=\"3650\" data-end=\"3785\">\ud83d\uded2 <a class=\"\" href=\"https:\/\/araflowers.ro\/en\/\" target=\"_new\" rel=\"noopener\" data-start=\"3653\" data-end=\"3692\">araFlowers.ro<\/a><br data-start=\"3692\" data-end=\"3695\" \/>\ud83d\udcf7 Vezi mai multe pe Instagram: <a class=\"\" href=\"https:\/\/www.instagram.com\/araflowers.ro\/\" target=\"_new\" rel=\"noopener\" data-start=\"3727\" data-end=\"3785\">@araflowers.ro<\/a><\/p>","protected":false},"featured_media":1550,"template":"","meta":{"ocean_post_layout":"full-screen","ocean_both_sidebars_style":"","ocean_both_sidebars_content_width":0,"ocean_both_sidebars_sidebars_width":0,"ocean_sidebar":"0","ocean_second_sidebar":"0","ocean_disable_margins":"enable","ocean_add_body_class":"","ocean_shortcode_before_top_bar":"","ocean_shortcode_after_top_bar":"","ocean_shortcode_before_header":"","ocean_shortcode_after_header":"","ocean_has_shortcode":"","ocean_shortcode_after_title":"","ocean_shortcode_before_footer_widgets":"","ocean_shortcode_after_footer_widgets":"","ocean_shortcode_before_footer_bottom":"","ocean_shortcode_after_footer_bottom":"","ocean_display_top_bar":"default","ocean_display_header":"default","ocean_header_style":"","ocean_center_header_left_menu":"0","ocean_custom_header_template":"0","ocean_custom_logo":0,"ocean_custom_retina_logo":0,"ocean_custom_logo_max_width":0,"ocean_custom_logo_tablet_max_width":0,"ocean_custom_logo_mobile_max_width":0,"ocean_custom_logo_max_height":0,"ocean_custom_logo_tablet_max_height":0,"ocean_custom_logo_mobile_max_height":0,"ocean_header_custom_menu":"0","ocean_menu_typo_font_family":"0","ocean_menu_typo_font_subset":"","ocean_menu_typo_font_size":0,"ocean_menu_typo_font_size_tablet":0,"ocean_menu_typo_font_size_mobile":0,"ocean_menu_typo_font_size_unit":"px","ocean_menu_typo_font_weight":"","ocean_menu_typo_font_weight_tablet":"","ocean_menu_typo_font_weight_mobile":"","ocean_menu_typo_transform":"","ocean_menu_typo_transform_tablet":"","ocean_menu_typo_transform_mobile":"","ocean_menu_typo_line_height":0,"ocean_menu_typo_line_height_tablet":0,"ocean_menu_typo_line_height_mobile":0,"ocean_menu_typo_line_height_unit":"","ocean_menu_typo_spacing":0,"ocean_menu_typo_spacing_tablet":0,"ocean_menu_typo_spacing_mobile":0,"ocean_menu_typo_spacing_unit":"","ocean_menu_link_color":"","ocean_menu_link_color_hover":"","ocean_menu_link_color_active":"","ocean_menu_link_background":"","ocean_menu_link_hover_background":"","ocean_menu_link_active_background":"","ocean_menu_social_links_bg":"","ocean_menu_social_hover_links_bg":"","ocean_menu_social_links_color":"","ocean_menu_social_hover_links_color":"","ocean_disable_title":"default","ocean_disable_heading":"default","ocean_post_title":"","ocean_post_subheading":"","ocean_post_title_style":"","ocean_post_title_background_color":"","ocean_post_title_background":0,"ocean_post_title_bg_image_position":"","ocean_post_title_bg_image_attachment":"","ocean_post_title_bg_image_repeat":"","ocean_post_title_bg_image_size":"","ocean_post_title_height":0,"ocean_post_title_bg_overlay":0.5,"ocean_post_title_bg_overlay_color":"","ocean_disable_breadcrumbs":"default","ocean_breadcrumbs_color":"","ocean_breadcrumbs_separator_color":"","ocean_breadcrumbs_links_color":"","ocean_breadcrumbs_links_hover_color":"","ocean_display_footer_widgets":"default","ocean_display_footer_bottom":"default","ocean_custom_footer_template":"0"},"product_brand":[],"product_cat":[45],"product_tag":[],"class_list":{"0":"post-1588","1":"product","2":"type-product","3":"status-publish","4":"has-post-thumbnail","6":"product_cat-terarii","8":"entry","9":"has-media","11":"first","12":"instock","13":"taxable","14":"shipping-taxable","15":"purchasable","16":"product-type-simple","17":"has-product-nav","18":"col","19":"span_1_of_3","20":"owp-content-center","21":"item-entry","22":"owp-thumbs-layout-horizontal","23":"owp-btn-normal","24":"owp-tabs-layout-horizontal"},"_links":{"self":[{"href":"https:\/\/araflowers.ro\/en\/wp-json\/wp\/v2\/product\/1588","targetHints":{"allow":["GET"]}}],"collection":[{"href":"https:\/\/araflowers.ro\/en\/wp-json\/wp\/v2\/product"}],"about":[{"href":"https:\/\/araflowers.ro\/en\/wp-json\/wp\/v2\/types\/product"}],"wp:featuredmedia":[{"embeddable":true,"href":"https:\/\/araflowers.ro\/en\/wp-json\/wp\/v2\/media\/1550"}],"wp:attachment":[{"href":"https:\/\/araflowers.ro\/en\/wp-json\/wp\/v2\/media?parent=1588"}],"wp:term":[{"taxonomy":"product_brand","embeddable":true,"href":"https:\/\/araflowers.ro\/en\/wp-json\/wp\/v2\/product_brand?post=1588"},{"taxonomy":"product_cat","embeddable":true,"href":"https:\/\/araflowers.ro\/en\/wp-json\/wp\/v2\/product_cat?post=1588"},{"taxonomy":"product_tag","embeddable":true,"href":"https:\/\/araflowers.ro\/en\/wp-json\/wp\/v2\/product_tag?post=1588"}],"curies":[{"name":"wp","href":"https:\/\/api.w.org\/{rel}","templated":true}]}}