{"id":1419,"date":"2022-08-17T15:29:13","date_gmt":"2022-08-17T15:29:13","guid":{"rendered":"https:\/\/araflowers.ro\/?post_type=product&#038;p=1419"},"modified":"2026-02-19T14:39:00","modified_gmt":"2026-02-19T14:39:00","slug":"creaza-ti-buchetul-aranjamentul","status":"publish","type":"product","link":"https:\/\/araflowers.ro\/en\/product\/creaza-ti-buchetul-aranjamentul\/","title":{"rendered":"Creeaz\u0103-\u021bi Buchetul\/Aranjamentul"},"content":{"rendered":"<h3 class=\"\" data-start=\"116\" data-end=\"176\"><strong data-start=\"120\" data-end=\"169\">Creeaz\u0103-\u021bi buchetul sau aranjamentul perfect!<\/strong> \ud83c\udf37\ud83c\udf3c<\/h3>\n<p class=\"\" data-start=\"178\" data-end=\"441\">\u00cen atelierul ARA Flowers, \u00ee\u021bi oferim oportunitatea de a-\u021bi <strong data-start=\"237\" data-end=\"291\">crea buchetul sau aranjamentul floral personalizat<\/strong>. Fie c\u0103 vrei un buchet de flori pentru o ocazie special\u0103 sau un aranjament pentru decorul casei tale, noi suntem aici s\u0103 \u00ee\u021bi \u00eendeplinim dorin\u021bele. \ud83c\udf38<\/p>\n<p class=\"\" data-start=\"443\" data-end=\"633\">\u2728 <strong data-start=\"445\" data-end=\"486\">Plante \u0219i flori proaspete, la alegere<\/strong><br data-start=\"486\" data-end=\"489\" \/>\ud83c\udf37 <strong data-start=\"492\" data-end=\"541\">Buchete \u0219i aranjamente pentru orice eveniment<\/strong><br data-start=\"541\" data-end=\"544\" \/>\ud83c\udf81 <strong data-start=\"547\" data-end=\"590\">Felicitare cadou personalizat\u0103, inclus\u0103<\/strong><br data-start=\"590\" data-end=\"593\" \/>\ud83d\ude9a <strong data-start=\"596\" data-end=\"631\">Livrare gratuit\u0103 \u00een Cluj-Napoca<\/strong><\/p>\n<p class=\"\" data-start=\"635\" data-end=\"818\">\ud83d\udd39 <strong data-start=\"638\" data-end=\"679\">Comand\u0103 acum buchetul personalizat pe<\/strong> <a class=\"\" href=\"https:\/\/araflowers.ro\/en\/\" target=\"_new\" rel=\"noopener\" data-start=\"680\" data-end=\"719\">araFlowers.ro<\/a><br data-start=\"719\" data-end=\"722\" \/>\ud83d\udd39 <strong data-start=\"725\" data-end=\"757\">Vezi mai multe pe Instagram:<\/strong> <a class=\"\" href=\"https:\/\/www.instagram.com\/araflowers.ro\/\" target=\"_new\" rel=\"noopener\" data-start=\"758\" data-end=\"816\">@araflowers.ro<\/a><\/p>","protected":false},"excerpt":{"rendered":"<h3 class=\"\" data-start=\"849\" data-end=\"951\"><strong data-start=\"853\" data-end=\"944\">Creeaz\u0103-\u021bi Buchetul sau Aranjamentul Personalizat \u2013 Alegerea ideal\u0103 pentru orice ocazie<\/strong> \ud83d\udc90\ud83c\udf39<\/h3>\n<p class=\"\" data-start=\"953\" data-end=\"1317\">La <strong data-start=\"956\" data-end=\"971\">ARA Flowers<\/strong>, \u00een\u021belegem importan\u021ba unui buchet sau al unui aranjament floral care s\u0103 reflecte gusturile tale \u0219i mesajul pe care dore\u0219ti s\u0103 \u00eel transmi\u021bi. Fie c\u0103 este vorba de o aniversare, un eveniment special sau o simpl\u0103 ocazie de a ad\u0103uga frumuse\u021be \u00een via\u021ba ta, noi \u00ee\u021bi oferim posibilitatea de a-\u021bi crea <strong data-start=\"1265\" data-end=\"1290\">buchetul personalizat<\/strong> exact a\u0219a cum \u00ee\u021bi dore\u0219ti.<\/p>\n<hr class=\"\" data-start=\"1319\" data-end=\"1322\" \/>\n<h3 class=\"\" data-start=\"1324\" data-end=\"1372\"><strong data-start=\"1328\" data-end=\"1369\">Cum \u00ee\u021bi creezi buchetul personalizat?<\/strong> \ud83c\udf3a<\/h3>\n<p class=\"\" data-start=\"1374\" data-end=\"1655\">Procesul este simplu \u0219i rapid! \u00ce\u021bi po\u021bi alege florile preferate \u0219i le putem aranja \u00eentr-un mod unic. Indiferent de tipul de flori sau culorile dorite, <strong data-start=\"1525\" data-end=\"1540\">ARA Flowers<\/strong> \u00ee\u021bi va pune la dispozi\u021bie o gam\u0103 variat\u0103 de op\u021biuni pentru ca buchetul t\u0103u s\u0103 fie <strong data-start=\"1623\" data-end=\"1654\">perfect pentru orice ocazie<\/strong>.<\/p>\n<ul data-start=\"1657\" data-end=\"2033\">\n<li class=\"\" data-start=\"1657\" data-end=\"1772\">\n<p class=\"\" data-start=\"1659\" data-end=\"1772\"><strong data-start=\"1659\" data-end=\"1679\">Floare preferat\u0103<\/strong> \u2013 Po\u021bi alege flori clasice, cum ar fi trandafiri, lalele, bujori, orhidee sau flori exotice.<\/p>\n<\/li>\n<li class=\"\" data-start=\"1773\" data-end=\"1897\">\n<p class=\"\" data-start=\"1775\" data-end=\"1897\"><strong data-start=\"1775\" data-end=\"1793\">Combin\u0103 culori<\/strong> \u2013 Alege culorile care \u00ee\u021bi reflect\u0103 stilul personal, de la pasteluri delicate la nuan\u021be vii \u0219i vibrante.<\/p>\n<\/li>\n<li class=\"\" data-start=\"1898\" data-end=\"2033\">\n<p class=\"\" data-start=\"1900\" data-end=\"2033\"><strong data-start=\"1900\" data-end=\"1915\">Design unic<\/strong> \u2013 Fie c\u0103 preferi un buchet compact sau un aranjament elegant, \u00ee\u021bi vom crea un design special adaptat cerin\u021belor tale.<\/p>\n<\/li>\n<\/ul>\n<hr class=\"\" data-start=\"2035\" data-end=\"2038\" \/>\n<h3 class=\"\" data-start=\"2040\" data-end=\"2099\"><strong data-start=\"2044\" data-end=\"2094\">Ce include serviciul de crea\u021bie personalizat\u0103?<\/strong> \ud83c\udf81<\/h3>\n<p class=\"\" data-start=\"2101\" data-end=\"2366\">Pe l\u00e2ng\u0103 faptul c\u0103 \u00ee\u021bi po\u021bi alege exact florile dorite, <strong data-start=\"2157\" data-end=\"2172\">ARA Flowers<\/strong> include \u0219i un <strong data-start=\"2187\" data-end=\"2236\">serviciu de personalizare a felicit\u0103rii cadou<\/strong>, care va fi scris\u0103 caligrafic cu mesajul ales de tine. Aceasta adaug\u0103 o not\u0103 personal\u0103 \u0219i unic\u0103 fiec\u0103rui buchet sau aranjament.<\/p>\n<p class=\"\" data-start=\"2368\" data-end=\"2527\">Fie c\u0103 este un cadou pentru o persoan\u0103 drag\u0103, fie c\u0103 \u00ee\u021bi dore\u0219ti doar un buchet proasp\u0103t pentru casa ta, suntem aici s\u0103 \u00ee\u021bi transform\u0103m dorin\u021bele \u00een realitate.<\/p>\n<hr class=\"\" data-start=\"2529\" data-end=\"2532\" \/>\n<h3 class=\"\" data-start=\"2534\" data-end=\"2588\"><strong data-start=\"2538\" data-end=\"2583\">Livrare rapid\u0103 \u0219i gratuit\u0103 \u00een Cluj-Napoca<\/strong> \ud83d\ude9a<\/h3>\n<p class=\"\" data-start=\"2590\" data-end=\"2896\"><strong data-start=\"2590\" data-end=\"2605\">ARA Flowers<\/strong> \u00ee\u021bi ofer\u0103 <strong data-start=\"2616\" data-end=\"2651\">livrare gratuit\u0103 \u00een Cluj-Napoca<\/strong>, prin curieri proprii, pentru a te asigura c\u0103 florile tale vor ajunge \u00een stare perfect\u0103 \u0219i la timp. \u00cen plus, timpul de livrare este de aproximativ <strong data-start=\"2799\" data-end=\"2808\">3 ore<\/strong>. \u00cen cazul \u00een care comanda este plasat\u0103 dup\u0103 ora 17:00, aceasta va fi livrat\u0103 a doua zi.<\/p>\n<hr class=\"\" data-start=\"2898\" data-end=\"2901\" \/>\n<h3 class=\"\" data-start=\"2903\" data-end=\"2966\"><strong data-start=\"2907\" data-end=\"2961\">Creeaz\u0103-\u021bi buchetul perfect pentru orice eveniment<\/strong> \ud83c\udf89<\/h3>\n<p class=\"\" data-start=\"2968\" data-end=\"3232\">Indiferent de ocazie \u2013 anivers\u0103ri, nun\u021bi, s\u0103rb\u0103tori sau alte evenimente speciale \u2013 <strong data-start=\"3051\" data-end=\"3066\">ARA Flowers<\/strong> \u00ee\u021bi ofer\u0103 posibilitatea de a crea <strong data-start=\"3101\" data-end=\"3121\">buchetul perfect<\/strong>. Personalizarea este cheia pentru a ob\u021bine un aranjament floral care s\u0103 fie cu adev\u0103rat <strong data-start=\"3210\" data-end=\"3231\">unic \u0219i memorabil<\/strong>.<\/p>\n<h3 class=\"\" data-start=\"3234\" data-end=\"3309\"><strong data-start=\"3238\" data-end=\"3303\">Adaug\u0103 un strop de magie cu un aranjament floral personalizat<\/strong> \u2728\ud83c\udf38<\/h3>\n<p class=\"\" data-start=\"3311\" data-end=\"3644\">Fiecare detaliu conteaz\u0103 atunci c\u00e2nd \u00ee\u021bi alegi buchetul sau aranjamentul floral, iar <strong data-start=\"3396\" data-end=\"3411\">ARA Flowers<\/strong> te va ghida s\u0103 faci alegerea perfect\u0103. De asemenea, po\u021bi opta pentru includerea de <strong data-start=\"3495\" data-end=\"3520\">elemente suplimentare<\/strong>, cum ar fi <strong data-start=\"3532\" data-end=\"3544\">decoruri<\/strong>, <strong data-start=\"3546\" data-end=\"3555\">cutii<\/strong> sau <strong data-start=\"3560\" data-end=\"3578\">flori de sezon<\/strong>, pentru a crea un aranjament care s\u0103 se potriveasc\u0103 stilului t\u0103u.<\/p>\n<hr class=\"\" data-start=\"3646\" data-end=\"3649\" \/>\n<h3 class=\"\" data-start=\"3651\" data-end=\"3674\"><strong data-start=\"3655\" data-end=\"3672\">Comand\u0103 acum!<\/strong><\/h3>\n<p class=\"\" data-start=\"3676\" data-end=\"3871\">Nu mai a\u0219tepta! Intr\u0103 pe <a class=\"\" href=\"https:\/\/araflowers.ro\/en\/\" target=\"_new\" rel=\"noopener\" data-start=\"3701\" data-end=\"3740\">araFlowers.ro<\/a> \u0219i creeaz\u0103-\u021bi buchetul sau aranjamentul dorit. De asemenea, po\u021bi vizualiza produsele noastre \u0219i pe Instagram, pentru inspira\u021bie.<\/p>\n<p class=\"\" data-start=\"3873\" data-end=\"4034\">\ud83d\udd39 <strong data-start=\"3876\" data-end=\"3895\">Comand\u0103 acum pe<\/strong> <a class=\"\" href=\"https:\/\/araflowers.ro\/en\/\" target=\"_new\" rel=\"noopener\" data-start=\"3896\" data-end=\"3935\">araFlowers.ro<\/a><br data-start=\"3935\" data-end=\"3938\" \/>\ud83d\udd39 <strong data-start=\"3941\" data-end=\"3973\">Vezi mai multe pe Instagram:<\/strong> <a class=\"\" href=\"https:\/\/www.instagram.com\/araflowers.ro\/\" target=\"_new\" rel=\"noopener\" data-start=\"3974\" data-end=\"4032\">@araflowers.ro<\/a><\/p>","protected":false},"featured_media":99,"template":"","meta":{"ocean_post_layout":"","ocean_both_sidebars_style":"","ocean_both_sidebars_content_width":0,"ocean_both_sidebars_sidebars_width":0,"ocean_sidebar":"0","ocean_second_sidebar":"0","ocean_disable_margins":"enable","ocean_add_body_class":"","ocean_shortcode_before_top_bar":"","ocean_shortcode_after_top_bar":"","ocean_shortcode_before_header":"","ocean_shortcode_after_header":"","ocean_has_shortcode":"","ocean_shortcode_after_title":"","ocean_shortcode_before_footer_widgets":"","ocean_shortcode_after_footer_widgets":"","ocean_shortcode_before_footer_bottom":"","ocean_shortcode_after_footer_bottom":"","ocean_display_top_bar":"default","ocean_display_header":"default","ocean_header_style":"","ocean_center_header_left_menu":"0","ocean_custom_header_template":"0","ocean_custom_logo":0,"ocean_custom_retina_logo":0,"ocean_custom_logo_max_width":0,"ocean_custom_logo_tablet_max_width":0,"ocean_custom_logo_mobile_max_width":0,"ocean_custom_logo_max_height":0,"ocean_custom_logo_tablet_max_height":0,"ocean_custom_logo_mobile_max_height":0,"ocean_header_custom_menu":"0","ocean_menu_typo_font_family":"0","ocean_menu_typo_font_subset":"","ocean_menu_typo_font_size":0,"ocean_menu_typo_font_size_tablet":0,"ocean_menu_typo_font_size_mobile":0,"ocean_menu_typo_font_size_unit":"px","ocean_menu_typo_font_weight":"","ocean_menu_typo_font_weight_tablet":"","ocean_menu_typo_font_weight_mobile":"","ocean_menu_typo_transform":"","ocean_menu_typo_transform_tablet":"","ocean_menu_typo_transform_mobile":"","ocean_menu_typo_line_height":0,"ocean_menu_typo_line_height_tablet":0,"ocean_menu_typo_line_height_mobile":0,"ocean_menu_typo_line_height_unit":"","ocean_menu_typo_spacing":0,"ocean_menu_typo_spacing_tablet":0,"ocean_menu_typo_spacing_mobile":0,"ocean_menu_typo_spacing_unit":"","ocean_menu_link_color":"","ocean_menu_link_color_hover":"","ocean_menu_link_color_active":"","ocean_menu_link_background":"","ocean_menu_link_hover_background":"","ocean_menu_link_active_background":"","ocean_menu_social_links_bg":"","ocean_menu_social_hover_links_bg":"","ocean_menu_social_links_color":"","ocean_menu_social_hover_links_color":"","ocean_disable_title":"default","ocean_disable_heading":"default","ocean_post_title":"","ocean_post_subheading":"","ocean_post_title_style":"","ocean_post_title_background_color":"","ocean_post_title_background":0,"ocean_post_title_bg_image_position":"","ocean_post_title_bg_image_attachment":"","ocean_post_title_bg_image_repeat":"","ocean_post_title_bg_image_size":"","ocean_post_title_height":0,"ocean_post_title_bg_overlay":0.5,"ocean_post_title_bg_overlay_color":"","ocean_disable_breadcrumbs":"default","ocean_breadcrumbs_color":"","ocean_breadcrumbs_separator_color":"","ocean_breadcrumbs_links_color":"","ocean_breadcrumbs_links_hover_color":"","ocean_display_footer_widgets":"default","ocean_display_footer_bottom":"default","ocean_custom_footer_template":"0"},"product_brand":[],"product_cat":[44],"product_tag":[],"class_list":{"0":"post-1419","1":"product","2":"type-product","3":"status-publish","4":"has-post-thumbnail","6":"product_cat-configurare-buchet","8":"entry","9":"has-media","11":"first","12":"instock","13":"taxable","14":"shipping-taxable","15":"purchasable","16":"product-type-variable","17":"has-product-nav","18":"col","19":"span_1_of_3","20":"owp-content-center","21":"item-entry","22":"owp-thumbs-layout-horizontal","23":"owp-btn-normal","24":"owp-tabs-layout-horizontal","25":"has-no-thumbnails"},"_links":{"self":[{"href":"https:\/\/araflowers.ro\/en\/wp-json\/wp\/v2\/product\/1419","targetHints":{"allow":["GET"]}}],"collection":[{"href":"https:\/\/araflowers.ro\/en\/wp-json\/wp\/v2\/product"}],"about":[{"href":"https:\/\/araflowers.ro\/en\/wp-json\/wp\/v2\/types\/product"}],"wp:featuredmedia":[{"embeddable":true,"href":"https:\/\/araflowers.ro\/en\/wp-json\/wp\/v2\/media\/99"}],"wp:attachment":[{"href":"https:\/\/araflowers.ro\/en\/wp-json\/wp\/v2\/media?parent=1419"}],"wp:term":[{"taxonomy":"product_brand","embeddable":true,"href":"https:\/\/araflowers.ro\/en\/wp-json\/wp\/v2\/product_brand?post=1419"},{"taxonomy":"product_cat","embeddable":true,"href":"https:\/\/araflowers.ro\/en\/wp-json\/wp\/v2\/product_cat?post=1419"},{"taxonomy":"product_tag","embeddable":true,"href":"https:\/\/araflowers.ro\/en\/wp-json\/wp\/v2\/product_tag?post=1419"}],"curies":[{"name":"wp","href":"https:\/\/api.w.org\/{rel}","templated":true}]}}