{"id":1082,"date":"2022-07-19T13:16:37","date_gmt":"2022-07-19T13:16:37","guid":{"rendered":"https:\/\/araflowers.ro\/?post_type=product&#038;p=1082"},"modified":"2025-12-09T13:04:36","modified_gmt":"2025-12-09T13:04:36","slug":"cap-venus-flori-albe-2","status":"publish","type":"product","link":"https:\/\/araflowers.ro\/en\/product\/cap-venus-flori-albe-2\/","title":{"rendered":"VENUS HEAD WHITE FLOWERS"},"content":{"rendered":"<h3 class=\"\" data-start=\"104\" data-end=\"184\"><strong data-start=\"108\" data-end=\"179\">Cap Venus cu flori albe \u2013 Elegan\u021b\u0103 \u0219i rafinament \u00een fiecare detaliu<\/strong> \ud83c\udf3f\ud83d\udc90<\/h3>\n<p class=\"\" data-start=\"186\" data-end=\"680\">Aranjamentul <strong data-start=\"199\" data-end=\"223\">VENUS HEAD WHITE FLOWERS<\/strong> este o combina\u021bie unic\u0103 de <strong data-start=\"251\" data-end=\"271\">flori conservate<\/strong> \u0219i elemente decorative ce aduc un aer elegant \u0219i rafinat \u00een orice spa\u021biu. Acest produs cuprinde <strong data-start=\"368\" data-end=\"393\">trandafiri conserva\u021bi<\/strong>, <strong data-start=\"395\" data-end=\"408\">hortensie<\/strong>, <strong data-start=\"410\" data-end=\"421\">lagurus<\/strong>, <strong data-start=\"423\" data-end=\"443\">ruscus conservat<\/strong> \u0219i alte materiale naturale, toate armonizate \u00een jurul unei statui <strong data-start=\"510\" data-end=\"519\">Venus<\/strong>, simbol al frumuse\u021bii eterne. Ideal pentru un cadou special sau pentru decorul casei tale, acest aranjament floral adaug\u0103 un strop de rafinament \u0219i unicitate.<\/p>\n<ul data-start=\"682\" data-end=\"821\">\n<li class=\"\" data-start=\"682\" data-end=\"710\">\n<p class=\"\" data-start=\"684\" data-end=\"710\"><strong data-start=\"684\" data-end=\"708\">Complet personalizat<\/strong><\/p>\n<\/li>\n<li class=\"\" data-start=\"711\" data-end=\"750\">\n<p class=\"\" data-start=\"713\" data-end=\"750\"><strong data-start=\"713\" data-end=\"748\">Livrare gratuit\u0103 \u00een Cluj-Napoca<\/strong><\/p>\n<\/li>\n<li class=\"\" data-start=\"751\" data-end=\"789\">\n<p class=\"\" data-start=\"753\" data-end=\"789\"><strong data-start=\"753\" data-end=\"787\">Felicitare caligrafic\u0103 inclus\u0103<\/strong><\/p>\n<\/li>\n<li class=\"\" data-start=\"790\" data-end=\"821\">\n<p class=\"\" data-start=\"792\" data-end=\"821\"><strong data-start=\"792\" data-end=\"819\">Livrare rapid\u0103 \u00een 3 ore<\/strong><\/p>\n<\/li>\n<\/ul>\n<p class=\"\" data-start=\"823\" data-end=\"984\">\ud83d\udd39 <strong data-start=\"826\" data-end=\"845\">Comand\u0103 acum pe<\/strong> <a class=\"\" href=\"https:\/\/araflowers.ro\/en\/\" target=\"_new\" rel=\"noopener\" data-start=\"846\" data-end=\"885\">araFlowers.ro<\/a><br data-start=\"885\" data-end=\"888\" \/>\ud83d\udd39 <strong data-start=\"891\" data-end=\"923\">Vezi mai multe pe Instagram:<\/strong> <a class=\"\" href=\"https:\/\/www.instagram.com\/araflowers.ro\/\" target=\"_new\" rel=\"noopener\" data-start=\"924\" data-end=\"982\">@araflowers.ro<\/a><\/p>","protected":false},"excerpt":{"rendered":"<h3 class=\"\" data-start=\"1015\" data-end=\"1102\"><strong data-start=\"1019\" data-end=\"1098\">CAP VENUS FLORI ALBE \u2013 Elegan\u021b\u0103 clasic\u0103 \u0219i natural\u0103 \u00eentr-un aranjament unic<\/strong> \ud83c\udf37\u2728<\/h3>\n<p class=\"\" data-start=\"1104\" data-end=\"1426\">Aranjamentul floral <strong data-start=\"1124\" data-end=\"1148\">VENUS HEAD WHITE FLOWERS<\/strong> \u00eembin\u0103 frumuse\u021bea clasic\u0103 a unei statui <strong data-start=\"1189\" data-end=\"1198\">Venus<\/strong>, simbol al elegan\u021bei \u0219i frumuse\u021bii atemporale, cu rafinamentul florilor conservate. Fiecare detaliu este atent ales pentru a crea un produs cu o estetic\u0103 impecabil\u0103, perfect pentru orice ocazie special\u0103 sau ca decor \u00een casa ta.<\/p>\n<hr class=\"\" data-start=\"1428\" data-end=\"1431\" \/>\n<h3 class=\"\" data-start=\"1433\" data-end=\"1476\"><strong data-start=\"1437\" data-end=\"1473\">Ce con\u021bine CAP VENUS FLORI ALBE?<\/strong> \ud83c\udf3c<\/h3>\n<p class=\"\" data-start=\"1478\" data-end=\"1644\">Acest aranjament floral con\u021bine o combina\u021bie de flori \u0219i materiale de \u00eenalt\u0103 calitate, care garanteaz\u0103 nu doar frumuse\u021be, ci \u0219i durabilitate. Iat\u0103 ce \u00eel face special:<\/p>\n<ul data-start=\"1646\" data-end=\"2353\">\n<li class=\"\" data-start=\"1646\" data-end=\"1747\">\n<p class=\"\" data-start=\"1648\" data-end=\"1747\"><strong data-start=\"1648\" data-end=\"1669\">Cap statuie Venus<\/strong> \u2013 Un simbol al frumuse\u021bii clasice, care confer\u0103 un aer rafinat \u0219i sofisticat.<\/p>\n<\/li>\n<li class=\"\" data-start=\"1748\" data-end=\"1903\">\n<p class=\"\" data-start=\"1750\" data-end=\"1903\"><strong data-start=\"1750\" data-end=\"1775\">Trandafiri conserva\u021bi<\/strong> \u2013 Trandafirii sunt p\u0103stra\u021bi printr-un proces special pentru a r\u0103m\u00e2ne proaspe\u021bi mult timp, oferind un aspect elegant \u0219i durabil.<\/p>\n<\/li>\n<li class=\"\" data-start=\"1904\" data-end=\"2020\">\n<p class=\"\" data-start=\"1906\" data-end=\"2020\"><strong data-start=\"1906\" data-end=\"1919\">Hortensie<\/strong> \u2013 O floare delicat\u0103 care adaug\u0103 volum \u0219i un contrast subtil, complet\u00e2nd perfect \u00eentregul aranjament.<\/p>\n<\/li>\n<li class=\"\" data-start=\"2021\" data-end=\"2109\">\n<p class=\"\" data-start=\"2023\" data-end=\"2109\"><strong data-start=\"2023\" data-end=\"2034\">Lagurus<\/strong> \u2013 O plant\u0103 cu un aspect deosebit, care adaug\u0103 o not\u0103 de natur\u0103 \u0219i textur\u0103.<\/p>\n<\/li>\n<li class=\"\" data-start=\"2110\" data-end=\"2219\">\n<p class=\"\" data-start=\"2112\" data-end=\"2219\"><strong data-start=\"2112\" data-end=\"2132\">Ruscus conservat<\/strong> \u2013 O plant\u0103 decorativ\u0103, cu frunze verzi, care completeaz\u0103 armonios \u00eentregul aranjament.<\/p>\n<\/li>\n<li class=\"\" data-start=\"2220\" data-end=\"2353\">\n<p class=\"\" data-start=\"2222\" data-end=\"2353\"><strong data-start=\"2222\" data-end=\"2249\">Alte materiale naturale<\/strong> \u2013 Diverse elemente care \u00eembog\u0103\u021besc estetica acestui aranjament \u0219i \u00eei confer\u0103 un aspect complet natural.<\/p>\n<\/li>\n<\/ul>\n<hr class=\"\" data-start=\"2355\" data-end=\"2358\" \/>\n<h3 class=\"\" data-start=\"2360\" data-end=\"2407\"><strong data-start=\"2364\" data-end=\"2404\">De ce s\u0103 alegi CAP VENUS FLORI ALBE?<\/strong> \ud83d\udc96<\/h3>\n<p class=\"\" data-start=\"2409\" data-end=\"2600\"><strong data-start=\"2409\" data-end=\"2433\">VENUS HEAD WHITE FLOWERS<\/strong> nu este doar un aranjament floral, ci o adev\u0103rat\u0103 pies\u0103 de artizanat, perfect\u0103 pentru a ad\u0103uga un strop de frumuse\u021be \u0219i rafinament \u00een orice camer\u0103. Este ideal pentru:<\/p>\n<ul data-start=\"2602\" data-end=\"2944\">\n<li class=\"\" data-start=\"2602\" data-end=\"2711\">\n<p class=\"\" data-start=\"2604\" data-end=\"2711\"><strong data-start=\"2604\" data-end=\"2624\">Cadouri speciale<\/strong> \u2013 Un cadou perfect pentru persoanele dragi sau pentru a s\u0103rb\u0103tori evenimente speciale.<\/p>\n<\/li>\n<li class=\"\" data-start=\"2712\" data-end=\"2823\">\n<p class=\"\" data-start=\"2714\" data-end=\"2823\"><strong data-start=\"2714\" data-end=\"2732\">Decor interior<\/strong> \u2013 Un element de decor unic, care adaug\u0103 o atmosfer\u0103 elegant\u0103 \u0219i relaxant\u0103 \u00een orice spa\u021biu.<\/p>\n<\/li>\n<li class=\"\" data-start=\"2824\" data-end=\"2944\">\n<p class=\"\" data-start=\"2826\" data-end=\"2944\"><strong data-start=\"2826\" data-end=\"2845\">Ocazii speciale<\/strong> \u2013 Potrivit pentru anivers\u0103ri, nun\u021bi, s\u0103rb\u0103tori sau chiar pentru a \u00eenfrumuse\u021ba biroul sau locuin\u021ba.<\/p>\n<\/li>\n<\/ul>\n<hr class=\"\" data-start=\"2946\" data-end=\"2949\" \/>\n<h3 class=\"\" data-start=\"2951\" data-end=\"3002\"><strong data-start=\"2955\" data-end=\"2999\">Servicii incluse pentru un cadou perfect<\/strong> \ud83c\udf81<\/h3>\n<p class=\"\" data-start=\"3004\" data-end=\"3431\">Atelierul <strong data-start=\"3014\" data-end=\"3029\">ARA Flowers<\/strong> se asigur\u0103 c\u0103 fiecare produs este livrat cu maxim\u0103 aten\u021bie la detalii. La fiecare comand\u0103, <strong data-start=\"3121\" data-end=\"3145\">VENUS HEAD WHITE FLOWERS<\/strong> vine al\u0103turi de o <strong data-start=\"3164\" data-end=\"3184\">felicitare cadou<\/strong> personalizat\u0103, scris\u0103 caligrafic cu mesajul ales de tine. \u00cen plus, <strong data-start=\"3252\" data-end=\"3289\">serviciul de livrare este gratuit<\/strong> \u00een Cluj-Napoca, iar florile ajung la destinatar \u00een perfect\u0103 stare, datorit\u0103 curierilor proprii care garanteaz\u0103 un transport rapid \u0219i sigur.<\/p>\n<p class=\"\" data-start=\"3433\" data-end=\"3566\"><strong data-start=\"3433\" data-end=\"3454\">Timpul de livrare<\/strong> este de aproximativ <strong data-start=\"3475\" data-end=\"3484\">3 ore<\/strong>, iar pentru comenzile efectuate dup\u0103 ora 17:00, acestea vor fi livrate a doua zi.<\/p>\n<hr class=\"\" data-start=\"3568\" data-end=\"3571\" \/>\n<h3 class=\"\" data-start=\"3573\" data-end=\"3624\"><strong data-start=\"3577\" data-end=\"3619\">Cum po\u021bi comanda CAP VENUS FLORI ALBE?<\/strong> \ud83d\udcbb\ud83d\udcde<\/h3>\n<p class=\"\" data-start=\"3626\" data-end=\"3935\">Dac\u0103 \u00ee\u021bi dore\u0219ti s\u0103 aduci un strop de frumuse\u021be clasic\u0103 \u00een via\u021ba ta sau \u00een via\u021ba cuiva drag, nu ezita s\u0103 comanzi <strong data-start=\"3739\" data-end=\"3763\">VENUS HEAD WHITE FLOWERS<\/strong>. Este simplu! Po\u021bi plasa comanda direct pe <strong data-start=\"3807\" data-end=\"3850\"><a class=\"\" href=\"https:\/\/araflowers.ro\/en\/\" target=\"_new\" rel=\"noopener\" data-start=\"3809\" data-end=\"3848\">araFlowers.ro<\/a><\/strong> sau po\u021bi vizualiza mai multe imagini \u0219i inspira\u021bie pe <strong data-start=\"3905\" data-end=\"3934\">Instagram: @araflowers.ro<\/strong>.<\/p>\n<p class=\"\" data-start=\"3937\" data-end=\"4098\">\ud83d\udd39 <strong data-start=\"3940\" data-end=\"3959\">Comand\u0103 acum pe<\/strong> <a class=\"\" href=\"https:\/\/araflowers.ro\/en\/\" target=\"_new\" rel=\"noopener\" data-start=\"3960\" data-end=\"3999\">araFlowers.ro<\/a><br data-start=\"3999\" data-end=\"4002\" \/>\ud83d\udd39 <strong data-start=\"4005\" data-end=\"4037\">Vezi mai multe pe Instagram:<\/strong> <a class=\"\" href=\"https:\/\/www.instagram.com\/araflowers.ro\/\" target=\"_new\" rel=\"noopener\" data-start=\"4038\" data-end=\"4096\">@araflowers.ro<\/a><\/p>","protected":false},"featured_media":982,"template":"","meta":{"ocean_post_layout":"full-screen","ocean_both_sidebars_style":"","ocean_both_sidebars_content_width":0,"ocean_both_sidebars_sidebars_width":0,"ocean_sidebar":"0","ocean_second_sidebar":"0","ocean_disable_margins":"enable","ocean_add_body_class":"","ocean_shortcode_before_top_bar":"","ocean_shortcode_after_top_bar":"","ocean_shortcode_before_header":"","ocean_shortcode_after_header":"","ocean_has_shortcode":"","ocean_shortcode_after_title":"","ocean_shortcode_before_footer_widgets":"","ocean_shortcode_after_footer_widgets":"","ocean_shortcode_before_footer_bottom":"","ocean_shortcode_after_footer_bottom":"","ocean_display_top_bar":"default","ocean_display_header":"default","ocean_header_style":"","ocean_center_header_left_menu":"0","ocean_custom_header_template":"0","ocean_custom_logo":0,"ocean_custom_retina_logo":0,"ocean_custom_logo_max_width":0,"ocean_custom_logo_tablet_max_width":0,"ocean_custom_logo_mobile_max_width":0,"ocean_custom_logo_max_height":0,"ocean_custom_logo_tablet_max_height":0,"ocean_custom_logo_mobile_max_height":0,"ocean_header_custom_menu":"0","ocean_menu_typo_font_family":"0","ocean_menu_typo_font_subset":"","ocean_menu_typo_font_size":0,"ocean_menu_typo_font_size_tablet":0,"ocean_menu_typo_font_size_mobile":0,"ocean_menu_typo_font_size_unit":"px","ocean_menu_typo_font_weight":"","ocean_menu_typo_font_weight_tablet":"","ocean_menu_typo_font_weight_mobile":"","ocean_menu_typo_transform":"","ocean_menu_typo_transform_tablet":"","ocean_menu_typo_transform_mobile":"","ocean_menu_typo_line_height":0,"ocean_menu_typo_line_height_tablet":0,"ocean_menu_typo_line_height_mobile":0,"ocean_menu_typo_line_height_unit":"","ocean_menu_typo_spacing":0,"ocean_menu_typo_spacing_tablet":0,"ocean_menu_typo_spacing_mobile":0,"ocean_menu_typo_spacing_unit":"","ocean_menu_link_color":"","ocean_menu_link_color_hover":"","ocean_menu_link_color_active":"","ocean_menu_link_background":"","ocean_menu_link_hover_background":"","ocean_menu_link_active_background":"","ocean_menu_social_links_bg":"","ocean_menu_social_hover_links_bg":"","ocean_menu_social_links_color":"","ocean_menu_social_hover_links_color":"","ocean_disable_title":"default","ocean_disable_heading":"default","ocean_post_title":"","ocean_post_subheading":"","ocean_post_title_style":"","ocean_post_title_background_color":"","ocean_post_title_background":0,"ocean_post_title_bg_image_position":"","ocean_post_title_bg_image_attachment":"","ocean_post_title_bg_image_repeat":"","ocean_post_title_bg_image_size":"","ocean_post_title_height":0,"ocean_post_title_bg_overlay":0.5,"ocean_post_title_bg_overlay_color":"","ocean_disable_breadcrumbs":"default","ocean_breadcrumbs_color":"","ocean_breadcrumbs_separator_color":"","ocean_breadcrumbs_links_color":"","ocean_breadcrumbs_links_hover_color":"","ocean_display_footer_widgets":"default","ocean_display_footer_bottom":"default","ocean_custom_footer_template":"0"},"product_brand":[],"product_cat":[24],"product_tag":[],"class_list":{"0":"post-1082","1":"product","2":"type-product","3":"status-publish","4":"has-post-thumbnail","6":"product_cat-conservate","8":"entry","9":"has-media","11":"first","12":"instock","13":"taxable","14":"shipping-taxable","15":"purchasable","16":"product-type-simple","17":"has-product-nav","18":"col","19":"span_1_of_3","20":"owp-content-center","21":"item-entry","22":"owp-thumbs-layout-horizontal","23":"owp-btn-normal","24":"owp-tabs-layout-horizontal"},"_links":{"self":[{"href":"https:\/\/araflowers.ro\/en\/wp-json\/wp\/v2\/product\/1082","targetHints":{"allow":["GET"]}}],"collection":[{"href":"https:\/\/araflowers.ro\/en\/wp-json\/wp\/v2\/product"}],"about":[{"href":"https:\/\/araflowers.ro\/en\/wp-json\/wp\/v2\/types\/product"}],"wp:featuredmedia":[{"embeddable":true,"href":"https:\/\/araflowers.ro\/en\/wp-json\/wp\/v2\/media\/982"}],"wp:attachment":[{"href":"https:\/\/araflowers.ro\/en\/wp-json\/wp\/v2\/media?parent=1082"}],"wp:term":[{"taxonomy":"product_brand","embeddable":true,"href":"https:\/\/araflowers.ro\/en\/wp-json\/wp\/v2\/product_brand?post=1082"},{"taxonomy":"product_cat","embeddable":true,"href":"https:\/\/araflowers.ro\/en\/wp-json\/wp\/v2\/product_cat?post=1082"},{"taxonomy":"product_tag","embeddable":true,"href":"https:\/\/araflowers.ro\/en\/wp-json\/wp\/v2\/product_tag?post=1082"}],"curies":[{"name":"wp","href":"https:\/\/api.w.org\/{rel}","templated":true}]}}