{"id":1075,"date":"2022-07-19T13:12:50","date_gmt":"2022-07-19T13:12:50","guid":{"rendered":"https:\/\/araflowers.ro\/?post_type=product&#038;p=1075"},"modified":"2025-12-09T13:04:36","modified_gmt":"2025-12-09T13:04:36","slug":"vaza-neagra","status":"publish","type":"product","link":"https:\/\/araflowers.ro\/en\/product\/vaza-neagra\/","title":{"rendered":"Black vase"},"content":{"rendered":"<h3 class=\"\" data-start=\"79\" data-end=\"149\"><strong data-start=\"83\" data-end=\"146\">Vaza Neagr\u0103 \u2013 Un detaliu deosebit pentru decorul casei tale<\/strong> \ud83c\udf38<\/h3>\n<p class=\"\" data-start=\"151\" data-end=\"735\">Vaza neagr\u0103 de la <strong data-start=\"169\" data-end=\"184\">ARA Flowers<\/strong> este alegerea perfect\u0103 pentru a ad\u0103uga un strop de elegan\u021b\u0103 \u0219i rafinament oric\u0103rui col\u021b din casa ta. Indiferent dac\u0103 o folose\u0219ti pentru flori proaspete sau pentru aranjamente uscate, aceast\u0103 vaza va deveni un punct focal \u00een decorul interior. Produsele de pe acest site sunt orientative \u0219i, printr-un apel telefonic, putem personaliza acest produs conform dorin\u021belor tale florale.<br data-start=\"564\" data-end=\"567\" \/><strong data-start=\"567\" data-end=\"588\">Pre\u021bul produsului<\/strong> include o <strong data-start=\"599\" data-end=\"619\">felicitare cadou<\/strong>, iar livrarea este <strong data-start=\"639\" data-end=\"666\">gratuit\u0103 \u00een Cluj-Napoca<\/strong>. \u00cen func\u021bie de stoc \u0219i sezon, produsul poate suferi mici modific\u0103ri.<\/p>\n<ul data-start=\"737\" data-end=\"913\">\n<li class=\"\" data-start=\"737\" data-end=\"800\">\n<p class=\"\" data-start=\"739\" data-end=\"800\"><strong data-start=\"739\" data-end=\"760\">Comand\u0103 simplu pe<\/strong> <a class=\"\" href=\"https:\/\/araflowers.ro\/en\/\" target=\"_new\" rel=\"noopener\" data-start=\"761\" data-end=\"800\">araFlowers.ro<\/a><\/p>\n<\/li>\n<li class=\"\" data-start=\"801\" data-end=\"832\">\n<p class=\"\" data-start=\"803\" data-end=\"832\"><strong data-start=\"803\" data-end=\"830\">Livrare rapid\u0103 \u00een 3 ore<\/strong><\/p>\n<\/li>\n<li class=\"\" data-start=\"833\" data-end=\"873\">\n<p class=\"\" data-start=\"835\" data-end=\"873\"><strong data-start=\"835\" data-end=\"871\">Felicitare personalizat\u0103 inclus\u0103<\/strong><\/p>\n<\/li>\n<li class=\"\" data-start=\"874\" data-end=\"913\">\n<p class=\"\" data-start=\"876\" data-end=\"913\"><strong data-start=\"876\" data-end=\"911\">Livrare gratuit\u0103 \u00een Cluj-Napoca<\/strong><\/p>\n<\/li>\n<\/ul>\n<p class=\"\" data-start=\"915\" data-end=\"1009\">\ud83d\udd39 <strong data-start=\"918\" data-end=\"950\">Vezi mai multe pe Instagram:<\/strong> <a class=\"\" href=\"https:\/\/www.instagram.com\/araflowers.ro\/\" target=\"_new\" rel=\"noopener\" data-start=\"951\" data-end=\"1009\">@araflowers.ro<\/a><\/p>","protected":false},"excerpt":{"rendered":"<h3 class=\"\" data-start=\"1040\" data-end=\"1095\"><strong data-start=\"1044\" data-end=\"1095\">Vaza Neagr\u0103 \u2013 Un Simbol al Elegan\u021bei \u0219i Rafinei<\/strong><\/h3>\n<p class=\"\" data-start=\"1097\" data-end=\"1443\">Vaza neagr\u0103 de la <strong data-start=\"1115\" data-end=\"1130\">ARA Flowers<\/strong> este mult mai mult dec\u00e2t un simplu obiect decorativ. Este o pies\u0103 de artizanat care poate transforma orice spa\u021biu. Cu un design minimalist \u0219i un finisaj lucios, vaza neagr\u0103 \u00eembin\u0103 stilul modern cu elegan\u021ba clasic\u0103, f\u0103c\u00e2ndu-se remarcat\u0103 \u00eentr-o varietate de decoruri, de la cele mai simple la cele mai sofisticate.<\/p>\n<hr class=\"\" data-start=\"1445\" data-end=\"1448\" \/>\n<h3 class=\"\" data-start=\"1450\" data-end=\"1506\"><strong data-start=\"1454\" data-end=\"1503\">De ce s\u0103 alegi Vaza Neagr\u0103 de la ARA Flowers?<\/strong> \ud83d\udda4<\/h3>\n<p class=\"\" data-start=\"1508\" data-end=\"1602\">Exist\u0103 multe motive pentru care aceast\u0103 vaza neagr\u0103 ar trebui s\u0103 fie o alegere pentru casa ta:<\/p>\n<ul data-start=\"1604\" data-end=\"2040\">\n<li class=\"\" data-start=\"1604\" data-end=\"1731\">\n<p class=\"\" data-start=\"1606\" data-end=\"1731\"><strong data-start=\"1606\" data-end=\"1631\">Elegan\u021b\u0103 intemporeal\u0103<\/strong> \u2013 Designul s\u0103u minimalist \u0219i culoarea neagr\u0103 sofisticat\u0103 o fac potrivit\u0103 pentru orice tip de decor.<\/p>\n<\/li>\n<li class=\"\" data-start=\"1732\" data-end=\"1892\">\n<p class=\"\" data-start=\"1734\" data-end=\"1892\"><strong data-start=\"1734\" data-end=\"1772\">Perfect\u0103 pentru orice tip de flori<\/strong> \u2013 Fie c\u0103 alegi flori proaspete, uscate sau artificiale, vaza neagr\u0103 va ad\u0103uga un aer rafinat aranjamentului t\u0103u floral.<\/p>\n<\/li>\n<li class=\"\" data-start=\"1893\" data-end=\"2040\">\n<p class=\"\" data-start=\"1895\" data-end=\"2040\"><strong data-start=\"1895\" data-end=\"1931\">Ad\u0103ugare de stil \u00een orice spa\u021biu<\/strong> \u2013 De la living \u0219i sufragerie, p\u00e2n\u0103 la birou, aceast\u0103 vaza va aduce un strop de elegan\u021b\u0103 oriunde o vei a\u0219eza.<\/p>\n<\/li>\n<\/ul>\n<hr class=\"\" data-start=\"2042\" data-end=\"2045\" \/>\n<h3 class=\"\" data-start=\"2047\" data-end=\"2110\"><strong data-start=\"2051\" data-end=\"2107\">Cum s\u0103 combini Vaza Neagr\u0103 cu Aranjamentele Florale?<\/strong> \ud83c\udf3a<\/h3>\n<p class=\"\" data-start=\"2112\" data-end=\"2243\">Vaza neagr\u0103 este extrem de versatil\u0103 \u0219i se potrive\u0219te cu o gam\u0103 larg\u0103 de flori. Iat\u0103 c\u00e2teva idei pentru a o integra \u00een decorul t\u0103u:<\/p>\n<ul data-start=\"2245\" data-end=\"2680\">\n<li class=\"\" data-start=\"2245\" data-end=\"2394\">\n<p class=\"\" data-start=\"2247\" data-end=\"2394\"><strong data-start=\"2247\" data-end=\"2269\">Flori albe sau roz<\/strong> \u2013 Culorile delicate, precum alb, roz sau bej, vor crea un contrast frumos cu nuan\u021ba \u00eenchis\u0103 a vazei, aduc\u00e2nd un aer rafinat.<\/p>\n<\/li>\n<li class=\"\" data-start=\"2395\" data-end=\"2526\">\n<p class=\"\" data-start=\"2397\" data-end=\"2526\"><strong data-start=\"2397\" data-end=\"2413\">Flori uscate<\/strong> \u2013 Aranjamentele cu flori uscate sau p\u0103durile de lavand\u0103 vor ad\u0103uga un vibe rustic \u0219i sofisticat \u00een acela\u0219i timp.<\/p>\n<\/li>\n<li class=\"\" data-start=\"2527\" data-end=\"2680\">\n<p class=\"\" data-start=\"2529\" data-end=\"2680\"><strong data-start=\"2529\" data-end=\"2560\">Flori exotice sau tropicale<\/strong> \u2013 \u00centr-un decor modern sau mai \u00eendr\u0103zne\u021b, flori exotice sau tropicale vor da un plus de culoare \u0219i energie vazei negre.<\/p>\n<\/li>\n<\/ul>\n<hr class=\"\" data-start=\"2682\" data-end=\"2685\" \/>\n<h3 class=\"\" data-start=\"2687\" data-end=\"2723\"><strong data-start=\"2691\" data-end=\"2718\">Cum comand Vaza Neagr\u0103?<\/strong> \ud83d\udcde\ud83d\udcbb<\/h3>\n<p class=\"\" data-start=\"2725\" data-end=\"3158\">Comand\u0103 acum <strong data-start=\"2738\" data-end=\"2753\">Vaza Neagr\u0103<\/strong> \u0219i adaug\u0103 un element sofisticat \u00een casa ta! \u00cen plus, fiecare produs achizi\u021bionat din <strong data-start=\"2839\" data-end=\"2864\">Atelierul ARA Flowers<\/strong> include o <strong data-start=\"2875\" data-end=\"2895\">felicitare cadou<\/strong>, scris\u0103 caligrafic, care va face acest cadou \u0219i mai personal.<br data-start=\"2957\" data-end=\"2960\" \/><strong data-start=\"2960\" data-end=\"2984\">Livrarea este rapid\u0103<\/strong>, iar produsele vor ajunge \u00een perfect\u0103 stare prin curierii proprii din Cluj-Napoca. De asemenea, pentru fiecare comand\u0103, vei beneficia de <strong data-start=\"3122\" data-end=\"3142\">livrare gratuit\u0103<\/strong> \u00een Cluj-Napoca.<\/p>\n<p class=\"\" data-start=\"3160\" data-end=\"3288\"><strong data-start=\"3160\" data-end=\"3181\">Timpul de livrare<\/strong> este de aproximativ <strong data-start=\"3202\" data-end=\"3211\">3 ore<\/strong>, iar pentru comenzile plasate dup\u0103 ora 17:00, livrarea se va face a doua zi.<\/p>\n<p class=\"\" data-start=\"3290\" data-end=\"3428\">Pentru a comanda, te invit\u0103m s\u0103 vizitezi <a class=\"\" href=\"https:\/\/araflowers.ro\/en\/\" target=\"_new\" rel=\"noopener\" data-start=\"3331\" data-end=\"3370\">araFlowers.ro<\/a>, sau s\u0103 explorezi idei pe <strong data-start=\"3397\" data-end=\"3427\">Instagram : @araflowers.ro<\/strong>.<\/p>","protected":false},"featured_media":1065,"template":"","meta":{"ocean_post_layout":"full-screen","ocean_both_sidebars_style":"","ocean_both_sidebars_content_width":0,"ocean_both_sidebars_sidebars_width":0,"ocean_sidebar":"0","ocean_second_sidebar":"0","ocean_disable_margins":"enable","ocean_add_body_class":"","ocean_shortcode_before_top_bar":"","ocean_shortcode_after_top_bar":"","ocean_shortcode_before_header":"","ocean_shortcode_after_header":"","ocean_has_shortcode":"","ocean_shortcode_after_title":"","ocean_shortcode_before_footer_widgets":"","ocean_shortcode_after_footer_widgets":"","ocean_shortcode_before_footer_bottom":"","ocean_shortcode_after_footer_bottom":"","ocean_display_top_bar":"default","ocean_display_header":"default","ocean_header_style":"","ocean_center_header_left_menu":"0","ocean_custom_header_template":"0","ocean_custom_logo":0,"ocean_custom_retina_logo":0,"ocean_custom_logo_max_width":0,"ocean_custom_logo_tablet_max_width":0,"ocean_custom_logo_mobile_max_width":0,"ocean_custom_logo_max_height":0,"ocean_custom_logo_tablet_max_height":0,"ocean_custom_logo_mobile_max_height":0,"ocean_header_custom_menu":"0","ocean_menu_typo_font_family":"0","ocean_menu_typo_font_subset":"","ocean_menu_typo_font_size":0,"ocean_menu_typo_font_size_tablet":0,"ocean_menu_typo_font_size_mobile":0,"ocean_menu_typo_font_size_unit":"px","ocean_menu_typo_font_weight":"","ocean_menu_typo_font_weight_tablet":"","ocean_menu_typo_font_weight_mobile":"","ocean_menu_typo_transform":"","ocean_menu_typo_transform_tablet":"","ocean_menu_typo_transform_mobile":"","ocean_menu_typo_line_height":0,"ocean_menu_typo_line_height_tablet":0,"ocean_menu_typo_line_height_mobile":0,"ocean_menu_typo_line_height_unit":"","ocean_menu_typo_spacing":0,"ocean_menu_typo_spacing_tablet":0,"ocean_menu_typo_spacing_mobile":0,"ocean_menu_typo_spacing_unit":"","ocean_menu_link_color":"","ocean_menu_link_color_hover":"","ocean_menu_link_color_active":"","ocean_menu_link_background":"","ocean_menu_link_hover_background":"","ocean_menu_link_active_background":"","ocean_menu_social_links_bg":"","ocean_menu_social_hover_links_bg":"","ocean_menu_social_links_color":"","ocean_menu_social_hover_links_color":"","ocean_disable_title":"default","ocean_disable_heading":"default","ocean_post_title":"","ocean_post_subheading":"","ocean_post_title_style":"","ocean_post_title_background_color":"","ocean_post_title_background":0,"ocean_post_title_bg_image_position":"","ocean_post_title_bg_image_attachment":"","ocean_post_title_bg_image_repeat":"","ocean_post_title_bg_image_size":"","ocean_post_title_height":0,"ocean_post_title_bg_overlay":0.5,"ocean_post_title_bg_overlay_color":"","ocean_disable_breadcrumbs":"default","ocean_breadcrumbs_color":"","ocean_breadcrumbs_separator_color":"","ocean_breadcrumbs_links_color":"","ocean_breadcrumbs_links_hover_color":"","ocean_display_footer_widgets":"default","ocean_display_footer_bottom":"default","ocean_custom_footer_template":"0"},"product_brand":[],"product_cat":[26],"product_tag":[],"class_list":{"0":"post-1075","1":"product","2":"type-product","3":"status-publish","4":"has-post-thumbnail","6":"product_cat-gifturi","8":"entry","9":"has-media","11":"first","12":"instock","13":"taxable","14":"shipping-taxable","15":"purchasable","16":"product-type-simple","17":"has-product-nav","18":"col","19":"span_1_of_3","20":"owp-content-center","21":"item-entry","22":"owp-thumbs-layout-horizontal","23":"owp-btn-normal","24":"owp-tabs-layout-horizontal","25":"has-no-thumbnails"},"_links":{"self":[{"href":"https:\/\/araflowers.ro\/en\/wp-json\/wp\/v2\/product\/1075","targetHints":{"allow":["GET"]}}],"collection":[{"href":"https:\/\/araflowers.ro\/en\/wp-json\/wp\/v2\/product"}],"about":[{"href":"https:\/\/araflowers.ro\/en\/wp-json\/wp\/v2\/types\/product"}],"wp:featuredmedia":[{"embeddable":true,"href":"https:\/\/araflowers.ro\/en\/wp-json\/wp\/v2\/media\/1065"}],"wp:attachment":[{"href":"https:\/\/araflowers.ro\/en\/wp-json\/wp\/v2\/media?parent=1075"}],"wp:term":[{"taxonomy":"product_brand","embeddable":true,"href":"https:\/\/araflowers.ro\/en\/wp-json\/wp\/v2\/product_brand?post=1075"},{"taxonomy":"product_cat","embeddable":true,"href":"https:\/\/araflowers.ro\/en\/wp-json\/wp\/v2\/product_cat?post=1075"},{"taxonomy":"product_tag","embeddable":true,"href":"https:\/\/araflowers.ro\/en\/wp-json\/wp\/v2\/product_tag?post=1075"}],"curies":[{"name":"wp","href":"https:\/\/api.w.org\/{rel}","templated":true}]}}