{"id":1074,"date":"2022-07-19T13:12:24","date_gmt":"2022-07-19T13:12:24","guid":{"rendered":"https:\/\/araflowers.ro\/?post_type=product&#038;p=1074"},"modified":"2025-12-09T13:04:36","modified_gmt":"2025-12-09T13:04:36","slug":"vaza-alba","status":"publish","type":"product","link":"https:\/\/araflowers.ro\/en\/product\/vaza-alba\/","title":{"rendered":"White vase"},"content":{"rendered":"<h3 class=\"\" data-start=\"96\" data-end=\"155\"><strong data-start=\"100\" data-end=\"152\">Vaza Alb\u0103 \u2013 O pies\u0103 versatil\u0103 pentru orice decor<\/strong> \ud83c\udf38<\/h3>\n<p class=\"\" data-start=\"157\" data-end=\"707\">Vaza alb\u0103 de la <strong data-start=\"173\" data-end=\"188\">ARA Flowers<\/strong> este o alegere clasic\u0103 \u0219i elegant\u0103, perfect\u0103 pentru orice tip de aranjament floral. Cu un design simplu, dar rafinat, aceast\u0103 vaza va ad\u0103uga un strop de elegan\u021b\u0103 oric\u0103rui col\u021b din casa ta. Fie c\u0103 vrei s\u0103 \u00ee\u021bi decorezi sufrageria sau biroul cu flori proaspete sau uscate, vaza alb\u0103 este un accesoriu care se potrive\u0219te perfect cu orice tip de decor.<br data-start=\"536\" data-end=\"539\" \/><strong data-start=\"539\" data-end=\"560\">Pre\u021bul produsului<\/strong> include o <strong data-start=\"571\" data-end=\"591\">felicitare cadou<\/strong>, iar livrarea este <strong data-start=\"611\" data-end=\"638\">gratuit\u0103 \u00een Cluj-Napoca<\/strong>. \u00cen func\u021bie de stoc \u0219i sezon, produsul poate suferi mici modific\u0103ri.<\/p>\n<ul data-start=\"709\" data-end=\"885\">\n<li class=\"\" data-start=\"709\" data-end=\"772\">\n<p class=\"\" data-start=\"711\" data-end=\"772\"><strong data-start=\"711\" data-end=\"732\">Comand\u0103 simplu pe<\/strong> <a class=\"\" href=\"https:\/\/araflowers.ro\/en\/\" target=\"_new\" rel=\"noopener\" data-start=\"733\" data-end=\"772\">araFlowers.ro<\/a><\/p>\n<\/li>\n<li class=\"\" data-start=\"773\" data-end=\"804\">\n<p class=\"\" data-start=\"775\" data-end=\"804\"><strong data-start=\"775\" data-end=\"802\">Livrare rapid\u0103 \u00een 3 ore<\/strong><\/p>\n<\/li>\n<li class=\"\" data-start=\"805\" data-end=\"845\">\n<p class=\"\" data-start=\"807\" data-end=\"845\"><strong data-start=\"807\" data-end=\"843\">Felicitare personalizat\u0103 inclus\u0103<\/strong><\/p>\n<\/li>\n<li class=\"\" data-start=\"846\" data-end=\"885\">\n<p class=\"\" data-start=\"848\" data-end=\"885\"><strong data-start=\"848\" data-end=\"883\">Livrare gratuit\u0103 \u00een Cluj-Napoca<\/strong><\/p>\n<\/li>\n<\/ul>\n<p class=\"\" data-start=\"887\" data-end=\"981\">\ud83d\udd39 <strong data-start=\"890\" data-end=\"922\">Vezi mai multe pe Instagram:<\/strong> <a class=\"\" href=\"https:\/\/www.instagram.com\/araflowers.ro\/\" target=\"_new\" rel=\"noopener\" data-start=\"923\" data-end=\"981\">@araflowers.ro<\/a><\/p>\n<hr class=\"\" data-start=\"983\" data-end=\"986\" \/>","protected":false},"excerpt":{"rendered":"<h3 class=\"\" data-start=\"1012\" data-end=\"1075\"><strong data-start=\"1016\" data-end=\"1072\">Vaza Alb\u0103 \u2013 Simplitatea care Transform\u0103 Orice Spa\u021biu<\/strong> \ud83e\udd0d<\/h3>\n<p class=\"\" data-start=\"1077\" data-end=\"1455\">Vaza alb\u0103 de la <strong data-start=\"1093\" data-end=\"1108\">ARA Flowers<\/strong> nu este doar un simplu obiect decorativ; este o alegere inspirat\u0103 care adaug\u0103 elegan\u021b\u0103, stil \u0219i lumin\u0103 \u00een orice \u00eenc\u0103pere. Designul s\u0103u minimalist se potrive\u0219te perfect at\u00e2t \u00een interioare moderne, c\u00e2t \u0219i \u00een cele tradi\u021bionale. Fie c\u0103 o plasezi pe masa din living, pe birou sau \u00een col\u021bul unei camere, vaza alb\u0103 va deveni un punct focal al \u00eenc\u0103perii.<\/p>\n<hr class=\"\" data-start=\"1457\" data-end=\"1460\" \/>\n<h3 class=\"\" data-start=\"1462\" data-end=\"1516\"><strong data-start=\"1466\" data-end=\"1513\">De ce s\u0103 alegi Vaza Alb\u0103 de la ARA Flowers?<\/strong> \ud83e\udd0d<\/h3>\n<p class=\"\" data-start=\"1518\" data-end=\"1609\">Iat\u0103 c\u00e2teva motive pentru care aceast\u0103 vaza alb\u0103 ar trebui s\u0103 fie pe lista ta de achizi\u021bii:<\/p>\n<ul data-start=\"1611\" data-end=\"2001\">\n<li class=\"\" data-start=\"1611\" data-end=\"1732\">\n<p class=\"\" data-start=\"1613\" data-end=\"1732\"><strong data-start=\"1613\" data-end=\"1630\">Versatilitate<\/strong> \u2013 Culoarea alb\u0103 se potrive\u0219te cu orice tip de flori \u0219i decor, f\u0103c\u00e2nd vaza ideal\u0103 pentru orice ocazie.<\/p>\n<\/li>\n<li class=\"\" data-start=\"1733\" data-end=\"1846\">\n<p class=\"\" data-start=\"1735\" data-end=\"1846\"><strong data-start=\"1735\" data-end=\"1753\">Design elegant<\/strong> \u2013 Cu un aspect simplu \u0219i rafinat, aceast\u0103 vaza adaug\u0103 o not\u0103 de stil fiec\u0103rui col\u021b din cas\u0103.<\/p>\n<\/li>\n<li class=\"\" data-start=\"1847\" data-end=\"2001\">\n<p class=\"\" data-start=\"1849\" data-end=\"2001\"><strong data-start=\"1849\" data-end=\"1888\">Perfect\u0103 pentru aranjamente florale<\/strong> \u2013 Indiferent dac\u0103 alegi flori proaspete, uscate sau artificiale, vaza alb\u0103 va completa perfect orice aranjament.<\/p>\n<\/li>\n<\/ul>\n<hr class=\"\" data-start=\"2003\" data-end=\"2006\" \/>\n<h3 class=\"\" data-start=\"2008\" data-end=\"2066\"><strong data-start=\"2012\" data-end=\"2063\">Cum s\u0103 Combini Vaza Alb\u0103 cu Aranjamente Florale<\/strong> \ud83c\udf37<\/h3>\n<p class=\"\" data-start=\"2068\" data-end=\"2187\">Vaza alb\u0103 poate fi utilizat\u0103 cu succes pentru a crea aranjamente florale spectaculoase. Iat\u0103 c\u00e2teva idei de combina\u021bii:<\/p>\n<ul data-start=\"2189\" data-end=\"2715\">\n<li class=\"\" data-start=\"2189\" data-end=\"2326\">\n<p class=\"\" data-start=\"2191\" data-end=\"2326\"><strong data-start=\"2191\" data-end=\"2210\">Flori proaspete<\/strong> \u2013 Po\u021bi ad\u0103uga flori delicate, precum trandafiri, lalele sau bujori, pentru a crea un aranjament elegant \u0219i rafinat.<\/p>\n<\/li>\n<li class=\"\" data-start=\"2327\" data-end=\"2503\">\n<p class=\"\" data-start=\"2329\" data-end=\"2503\"><strong data-start=\"2329\" data-end=\"2345\">Flori uscate<\/strong> \u2013 Dac\u0103 \u00ee\u021bi dore\u0219ti un aranjament mai durabil, florile uscate, precum lavanda sau eucaliptul, se potrivesc perfect cu vaza alb\u0103, oferind o atmosfer\u0103 calmant\u0103.<\/p>\n<\/li>\n<li class=\"\" data-start=\"2504\" data-end=\"2715\">\n<p class=\"\" data-start=\"2506\" data-end=\"2715\"><strong data-start=\"2506\" data-end=\"2523\">Flori exotice<\/strong> \u2013 Dac\u0103 vrei un look mai \u00eendr\u0103zne\u021b, po\u021bi opta pentru flori exotice sau plante tropicale. Contrastul dintre culoarea alb\u0103 a vazei \u0219i culorile vibrante ale florilor va crea un efect spectaculos.<\/p>\n<\/li>\n<\/ul>\n<hr class=\"\" data-start=\"2717\" data-end=\"2720\" \/>\n<h3 class=\"\" data-start=\"2722\" data-end=\"2756\"><strong data-start=\"2726\" data-end=\"2751\">Cum Comanzi Vaza Alb\u0103<\/strong> \ud83d\udcde\ud83d\udcbb<\/h3>\n<p class=\"\" data-start=\"2758\" data-end=\"3116\">Comand\u0103 acum <strong data-start=\"2771\" data-end=\"2784\">Vaza Alb\u0103<\/strong> \u0219i transform\u0103-\u021bi decorul \u00eentr-unul plin de elegan\u021b\u0103. Fiecare produs din <strong data-start=\"2857\" data-end=\"2882\">Atelierul ARA Flowers<\/strong> include o <strong data-start=\"2893\" data-end=\"2913\">felicitare cadou<\/strong>, scris\u0103 caligrafic, care face ca orice cadou s\u0103 fie \u0219i mai personal. \u00cen plus, <strong data-start=\"2992\" data-end=\"3016\">livrarea este rapid\u0103<\/strong> \u0219i <strong data-start=\"3020\" data-end=\"3047\">gratuit\u0103 \u00een Cluj-Napoca<\/strong>, iar produsele sunt livrate \u00een perfect\u0103 stare prin curierii proprii.<\/p>\n<p class=\"\" data-start=\"3118\" data-end=\"3233\"><strong data-start=\"3118\" data-end=\"3139\">Timpul de livrare<\/strong> este de aproximativ <strong data-start=\"3160\" data-end=\"3169\">3 ore<\/strong>, iar comenzile plasate dup\u0103 ora 17:00 vor fi livrate a doua zi.<\/p>\n<p class=\"\" data-start=\"3235\" data-end=\"3372\">Pentru a comanda, viziteaz\u0103 <a class=\"\" href=\"https:\/\/araflowers.ro\/en\/\" target=\"_new\" rel=\"noopener\" data-start=\"3263\" data-end=\"3302\">araFlowers.ro<\/a> sau exploreaz\u0103 idei de aranjamente pe <strong data-start=\"3341\" data-end=\"3371\">Instagram : @araflowers.ro<\/strong>.<\/p>\n<hr class=\"\" data-start=\"3374\" data-end=\"3377\" \/>","protected":false},"featured_media":1064,"template":"","meta":{"ocean_post_layout":"full-screen","ocean_both_sidebars_style":"","ocean_both_sidebars_content_width":0,"ocean_both_sidebars_sidebars_width":0,"ocean_sidebar":"0","ocean_second_sidebar":"0","ocean_disable_margins":"enable","ocean_add_body_class":"","ocean_shortcode_before_top_bar":"","ocean_shortcode_after_top_bar":"","ocean_shortcode_before_header":"","ocean_shortcode_after_header":"","ocean_has_shortcode":"","ocean_shortcode_after_title":"","ocean_shortcode_before_footer_widgets":"","ocean_shortcode_after_footer_widgets":"","ocean_shortcode_before_footer_bottom":"","ocean_shortcode_after_footer_bottom":"","ocean_display_top_bar":"default","ocean_display_header":"default","ocean_header_style":"","ocean_center_header_left_menu":"0","ocean_custom_header_template":"0","ocean_custom_logo":0,"ocean_custom_retina_logo":0,"ocean_custom_logo_max_width":0,"ocean_custom_logo_tablet_max_width":0,"ocean_custom_logo_mobile_max_width":0,"ocean_custom_logo_max_height":0,"ocean_custom_logo_tablet_max_height":0,"ocean_custom_logo_mobile_max_height":0,"ocean_header_custom_menu":"0","ocean_menu_typo_font_family":"0","ocean_menu_typo_font_subset":"","ocean_menu_typo_font_size":0,"ocean_menu_typo_font_size_tablet":0,"ocean_menu_typo_font_size_mobile":0,"ocean_menu_typo_font_size_unit":"px","ocean_menu_typo_font_weight":"","ocean_menu_typo_font_weight_tablet":"","ocean_menu_typo_font_weight_mobile":"","ocean_menu_typo_transform":"","ocean_menu_typo_transform_tablet":"","ocean_menu_typo_transform_mobile":"","ocean_menu_typo_line_height":0,"ocean_menu_typo_line_height_tablet":0,"ocean_menu_typo_line_height_mobile":0,"ocean_menu_typo_line_height_unit":"","ocean_menu_typo_spacing":0,"ocean_menu_typo_spacing_tablet":0,"ocean_menu_typo_spacing_mobile":0,"ocean_menu_typo_spacing_unit":"","ocean_menu_link_color":"","ocean_menu_link_color_hover":"","ocean_menu_link_color_active":"","ocean_menu_link_background":"","ocean_menu_link_hover_background":"","ocean_menu_link_active_background":"","ocean_menu_social_links_bg":"","ocean_menu_social_hover_links_bg":"","ocean_menu_social_links_color":"","ocean_menu_social_hover_links_color":"","ocean_disable_title":"default","ocean_disable_heading":"default","ocean_post_title":"","ocean_post_subheading":"","ocean_post_title_style":"","ocean_post_title_background_color":"","ocean_post_title_background":0,"ocean_post_title_bg_image_position":"","ocean_post_title_bg_image_attachment":"","ocean_post_title_bg_image_repeat":"","ocean_post_title_bg_image_size":"","ocean_post_title_height":0,"ocean_post_title_bg_overlay":0.5,"ocean_post_title_bg_overlay_color":"","ocean_disable_breadcrumbs":"default","ocean_breadcrumbs_color":"","ocean_breadcrumbs_separator_color":"","ocean_breadcrumbs_links_color":"","ocean_breadcrumbs_links_hover_color":"","ocean_display_footer_widgets":"default","ocean_display_footer_bottom":"default","ocean_custom_footer_template":"0"},"product_brand":[],"product_cat":[26],"product_tag":[],"class_list":{"0":"post-1074","1":"product","2":"type-product","3":"status-publish","4":"has-post-thumbnail","6":"product_cat-gifturi","8":"entry","9":"has-media","11":"first","12":"instock","13":"taxable","14":"shipping-taxable","15":"purchasable","16":"product-type-simple","17":"has-product-nav","18":"col","19":"span_1_of_3","20":"owp-content-center","21":"item-entry","22":"owp-thumbs-layout-horizontal","23":"owp-btn-normal","24":"owp-tabs-layout-horizontal","25":"has-no-thumbnails"},"_links":{"self":[{"href":"https:\/\/araflowers.ro\/en\/wp-json\/wp\/v2\/product\/1074","targetHints":{"allow":["GET"]}}],"collection":[{"href":"https:\/\/araflowers.ro\/en\/wp-json\/wp\/v2\/product"}],"about":[{"href":"https:\/\/araflowers.ro\/en\/wp-json\/wp\/v2\/types\/product"}],"wp:featuredmedia":[{"embeddable":true,"href":"https:\/\/araflowers.ro\/en\/wp-json\/wp\/v2\/media\/1064"}],"wp:attachment":[{"href":"https:\/\/araflowers.ro\/en\/wp-json\/wp\/v2\/media?parent=1074"}],"wp:term":[{"taxonomy":"product_brand","embeddable":true,"href":"https:\/\/araflowers.ro\/en\/wp-json\/wp\/v2\/product_brand?post=1074"},{"taxonomy":"product_cat","embeddable":true,"href":"https:\/\/araflowers.ro\/en\/wp-json\/wp\/v2\/product_cat?post=1074"},{"taxonomy":"product_tag","embeddable":true,"href":"https:\/\/araflowers.ro\/en\/wp-json\/wp\/v2\/product_tag?post=1074"}],"curies":[{"name":"wp","href":"https:\/\/api.w.org\/{rel}","templated":true}]}}