{"id":1073,"date":"2022-07-19T13:12:05","date_gmt":"2022-07-19T13:12:05","guid":{"rendered":"https:\/\/araflowers.ro\/?post_type=product&#038;p=1073"},"modified":"2025-12-09T13:04:36","modified_gmt":"2025-12-09T13:04:36","slug":"vin-rosu","status":"publish","type":"product","link":"https:\/\/araflowers.ro\/en\/product\/vin-rosu\/","title":{"rendered":"RED wine"},"content":{"rendered":"<h3 class=\"\" data-start=\"79\" data-end=\"155\"><strong data-start=\"83\" data-end=\"152\">Vin Ro\u0219u \u2013 O Experien\u021b\u0103 Inconfundabil\u0103 pentru G\u0103zduire \u0219i Cadouri<\/strong> \ud83c\udf47<\/h3>\n<p class=\"\" data-start=\"157\" data-end=\"704\">Vinul ro\u0219u este o alegere elegant\u0103 \u0219i rafinat\u0103 pentru orice ocazie special\u0103. La <strong data-start=\"237\" data-end=\"252\">ARA Flowers<\/strong>, \u00ee\u021bi oferim vin ro\u0219u de cea mai bun\u0103 calitate, perfect pentru a \u00eenso\u021bi momentele speciale al\u0103turi de cei dragi. Fie c\u0103 este vorba despre o cin\u0103 romantic\u0103, o petrecere sau un cadou pentru o persoan\u0103 special\u0103, vinul ro\u0219u va ad\u0103uga un plus de savoare \u0219i rafinament. <strong data-start=\"516\" data-end=\"537\">Pre\u021bul produsului<\/strong> include o <strong data-start=\"548\" data-end=\"568\">felicitare cadou<\/strong>, iar livrarea este <strong data-start=\"588\" data-end=\"615\">gratuit\u0103 \u00een Cluj-Napoca<\/strong>. Produsele pot suferi mici modific\u0103ri \u00een func\u021bie de disponibilitatea stocului \u0219i sezon.<\/p>\n<ul data-start=\"706\" data-end=\"919\">\n<li class=\"\" data-start=\"706\" data-end=\"762\">\n<p class=\"\" data-start=\"708\" data-end=\"762\"><strong data-start=\"708\" data-end=\"726\">Livrare rapid\u0103<\/strong> \u0219i <strong data-start=\"730\" data-end=\"757\">gratuit\u0103 \u00een Cluj-Napoca<\/strong> \ud83c\udf47<\/p>\n<\/li>\n<li class=\"\" data-start=\"763\" data-end=\"828\">\n<p class=\"\" data-start=\"765\" data-end=\"828\"><strong data-start=\"765\" data-end=\"783\">Comand\u0103 online<\/strong> pe <a class=\"\" href=\"https:\/\/araflowers.ro\/en\/\" target=\"_new\" rel=\"noopener\" data-start=\"787\" data-end=\"826\">araFlowers.ro<\/a><\/p>\n<\/li>\n<li class=\"\" data-start=\"829\" data-end=\"877\">\n<p class=\"\" data-start=\"831\" data-end=\"877\"><strong data-start=\"831\" data-end=\"850\">Timp de livrare<\/strong> de aproximativ <strong data-start=\"866\" data-end=\"875\">3 ore<\/strong><\/p>\n<\/li>\n<li class=\"\" data-start=\"878\" data-end=\"919\">\n<p class=\"\" data-start=\"880\" data-end=\"919\"><strong data-start=\"880\" data-end=\"908\">Felicitare personalizat\u0103<\/strong> inclus\u0103 \ud83c\udf81<\/p>\n<\/li>\n<\/ul>\n<p class=\"\" data-start=\"921\" data-end=\"1015\">\ud83d\udd39 <strong data-start=\"924\" data-end=\"956\">Vezi mai multe pe Instagram:<\/strong> <a class=\"\" href=\"https:\/\/www.instagram.com\/araflowers.ro\/\" target=\"_new\" rel=\"noopener\" data-start=\"957\" data-end=\"1015\">@araflowers.ro<\/a><\/p>","protected":false},"excerpt":{"rendered":"<h3 class=\"\" data-start=\"1046\" data-end=\"1113\"><strong data-start=\"1050\" data-end=\"1110\">Vin Ro\u0219u \u2013 Un Cadou Perfect pentru Orice Ocazie Special\u0103<\/strong> \ud83c\udf77<\/h3>\n<p class=\"\" data-start=\"1115\" data-end=\"1488\">Vinul ro\u0219u este sinonim cu elegan\u021ba, tradi\u021bia \u0219i rafinamentul. Fiecare \u00eenghi\u021bitur\u0103 de vin ro\u0219u spune o poveste, iar alegerea unui vin ro\u0219u de calitate este o modalitate perfect\u0103 de a ad\u0103uga un strop de savoare oric\u0103rei ocazii. \u00cen <strong data-start=\"1345\" data-end=\"1370\">Atelierul ARA Flowers<\/strong>, \u00ee\u021bi oferim o selec\u021bie atent aleas\u0103 de vin ro\u0219u, care se potrive\u0219te perfect pentru orice moment special din via\u021ba ta.<\/p>\n<h4 class=\"\" data-start=\"1490\" data-end=\"1546\"><strong data-start=\"1495\" data-end=\"1543\">De ce s\u0103 alegi Vinul Ro\u0219u de la ARA Flowers?<\/strong> \ud83c\udf77<\/h4>\n<p class=\"\" data-start=\"1548\" data-end=\"1750\">Vinul ro\u0219u pe care \u00eel oferim la <strong data-start=\"1580\" data-end=\"1595\">ARA Flowers<\/strong> nu este doar un simplu vin \u2013 este o adev\u0103rat\u0103 experien\u021b\u0103 pentru sim\u021buri. Iat\u0103 c\u00e2teva motive pentru care vinul nostru ro\u0219u va deveni alegerea ta preferat\u0103:<\/p>\n<ul data-start=\"1752\" data-end=\"2314\">\n<li class=\"\" data-start=\"1752\" data-end=\"1889\">\n<p class=\"\" data-start=\"1754\" data-end=\"1889\"><strong data-start=\"1754\" data-end=\"1777\">Calitate superioar\u0103<\/strong> \u2013 Selec\u021bion\u0103m vinuri de top din cele mai bune regiuni viticole, pentru a-\u021bi oferi un vin cu un gust des\u0103v\u00e2r\u0219it.<\/p>\n<\/li>\n<li class=\"\" data-start=\"1890\" data-end=\"2054\">\n<p class=\"\" data-start=\"1892\" data-end=\"2054\"><strong data-start=\"1892\" data-end=\"1921\">Ideal pentru orice ocazie<\/strong> \u2013 Fie c\u0103 este vorba despre o mas\u0103 de familie, o cin\u0103 romantic\u0103 sau o petrecere de neuitat, vinul ro\u0219u completeaz\u0103 perfect atmosfera.<\/p>\n<\/li>\n<li class=\"\" data-start=\"2055\" data-end=\"2183\">\n<p class=\"\" data-start=\"2057\" data-end=\"2183\"><strong data-start=\"2057\" data-end=\"2076\">Ambalaj elegant<\/strong> \u2013 Vinul ro\u0219u este ambalat cu grij\u0103, astfel \u00eenc\u00e2t s\u0103 ajung\u0103 la tine \u00een condi\u021bii excelente, gata de savurat.<\/p>\n<\/li>\n<li class=\"\" data-start=\"2184\" data-end=\"2314\">\n<p class=\"\" data-start=\"2186\" data-end=\"2314\"><strong data-start=\"2186\" data-end=\"2204\">Livrare rapid\u0103<\/strong> \u2013 <strong data-start=\"2207\" data-end=\"2222\">ARA Flowers<\/strong> se ocup\u0103 de livrare direct la u\u0219a ta, iar serviciul de livrare este gratuit \u00een Cluj-Napoca.<\/p>\n<\/li>\n<\/ul>\n<hr class=\"\" data-start=\"2316\" data-end=\"2319\" \/>\n<h3 class=\"\" data-start=\"2321\" data-end=\"2363\"><strong data-start=\"2325\" data-end=\"2360\">Cum s\u0103 te Bucuri de Vinul Ro\u0219u?<\/strong> \ud83c\udf47<\/h3>\n<p class=\"\" data-start=\"2365\" data-end=\"2503\">Vinul ro\u0219u este perfect pentru a fi savurat al\u0103turi de prieteni sau familie. Iat\u0103 c\u00e2teva sugestii pentru a te bucura de acest vin minunat:<\/p>\n<ul data-start=\"2505\" data-end=\"2967\">\n<li class=\"\" data-start=\"2505\" data-end=\"2658\">\n<p class=\"\" data-start=\"2507\" data-end=\"2658\"><strong data-start=\"2507\" data-end=\"2518\">La cin\u0103<\/strong> \u2013 Combin\u0103 vinul ro\u0219u cu un platou de br\u00e2nzeturi, carne ro\u0219ie sau preparate din cuptor. Gustul vinului va completa perfect aromele m\u00e2nc\u0103rii.<\/p>\n<\/li>\n<li class=\"\" data-start=\"2659\" data-end=\"2813\">\n<p class=\"\" data-start=\"2661\" data-end=\"2813\"><strong data-start=\"2661\" data-end=\"2676\">Ca \u0219i cadou<\/strong> \u2013 Vinul ro\u0219u este un cadou elegant \u0219i rafinat, ideal pentru a impresiona o persoan\u0103 special\u0103 sau pentru a marca o aniversare important\u0103.<\/p>\n<\/li>\n<li class=\"\" data-start=\"2814\" data-end=\"2967\">\n<p class=\"\" data-start=\"2816\" data-end=\"2967\"><strong data-start=\"2816\" data-end=\"2846\">Pentru momente de relaxare<\/strong> \u2013 Deschide o sticl\u0103 de vin ro\u0219u dup\u0103 o zi obositoare \u0219i relaxeaz\u0103-te cu un pahar de vin \u00een timp ce te bucuri de lini\u0219te.<\/p>\n<\/li>\n<\/ul>\n<hr class=\"\" data-start=\"2969\" data-end=\"2972\" \/>\n<h3 class=\"\" data-start=\"2974\" data-end=\"3028\"><strong data-start=\"2978\" data-end=\"3023\">Cum comanzi Vinul Ro\u0219u de la ARA Flowers?<\/strong> \ud83d\udcde\ud83d\udcbb<\/h3>\n<p class=\"\" data-start=\"3030\" data-end=\"3276\">Pentru a comanda vin ro\u0219u, tot ce trebuie s\u0103 faci este s\u0103 vizitezi site-ul nostru \u0219i s\u0103 plasezi comanda dorit\u0103. La <strong data-start=\"3145\" data-end=\"3160\">ARA Flowers<\/strong>, \u00ee\u021bi oferim o experien\u021b\u0103 simpl\u0103 \u0219i rapid\u0103, astfel \u00eenc\u00e2t s\u0103 te bucuri de produsele noastre f\u0103r\u0103 nicio b\u0103taie de cap.<\/p>\n<ul data-start=\"3278\" data-end=\"3654\">\n<li class=\"\" data-start=\"3278\" data-end=\"3407\">\n<p class=\"\" data-start=\"3280\" data-end=\"3407\"><strong data-start=\"3280\" data-end=\"3315\">Livrare gratuit\u0103 \u00een Cluj-Napoca<\/strong> \u2013 Vinul ro\u0219u va ajunge rapid la tine, direct la u\u0219a ta, iar livrarea este complet gratuit\u0103.<\/p>\n<\/li>\n<li class=\"\" data-start=\"3408\" data-end=\"3489\">\n<p class=\"\" data-start=\"3410\" data-end=\"3489\"><strong data-start=\"3410\" data-end=\"3435\">Timp de livrare rapid<\/strong> \u2013 Comenzile tale vor fi livrate \u00een aproximativ 3 ore.<\/p>\n<\/li>\n<li class=\"\" data-start=\"3490\" data-end=\"3654\">\n<p class=\"\" data-start=\"3492\" data-end=\"3654\"><strong data-start=\"3492\" data-end=\"3520\">Felicitare personalizat\u0103<\/strong> \u2013 Fiecare produs comandat include o felicitare cadou, scris\u0103 caligrafic, care face ca orice cadou s\u0103 fie mai personal \u0219i mai special.<\/p>\n<\/li>\n<\/ul>\n<p class=\"\" data-start=\"3656\" data-end=\"3787\">Pentru a plasa comanda, viziteaz\u0103 <a class=\"\" href=\"https:\/\/araflowers.ro\/en\/\" target=\"_new\" rel=\"noopener\" data-start=\"3690\" data-end=\"3729\">araFlowers.ro<\/a> sau g\u0103se\u0219te inspira\u021bie pe <strong data-start=\"924\" data-end=\"956\">Instagram:<\/strong> <a class=\"\" href=\"https:\/\/www.instagram.com\/araflowers.ro\/\" target=\"_new\" rel=\"noopener\" data-start=\"957\" data-end=\"1015\">@araflowers.ro<\/a><\/p>\n<hr class=\"\" data-start=\"3789\" data-end=\"3792\" \/>","protected":false},"featured_media":1067,"template":"","meta":{"ocean_post_layout":"full-screen","ocean_both_sidebars_style":"","ocean_both_sidebars_content_width":0,"ocean_both_sidebars_sidebars_width":0,"ocean_sidebar":"0","ocean_second_sidebar":"0","ocean_disable_margins":"enable","ocean_add_body_class":"","ocean_shortcode_before_top_bar":"","ocean_shortcode_after_top_bar":"","ocean_shortcode_before_header":"","ocean_shortcode_after_header":"","ocean_has_shortcode":"","ocean_shortcode_after_title":"","ocean_shortcode_before_footer_widgets":"","ocean_shortcode_after_footer_widgets":"","ocean_shortcode_before_footer_bottom":"","ocean_shortcode_after_footer_bottom":"","ocean_display_top_bar":"default","ocean_display_header":"default","ocean_header_style":"","ocean_center_header_left_menu":"0","ocean_custom_header_template":"0","ocean_custom_logo":0,"ocean_custom_retina_logo":0,"ocean_custom_logo_max_width":0,"ocean_custom_logo_tablet_max_width":0,"ocean_custom_logo_mobile_max_width":0,"ocean_custom_logo_max_height":0,"ocean_custom_logo_tablet_max_height":0,"ocean_custom_logo_mobile_max_height":0,"ocean_header_custom_menu":"0","ocean_menu_typo_font_family":"0","ocean_menu_typo_font_subset":"","ocean_menu_typo_font_size":0,"ocean_menu_typo_font_size_tablet":0,"ocean_menu_typo_font_size_mobile":0,"ocean_menu_typo_font_size_unit":"px","ocean_menu_typo_font_weight":"","ocean_menu_typo_font_weight_tablet":"","ocean_menu_typo_font_weight_mobile":"","ocean_menu_typo_transform":"","ocean_menu_typo_transform_tablet":"","ocean_menu_typo_transform_mobile":"","ocean_menu_typo_line_height":0,"ocean_menu_typo_line_height_tablet":0,"ocean_menu_typo_line_height_mobile":0,"ocean_menu_typo_line_height_unit":"","ocean_menu_typo_spacing":0,"ocean_menu_typo_spacing_tablet":0,"ocean_menu_typo_spacing_mobile":0,"ocean_menu_typo_spacing_unit":"","ocean_menu_link_color":"","ocean_menu_link_color_hover":"","ocean_menu_link_color_active":"","ocean_menu_link_background":"","ocean_menu_link_hover_background":"","ocean_menu_link_active_background":"","ocean_menu_social_links_bg":"","ocean_menu_social_hover_links_bg":"","ocean_menu_social_links_color":"","ocean_menu_social_hover_links_color":"","ocean_disable_title":"default","ocean_disable_heading":"default","ocean_post_title":"","ocean_post_subheading":"","ocean_post_title_style":"","ocean_post_title_background_color":"","ocean_post_title_background":0,"ocean_post_title_bg_image_position":"","ocean_post_title_bg_image_attachment":"","ocean_post_title_bg_image_repeat":"","ocean_post_title_bg_image_size":"","ocean_post_title_height":0,"ocean_post_title_bg_overlay":0.5,"ocean_post_title_bg_overlay_color":"","ocean_disable_breadcrumbs":"default","ocean_breadcrumbs_color":"","ocean_breadcrumbs_separator_color":"","ocean_breadcrumbs_links_color":"","ocean_breadcrumbs_links_hover_color":"","ocean_display_footer_widgets":"default","ocean_display_footer_bottom":"default","ocean_custom_footer_template":"0"},"product_brand":[],"product_cat":[26],"product_tag":[],"class_list":{"0":"post-1073","1":"product","2":"type-product","3":"status-publish","4":"has-post-thumbnail","6":"product_cat-gifturi","8":"entry","9":"has-media","11":"first","12":"instock","13":"taxable","14":"shipping-taxable","15":"purchasable","16":"product-type-simple","17":"has-product-nav","18":"col","19":"span_1_of_3","20":"owp-content-center","21":"item-entry","22":"owp-thumbs-layout-horizontal","23":"owp-btn-normal","24":"owp-tabs-layout-horizontal","25":"has-no-thumbnails"},"_links":{"self":[{"href":"https:\/\/araflowers.ro\/en\/wp-json\/wp\/v2\/product\/1073","targetHints":{"allow":["GET"]}}],"collection":[{"href":"https:\/\/araflowers.ro\/en\/wp-json\/wp\/v2\/product"}],"about":[{"href":"https:\/\/araflowers.ro\/en\/wp-json\/wp\/v2\/types\/product"}],"wp:featuredmedia":[{"embeddable":true,"href":"https:\/\/araflowers.ro\/en\/wp-json\/wp\/v2\/media\/1067"}],"wp:attachment":[{"href":"https:\/\/araflowers.ro\/en\/wp-json\/wp\/v2\/media?parent=1073"}],"wp:term":[{"taxonomy":"product_brand","embeddable":true,"href":"https:\/\/araflowers.ro\/en\/wp-json\/wp\/v2\/product_brand?post=1073"},{"taxonomy":"product_cat","embeddable":true,"href":"https:\/\/araflowers.ro\/en\/wp-json\/wp\/v2\/product_cat?post=1073"},{"taxonomy":"product_tag","embeddable":true,"href":"https:\/\/araflowers.ro\/en\/wp-json\/wp\/v2\/product_tag?post=1073"}],"curies":[{"name":"wp","href":"https:\/\/api.w.org\/{rel}","templated":true}]}}